
{"id":15799,"date":"2026-04-01T09:58:29","date_gmt":"2026-04-01T09:58:29","guid":{"rendered":"https:\/\/effisus.com\/?post_type=product&#038;p=15799"},"modified":"2026-04-10T10:23:06","modified_gmt":"2026-04-10T10:23:06","slug":"effisus-easybolt","status":"publish","type":"product","link":"https:\/\/effisus.com\/pt-pt\/product\/effisus-easybolt\/","title":{"rendered":"Effisus EasyBolt"},"content":{"rendered":"\t\t<div data-elementor-type=\"wp-post\" data-elementor-id=\"15799\" class=\"elementor elementor-15799\" data-elementor-post-type=\"product\">\n\t\t\t\t<div class=\"elementor-element elementor-element-5c1734c section-standard-padding-gap product-detail-hero-section e-flex e-con-boxed e-con e-parent\" data-id=\"5c1734c\" data-element_type=\"container\" data-e-type=\"container\">\n\t\t\t\t\t<div class=\"e-con-inner\">\n\t\t<div class=\"elementor-element elementor-element-aefafa2 e-con-full product-feature-image e-flex e-con e-child\" data-id=\"aefafa2\" data-element_type=\"container\" data-e-type=\"container\">\n\t\t\t\t<div class=\"elementor-element elementor-element-9cf802d elementor-widget elementor-widget-theme-post-featured-image elementor-widget-image\" data-id=\"9cf802d\" data-element_type=\"widget\" data-e-type=\"widget\" data-widget_type=\"theme-post-featured-image.default\">\n\t\t\t\t\t\t\t\t\t\t\t\t\t\t\t<img fetchpriority=\"high\" decoding=\"async\" width=\"666\" height=\"542\" src=\"https:\/\/effisus.com\/wp-content\/uploads\/2026\/03\/easybolt.gif\" class=\"attachment-large size-large wp-image-15798\" alt=\"\" \/>\t\t\t\t\t\t\t\t\t\t\t\t\t\t\t<\/div>\n\t\t\t\t<\/div>\n\t\t<div class=\"elementor-element elementor-element-bfa2b51 e-con-full e-flex e-con e-child\" data-id=\"bfa2b51\" data-element_type=\"container\" data-e-type=\"container\">\n\t\t<div class=\"elementor-element elementor-element-f1599ee e-con-full product-hero-content e-flex e-con e-child\" data-id=\"f1599ee\" data-element_type=\"container\" data-e-type=\"container\">\n\t\t\t\t<div class=\"elementor-element elementor-element-3f7f403 product-title elementor-widget elementor-widget-theme-post-title elementor-page-title elementor-widget-heading\" data-id=\"3f7f403\" data-element_type=\"widget\" data-e-type=\"widget\" data-widget_type=\"theme-post-title.default\">\n\t\t\t\t\t<h1 class=\"elementor-heading-title elementor-size-default\">Effisus EasyBolt<\/h1>\t\t\t\t<\/div>\n\t\t<div class=\"elementor-element elementor-element-9e4f135 e-con-full product-sort-desc e-flex e-con e-child\" data-id=\"9e4f135\" data-element_type=\"container\" data-e-type=\"container\">\n\t\t\t\t<div class=\"elementor-element elementor-element-08fea93 elementor-widget elementor-widget-heading\" data-id=\"08fea93\" data-element_type=\"widget\" data-e-type=\"widget\" data-widget_type=\"heading.default\">\n\t\t\t\t\t<h3 class=\"elementor-heading-title elementor-size-default\">Veda\u00e7\u00e3o eficaz de parafusos em coberturas met\u00e1licas<\/h3>\t\t\t\t<\/div>\n\t\t\t\t<div class=\"elementor-element elementor-element-3f4cee2 elementor-widget elementor-widget-text-editor\" data-id=\"3f4cee2\" data-element_type=\"widget\" data-e-type=\"widget\" data-widget_type=\"text-editor.default\">\n\t\t\t\t\t\t\t\t\tAs coberturas met\u00e1licas normalmente implicam a utiliza\u00e7\u00e3o de v\u00e1rios parafusos auto-perfurantes, e estes s\u00e3o potenciais pontos de entrada de \u00e1gua, mesmo quando estas fixa\u00e7\u00f5es t\u00eam uma anilha de veda\u00e7\u00e3o. O Effisus EasyBolt est\u00e1 dispon\u00edvel em v\u00e1rias cores, \u00e9 f\u00e1cil de instalar e \u00e9 uma solu\u00e7\u00e3o duradoura para estes pontos de fuga. \t\t\t\t\t\t\t\t<\/div>\n\t\t\t\t<div class=\"elementor-element elementor-element-f0c0314 product-details-open-btn elementor-widget elementor-widget-button\" data-id=\"f0c0314\" data-element_type=\"widget\" data-e-type=\"widget\" data-widget_type=\"button.default\">\n\t\t\t\t\t\t\t\t\t\t<a class=\"elementor-button elementor-button-link elementor-size-sm\" href=\"#\">\n\t\t\t\t\t\t<span class=\"elementor-button-content-wrapper\">\n\t\t\t\t\t\t<span class=\"elementor-button-icon\">\n\t\t\t\t<svg xmlns=\"http:\/\/www.w3.org\/2000\/svg\" width=\"24\" height=\"24\" viewBox=\"0 0 24 24\" fill=\"none\"><path d=\"M14.8297 11.2899L10.5897 7.04995C10.4967 6.95622 10.3861 6.88183 10.2643 6.83106C10.1424 6.78029 10.0117 6.75415 9.8797 6.75415C9.74769 6.75415 9.61698 6.78029 9.49512 6.83106C9.37326 6.88183 9.26266 6.95622 9.1697 7.04995C8.98345 7.23731 8.87891 7.49076 8.87891 7.75495C8.87891 8.01913 8.98345 8.27259 9.1697 8.45995L12.7097 11.9999L9.1697 15.5399C8.98345 15.7273 8.87891 15.9808 8.87891 16.2449C8.87891 16.5091 8.98345 16.7626 9.1697 16.9499C9.26314 17.0426 9.37395 17.116 9.49579 17.1657C9.61763 17.2155 9.74809 17.2407 9.8797 17.2399C10.0113 17.2407 10.1418 17.2155 10.2636 17.1657C10.3854 17.116 10.4963 17.0426 10.5897 16.9499L14.8297 12.7099C14.9234 12.617 14.9978 12.5064 15.0486 12.3845C15.0994 12.2627 15.1255 12.132 15.1255 11.9999C15.1255 11.8679 15.0994 11.7372 15.0486 11.6154C14.9978 11.4935 14.9234 11.3829 14.8297 11.2899Z\" fill=\"#0C4651\"><\/path><\/svg>\t\t\t<\/span>\n\t\t\t\t\t\t\t\t\t<span class=\"elementor-button-text\">Ler mais<\/span>\n\t\t\t\t\t<\/span>\n\t\t\t\t\t<\/a>\n\t\t\t\t\t\t\t\t<\/div>\n\t\t\t\t<\/div>\n\t\t<div class=\"elementor-element elementor-element-b19b5ef e-con-full product-certifacate-list e-flex e-con e-child\" data-id=\"b19b5ef\" data-element_type=\"container\" data-e-type=\"container\">\n\t\t\t\t<\/div>\n\t\t\t\t<\/div>\n\t\t\t\t<\/div>\n\t\t\t\t\t<\/div>\n\t\t\t\t<\/div>\n\t\t<div class=\"elementor-element elementor-element-7d5e4bc container-gap-16 product-details-tabs-wrapper e-flex e-con-boxed e-con e-parent\" data-id=\"7d5e4bc\" data-element_type=\"container\" data-e-type=\"container\">\n\t\t\t\t\t<div class=\"e-con-inner\">\n\t\t\t\t<div class=\"elementor-element elementor-element-2676a12 e-n-tabs-mobile elementor-widget elementor-widget-n-tabs\" data-id=\"2676a12\" data-element_type=\"widget\" data-e-type=\"widget\" data-settings=\"{&quot;horizontal_scroll&quot;:&quot;disable&quot;}\" data-widget_type=\"nested-tabs.default\">\n\t\t\t\t\t\t\t<div class=\"e-n-tabs\" data-widget-number=\"40331794\" aria-label=\"Tabs. Open items with Enter or Space, close with Escape and navigate using the Arrow keys.\">\n\t\t\t<div class=\"e-n-tabs-heading\" role=\"tablist\">\n\t\t\t\t\t<button id=\"application-examples-tab\" data-tab-title-id=\"e-n-tab-title-403317941\" class=\"e-n-tab-title\" aria-selected=\"true\" data-tab-index=\"1\" role=\"tab\" tabindex=\"0\" aria-controls=\"e-n-tab-content-403317941\" style=\"--n-tabs-title-order: 1;\">\n\t\t\t\t\t\t<span class=\"e-n-tab-title-text\">\n\t\t\t\tExemplos de aplica\u00e7\u00f5es\t\t\t<\/span>\n\t\t<\/button>\n\t\t\t\t<button id=\"product-description-tab\" data-tab-title-id=\"e-n-tab-title-403317942\" class=\"e-n-tab-title\" aria-selected=\"false\" data-tab-index=\"2\" role=\"tab\" tabindex=\"-1\" aria-controls=\"e-n-tab-content-403317942\" style=\"--n-tabs-title-order: 2;\">\n\t\t\t\t\t\t<span class=\"e-n-tab-title-text\">\n\t\t\t\tDescri\u00e7\u00e3o do produto\t\t\t<\/span>\n\t\t<\/button>\n\t\t\t\t<button id=\"technical-data\" data-tab-title-id=\"e-n-tab-title-403317943\" class=\"e-n-tab-title\" aria-selected=\"false\" data-tab-index=\"3\" role=\"tab\" tabindex=\"-1\" aria-controls=\"e-n-tab-content-403317943\" style=\"--n-tabs-title-order: 3;\">\n\t\t\t\t\t\t<span class=\"e-n-tab-title-text\">\n\t\t\t\tDados t\u00e9cnicos\t\t\t<\/span>\n\t\t<\/button>\n\t\t\t\t<button id=\"accessories-and-tools-tab\" data-tab-title-id=\"e-n-tab-title-403317944\" class=\"e-n-tab-title\" aria-selected=\"false\" data-tab-index=\"4\" role=\"tab\" tabindex=\"-1\" aria-controls=\"e-n-tab-content-403317944\" style=\"--n-tabs-title-order: 4;\">\n\t\t\t\t\t\t<span class=\"e-n-tab-title-text\">\n\t\t\t\tAcess\u00f3rios e ferramentas\t\t\t<\/span>\n\t\t<\/button>\n\t\t\t\t<button id=\"downloads-tab\" data-tab-title-id=\"e-n-tab-title-403317945\" class=\"e-n-tab-title\" aria-selected=\"false\" data-tab-index=\"5\" role=\"tab\" tabindex=\"-1\" aria-controls=\"e-n-tab-content-403317945\" style=\"--n-tabs-title-order: 5;\">\n\t\t\t\t\t\t<span class=\"e-n-tab-title-text\">\n\t\t\t\tTransfer\u00eancias\t\t\t<\/span>\n\t\t<\/button>\n\t\t\t\t\t<\/div>\n\t\t\t<div class=\"e-n-tabs-content\">\n\t\t\t\t<div id=\"e-n-tab-content-403317941\" role=\"tabpanel\" aria-labelledby=\"application-examples-tab\" data-tab-index=\"1\" style=\"--n-tabs-title-order: 1;\" class=\"e-active elementor-element elementor-element-9526ea0 e-con-full e-flex e-con e-child\" data-id=\"9526ea0\" data-element_type=\"container\" data-e-type=\"container\">\n\t\t<div class=\"elementor-element elementor-element-1aeeb05 e-con-full img-video-card-listing e-flex e-con e-child\" data-id=\"1aeeb05\" data-element_type=\"container\" data-e-type=\"container\">\n\t\t\t\t<div class=\"elementor-element elementor-element-4839a24 elementor-position-top elementor-widget elementor-widget-image-box\" data-id=\"4839a24\" data-element_type=\"widget\" data-e-type=\"widget\" data-widget_type=\"image-box.default\">\n\t\t\t\t\t<div class=\"elementor-image-box-wrapper\"><figure class=\"elementor-image-box-img\"><img decoding=\"async\" width=\"666\" height=\"542\" src=\"https:\/\/effisus.com\/wp-content\/uploads\/2026\/03\/easy_bolt_01.jpg\" class=\"attachment-full size-full wp-image-15797\" alt=\"\" srcset=\"https:\/\/effisus.com\/wp-content\/uploads\/2026\/03\/easy_bolt_01.jpg 666w, https:\/\/effisus.com\/wp-content\/uploads\/2026\/03\/easy_bolt_01-300x244.jpg 300w\" sizes=\"(max-width: 666px) 100vw, 666px\" \/><\/figure><div class=\"elementor-image-box-content\"><p class=\"elementor-image-box-title\">Veda\u00e7\u00e3o r\u00e1pida dos parafusos<\/p><\/div><\/div>\t\t\t\t<\/div>\n\t\t\t\t<\/div>\n\t\t\t\t<\/div>\n\t\t<div id=\"e-n-tab-content-403317942\" role=\"tabpanel\" aria-labelledby=\"product-description-tab\" data-tab-index=\"2\" style=\"--n-tabs-title-order: 2;\" class=\" elementor-element elementor-element-125ef14 e-con-full e-flex e-con e-child\" data-id=\"125ef14\" data-element_type=\"container\" data-e-type=\"container\">\n\t\t\t\t<div class=\"elementor-element elementor-element-d18fd1f elementor-widget elementor-widget-text-editor\" data-id=\"d18fd1f\" data-element_type=\"widget\" data-e-type=\"widget\" data-widget_type=\"text-editor.default\">\n\t\t\t\t\t\t\t\t\t<p>Devido \u00e0 elevada varia\u00e7\u00e3o na instala\u00e7\u00e3o dos parafusos, alguns s\u00e3o apertados com um torque demasiado baixo, outros com demasiada for\u00e7a, outros com demasiada inclina\u00e7\u00e3o, o que leva a potenciais falhas na veda\u00e7\u00e3o. Isto \u00e9 agravado por movimentos estruturais, expans\u00e3o t\u00e9rmica diferencial e, ao longo do tempo, corros\u00e3o do parafuso e degrada\u00e7\u00e3o da anilha. <\/p><p>As solu\u00e7\u00f5es tradicionais que utilizam silicone e selantes semelhantes t\u00eam uma longevidade limitada e desafios para produzir instala\u00e7\u00f5es consistentemente eficazes. Effisus EasyBolt est\u00e1 dispon\u00edvel em v\u00e1rias cores, \u00e9 f\u00e1cil de instalar sem necessidade de prim\u00e1rio e reduz o desenvolvimento de corros\u00e3o \u00e0 volta do parafuso. A sua membrana de alta elasticidade e a prote\u00e7\u00e3o EPDM sobre a cabe\u00e7a do parafuso criam uma selagem perfeita \u00e0 volta de cada parafuso e \u00e9 uma solu\u00e7\u00e3o duradoura para estes pontos cr\u00edticos de infiltra\u00e7\u00f5es de \u00e1gua, resistindo \u00e0 exposi\u00e7\u00e3o UV e a temperaturas baixas\/altas.  <\/p><p>Para uma oferta abrangente contra a infiltra\u00e7\u00e3o de \u00e1gua em parafusos e pinos de coberturas met\u00e1licas, quando as mesmas s\u00e3o frequentemente acedidas para manuten\u00e7\u00e3o, Effisus Bolt Protect \u00e9 a solu\u00e7\u00e3o ideal devido \u00e0 sua c\u00e1psula dura, resiste a pisadas frequentes nos parafusos.<\/p>\t\t\t\t\t\t\t\t<\/div>\n\t\t\t\t<\/div>\n\t\t<div id=\"e-n-tab-content-403317943\" role=\"tabpanel\" aria-labelledby=\"technical-data\" data-tab-index=\"3\" style=\"--n-tabs-title-order: 3;\" class=\" elementor-element elementor-element-f4e584e e-con-full e-flex e-con e-child\" data-id=\"f4e584e\" data-element_type=\"container\" data-e-type=\"container\">\n\t\t\t\t<div class=\"elementor-element elementor-element-1dcd824 elementor-widget elementor-widget-text-editor\" data-id=\"1dcd824\" data-element_type=\"widget\" data-e-type=\"widget\" data-widget_type=\"text-editor.default\">\n\t\t\t\t\t\t\t\t\t<table class=\"tableizer-table\">\n<thead>\n<tr class=\"tableizer-firstrow\">\n<th>Carater\u00edsticas essenciais<\/th>\n<th>M\u00e9todo<\/th>\n<th>Resultado<\/th>\n<\/tr>\n<\/thead>\n<tbody>\n<tr>\n<td>Ader\u00eancia<\/td>\n<td>&#8211;<\/td>\n<td>9 kg\/largura<\/td>\n<\/tr>\n<tr>\n<td>Temperatura de aplica\u00e7\u00e3o<\/td>\n<td>&#8211;<\/td>\n<td>-29\u00b0C a 66\u00b0C<\/td>\n<\/tr>\n<tr>\n<td>Di\u00e2metro<\/td>\n<td>&#8211;<\/td>\n<td>100 mm<\/td>\n<\/tr>\n<tr>\n<td>Cores<\/td>\n<td>&#8211;<\/td>\n<td>Branco, cinzento, preto, bronzeado<\/td>\n<\/tr>\n<tr>\n<td>Alongamento<\/td>\n<td>ASTM D 882<\/td>\n<td>&gt;700% \u00b1 100<\/td>\n<\/tr>\n<tr>\n<td>Flexibilidade a baixas temperaturas<\/td>\n<td>ASTM C765<\/td>\n<td>12,7 mm de raio a -34\u00b0C<\/td>\n<\/tr>\n<tr>\n<td>Permeabilidade<\/td>\n<td>&#8211;<\/td>\n<td>0,001 perms m\u00e1ximo<\/td>\n<\/tr>\n<tr>\n<td>Flexibilidade<\/td>\n<td>&#8211;<\/td>\n<td>N\u00e3o apresenta fissuras na membrana<\/td>\n<\/tr>\n<tr>\n<td>Prazo de validade<\/td>\n<td>&#8211;<\/td>\n<td>At\u00e9 5 anos<\/td>\n<\/tr>\n<tr>\n<td>Leque de flexibilidade de temperatura<\/td>\n<td>&#8211;<\/td>\n<td>-57\u00b0C a &gt;+93\u00b0C<\/td>\n<\/tr>\n<tr>\n<td>Resist\u00eancia \u00e0 tra\u00e7\u00e3o<\/td>\n<td>&#8211;<\/td>\n<td>31.000 kPa<\/td>\n<\/tr>\n<tr>\n<td>Espessura total<\/td>\n<td>&#8211;<\/td>\n<td>2,2 mm (centro), 0,9 mm (outras \u00e1reas)<\/td>\n<\/tr>\n<tr>\n<td>Teste de arrancamento (180\u00b0)<\/td>\n<td>ASTM D413 @ 23\u00b0C (73\u00b0F)<\/td>\n<td>5 PLI<\/td>\n<\/tr>\n<tr>\n<td>Teste vapor de \u00e1gua<\/td>\n<td>ASTM E96B<\/td>\n<td>0,005 grs\/254 cm\u00b2\/24 h\/37\u00b0C<\/td>\n<\/tr>\n<tr>\n<td>Estanquidade \u00e0 \u00e1gua<\/td>\n<td>EN 1928:2000-3 M\u00e9todo A<\/td>\n<td>Passa<\/td>\n<\/tr>\n<tr>\n<td>Resist\u00eancia \u00e0 descama\u00e7\u00e3o<\/td>\n<td>EN 29862:2019-6<\/td>\n<td>MD 19,2 N\/cm<br>CMD 19,0 N\/cm<\/td>\n<\/tr>\n<tr>\n<td>Resist\u00eancia ao rasgo<\/td>\n<td>EN 12310-1<\/td>\n<td>\u2265 110 N, EPDM sobre a cabe\u00e7a do fixador<\/td>\n<\/tr>\n<\/tbody>\n<\/table>\t\t\t\t\t\t\t\t<\/div>\n\t\t\t\t<\/div>\n\t\t<div id=\"e-n-tab-content-403317944\" role=\"tabpanel\" aria-labelledby=\"accessories-and-tools-tab\" data-tab-index=\"4\" style=\"--n-tabs-title-order: 4;\" class=\" elementor-element elementor-element-8002284 e-con-full e-flex e-con e-child\" data-id=\"8002284\" data-element_type=\"container\" data-e-type=\"container\">\n\t\t<div class=\"elementor-element elementor-element-8e54c01 e-con-full tools-list-wrp e-flex e-con e-child\" data-id=\"8e54c01\" data-element_type=\"container\" data-e-type=\"container\">\n\t\t<div class=\"elementor-element elementor-element-3300c72 e-con-full tool-card e-flex e-con e-child\" data-id=\"3300c72\" data-element_type=\"container\" data-e-type=\"container\">\n\t\t<a class=\"elementor-element elementor-element-6b64576 e-con-full e-flex e-con e-child\" data-id=\"6b64576\" data-element_type=\"container\" data-e-type=\"container\" href=\"https:\/\/effisus.com\/pt-pt\/product\/effisus-cleaner-lv\/\">\n\t\t\t\t<div class=\"elementor-element elementor-element-01fc50b elementor-widget elementor-widget-image\" data-id=\"01fc50b\" data-element_type=\"widget\" data-e-type=\"widget\" data-widget_type=\"image.default\">\n\t\t\t\t\t\t\t\t\t\t\t\t\t\t\t<img decoding=\"async\" width=\"1707\" height=\"2560\" src=\"https:\/\/effisus.com\/wp-content\/uploads\/2025\/10\/CleanerLV_42-scaled-1.png\" class=\"attachment-full size-full wp-image-9830\" alt=\"\" srcset=\"https:\/\/effisus.com\/wp-content\/uploads\/2025\/10\/CleanerLV_42-scaled-1.png 1707w, https:\/\/effisus.com\/wp-content\/uploads\/2025\/10\/CleanerLV_42-scaled-1-200x300.png 200w, https:\/\/effisus.com\/wp-content\/uploads\/2025\/10\/CleanerLV_42-scaled-1-683x1024.png 683w, https:\/\/effisus.com\/wp-content\/uploads\/2025\/10\/CleanerLV_42-scaled-1-768x1152.png 768w, https:\/\/effisus.com\/wp-content\/uploads\/2025\/10\/CleanerLV_42-scaled-1-1024x1536.png 1024w, https:\/\/effisus.com\/wp-content\/uploads\/2025\/10\/CleanerLV_42-scaled-1-1366x2048.png 1366w\" sizes=\"(max-width: 1707px) 100vw, 1707px\" \/>\t\t\t\t\t\t\t\t\t\t\t\t\t\t\t<\/div>\n\t\t\t\t<div class=\"elementor-element elementor-element-8f8f5bc tool-name elementor-widget elementor-widget-heading\" data-id=\"8f8f5bc\" data-element_type=\"widget\" data-e-type=\"widget\" data-widget_type=\"heading.default\">\n\t\t\t\t\t<div class=\"elementor-heading-title elementor-size-default\">Effisus Cleaner LV<\/div>\t\t\t\t<\/div>\n\t\t\t\t<div class=\"elementor-element elementor-element-abe2ba4 tool-desc elementor-widget elementor-widget-heading\" data-id=\"abe2ba4\" data-element_type=\"widget\" data-e-type=\"widget\" data-widget_type=\"heading.default\">\n\t\t\t\t\t<p class=\"elementor-heading-title elementor-size-default\">Prepara\u00e7\u00e3o da superf\u00edcie para uma ader\u00eancia m\u00e1xima...<\/p>\t\t\t\t<\/div>\n\t\t\t\t<\/a>\n\t\t\t\t<\/div>\n\t\t\t\t<\/div>\n\t\t\t\t<\/div>\n\t\t<div id=\"e-n-tab-content-403317945\" role=\"tabpanel\" aria-labelledby=\"downloads-tab\" data-tab-index=\"5\" style=\"--n-tabs-title-order: 5;\" class=\" elementor-element elementor-element-5ad531a e-con-full e-flex e-con e-child\" data-id=\"5ad531a\" data-element_type=\"container\" data-e-type=\"container\">\n\t\t<div class=\"elementor-element elementor-element-84c675b e-con-full file-listing-wrp e-flex e-con e-child\" data-id=\"84c675b\" data-element_type=\"container\" data-e-type=\"container\">\n\t\t<div class=\"elementor-element elementor-element-eca9787 e-con-full file-item e-flex e-con e-child\" data-id=\"eca9787\" data-element_type=\"container\" data-e-type=\"container\">\n\t\t<div class=\"elementor-element elementor-element-2bc176d e-con-full file-name-box e-flex e-con e-child\" data-id=\"2bc176d\" data-element_type=\"container\" data-e-type=\"container\">\n\t\t\t\t<div class=\"elementor-element elementor-element-44e7b48 elementor-view-default elementor-widget elementor-widget-icon\" data-id=\"44e7b48\" data-element_type=\"widget\" data-e-type=\"widget\" data-widget_type=\"icon.default\">\n\t\t\t\t\t\t\t<div class=\"elementor-icon-wrapper\">\n\t\t\t<div class=\"elementor-icon\">\n\t\t\t<svg xmlns=\"http:\/\/www.w3.org\/2000\/svg\" width=\"22\" height=\"28\" viewBox=\"0 0 22 28\" fill=\"none\"><path d=\"M4.33398 0.916626H12.3818C12.4994 0.932681 12.6128 0.97091 12.7158 1.02991L12.791 1.07288L12.876 1.06116C12.8812 1.06043 12.8864 1.06143 12.8916 1.06116C12.9875 1.11032 13.0772 1.17036 13.1562 1.24377H13.1572L21.1572 9.24377C21.2291 9.32121 21.2882 9.40893 21.3369 9.50256V9.6012L21.3506 9.63928C21.3828 9.73496 21.4047 9.83404 21.417 9.9342V23.3336C21.4169 24.328 21.0224 25.2818 20.3193 25.985C19.6161 26.6882 18.6616 27.0836 17.667 27.0836H4.33398C3.3395 27.0836 2.38586 26.6881 1.68262 25.985C0.979432 25.2818 0.58407 24.3281 0.583984 23.3336V4.66663C0.583984 3.67206 0.979356 2.71852 1.68262 2.01526C2.38588 1.312 3.33942 0.916626 4.33398 0.916626ZM4.33398 3.08362C3.91406 3.08362 3.51178 3.25055 3.21484 3.54749C2.91791 3.84442 2.75098 4.2467 2.75098 4.66663V23.3336C2.75106 23.7534 2.91799 24.1559 3.21484 24.4528C3.51176 24.7496 3.91413 24.9166 4.33398 24.9166H17.667C18.0869 24.9166 18.4902 24.7497 18.7871 24.4528C19.0839 24.1559 19.2509 23.7533 19.251 23.3336V11.0836H15.001C14.0064 11.0836 13.0519 10.6882 12.3486 9.98499C11.6456 9.28182 11.2511 8.32799 11.251 7.33362V3.08362H4.33398ZM7.00098 19.5836H15.001C15.2882 19.5837 15.5635 19.6979 15.7666 19.901C15.9697 20.1041 16.084 20.3794 16.084 20.6666C16.084 20.9539 15.9697 21.2291 15.7666 21.4323C15.5635 21.6353 15.2882 21.7495 15.001 21.7496H7.00098C6.71366 21.7496 6.43754 21.6354 6.23438 21.4323C6.03141 21.2291 5.91699 20.9538 5.91699 20.6666C5.91699 20.3795 6.03141 20.1041 6.23438 19.901C6.43754 19.6978 6.71366 19.5836 7.00098 19.5836ZM7.00098 14.2496H15.001C15.2881 14.2497 15.5635 14.364 15.7666 14.567C15.9698 14.7702 16.084 15.0463 16.084 15.3336C16.0839 15.6208 15.9697 15.8962 15.7666 16.0992C15.5635 16.3023 15.2882 16.4165 15.001 16.4166H7.00098C6.71366 16.4166 6.43754 16.3024 6.23438 16.0992C6.03139 15.8962 5.91708 15.6207 5.91699 15.3336C5.91699 15.0463 6.03121 14.7702 6.23438 14.567C6.43754 14.3639 6.71366 14.2496 7.00098 14.2496ZM7.00098 8.91663H8.33398C8.62123 8.91663 8.89646 9.03095 9.09961 9.23401C9.3027 9.4371 9.41691 9.71243 9.41699 9.99963C9.41699 10.287 9.30277 10.5631 9.09961 10.7662C8.89648 10.9692 8.62115 11.0836 8.33398 11.0836H7.00098C6.71366 11.0836 6.43754 10.9694 6.23438 10.7662C6.03121 10.5631 5.91699 10.287 5.91699 9.99963C5.91708 9.71251 6.03139 9.43708 6.23438 9.23401C6.43754 9.03084 6.71366 8.91663 7.00098 8.91663ZM13.417 7.33362C13.4171 7.75335 13.5841 8.15592 13.8809 8.45276C14.1778 8.74969 14.5811 8.91663 15.001 8.91663H17.7246L17.2979 8.48987L13.8438 5.03674L13.417 4.60999V7.33362Z\" fill=\"#0C4651\" stroke=\"white\" stroke-width=\"0.5\"><\/path><\/svg>\t\t\t<\/div>\n\t\t<\/div>\n\t\t\t\t\t\t<\/div>\n\t\t\t\t<div class=\"elementor-element elementor-element-a2e2063 elementor-widget elementor-widget-heading\" data-id=\"a2e2063\" data-element_type=\"widget\" data-e-type=\"widget\" data-widget_type=\"heading.default\">\n\t\t\t\t\t<span class=\"elementor-heading-title elementor-size-default\">Folha de dados t\u00e9cnicos<\/span>\t\t\t\t<\/div>\n\t\t\t\t<\/div>\n\t\t\t\t<div class=\"elementor-element elementor-element-98a4911 primary-btn download-file-btn elementor-widget elementor-widget-button\" data-id=\"98a4911\" data-element_type=\"widget\" data-e-type=\"widget\" data-widget_type=\"button.default\">\n\t\t\t\t\t\t\t\t\t\t<a class=\"elementor-button elementor-button-link elementor-size-sm\" href=\"\/wp-content\/uploads\/2026\/04\/TDS-Effisus-EasyBolt_PT.pdf\">\n\t\t\t\t\t\t<span class=\"elementor-button-content-wrapper\">\n\t\t\t\t\t\t\t\t\t<span class=\"elementor-button-text\">Download<\/span>\n\t\t\t\t\t<\/span>\n\t\t\t\t\t<\/a>\n\t\t\t\t\t\t\t\t<\/div>\n\t\t\t\t<\/div>\n\t\t\t\t<\/div>\n\t\t\t\t<\/div>\n\t\t\t\t\t<\/div>\n\t\t<\/div>\n\t\t\t\t\t\t<\/div>\n\t\t\t\t\t<\/div>\n\t\t\t\t<\/div>\n\t\t\t\t<\/div>\n\t\t","protected":false},"featured_media":15798,"template":"","meta":{"_acf_changed":false,"_monsterinsights_skip_tracking":false,"_monsterinsights_sitenote_active":false,"_monsterinsights_sitenote_note":"","_monsterinsights_sitenote_category":0,"_uf_show_specific_survey":0,"_uf_disable_surveys":false},"product_segment":[370],"product_type":[361],"class_list":["post-15799","product","type-product","status-publish","has-post-thumbnail","hentry","product_segment-sistemas-de-vedacao-de-coberturas-e-paredes","product_type-membranas"],"acf":[],"aioseo_notices":[],"_links":{"self":[{"href":"https:\/\/effisus.com\/pt-pt\/wp-json\/wp\/v2\/products\/15799","targetHints":{"allow":["GET"]}}],"collection":[{"href":"https:\/\/effisus.com\/pt-pt\/wp-json\/wp\/v2\/products"}],"about":[{"href":"https:\/\/effisus.com\/pt-pt\/wp-json\/wp\/v2\/types\/product"}],"version-history":[{"count":9,"href":"https:\/\/effisus.com\/pt-pt\/wp-json\/wp\/v2\/products\/15799\/revisions"}],"predecessor-version":[{"id":15828,"href":"https:\/\/effisus.com\/pt-pt\/wp-json\/wp\/v2\/products\/15799\/revisions\/15828"}],"wp:featuredmedia":[{"embeddable":true,"href":"https:\/\/effisus.com\/pt-pt\/wp-json\/wp\/v2\/media\/15798"}],"wp:attachment":[{"href":"https:\/\/effisus.com\/pt-pt\/wp-json\/wp\/v2\/media?parent=15799"}],"wp:term":[{"taxonomy":"product_segment","embeddable":true,"href":"https:\/\/effisus.com\/pt-pt\/wp-json\/wp\/v2\/product_segment?post=15799"},{"taxonomy":"product_type","embeddable":true,"href":"https:\/\/effisus.com\/pt-pt\/wp-json\/wp\/v2\/product_type?post=15799"}],"curies":[{"name":"wp","href":"https:\/\/api.w.org\/{rel}","templated":true}]}}