
{"id":15113,"date":"2025-12-09T14:54:28","date_gmt":"2025-12-09T14:54:28","guid":{"rendered":"https:\/\/effisus.com\/product\/silicone-roller\/"},"modified":"2025-12-18T22:32:13","modified_gmt":"2025-12-18T22:32:13","slug":"silicone-roller","status":"publish","type":"product","link":"https:\/\/effisus.com\/pt-pt\/product\/silicone-roller\/","title":{"rendered":"Silicone Roller"},"content":{"rendered":"\t\t<div data-elementor-type=\"wp-post\" data-elementor-id=\"15113\" class=\"elementor elementor-15113 elementor-13507\" data-elementor-post-type=\"product\">\n\t\t\t\t<div class=\"elementor-element elementor-element-5c1734c section-standard-padding-gap product-detail-hero-section e-flex e-con-boxed e-con e-parent\" data-id=\"5c1734c\" data-element_type=\"container\" data-e-type=\"container\">\n\t\t\t\t\t<div class=\"e-con-inner\">\n\t\t<div class=\"elementor-element elementor-element-aefafa2 e-con-full product-feature-image e-flex e-con e-child\" data-id=\"aefafa2\" data-element_type=\"container\" data-e-type=\"container\">\n\t\t\t\t<div class=\"elementor-element elementor-element-9cf802d elementor-widget elementor-widget-theme-post-featured-image elementor-widget-image\" data-id=\"9cf802d\" data-element_type=\"widget\" data-e-type=\"widget\" data-widget_type=\"theme-post-featured-image.default\">\n\t\t\t\t\t\t\t\t\t\t\t\t\t\t\t<img fetchpriority=\"high\" decoding=\"async\" width=\"751\" height=\"611\" src=\"https:\/\/effisus.com\/wp-content\/uploads\/2025\/12\/silicone_roller-1024x833.jpg\" class=\"attachment-large size-large wp-image-15112\" alt=\"\" srcset=\"https:\/\/effisus.com\/wp-content\/uploads\/2025\/12\/silicone_roller-1024x833.jpg 1024w, https:\/\/effisus.com\/wp-content\/uploads\/2025\/12\/silicone_roller-300x244.jpg 300w, https:\/\/effisus.com\/wp-content\/uploads\/2025\/12\/silicone_roller-768x625.jpg 768w, https:\/\/effisus.com\/wp-content\/uploads\/2025\/12\/silicone_roller.jpg 1332w\" sizes=\"(max-width: 751px) 100vw, 751px\" \/>\t\t\t\t\t\t\t\t\t\t\t\t\t\t\t<\/div>\n\t\t\t\t<\/div>\n\t\t<div class=\"elementor-element elementor-element-bfa2b51 e-con-full e-flex e-con e-child\" data-id=\"bfa2b51\" data-element_type=\"container\" data-e-type=\"container\">\n\t\t<div class=\"elementor-element elementor-element-f1599ee e-con-full product-hero-content e-flex e-con e-child\" data-id=\"f1599ee\" data-element_type=\"container\" data-e-type=\"container\">\n\t\t\t\t<div class=\"elementor-element elementor-element-3f7f403 product-title elementor-widget elementor-widget-theme-post-title elementor-page-title elementor-widget-heading\" data-id=\"3f7f403\" data-element_type=\"widget\" data-e-type=\"widget\" data-widget_type=\"theme-post-title.default\">\n\t\t\t\t\t<h1 class=\"elementor-heading-title elementor-size-default\">Silicone Roller<\/h1>\t\t\t\t<\/div>\n\t\t<div class=\"elementor-element elementor-element-9e4f135 e-con-full product-sort-desc e-flex e-con e-child\" data-id=\"9e4f135\" data-element_type=\"container\" data-e-type=\"container\">\n\t\t\t\t<div class=\"elementor-element elementor-element-08fea93 elementor-widget elementor-widget-heading\" data-id=\"08fea93\" data-element_type=\"widget\" data-e-type=\"widget\" data-widget_type=\"heading.default\">\n\t\t\t\t\t<h3 class=\"elementor-heading-title elementor-size-default\">Silicone Roller para colagem de membranas<\/h3>\t\t\t\t<\/div>\n\t\t\t\t<div class=\"elementor-element elementor-element-3f4cee2 elementor-widget elementor-widget-text-editor\" data-id=\"3f4cee2\" data-element_type=\"widget\" data-e-type=\"widget\" data-widget_type=\"text-editor.default\">\n\t\t\t\t\t\t\t\t\t<p>O Effisus Silicone Roller \u00e9 uma ferramenta dur\u00e1vel, de alta densidade, concebida para aplicar uma press\u00e3o consistente nas \u00e1reas soldadas das membranas. A sua superf\u00edcie de silicone resistente ao calor assegura um detalhe suave e controlado durante as opera\u00e7\u00f5es de soldadura de PVC, TPO e EPDM. <\/p>\t\t\t\t\t\t\t\t<\/div>\n\t\t\t\t<div class=\"elementor-element elementor-element-f0c0314 product-details-open-btn elementor-widget elementor-widget-button\" data-id=\"f0c0314\" data-element_type=\"widget\" data-e-type=\"widget\" data-widget_type=\"button.default\">\n\t\t\t\t\t\t\t\t\t\t<a class=\"elementor-button elementor-button-link elementor-size-sm\" href=\"#\">\n\t\t\t\t\t\t<span class=\"elementor-button-content-wrapper\">\n\t\t\t\t\t\t<span class=\"elementor-button-icon\">\n\t\t\t\t<svg xmlns=\"http:\/\/www.w3.org\/2000\/svg\" width=\"24\" height=\"24\" viewBox=\"0 0 24 24\" fill=\"none\"><path d=\"M14.8297 11.2899L10.5897 7.04995C10.4967 6.95622 10.3861 6.88183 10.2643 6.83106C10.1424 6.78029 10.0117 6.75415 9.8797 6.75415C9.74769 6.75415 9.61698 6.78029 9.49512 6.83106C9.37326 6.88183 9.26266 6.95622 9.1697 7.04995C8.98345 7.23731 8.87891 7.49076 8.87891 7.75495C8.87891 8.01913 8.98345 8.27259 9.1697 8.45995L12.7097 11.9999L9.1697 15.5399C8.98345 15.7273 8.87891 15.9808 8.87891 16.2449C8.87891 16.5091 8.98345 16.7626 9.1697 16.9499C9.26314 17.0426 9.37395 17.116 9.49579 17.1657C9.61763 17.2155 9.74809 17.2407 9.8797 17.2399C10.0113 17.2407 10.1418 17.2155 10.2636 17.1657C10.3854 17.116 10.4963 17.0426 10.5897 16.9499L14.8297 12.7099C14.9234 12.617 14.9978 12.5064 15.0486 12.3845C15.0994 12.2627 15.1255 12.132 15.1255 11.9999C15.1255 11.8679 15.0994 11.7372 15.0486 11.6154C14.9978 11.4935 14.9234 11.3829 14.8297 11.2899Z\" fill=\"#0C4651\"><\/path><\/svg>\t\t\t<\/span>\n\t\t\t\t\t\t\t\t\t<span class=\"elementor-button-text\">Ler mais<\/span>\n\t\t\t\t\t<\/span>\n\t\t\t\t\t<\/a>\n\t\t\t\t\t\t\t\t<\/div>\n\t\t\t\t<\/div>\n\t\t\t\t<\/div>\n\t\t\t\t<\/div>\n\t\t\t\t\t<\/div>\n\t\t\t\t<\/div>\n\t\t<div class=\"elementor-element elementor-element-7d5e4bc container-gap-16 product-details-tabs-wrapper e-flex e-con-boxed e-con e-parent\" data-id=\"7d5e4bc\" data-element_type=\"container\" data-e-type=\"container\">\n\t\t\t\t\t<div class=\"e-con-inner\">\n\t\t\t\t<div class=\"elementor-element elementor-element-2676a12 e-n-tabs-mobile elementor-widget elementor-widget-n-tabs\" data-id=\"2676a12\" data-element_type=\"widget\" data-e-type=\"widget\" data-settings=\"{&quot;horizontal_scroll&quot;:&quot;disable&quot;}\" data-widget_type=\"nested-tabs.default\">\n\t\t\t\t\t\t\t<div class=\"e-n-tabs\" data-widget-number=\"40331794\" aria-label=\"Tabs. Open items with Enter or Space, close with Escape and navigate using the Arrow keys.\">\n\t\t\t<div class=\"e-n-tabs-heading\" role=\"tablist\">\n\t\t\t\t\t<button id=\"product-description-tab\" data-tab-title-id=\"e-n-tab-title-403317941\" class=\"e-n-tab-title\" aria-selected=\"true\" data-tab-index=\"1\" role=\"tab\" tabindex=\"0\" aria-controls=\"e-n-tab-content-403317941\" style=\"--n-tabs-title-order: 1;\">\n\t\t\t\t\t\t<span class=\"e-n-tab-title-text\">\n\t\t\t\tDescri\u00e7\u00e3o do produto\t\t\t<\/span>\n\t\t<\/button>\n\t\t\t\t\t<\/div>\n\t\t\t<div class=\"e-n-tabs-content\">\n\t\t\t\t<div id=\"e-n-tab-content-403317941\" role=\"tabpanel\" aria-labelledby=\"product-description-tab\" data-tab-index=\"1\" style=\"--n-tabs-title-order: 1;\" class=\"e-active elementor-element elementor-element-125ef14 e-con-full e-flex e-con e-child\" data-id=\"125ef14\" data-element_type=\"container\" data-e-type=\"container\">\n\t\t\t\t<div class=\"elementor-element elementor-element-d18fd1f elementor-widget elementor-widget-text-editor\" data-id=\"d18fd1f\" data-element_type=\"widget\" data-e-type=\"widget\" data-widget_type=\"text-editor.default\">\n\t\t\t\t\t\t\t\t\t<p>O Effisus Silicone Roller \u00e9 um rolo de press\u00e3o de silicone de 45 mm de alta densidade, concebido para ser utilizado na soldadura de membranas a altas temperaturas. A sua constru\u00e7\u00e3o robusta permite-lhe suportar temperaturas elevadas sem deforma\u00e7\u00e3o, garantindo um desempenho fi\u00e1vel durante tarefas cr\u00edticas de selagem e soldadura. <\/p>\n<p>Concebido para pressionar costuras soldadas e trabalhos de pormenor, o rolo proporciona uma press\u00e3o consistente e uniforme, melhorando a integridade da liga\u00e7\u00e3o e assegurando resultados de impermeabiliza\u00e7\u00e3o duradouros. O seu tamanho compacto torna-o ideal para trabalhos de precis\u00e3o ao longo de arestas, cantos e \u00e1reas apertadas onde os rolos maiores n\u00e3o conseguem chegar. <\/p>\n<p>Leve, ergon\u00f3mico e constru\u00eddo para uma utiliza\u00e7\u00e3o profissional repetida, o Effisus Silicone Roller \u00e9 uma ferramenta essencial para assegurar um acabamento de alta qualidade em instala\u00e7\u00f5es de membranas para coberturas e fachadas.<\/p>\t\t\t\t\t\t\t\t<\/div>\n\t\t\t\t<\/div>\n\t\t\t\t\t<\/div>\n\t\t<\/div>\n\t\t\t\t\t\t<\/div>\n\t\t\t\t\t<\/div>\n\t\t\t\t<\/div>\n\t\t\t\t<\/div>\n\t\t","protected":false},"featured_media":15112,"template":"","meta":{"_acf_changed":false,"_monsterinsights_skip_tracking":false,"_monsterinsights_sitenote_active":false,"_monsterinsights_sitenote_note":"","_monsterinsights_sitenote_category":0,"_uf_show_specific_survey":0,"_uf_disable_surveys":false},"product_segment":[371],"product_type":[312],"class_list":["post-15113","product","type-product","status-publish","has-post-thumbnail","hentry","product_segment-acessorios-e-ferramentas","product_type-membranas-para-interface"],"acf":[],"aioseo_notices":[],"_links":{"self":[{"href":"https:\/\/effisus.com\/pt-pt\/wp-json\/wp\/v2\/products\/15113","targetHints":{"allow":["GET"]}}],"collection":[{"href":"https:\/\/effisus.com\/pt-pt\/wp-json\/wp\/v2\/products"}],"about":[{"href":"https:\/\/effisus.com\/pt-pt\/wp-json\/wp\/v2\/types\/product"}],"version-history":[{"count":1,"href":"https:\/\/effisus.com\/pt-pt\/wp-json\/wp\/v2\/products\/15113\/revisions"}],"predecessor-version":[{"id":15114,"href":"https:\/\/effisus.com\/pt-pt\/wp-json\/wp\/v2\/products\/15113\/revisions\/15114"}],"wp:featuredmedia":[{"embeddable":true,"href":"https:\/\/effisus.com\/pt-pt\/wp-json\/wp\/v2\/media\/15112"}],"wp:attachment":[{"href":"https:\/\/effisus.com\/pt-pt\/wp-json\/wp\/v2\/media?parent=15113"}],"wp:term":[{"taxonomy":"product_segment","embeddable":true,"href":"https:\/\/effisus.com\/pt-pt\/wp-json\/wp\/v2\/product_segment?post=15113"},{"taxonomy":"product_type","embeddable":true,"href":"https:\/\/effisus.com\/pt-pt\/wp-json\/wp\/v2\/product_type?post=15113"}],"curies":[{"name":"wp","href":"https:\/\/api.w.org\/{rel}","templated":true}]}}