
{"id":9744,"date":"2025-11-01T11:50:46","date_gmt":"2025-11-01T11:50:46","guid":{"rendered":"https:\/\/effisus.com\/politica-de-cookies\/"},"modified":"2025-11-12T14:07:55","modified_gmt":"2025-11-12T14:07:55","slug":"politica-de-cookies","status":"publish","type":"page","link":"https:\/\/effisus.com\/pt-pt\/politica-de-cookies\/","title":{"rendered":"Pol\u00edtica de cookies"},"content":{"rendered":"\t\t<div data-elementor-type=\"wp-page\" data-elementor-id=\"9744\" class=\"elementor elementor-9744 elementor-8610\" data-elementor-post-type=\"page\">\n\t\t\t\t<div class=\"elementor-element elementor-element-94d34be e-con-full e-flex e-con e-parent\" data-id=\"94d34be\" data-element_type=\"container\" data-e-type=\"container\">\n\t\t\t\t<div class=\"elementor-element elementor-element-a9e50ae elementor-widget__width-inherit page-title-container elementor-position-top elementor-widget elementor-widget-image-box\" data-id=\"a9e50ae\" data-element_type=\"widget\" data-e-type=\"widget\" data-widget_type=\"image-box.default\">\n\t\t\t\t\t<div class=\"elementor-image-box-wrapper\"><figure class=\"elementor-image-box-img\"><img fetchpriority=\"high\" decoding=\"async\" width=\"1408\" height=\"394\" src=\"https:\/\/effisus.com\/wp-content\/uploads\/2025\/11\/cookie-policy-title-bg.png\" class=\"attachment-full size-full wp-image-9745\" alt=\"\" srcset=\"https:\/\/effisus.com\/wp-content\/uploads\/2025\/11\/cookie-policy-title-bg.png 1408w, https:\/\/effisus.com\/wp-content\/uploads\/2025\/11\/cookie-policy-title-bg-300x84.png 300w, https:\/\/effisus.com\/wp-content\/uploads\/2025\/11\/cookie-policy-title-bg-1024x287.png 1024w, https:\/\/effisus.com\/wp-content\/uploads\/2025\/11\/cookie-policy-title-bg-768x215.png 768w\" sizes=\"(max-width: 1408px) 100vw, 1408px\" \/><\/figure><div class=\"elementor-image-box-content\"><h1 class=\"elementor-image-box-title\">Pol\u00edtica de cookies<\/h1><\/div><\/div>\t\t\t\t<\/div>\n\t\t\t\t<\/div>\n\t\t<div class=\"elementor-element elementor-element-54b4655 content-page e-flex e-con-boxed e-con e-parent\" data-id=\"54b4655\" data-element_type=\"container\" data-e-type=\"container\">\n\t\t\t\t\t<div class=\"e-con-inner\">\n\t\t<div class=\"elementor-element elementor-element-f204bf6 e-con-full e-flex e-con e-child\" data-id=\"f204bf6\" data-element_type=\"container\" data-e-type=\"container\">\n\t\t\t\t<div class=\"elementor-element elementor-element-ad6efda elementor-widget elementor-widget-text-editor\" data-id=\"ad6efda\" data-element_type=\"widget\" data-e-type=\"widget\" data-widget_type=\"text-editor.default\">\n\t\t\t\t\t\t\t\t\t<p>O website acess\u00edvel em <a href=\"https:\/\/effisus.com\/pt-pt\/\">https:\/\/effisus.com\/<\/a> (&#8220;Website&#8221;) \u00e9 propriedade da Effisus, Unipessoal Lda, VAT no. 507227115, com sede social na Travessa Jos\u00e9 Oliveira Mendes, n\u00ba 87 e n\u00ba 103, 4760-912, Vila Nova de Famalic\u00e3o, Portugal.<br><br>Este s\u00edtio Web utiliza cookies para proporcionar uma experi\u00eancia de navega\u00e7\u00e3o mais eficiente, segura e personalizada. Esta Pol\u00edtica de Cookies tem como objetivo fornecer informa\u00e7\u00f5es transparentes sobre o uso, tipos e prop\u00f3sitos dos cookies. A Effisus \u00e9 respons\u00e1vel pelo processamento dos dados pessoais recolhidos atrav\u00e9s deste Website.  <\/p><p>Para compreender melhor como a Effisus processa os dados pessoais, consulta tamb\u00e9m a Pol\u00edtica de Privacidade.<\/p><h3>1. O que s\u00e3o cookies?<\/h3><p>Os cookies s\u00e3o pequenos ficheiros de texto armazenados no dispositivo do utilizador quando este visita um s\u00edtio Web. Estes ficheiros recolhem informa\u00e7\u00f5es que ajudam a facilitar ou a melhorar a experi\u00eancia de navega\u00e7\u00e3o. Podem ser classificados como cookies de primeira ou de terceira parte, dependendo da entidade que os define (Effisus ou outra organiza\u00e7\u00e3o), e como cookies de sess\u00e3o ou persistentes, dependendo do tempo que permanecem no dispositivo.  <\/p><h3>2. Para que s\u00e3o utilizados os cookies?<\/h3><ul><li><strong>Cookies necess\u00e1rios:<\/strong> Asseguram o funcionamento b\u00e1sico do site, permitindo, por exemplo, a navega\u00e7\u00e3o entre p\u00e1ginas.<\/li><li><strong>Cookies anal\u00edticos:<\/strong> Recolhem dados sobre a forma como o site \u00e9 utilizado, identificando as p\u00e1ginas mais visitadas e eventuais erros, com o objetivo de melhorar o desempenho.<\/li><li><strong>Cookies funcionais:<\/strong> Recordam as prefer\u00eancias do utilizador, como o idioma, a localiza\u00e7\u00e3o ou as defini\u00e7\u00f5es de visualiza\u00e7\u00e3o, contribuindo para uma experi\u00eancia mais personalizada.<\/li><li><strong>Cookies de publicidade:<\/strong> Permitem a apresenta\u00e7\u00e3o de an\u00fancios adaptados aos interesses do utilizador, com base no seu comportamento de navega\u00e7\u00e3o em diferentes websites.<\/li><\/ul>\t\t\t\t\t\t\t\t<\/div>\n\t\t\t\t<div class=\"elementor-element elementor-element-312a1db elementor-widget elementor-widget-text-editor\" data-id=\"312a1db\" data-element_type=\"widget\" data-e-type=\"widget\" data-widget_type=\"text-editor.default\">\n\t\t\t\t\t\t\t\t\t<h3>3. Cookies utilizados neste s\u00edtio Web<\/h3><p><strong>I. Cookies necess\u00e1rios<\/strong><\/p><table class=\"tableizer-table\"><thead><tr class=\"tableizer-firstrow\"><th>Biscoito<\/th><th>Dom\u00ednio<\/th><th>Caminho<\/th><th>Tipo<\/th><th>Dura\u00e7\u00e3o<\/th><th>Descri\u00e7\u00e3o<\/th><\/tr><\/thead><tbody><tr><td>__cf_bm<\/td><td>.linkedin.com<\/td><td>\/<\/td><td>De terceiros<\/td><td>30 minutos<\/td><td>Este cookie \u00e9 utilizado para distinguir entre utilizadores e agentes automatizados, para gerar relat\u00f3rios sobre a utiliza\u00e7\u00e3o do s\u00edtio Web.<\/td><\/tr><tr><td>bp_ut_session<\/td><td>effisus.com<\/td><td>\/<\/td><td>Primeira parte<\/td><td>1 ano e 1 m\u00eas<\/td><td>Este cookie \u00e9 utilizado para controlar a sess\u00e3o do utilizador, garantindo uma experi\u00eancia cont\u00ednua no s\u00edtio Web ao manter o estado da sess\u00e3o entre os pedidos de p\u00e1gina.<\/td><\/tr><tr><td>ZCAMPAIGN_CSRF_TOKEN<\/td><td>lhmfro-zgph.maillist-manage.com<\/td><td>\/<\/td><td>De terceiros<\/td><td>Sess\u00e3o<\/td><td>Este cookie \u00e9 utilizado para distinguir entre utilizadores e agentes automatizados.<\/td><\/tr><tr><td>LS_CSRF_TOKEN<\/td><td>salesiq.zoho.com<\/td><td>\/<\/td><td>De terceiros<\/td><td>Sess\u00e3o<\/td><td>Este cookie ajuda a evitar ataques de falsifica\u00e7\u00e3o de pedidos entre sites (CSRF). Garante que os envios de formul\u00e1rios prov\u00eam do utilizador atualmente autenticado, aumentando a seguran\u00e7a do s\u00edtio Web. <\/td><\/tr><tr><td>li_gc<\/td><td>.linkedin.com<\/td><td>\/<\/td><td>De terceiros<\/td><td>6 meses<\/td><td>Utilizado para guardar o consentimento do utilizador relativamente \u00e0 utiliza\u00e7\u00e3o de cookies para fins n\u00e3o essenciais.<\/td><\/tr><tr><td>LS_CSRF_TOKEN<\/td><td>salesiq.zohopublic.com<\/td><td>\/<\/td><td>De terceiros<\/td><td>Sess\u00e3o<\/td><td>Este cookie ajuda a evitar ataques de falsifica\u00e7\u00e3o de pedidos entre sites (CSRF). Garante que os envios de formul\u00e1rios prov\u00eam do utilizador atualmente autenticado, aumentando a seguran\u00e7a do s\u00edtio Web. <\/td><\/tr><tr><td>DADOS_DE_PRIVACIDADE_DO_VISITANTE<\/td><td>.youtube.com<\/td><td>\/<\/td><td>De terceiros<\/td><td>6 meses<\/td><td>Este cookie \u00e9 utilizado para armazenar as prefer\u00eancias de privacidade e o consentimento do utilizador relativamente \u00e0s intera\u00e7\u00f5es com o s\u00edtio Web. Regista os dados de consentimento do utilizador em v\u00e1rias pol\u00edticas e defini\u00e7\u00f5es de privacidade, garantindo que as prefer\u00eancias s\u00e3o respeitadas em sess\u00f5es futuras. <\/td><\/tr><tr><td>JSESSIONID<\/td><td>.www.linkedin.com<\/td><td>\/<\/td><td>De terceiros<\/td><td>Sess\u00e3o<\/td><td>Cookie de sess\u00e3o de plataforma de uso geral utilizado por s\u00edtios escritos em JSP. Normalmente, \u00e9 utilizado para manter uma sess\u00e3o de utilizador an\u00f3nima pelo servidor. <\/td><\/tr><tr><td>ZCAMPAIGN_CSRF_TOKEN<\/td><td>campanhas.zoho.com<\/td><td>\/<\/td><td>De terceiros<\/td><td>Sess\u00e3o<\/td><td>Este cookie \u00e9 utilizado para distinguir entre utilizadores e agentes automatizados.<\/td><\/tr><tr><td>_zcsr_tmp<\/td><td>us4-files.zohopublic.com<\/td><td>\/<\/td><td>De terceiros<\/td><td>Sess\u00e3o<\/td><td>Este cookie est\u00e1 associado \u00e0 gest\u00e3o da seguran\u00e7a da sess\u00e3o, especificamente para permitir a prote\u00e7\u00e3o contra a falsifica\u00e7\u00e3o de pedidos entre sites (CSRF) e impedir comandos n\u00e3o autorizados durante sess\u00f5es de confian\u00e7a.<\/td><\/tr><tr><td>_GRECAPTCHA<\/td><td>www.google.com\/recaptcha<\/td><td>\/<\/td><td>De terceiros<\/td><td>6 meses<\/td><td>O Google reCAPTCHA define este cookie necess\u00e1rio (_GRECAPTCHA) quando \u00e9 executado com o objetivo de fornecer a sua an\u00e1lise de risco.<\/td><\/tr><tr><td>drscc<\/td><td>us4-files.zohopublic.com<\/td><td>\/<\/td><td>De terceiros<\/td><td>Sess\u00e3o<\/td><td>Este cookie est\u00e1 relacionado com a seguran\u00e7a e integridade da sess\u00e3o, utilizado pela Zoho para proteger as sess\u00f5es dos utilizadores e evitar ataques como o CSRF.<\/td><\/tr><\/tbody><\/table><p><strong>II. Cookies anal\u00edticos <\/strong><\/p><table class=\"tableizer-table\"><thead><tr class=\"tableizer-firstrow\"><th>Biscoito<\/th><th>Dom\u00ednio<\/th><th>Caminho<\/th><th>Tipo<\/th><th>Dura\u00e7\u00e3o<\/th><th>Descri\u00e7\u00e3o<\/th><\/tr><\/thead><tbody><tr><td>uesign<\/td><td>salesiq.zohopublic.com<\/td><td>\/<\/td><td>De terceiros<\/td><td>1 m\u00eas<\/td><td>Este cookie \u00e9 utilizado para acompanhar o envolvimento e a intera\u00e7\u00e3o do utilizador com o s\u00edtio Web, com o objetivo de melhorar a presta\u00e7\u00e3o de servi\u00e7os e a experi\u00eancia do utilizador. Pode recolher dados relacionados com a sess\u00e3o e o comportamento do utilizador no s\u00edtio. <\/td><\/tr><tr><td>N\u00e3o te preocupes.<\/td><td>.effisus.com<\/td><td>\/<\/td><td>Primeira parte<\/td><td>1 ano e 1 m\u00eas<\/td><td>Este cookie est\u00e1 associado ao Google Universal Analytics &#8211; uma atualiza\u00e7\u00e3o significativa do servi\u00e7o de an\u00e1lise mais utilizado da Google. \u00c9 utilizado para distinguir utilizadores \u00fanicos, atribuindo um n\u00famero gerado aleatoriamente como identificador de cliente. \u00c9 inclu\u00eddo em cada pedido de p\u00e1gina no site e utilizado para calcular os dados do visitante, da sess\u00e3o e da campanha para os relat\u00f3rios de an\u00e1lise do site.  <\/td><\/tr><tr><td>N\u00e3o te preocupes.<\/td><td>effisus.com<\/td><td>\/<\/td><td>Primeira parte<\/td><td>30 minutos<\/td><td>Este cookie est\u00e1 associado \u00e0 plataforma de an\u00e1lise web de c\u00f3digo aberto Piwik. Ajuda os administradores do site a acompanhar o comportamento dos utilizadores e a medir o desempenho do site. \u00c9 um cookie de tipo padr\u00e3o, em que o prefixo _pk_ses \u00e9 seguido por uma curta s\u00e9rie de n\u00fameros e letras que se acredita ser um c\u00f3digo de refer\u00eancia para o dom\u00ednio que definiu o cookie.  <\/td><\/tr><tr><td>_pk_id.108815.9311<\/td><td>effisus.com<\/td><td>\/<\/td><td>Primeira parte<\/td><td>1 ano<\/td><td>Este cookie est\u00e1 associado \u00e0 plataforma de an\u00e1lise web de c\u00f3digo aberto Piwik. Ajuda os administradores de s\u00edtios Web a seguir o comportamento dos utilizadores e a medir o desempenho do s\u00edtio. \u00c9 um cookie de tipo padr\u00e3o, em que o prefixo _pk_id \u00e9 seguido por uma curta s\u00e9rie de n\u00fameros e letras que se acredita ser um c\u00f3digo de refer\u00eancia para o dom\u00ednio que definiu o cookie.  <\/td><\/tr><tr><td>_ga_FW7PJPB0PP<\/td><td>.effisus.com<\/td><td>\/<\/td><td>Primeira parte<\/td><td>1 ano e 1 m\u00eas<\/td><td>Este cookie \u00e9 utilizado pelo Google Analytics para manter o estado da sess\u00e3o.<\/td><\/tr><tr><td>primeira_visita<\/td><td>cl.ly<\/td><td>\/<\/td><td>Primeira parte<\/td><td>Sess\u00e3o<\/td><td>Recolhe informa\u00e7\u00f5es para ferramentas de an\u00e1lise, como o Google Analytics ou solu\u00e7\u00f5es personalizadas. Distingue entre utilizadores novos e antigos e optimiza o conte\u00fado e a experi\u00eancia do utilizador com base nesses dados. <\/td><\/tr><\/tbody><\/table><p><strong>III. Cookies funcionais <\/strong><\/p><table class=\"tableizer-table\"><thead><tr class=\"tableizer-firstrow\"><th>Biscoito<\/th><th>Dom\u00ednio<\/th><th>Caminho<\/th><th>Tipo<\/th><th>Dura\u00e7\u00e3o<\/th><th>Descri\u00e7\u00e3o<\/th><\/tr><\/thead><tbody><tr><td>_icl_visitor_lang_js<\/td><td>.effisus.com<\/td><td>\/<\/td><td>Primeira parte<\/td><td>1 dia<\/td><td>Este cookie \u00e9 utilizado para armazenar a prefer\u00eancia lingu\u00edstica do utilizador, de modo a que o conte\u00fado seja apresentado nesse idioma na pr\u00f3xima visita ao s\u00edtio.<\/td><\/tr><tr><td>N\u00e3o te preocupes.<\/td><td>effisus.com<\/td><td>\/<\/td><td>Primeira parte<\/td><td>1 ano e 1 m\u00eas<\/td><td>Este cookie \u00e9 utilizado para gerar um identificador \u00fanico para cada utilizador, com o objetivo de manter a integridade da sess\u00e3o e melhorar a experi\u00eancia no s\u00edtio.<\/td><\/tr><tr><td>lang<\/td><td>.linkedin.com<\/td><td>\/<\/td><td>Primeira parte<\/td><td>Sess\u00e3o<\/td><td>Utilizado para armazenar as prefer\u00eancias de idioma, normalmente para apresentar conte\u00fados no idioma selecionado.<\/td><\/tr><tr><td>wpml_browser_redirect_test<\/td><td>effisus.com<\/td><td>\/<\/td><td>Primeira parte<\/td><td>Sess\u00e3o<\/td><td>Este cookie \u00e9 utilizado para testar se os cookies est\u00e3o activados no browser, garantindo uma experi\u00eancia adequada para o utilizador.<\/td><\/tr><tr><td>bp_user-registered<\/td><td>effisus.com<\/td><td>\/<\/td><td>Primeira parte<\/td><td>1 ano e 1 m\u00eas<\/td><td>Este cookie \u00e9 utilizado para reconhecer os utilizadores que se registam no site, melhorando a sua experi\u00eancia atrav\u00e9s de funcionalidades e defini\u00e7\u00f5es personalizadas.<\/td><\/tr><tr><td>bp_user-role<\/td><td>effisus.com<\/td><td>\/<\/td><td>Primeira parte<\/td><td>1 ano e 1 m\u00eas<\/td><td>Este cookie \u00e9 utilizado para recordar a fun\u00e7\u00e3o do utilizador com sess\u00e3o iniciada, de modo a fornecer conte\u00fados e funcionalidades relevantes com base nessa fun\u00e7\u00e3o.<\/td><\/tr><tr><td>__Secure-ROLLOUT_TOKEN<\/td><td>.youtube.com<\/td><td>\/<\/td><td>Primeira parte<\/td><td>6 meses<\/td><td>Este cookie \u00e9 utilizado para gerir testes A\/B ou o lan\u00e7amento de novas funcionalidades no s\u00edtio.<\/td><\/tr><\/tbody><\/table><p><strong>IV. Cookies de publicidade <\/strong><\/p><table class=\"tableizer-table\"><thead><tr class=\"tableizer-firstrow\"><th>Biscoito<\/th><th>Dom\u00ednio<\/th><th>Caminho<\/th><th>Tipo<\/th><th>Dura\u00e7\u00e3o<\/th><th>Descri\u00e7\u00e3o<\/th><\/tr><\/thead><tbody><tr><td>N\u00e3o te preocupes.<\/td><td>.effisus.com<\/td><td>\/<\/td><td>Primeira parte<\/td><td>3 meses<\/td><td>Utilizado pela Meta para fornecer uma s\u00e9rie de produtos publicit\u00e1rios, tais como licita\u00e7\u00f5es em tempo real de anunciantes terceiros.<\/td><\/tr><tr><td>lidc<\/td><td>.linkedin.com<\/td><td>\/<\/td><td>De terceiros<\/td><td>1 dia<\/td><td>Contribui para o desempenho e a seguran\u00e7a do LinkedIn.<\/td><\/tr><tr><td>N\u00e3o te preocupes.<\/td><td>.effisus.com<\/td><td>\/<\/td><td>Primeira parte<\/td><td>1 ano<\/td><td>Cookie Leadfeeder que recolhe dados comportamentais dos utilizadores do site, tais como p\u00e1ginas visitadas, origem do utilizador e tempo passado no site.<\/td><\/tr><tr><td>VISITANTE_INFO1_LIVE<\/td><td>.youtube.com<\/td><td>\/<\/td><td>De terceiros<\/td><td>6 meses<\/td><td>Definido pelo YouTube para seguir as prefer\u00eancias do utilizador relativamente a v\u00eddeos incorporados; pode tamb\u00e9m determinar se o utilizador est\u00e1 a utilizar a vers\u00e3o nova ou antiga da interface do YouTube.<\/td><\/tr><tr><td>bscookie<\/td><td>.www.linkedin.com<\/td><td>\/<\/td><td>De terceiros<\/td><td>1 ano<\/td><td>Utilizado pelo LinkedIn para controlar a utiliza\u00e7\u00e3o de servi\u00e7os de redes sociais incorporados.<\/td><\/tr><tr><td>bcookie<\/td><td>.linkedin.com<\/td><td>\/<\/td><td>De terceiros<\/td><td>1 ano<\/td><td>Cookie prim\u00e1rio do Microsoft MSN para partilhar o conte\u00fado do s\u00edtio Web atrav\u00e9s de plataformas de redes sociais.<\/td><\/tr><tr><td>YSC<\/td><td>.youtube.com<\/td><td>\/<\/td><td>De terceiros<\/td><td>Sess\u00e3o<\/td><td>Definido pelo YouTube para monitorizar as visualiza\u00e7\u00f5es de v\u00eddeos incorporados.<\/td><\/tr><\/tbody><\/table>\t\t\t\t\t\t\t\t<\/div>\n\t\t\t\t<div class=\"elementor-element elementor-element-72a9440 elementor-widget elementor-widget-text-editor\" data-id=\"72a9440\" data-element_type=\"widget\" data-e-type=\"widget\" data-widget_type=\"text-editor.default\">\n\t\t\t\t\t\t\t\t\t<h3>4. Cookies de terceiros que envolvem a transfer\u00eancia de dados para fora do Espa\u00e7o Econ\u00f3mico Europeu<\/h3><p>Alguns cookies de terceiros podem enviar dados para fora da UE sem uma decis\u00e3o de adequa\u00e7\u00e3o da Comiss\u00e3o Europeia. Estes pa\u00edses podem n\u00e3o oferecer o mesmo n\u00edvel de prote\u00e7\u00e3o e a EFFISUS n\u00e3o pode impedir esta transfer\u00eancia. Por exemplo, os cookies do Google Analytics podem enviar o identificador do dispositivo para empresas sediadas nos EUA. Consulta a Pol\u00edtica de Privacidade do Google Analytics para obteres mais informa\u00e7\u00f5es.   <\/p><h3>5. Como gerir as prefer\u00eancias de cookies?<\/h3><p>No s\u00edtio Web: Os cookies podem recolher dados pessoais durante a navega\u00e7\u00e3o, tais como dados de navega\u00e7\u00e3o e de rastreio. Com exce\u00e7\u00e3o dos cookies essenciais &#8211; que s\u00e3o armazenados imediatamente no dispositivo, uma vez que s\u00e3o necess\u00e1rios para visitar o s\u00edtio Web &#8211; o armazenamento de outros cookies depende do consentimento do utilizador. <\/p><p>Ao clicar em &#8220;<strong>Aceitar tudo<\/strong>&#8220;, consente a recolha de dados por todos os cookies utilizados no s\u00edtio Web.<\/p><p>Ao clicar em &#8220;<strong>Rejeitar tudo<\/strong>&#8220;, n\u00e3o consente a recolha de cookies n\u00e3o essenciais, o que pode afetar algumas funcionalidades.<\/p><p>Ao selecionar as categorias de cookies que pretende autorizar e ao clicar em &#8220;Guardar e fechar&#8221;, autoriza o armazenamento apenas dos cookies selecionados, de acordo com as suas prefer\u00eancias.<\/p><p>Podes rever as tuas prefer\u00eancias a qualquer momento nas <strong>defini\u00e7\u00f5es de cookies<\/strong>.<\/p><p><strong>No navegador:<\/strong> O utilizador pode configurar os cookies diretamente no seu browser, seguindo os procedimentos espec\u00edficos de cada browser.<\/p><p><strong>Com uma extens\u00e3o (add-on para desativar o Google Analytics):<\/strong> Dispon\u00edvel para o Google Chrome, Mozilla Firefox, Apple Safari e Microsoft Edge. Podes instalar o <a href=\"https:\/\/tools.google.com\/dlpage\/gaoptout\">complemento<\/a> para desativar o Google Analytics nos teus navegadores. <\/p><h3>Actualiza\u00e7\u00f5es da Pol\u00edtica de Cookies<\/h3><p>A EFFISUS poder\u00e1 alterar a presente Pol\u00edtica de Cookies, sendo essas altera\u00e7\u00f5es devidamente publicitadas. Recomenda-se que revejas a pol\u00edtica periodicamente para te manteres informado de quaisquer actualiza\u00e7\u00f5es. <\/p><p><strong>Data da \u00faltima atualiza\u00e7\u00e3o:<\/strong> 2025\/10\/31<\/p>\t\t\t\t\t\t\t\t<\/div>\n\t\t\t\t<\/div>\n\t\t\t\t\t<\/div>\n\t\t\t\t<\/div>\n\t\t\t\t<\/div>\n\t\t","protected":false},"excerpt":{"rendered":"<p>O website acess\u00edvel em https:\/\/effisus.com\/ (&#8220;Website&#8221;) \u00e9 propriedade da Effisus, Unipessoal Lda, VAT no. 507227115, com sede social na Travessa Jos\u00e9 Oliveira Mendes, n\u00ba 87 e n\u00ba 103, 4760-912, Vila Nova de Famalic\u00e3o, Portugal. Este s\u00edtio Web utiliza cookies para proporcionar uma experi\u00eancia de navega\u00e7\u00e3o mais eficiente, segura e personalizada. Esta Pol\u00edtica de Cookies tem&#8230;<\/p>\n","protected":false},"author":1,"featured_media":0,"parent":0,"menu_order":0,"comment_status":"closed","ping_status":"closed","template":"template-builder.php","meta":{"_acf_changed":false,"_monsterinsights_skip_tracking":false,"_monsterinsights_sitenote_active":false,"_monsterinsights_sitenote_note":"","_monsterinsights_sitenote_category":0,"_uf_show_specific_survey":0,"_uf_disable_surveys":false,"footnotes":""},"class_list":["post-9744","page","type-page","status-publish","hentry","page--item"],"acf":[],"aioseo_notices":[],"_links":{"self":[{"href":"https:\/\/effisus.com\/pt-pt\/wp-json\/wp\/v2\/pages\/9744","targetHints":{"allow":["GET"]}}],"collection":[{"href":"https:\/\/effisus.com\/pt-pt\/wp-json\/wp\/v2\/pages"}],"about":[{"href":"https:\/\/effisus.com\/pt-pt\/wp-json\/wp\/v2\/types\/page"}],"author":[{"embeddable":true,"href":"https:\/\/effisus.com\/pt-pt\/wp-json\/wp\/v2\/users\/1"}],"replies":[{"embeddable":true,"href":"https:\/\/effisus.com\/pt-pt\/wp-json\/wp\/v2\/comments?post=9744"}],"version-history":[{"count":2,"href":"https:\/\/effisus.com\/pt-pt\/wp-json\/wp\/v2\/pages\/9744\/revisions"}],"predecessor-version":[{"id":9747,"href":"https:\/\/effisus.com\/pt-pt\/wp-json\/wp\/v2\/pages\/9744\/revisions\/9747"}],"wp:attachment":[{"href":"https:\/\/effisus.com\/pt-pt\/wp-json\/wp\/v2\/media?parent=9744"}],"curies":[{"name":"wp","href":"https:\/\/api.w.org\/{rel}","templated":true}]}}