
{"id":9740,"date":"2025-11-01T09:43:57","date_gmt":"2025-11-01T09:43:57","guid":{"rendered":"https:\/\/effisus.com\/politica-de-privacidade-e-protecao-de-dados\/"},"modified":"2025-11-13T01:47:19","modified_gmt":"2025-11-13T01:47:19","slug":"politica-de-privacidade","status":"publish","type":"page","link":"https:\/\/effisus.com\/pt-pt\/politica-de-privacidade\/","title":{"rendered":"Pol\u00edtica de privacidade e prote\u00e7\u00e3o de dados"},"content":{"rendered":"\t\t<div data-elementor-type=\"wp-page\" data-elementor-id=\"9740\" class=\"elementor elementor-9740 elementor-8455\" data-elementor-post-type=\"page\">\n\t\t\t\t<div class=\"elementor-element elementor-element-ab851e5 e-con-full e-flex e-con e-parent\" data-id=\"ab851e5\" data-element_type=\"container\" data-e-type=\"container\">\n\t\t\t\t<div class=\"elementor-element elementor-element-bbd2130 elementor-widget__width-inherit page-title-container elementor-position-top elementor-widget elementor-widget-image-box\" data-id=\"bbd2130\" data-element_type=\"widget\" data-e-type=\"widget\" data-widget_type=\"image-box.default\">\n\t\t\t\t\t<div class=\"elementor-image-box-wrapper\"><figure class=\"elementor-image-box-img\"><img fetchpriority=\"high\" decoding=\"async\" width=\"1408\" height=\"394\" src=\"https:\/\/effisus.com\/wp-content\/uploads\/2025\/11\/privacy-policy-bg.png\" class=\"attachment-full size-full wp-image-9741\" alt=\"\" srcset=\"https:\/\/effisus.com\/wp-content\/uploads\/2025\/11\/privacy-policy-bg.png 1408w, https:\/\/effisus.com\/wp-content\/uploads\/2025\/11\/privacy-policy-bg-300x84.png 300w, https:\/\/effisus.com\/wp-content\/uploads\/2025\/11\/privacy-policy-bg-1024x287.png 1024w, https:\/\/effisus.com\/wp-content\/uploads\/2025\/11\/privacy-policy-bg-768x215.png 768w\" sizes=\"(max-width: 1408px) 100vw, 1408px\" \/><\/figure><div class=\"elementor-image-box-content\"><h1 class=\"elementor-image-box-title\">Pol\u00edtica de privacidade e prote\u00e7\u00e3o de dados<\/h1><\/div><\/div>\t\t\t\t<\/div>\n\t\t\t\t<\/div>\n\t\t<div class=\"elementor-element elementor-element-54b4655 content-page e-flex e-con-boxed e-con e-parent\" data-id=\"54b4655\" data-element_type=\"container\" data-e-type=\"container\">\n\t\t\t\t\t<div class=\"e-con-inner\">\n\t\t<div class=\"elementor-element elementor-element-f204bf6 e-con-full e-flex e-con e-child\" data-id=\"f204bf6\" data-element_type=\"container\" data-e-type=\"container\">\n\t\t\t\t<div class=\"elementor-element elementor-element-ad6efda elementor-widget elementor-widget-text-editor\" data-id=\"ad6efda\" data-element_type=\"widget\" data-e-type=\"widget\" data-widget_type=\"text-editor.default\">\n\t\t\t\t\t\t\t\t\t<p>Esta Pol\u00edtica de Privacidade e Prote\u00e7\u00e3o de Dados reflecte o compromisso da Effisus, Unipessoal Lda. com a prote\u00e7\u00e3o dos dados pessoais de todos os indiv\u00edduos que interagem com a organiza\u00e7\u00e3o, abrangendo tanto os tratamentos efectuados no \u00e2mbito das suas opera\u00e7\u00f5es institucionais como os resultantes da utiliza\u00e7\u00e3o do seu website oficial. <\/p><p>Com sede na Travessa Jos\u00e9 Oliveira Mendes, n\u00bas 87 e 103, 4760-912 Vila Nova de Famalic\u00e3o, Braga, Portugal, com um capital social de \u20ac800.00, e registada na Conservat\u00f3ria do Registo Comercial de Vila Nova de Famalic\u00e3o sob o n\u00famero \u00fanico de matr\u00edcula e de identifica\u00e7\u00e3o fiscal 507227115 (doravante &#8220;Effisus&#8221;), a empresa realiza o tratamento de dados pessoais no estrito cumprimento do Regulamento Geral de Prote\u00e7\u00e3o de Dados (RGPD) &#8211; Regulamento (UE) n.\u00ba 679\/2016, da Lei n.\u00ba 58\/2019, de 8 de agosto, e demais legisla\u00e7\u00e3o e orienta\u00e7\u00f5es aplic\u00e1veis.<\/p><p>A Effisus adopta elevados padr\u00f5es de transpar\u00eancia, legalidade e responsabilidade, assegurando que os dados s\u00e3o processados de forma legal, justa e transparente, e que os direitos dos titulares dos dados s\u00e3o totalmente respeitados.<\/p><p>Esta pol\u00edtica inclui uma sec\u00e7\u00e3o dedicada \u00e0s actividades de recolha e processamento de dados pessoais atrav\u00e9s do website da Effisus, explicando de forma acess\u00edvel como s\u00e3o geridos os dados de navega\u00e7\u00e3o, formul\u00e1rios, pedidos de contacto, subscri\u00e7\u00f5es e outras intera\u00e7\u00f5es digitais.<\/p><p>Para uma compreens\u00e3o mais ampla da abordagem da organiza\u00e7\u00e3o \u00e0 prote\u00e7\u00e3o de dados, recomenda-se que consultes a Pol\u00edtica Geral de Privacidade e Prote\u00e7\u00e3o de Dados da Effisus.<\/p>\t\t\t\t\t\t\t\t<\/div>\n\t\t\t\t<div class=\"elementor-element elementor-element-312a1db elementor-widget elementor-widget-text-editor\" data-id=\"312a1db\" data-element_type=\"widget\" data-e-type=\"widget\" data-widget_type=\"text-editor.default\">\n\t\t\t\t\t\t\t\t\t<h3>Responsabilidade do respons\u00e1vel pelo tratamento de dados<\/h3><p>A Effisus assume o papel de controlador de dados para o processamento de dados pessoais.<\/p><h3>Recolha e tratamento de dados<\/h3><p class=\"p1\">A Effisus recolhe dados pessoais no \u00e2mbito das suas actividades, assegurando sempre que os indiv\u00edduos s\u00e3o informados sobre a finalidade e a forma de processamento desses dados.<\/p><p class=\"p1\">As principais situa\u00e7\u00f5es de recolha de dados incluem:<\/p><ul><li><strong>Recrutamento:<\/strong> Recolha de dados como o nome, os dados de contacto e as qualifica\u00e7\u00f5es, utilizados para avaliar as candidaturas e comunicar ao longo do processo de recrutamento.<\/li><li><strong>Clientes e fornecedores:<\/strong> Os dados profissionais e de contacto s\u00e3o tratados para formalizar e gerir contratos, encomendas e a rela\u00e7\u00e3o comercial.<\/li><li><strong>Pedidos de or\u00e7amento:<\/strong> A identifica\u00e7\u00e3o b\u00e1sica e as informa\u00e7\u00f5es de contacto s\u00e3o utilizadas para responder a pedidos de informa\u00e7\u00e3o comercial.<\/li><li><strong>Gest\u00e3o de contratos:<\/strong> Podem ser tratados dados adicionais, como informa\u00e7\u00f5es financeiras, dependendo do tipo de rela\u00e7\u00e3o estabelecida.<\/li><li><strong>Apoio ao cliente e Chatbot:<\/strong> Os dados de identifica\u00e7\u00e3o e de contacto s\u00e3o recolhidos para responder a pedidos t\u00e9cnicos, comerciais ou relacionados com marketing.<\/li><li><strong>Marketing:<\/strong> Com o consentimento, os dados podem ser utilizados para enviar boletins informativos, actualiza\u00e7\u00f5es de produtos, convites para eventos ou comunica\u00e7\u00f5es personalizadas. O consentimento pode ser retirado a qualquer momento atrav\u00e9s da liga\u00e7\u00e3o fornecida em cada comunica\u00e7\u00e3o. <\/li><li><strong>Formul\u00e1rios de subscri\u00e7\u00e3o:<\/strong> O nome e o endere\u00e7o de correio eletr\u00f3nico s\u00e3o recolhidos para o envio de newsletters e campanhas, mediante aceita\u00e7\u00e3o expl\u00edcita no momento da subscri\u00e7\u00e3o.<\/li><li><strong>Autentica\u00e7\u00e3o da plataforma:<\/strong> Os dados de identifica\u00e7\u00e3o s\u00e3o processados para permitir o acesso a \u00e1reas restritas e a funcionalidades espec\u00edficas.<\/li><li><strong>Assinatura de contratos:<\/strong> Os dados pessoais s\u00e3o recolhidos de forma segura para fins contratuais, em conformidade com as obriga\u00e7\u00f5es legais.<\/li><\/ul><p>Al\u00e9m disso, o s\u00edtio Web recolhe dados t\u00e9cnicos de navega\u00e7\u00e3o para melhorar a experi\u00eancia do utilizador, garantir a seguran\u00e7a da plataforma e permitir uma comunica\u00e7\u00e3o eficaz.<\/p>\t\t\t\t\t\t\t\t<\/div>\n\t\t\t\t<div class=\"elementor-element elementor-element-93eea5d elementor-widget elementor-widget-text-editor\" data-id=\"93eea5d\" data-element_type=\"widget\" data-e-type=\"widget\" data-widget_type=\"text-editor.default\">\n\t\t\t\t\t\t\t\t\t<h3>Categorias de titulares de dados<\/h3>\nNo decurso das suas actividades, a Effisus recolhe dados pessoais de v\u00e1rios indiv\u00edduos, incluindo, entre outros, utilizadores dos seus servi\u00e7os, colaboradores, fornecedores e parceiros.\n<ul>\n \t<li><strong>Funcion\u00e1rios e colaboradores:<\/strong> Inclui indiv\u00edduos com contrato de trabalho, prestadores de servi\u00e7os e outros profissionais que trabalham com a organiza\u00e7\u00e3o.<\/li>\n \t<li><strong>Representantes de fornecedores e entidades parceiras:<\/strong> Inclui indiv\u00edduos que representam organiza\u00e7\u00f5es que fornecem bens ou servi\u00e7os ou colaboram com a Effisus em actividades industriais ou comerciais.<\/li>\n \t<li><strong>Clientes:<\/strong> Inclui indiv\u00edduos tais como contactos administrativos ou financeiros de empresas que t\u00eam uma rela\u00e7\u00e3o comercial com a Effisus.<\/li>\n \t<li><strong>Indiv\u00edduos que interagem com a Effisus:<\/strong> Inclui qualquer pessoa singular que, direta ou indiretamente, contacte a Effisus &#8211; por exemplo, para exercer os seus direitos ao abrigo do RGPD (como o direito ao apagamento) ou atrav\u00e9s da utiliza\u00e7\u00e3o de ferramentas como o chatbot.<\/li>\n \t<li><strong>Utilizadores das plataformas ou formul\u00e1rios online da Effisus:<\/strong> Inclui qualquer pessoa que navegue, utilize ou interaja com os sites, aplica\u00e7\u00f5es ou plataformas digitais da Effisus, sujeito ao consentimento para a recolha de cookies ou outros dados de navega\u00e7\u00e3o.<\/li>\n<\/ul>\t\t\t\t\t\t\t\t<\/div>\n\t\t\t\t<div class=\"elementor-element elementor-element-0ef7861 elementor-widget elementor-widget-text-editor\" data-id=\"0ef7861\" data-element_type=\"widget\" data-e-type=\"widget\" data-widget_type=\"text-editor.default\">\n\t\t\t\t\t\t\t\t\t<h3>Objectivos do processamento<\/h3><p>Na Effisus, os dados pessoais s\u00e3o processados com base em objectivos claros, leg\u00edtimos e transparentes, em conformidade com o RGPD. Cada atividade de processamento \u00e9 levada a cabo apenas quando necess\u00e1rio, de forma proporcional e com total respeito pelos direitos dos titulares dos dados. Os dados nunca s\u00e3o utilizados para outros fins sem consentimento ou sem uma base jur\u00eddica adequada.  <\/p><p>As finalidades do tratamento s\u00e3o regularmente revistas e actualizadas de modo a refletir quaisquer altera\u00e7\u00f5es nas pr\u00e1ticas internas, nos requisitos legais ou nas orienta\u00e7\u00f5es de boas pr\u00e1ticas, garantindo elevados padr\u00f5es de prote\u00e7\u00e3o e seguran\u00e7a da informa\u00e7\u00e3o.<\/p><p>Os objectivos que justificam a recolha e o processamento de dados pessoais pela Effisus s\u00e3o os seguintes:<\/p><ul><li class=\"li1\"><span class=\"s2\">Gest\u00e3o do recrutamento e sele\u00e7\u00e3o;<\/span><\/li><li>Gest\u00e3o de Recursos Humanos;<\/li><li>Gest\u00e3o financeira;<\/li><li>Gest\u00e3o comercial;<\/li><li>Gest\u00e3o de fornecedores e parceiros;<\/li><li>Gest\u00e3o de Marketing;<\/li><li>Gest\u00e3o da Comunica\u00e7\u00e3o Empresarial Interna e Externa;<\/li><li>Gest\u00e3o da seguran\u00e7a das pessoas, dos bens e das instala\u00e7\u00f5es;<\/li><li>Gest\u00e3o da privacidade e da prote\u00e7\u00e3o de dados;<\/li><li class=\"li1\"><span class=\"s2\">Gest\u00e3o jur\u00eddica;<\/span><\/li><li class=\"li1\"><span class=\"s2\">Gest\u00e3o das tecnologias da informa\u00e7\u00e3o.<\/span><\/li><\/ul>\t\t\t\t\t\t\t\t<\/div>\n\t\t\t\t<div class=\"elementor-element elementor-element-0deb0a4 elementor-widget elementor-widget-text-editor\" data-id=\"0deb0a4\" data-element_type=\"widget\" data-e-type=\"widget\" data-widget_type=\"text-editor.default\">\n\t\t\t\t\t\t\t\t\t<h3>Direitos dos titulares dos dados<\/h3><p class=\"p1\">Os titulares dos dados s\u00e3o informados sobre o processamento dos seus dados pessoais e os direitos que podem exercer junto da Effisus. De acordo com a lei, e dentro dos limites e excep\u00e7\u00f5es legalmente estabelecidos, podem exercer os seguintes direitos: <\/p><ul><li><strong>Direito de acesso:<\/strong> Podes pedir confirma\u00e7\u00e3o sobre o tratamento dos teus dados pessoais e aceder a informa\u00e7\u00f5es relacionadas.<\/li><li><strong>Direito de retifica\u00e7\u00e3o:<\/strong> Podes corrigir dados pessoais inexactos ou completar dados incompletos.<\/li><li><strong>Direito ao apagamento:<\/strong> Podes solicitar o apagamento dos teus dados pessoais, sem preju\u00edzo das obriga\u00e7\u00f5es legais de os conservar.<\/li><li><strong>Direito \u00e0 limita\u00e7\u00e3o do tratamento:<\/strong> Podes solicitar a limita\u00e7\u00e3o do tratamento dos teus dados em determinadas situa\u00e7\u00f5es.<\/li><li><strong>Direito \u00e0 portabilidade dos dados:<\/strong> Podes receber os teus dados num formato organizado, comummente utilizado e leg\u00edvel por m\u00e1quina, e solicitar que esses dados sejam transferidos para outro respons\u00e1vel pelo tratamento de dados.<\/li><li><strong>Direito de oposi\u00e7\u00e3o:<\/strong> Podes opor-te, a qualquer momento, ao tratamento dos teus dados por motivos relacionados com a tua situa\u00e7\u00e3o pessoal, incluindo a defini\u00e7\u00e3o de perfis.<\/li><li><strong>Direito de retirar o consentimento:<\/strong> Podes retirar o consentimento que deste para o tratamento dos teus dados sem que isso afecte a legalidade do tratamento efectuado at\u00e9 esse momento.<\/li><li><strong>Direito de apresentar uma reclama\u00e7\u00e3o:<\/strong> Podes apresentar uma queixa \u00e0 Autoridade Portuguesa para a Prote\u00e7\u00e3o de Dados <span class=\"s2\"><a href=\"http:\/\/www.cnpd.pt\"><span class=\"s3\">(www.cnpd.pt)<\/span><\/a> se <\/span>considerares que os teus direitos n\u00e3o est\u00e3o a ser respeitados.<\/li><\/ul>\t\t\t\t\t\t\t\t<\/div>\n\t\t\t\t<div class=\"elementor-element elementor-element-77cbb9d elementor-widget elementor-widget-text-editor\" data-id=\"77cbb9d\" data-element_type=\"widget\" data-e-type=\"widget\" data-widget_type=\"text-editor.default\">\n\t\t\t\t\t\t\t\t\t<h3>Base legal para o processamento<\/h3><p>O tratamento de dados ordin\u00e1rios \u00e9 efectuado com base nas seguintes condi\u00e7\u00f5es legais:<\/p><ul><li><strong>Consentimento:<\/strong> Aplica-se quando n\u00e3o existe outra base legal. Tem de ser expl\u00edcito, informado, livre, espec\u00edfico, inequ\u00edvoco, documentado e revog\u00e1vel em qualquer altura. Exemplo: subscri\u00e7\u00e3o de boletins informativos.  <\/li><li><strong>Execu\u00e7\u00e3o de contratos:<\/strong> Quando o processamento \u00e9 necess\u00e1rio para celebrar ou executar um contrato, como contratos de trabalho ou de presta\u00e7\u00e3o de servi\u00e7os.<\/li><li><strong>Cumprimento de obriga\u00e7\u00f5es legais:<\/strong> Quando o processamento \u00e9 exigido por lei, como comunica\u00e7\u00f5es obrigat\u00f3rias a autoridades p\u00fablicas.<\/li><li><strong>Interesse leg\u00edtimo:<\/strong> Quando a Effisus ou terceiros tenham interesses leg\u00edtimos que justifiquem o tratamento, desde que n\u00e3o se sobreponham os direitos e liberdades dos titulares dos dados.<\/li><\/ul>\t\t\t\t\t\t\t\t<\/div>\n\t\t\t\t<div class=\"elementor-element elementor-element-57ec115 elementor-widget elementor-widget-text-editor\" data-id=\"57ec115\" data-element_type=\"widget\" data-e-type=\"widget\" data-widget_type=\"text-editor.default\">\n\t\t\t\t\t\t\t\t\t<h3>Acordos de prote\u00e7\u00e3o de dados<\/h3><p>Ao celebrar contratos que envolvam o processamento de dados pessoais, a Effisus garante que estes s\u00e3o efectuados de forma segura e em conformidade com a legisla\u00e7\u00e3o aplic\u00e1vel, incluindo cl\u00e1usulas sobre responsabilidades, medidas de seguran\u00e7a e notifica\u00e7\u00e3o de incidentes.<\/p><p>Nos casos de subcontrata\u00e7\u00e3o, a Effisus garante que os subcontratados s\u00e3o rigorosamente avaliados quanto \u00e0 seguran\u00e7a e conformidade, e que assinam contratos contendo cl\u00e1usulas que asseguram o processamento de acordo com as instru\u00e7\u00f5es da Effisus, medidas de seguran\u00e7a e notifica\u00e7\u00e3o de incidentes, bem como a proibi\u00e7\u00e3o de subcontrata\u00e7\u00e3o adicional sem autoriza\u00e7\u00e3o. A Effisus realiza auditorias peri\u00f3dicas e avalia\u00e7\u00f5es cont\u00ednuas para garantir o cumprimento dos requisitos de prote\u00e7\u00e3o de dados. <\/p><h3>Transfer\u00eancias internacionais de dados pessoais<\/h3><p>No decurso das suas actividades, a Effisus pode transferir dados pessoais para pa\u00edses fora do Espa\u00e7o Econ\u00f3mico Europeu (EEE). Nestes casos, adopta medidas contratuais adequadas para garantir a prote\u00e7\u00e3o dos dados durante a transfer\u00eancia. Estas incluem acordos escritos que garantem que as entidades destinat\u00e1rias localizadas num pa\u00eds terceiro fora do EEE implementam medidas de seguran\u00e7a equivalentes \u00e0s exigidas pelo GDPR.  <\/p><p>O contrato deve tamb\u00e9m garantir que o tratamento de dados pessoais no pa\u00eds de destino cumpre o RGPD e outras normas equivalentes.<\/p><p>Quando aplic\u00e1vel, a Effisus utiliza cl\u00e1usulas contratuais padr\u00e3o aprovadas pela Comiss\u00e3o Europeia, assegurando que os dados recebem o mesmo n\u00edvel de prote\u00e7\u00e3o fora do EEE que receberiam dentro dele.<\/p><h3>Armazenamento de dados<\/h3><p>Os dados pessoais s\u00e3o conservados pelo per\u00edodo legalmente exigido ou, na falta deste, pelo tempo estritamente necess\u00e1rio \u00e0 prossecu\u00e7\u00e3o da finalidade para que foram recolhidos, de acordo com os seguintes crit\u00e9rios: base legal para o tratamento, necessidade operacional, minimiza\u00e7\u00e3o e elimina\u00e7\u00e3o dos dados.<\/p><p>Quando tratados para fins de arquivo de interesse p\u00fablico, investiga\u00e7\u00e3o cient\u00edfica ou hist\u00f3rica, ou para fins estat\u00edsticos, os dados podem ser conservados por per\u00edodos mais longos, desde que sejam asseguradas as medidas adequadas, como a minimiza\u00e7\u00e3o dos dados e a pseudonimiza\u00e7\u00e3o, conforme estabelecido na legisla\u00e7\u00e3o aplic\u00e1vel.<\/p><p>Medidas Gerais Adoptadas para Garantir a Seguran\u00e7a dos Dados Pessoais<br>A Effisus adopta regras estritas e internacionalmente reconhecidas para garantir a prote\u00e7\u00e3o dos dados pessoais, aplic\u00e1veis a todos aqueles que legalmente os tratam.<\/p><p>S\u00e3o implementadas medidas t\u00e9cnicas e organizacionais para garantir a confidencialidade, a integridade e a autenticidade dos dados. Sempre que poss\u00edvel, os dados s\u00e3o encriptados, anonimizados e sujeitos a controlo de acesso, de acordo com o princ\u00edpio do menor privil\u00e9gio. <\/p><h3>Notifica\u00e7\u00e3o e queixas  <\/h3><p>Sem preju\u00edzo da apresenta\u00e7\u00e3o de uma notifica\u00e7\u00e3o direta \u00e0 Effisus, atrav\u00e9s dos contactos dispon\u00edveis em <a href=\"https:\/\/effisus.com\/en\/contacts-2\/\">https:\/\/effisus.com\/en\/contacts-2\/,<\/a> podes ainda apresentar uma reclama\u00e7\u00e3o diretamente \u00e0 Comiss\u00e3o Nacional de Prote\u00e7\u00e3o de Dados, atrav\u00e9s do endere\u00e7o <a href=\"http:\/\/www.cnpd.pt\">www.cnpd.pt,<\/a> utilizando os contactos disponibilizados por esta entidade para o efeito.<\/p><h3>Altera\u00e7\u00f5es \u00e0 Pol\u00edtica de Privacidade<\/h3><p>Esta Pol\u00edtica de Privacidade pode ser actualizada periodicamente. Recomenda-se que a consultes regularmente. As altera\u00e7\u00f5es entram em vigor a partir da data da sua publica\u00e7\u00e3o no s\u00edtio Web, sendo indicada a data da \u00faltima atualiza\u00e7\u00e3o.  <\/p><p><strong>Data da \u00faltima atualiza\u00e7\u00e3o:<\/strong> 2025\/10\/31<\/p>\t\t\t\t\t\t\t\t<\/div>\n\t\t\t\t<\/div>\n\t\t\t\t\t<\/div>\n\t\t\t\t<\/div>\n\t\t\t\t<\/div>\n\t\t","protected":false},"excerpt":{"rendered":"<p>Esta Pol\u00edtica de Privacidade e Prote\u00e7\u00e3o de Dados reflecte o compromisso da Effisus, Unipessoal Lda. com a prote\u00e7\u00e3o dos dados pessoais de todos os indiv\u00edduos que interagem com a organiza\u00e7\u00e3o, abrangendo tanto os tratamentos efectuados no \u00e2mbito das suas opera\u00e7\u00f5es institucionais como os resultantes da utiliza\u00e7\u00e3o do seu website oficial. Com sede na Travessa Jos\u00e9&#8230;<\/p>\n","protected":false},"author":1,"featured_media":0,"parent":0,"menu_order":0,"comment_status":"closed","ping_status":"closed","template":"template-builder.php","meta":{"_acf_changed":false,"_monsterinsights_skip_tracking":false,"_monsterinsights_sitenote_active":false,"_monsterinsights_sitenote_note":"","_monsterinsights_sitenote_category":0,"_uf_show_specific_survey":0,"_uf_disable_surveys":false,"footnotes":""},"class_list":["post-9740","page","type-page","status-publish","hentry","page--item"],"acf":[],"aioseo_notices":[],"_links":{"self":[{"href":"https:\/\/effisus.com\/pt-pt\/wp-json\/wp\/v2\/pages\/9740","targetHints":{"allow":["GET"]}}],"collection":[{"href":"https:\/\/effisus.com\/pt-pt\/wp-json\/wp\/v2\/pages"}],"about":[{"href":"https:\/\/effisus.com\/pt-pt\/wp-json\/wp\/v2\/types\/page"}],"author":[{"embeddable":true,"href":"https:\/\/effisus.com\/pt-pt\/wp-json\/wp\/v2\/users\/1"}],"replies":[{"embeddable":true,"href":"https:\/\/effisus.com\/pt-pt\/wp-json\/wp\/v2\/comments?post=9740"}],"version-history":[{"count":2,"href":"https:\/\/effisus.com\/pt-pt\/wp-json\/wp\/v2\/pages\/9740\/revisions"}],"predecessor-version":[{"id":9743,"href":"https:\/\/effisus.com\/pt-pt\/wp-json\/wp\/v2\/pages\/9740\/revisions\/9743"}],"wp:attachment":[{"href":"https:\/\/effisus.com\/pt-pt\/wp-json\/wp\/v2\/media?parent=9740"}],"curies":[{"name":"wp","href":"https:\/\/api.w.org\/{rel}","templated":true}]}}