
{"id":9712,"date":"2025-09-12T06:33:11","date_gmt":"2025-09-12T06:33:11","guid":{"rendered":"https:\/\/effisus.com\/ambiente-e-sustentabilidade\/"},"modified":"2025-12-12T06:44:08","modified_gmt":"2025-12-12T06:44:08","slug":"ambiente-e-sustentabilidade","status":"publish","type":"page","link":"https:\/\/effisus.com\/pt-pt\/ambiente-e-sustentabilidade\/","title":{"rendered":"Ambiente e sustentabilidade"},"content":{"rendered":"\t\t<div data-elementor-type=\"wp-page\" data-elementor-id=\"9712\" class=\"elementor elementor-9712 elementor-2869\" data-elementor-post-type=\"page\">\n\t\t\t\t<div class=\"elementor-element elementor-element-278f657 e-con-full page-title-container e-flex e-con e-parent\" data-id=\"278f657\" data-element_type=\"container\" data-e-type=\"container\">\n\t\t\t\t<div class=\"elementor-element elementor-element-398486f elementor-widget__width-inherit page-title-container elementor-position-top elementor-widget elementor-widget-image-box\" data-id=\"398486f\" data-element_type=\"widget\" data-e-type=\"widget\" data-widget_type=\"image-box.default\">\n\t\t\t\t\t<div class=\"elementor-image-box-wrapper\"><figure class=\"elementor-image-box-img\"><img fetchpriority=\"high\" decoding=\"async\" width=\"1408\" height=\"394\" src=\"https:\/\/effisus.com\/wp-content\/uploads\/2025\/09\/vlad-hilitanu-QqSIuvz94s8-unsplash-1.jpg\" class=\"attachment-full size-full wp-image-5515\" alt=\"\" srcset=\"https:\/\/effisus.com\/wp-content\/uploads\/2025\/09\/vlad-hilitanu-QqSIuvz94s8-unsplash-1.jpg 1408w, https:\/\/effisus.com\/wp-content\/uploads\/2025\/09\/vlad-hilitanu-QqSIuvz94s8-unsplash-1-300x84.jpg 300w, https:\/\/effisus.com\/wp-content\/uploads\/2025\/09\/vlad-hilitanu-QqSIuvz94s8-unsplash-1-1024x287.jpg 1024w, https:\/\/effisus.com\/wp-content\/uploads\/2025\/09\/vlad-hilitanu-QqSIuvz94s8-unsplash-1-768x215.jpg 768w, https:\/\/effisus.com\/wp-content\/uploads\/2025\/09\/vlad-hilitanu-QqSIuvz94s8-unsplash-1-600x168.jpg 600w\" sizes=\"(max-width: 1408px) 100vw, 1408px\" \/><\/figure><div class=\"elementor-image-box-content\"><h1 class=\"elementor-image-box-title\">Ambiente e<br> Sustentabilidade<\/h1><p class=\"elementor-image-box-description\">Estamos empenhados em construir um futuro mais sustent\u00e1vel. As nossas solu\u00e7\u00f5es melhoram edif\u00edcios energeticamente eficientes com impermeabiliza\u00e7\u00e3o e isolamento avan\u00e7ados que protegem tanto as estruturas como o ambiente. Concebidos para durabilidade, reciclabilidade e uso reduzido de recursos, os produtos Effisus minimizam o impacto enquanto apoiam a constru\u00e7\u00e3o verde e o desempenho a longo prazo dos edif\u00edcios.  <\/p><\/div><\/div>\t\t\t\t<\/div>\n\t\t\t\t<\/div>\n\t\t<div class=\"elementor-element elementor-element-023ba54 section-standard-padding-gap about-us-content e-flex e-con-boxed e-con e-parent\" data-id=\"023ba54\" data-element_type=\"container\" data-e-type=\"container\">\n\t\t\t\t\t<div class=\"e-con-inner\">\n\t\t<div class=\"elementor-element elementor-element-7a627f7 e-con-full content-image-container e-flex e-con e-child\" data-id=\"7a627f7\" data-element_type=\"container\" data-e-type=\"container\">\n\t\t<div class=\"elementor-element elementor-element-a0a0972 e-con-full content-section__text e-flex e-con e-child\" data-id=\"a0a0972\" data-element_type=\"container\" data-e-type=\"container\">\n\t\t\t\t<div class=\"elementor-element elementor-element-1b52738 elementor-widget elementor-widget-text-editor\" data-id=\"1b52738\" data-element_type=\"widget\" data-e-type=\"widget\" data-widget_type=\"text-editor.default\">\n\t\t\t\t\t\t\t\t\t<h4>Contribui\u00e7\u00e3o ambiental<\/h4><h3>Mais seguros, mais inteligentes e mais sustent\u00e1veis<\/h3><p>Os produtos Effisus s\u00e3o desenvolvidos para reduzir o impacto ambiental enquanto melhoram a seguran\u00e7a, longevidade e desempenho dos edif\u00edcios:<\/p><ul><li><strong>Sistemas N\u00e3o Combust\u00edveis<\/strong>: As nossas solu\u00e7\u00f5es resistentes ao fogo proporcionam prote\u00e7\u00e3o superior contra agentes atmosf\u00e9ricos enquanto minimizam o risco de propaga\u00e7\u00e3o de inc\u00eandios. Estas solu\u00e7\u00f5es s\u00e3o ideais para edif\u00edcios de alto risco e contribuem para edif\u00edcios mais seguros e resilientes. <\/li><li><strong>Efici\u00eancia Energ\u00e9tica Atrav\u00e9s da Estanquidade ao Ar<\/strong>: As membranas Effisus atuam como camadas de controlo, prevenindo fugas de ar, condensa\u00e7\u00e3o, acumula\u00e7\u00e3o de humidade e crescimento de bolores. Isto melhora a qualidade do ar interior e reduz o consumo energ\u00e9tico global mantendo a integridade t\u00e9rmica. <\/li><li><strong>Durabilidade e Longevidade<\/strong>: As solu\u00e7\u00f5es Effisus s\u00e3o constru\u00eddas para durar mais do que as alternativas convencionais, reduzindo a necessidade de substitui\u00e7\u00f5es frequentes. Isto traduz-se em: <br><ul type=\"a\"><li>Menor consumo de materiais<\/li><li>Recursos de m\u00e3o de obra e instala\u00e7\u00e3o reduzidos<\/li><li>Desperd\u00edcio e pegada de carbono minimizados ao longo do ciclo de vida do edif\u00edcio<\/li><\/ul><\/li><\/ul>\t\t\t\t\t\t\t\t<\/div>\n\t\t\t\t<\/div>\n\t\t<div class=\"elementor-element elementor-element-618371b e-con-full content-section__image e-flex e-con e-child\" data-id=\"618371b\" data-element_type=\"container\" data-e-type=\"container\">\n\t\t\t\t<div class=\"elementor-element elementor-element-1c30bec elementor-widget elementor-widget-image\" data-id=\"1c30bec\" data-element_type=\"widget\" data-e-type=\"widget\" data-widget_type=\"image.default\">\n\t\t\t\t\t\t\t\t\t\t\t\t\t\t\t<img decoding=\"async\" width=\"683\" height=\"1024\" src=\"https:\/\/effisus.com\/wp-content\/uploads\/2025\/09\/environmental-contribution-683x1024.jpg\" class=\"attachment-large size-large wp-image-5513\" alt=\"contribui\u00e7\u00e3o-ambiental\" srcset=\"https:\/\/effisus.com\/wp-content\/uploads\/2025\/09\/environmental-contribution-683x1024.jpg 683w, https:\/\/effisus.com\/wp-content\/uploads\/2025\/09\/environmental-contribution-200x300.jpg 200w, https:\/\/effisus.com\/wp-content\/uploads\/2025\/09\/environmental-contribution-768x1152.jpg 768w, https:\/\/effisus.com\/wp-content\/uploads\/2025\/09\/environmental-contribution-1024x1536.jpg 1024w, https:\/\/effisus.com\/wp-content\/uploads\/2025\/09\/environmental-contribution-1366x2048.jpg 1366w, https:\/\/effisus.com\/wp-content\/uploads\/2025\/09\/environmental-contribution-600x900.jpg 600w, https:\/\/effisus.com\/wp-content\/uploads\/2025\/09\/environmental-contribution-scaled.jpg 1707w\" sizes=\"(max-width: 683px) 100vw, 683px\" \/>\t\t\t\t\t\t\t\t\t\t\t\t\t\t\t<\/div>\n\t\t\t\t<\/div>\n\t\t\t\t<\/div>\n\t\t<div class=\"elementor-element elementor-element-0c4a86e e-con-full content-image-container e-flex e-con e-child\" data-id=\"0c4a86e\" data-element_type=\"container\" data-e-type=\"container\">\n\t\t<div class=\"elementor-element elementor-element-165c520 e-con-full content-section__image e-flex e-con e-child\" data-id=\"165c520\" data-element_type=\"container\" data-e-type=\"container\">\n\t\t\t\t<div class=\"elementor-element elementor-element-4ee1bea elementor-widget elementor-widget-image\" data-id=\"4ee1bea\" data-element_type=\"widget\" data-e-type=\"widget\" data-widget_type=\"image.default\">\n\t\t\t\t\t\t\t\t\t\t\t\t\t\t\t<img decoding=\"async\" width=\"578\" height=\"625\" src=\"https:\/\/effisus.com\/wp-content\/uploads\/2025\/09\/civil.jpg\" class=\"attachment-full size-full wp-image-5516\" alt=\"\" srcset=\"https:\/\/effisus.com\/wp-content\/uploads\/2025\/09\/civil.jpg 578w, https:\/\/effisus.com\/wp-content\/uploads\/2025\/09\/civil-277x300.jpg 277w\" sizes=\"(max-width: 578px) 100vw, 578px\" \/>\t\t\t\t\t\t\t\t\t\t\t\t\t\t\t<\/div>\n\t\t\t\t<\/div>\n\t\t<div class=\"elementor-element elementor-element-13a8c41 e-con-full content-section__text e-flex e-con e-child\" data-id=\"13a8c41\" data-element_type=\"container\" data-e-type=\"container\">\n\t\t\t\t<div class=\"elementor-element elementor-element-8371391 elementor-widget elementor-widget-text-editor\" data-id=\"8371391\" data-element_type=\"widget\" data-e-type=\"widget\" data-widget_type=\"text-editor.default\">\n\t\t\t\t\t\t\t\t\t<h4>Contribui\u00e7\u00e3o social<\/h4><h3>Capacitar pessoas e comunidades<\/h3><p>A Effisus promove uma cultura de colabora\u00e7\u00e3o, inclus\u00e3o e envolvimento global:<\/p><ul><li><strong>Instala\u00e7\u00e3o Certificada e Apoio T\u00e9cnico<\/strong>: Fornecemos consultoria e forma\u00e7\u00e3o extensivas para garantir implementa\u00e7\u00e3o segura, eficiente e de alta qualidade em todos os projetos<\/li><li><strong>For\u00e7a de Trabalho Global<\/strong>: Com equipas em Portugal, Espanha, Reino Unido e Dubai, a Effisus promove a diversidade e o desenvolvimento de compet\u00eancias em todas as regi\u00f5es.<\/li><li><strong>Certifica\u00e7\u00e3o Best Place to Work<\/strong>: A Effisus foi reconhecida como Best Place to Work, refletindo o nosso compromisso com o bem-estar dos funcion\u00e1rios, envolvimento e cultura inclusiva. Este reconhecimento melhora a nossa marca empregadora e apoia a reten\u00e7\u00e3o de talento a longo prazo. <\/li><\/ul>\t\t\t\t\t\t\t\t<\/div>\n\t\t\t\t<\/div>\n\t\t\t\t<\/div>\n\t\t<div class=\"elementor-element elementor-element-937ade0 e-con-full content-image-container e-flex e-con e-child\" data-id=\"937ade0\" data-element_type=\"container\" data-e-type=\"container\">\n\t\t<div class=\"elementor-element elementor-element-b76ab14 e-con-full content-section__text e-flex e-con e-child\" data-id=\"b76ab14\" data-element_type=\"container\" data-e-type=\"container\">\n\t\t\t\t<div class=\"elementor-element elementor-element-9024456 elementor-widget elementor-widget-text-editor\" data-id=\"9024456\" data-element_type=\"widget\" data-e-type=\"widget\" data-widget_type=\"text-editor.default\">\n\t\t\t\t\t\t\t\t\t<h4>Contribui\u00e7\u00e3o de governan\u00e7a<\/h4><h3>Integridade e inova\u00e7\u00e3o<\/h3><p>A Effisus mant\u00e9m uma governan\u00e7a forte atrav\u00e9s de:<\/p><ul><li><strong>Vis\u00e3o Estrat\u00e9gica<\/strong>: Investimos em inova\u00e7\u00e3o sustent\u00e1vel e parcerias a longo prazo com l\u00edderes globais em arquitetura e constru\u00e7\u00e3o.<\/li><li><strong>Garantia de Qualidade<\/strong>: Todos os sistemas s\u00e3o certificados e testados para cumprir normas internacionais, garantindo fiabilidade e conformidade.<\/li><li><strong>Transpar\u00eancia e Responsabilidade<\/strong>: A nossa marca \u00e9 constru\u00edda na confian\u00e7a, com comunica\u00e7\u00e3o clara e valores consistentes entre mercados.<\/li><\/ul>\t\t\t\t\t\t\t\t<\/div>\n\t\t\t\t<\/div>\n\t\t<div class=\"elementor-element elementor-element-238f200 e-con-full content-section__image e-flex e-con e-child\" data-id=\"238f200\" data-element_type=\"container\" data-e-type=\"container\">\n\t\t\t\t<div class=\"elementor-element elementor-element-ab98c83 elementor-widget elementor-widget-image\" data-id=\"ab98c83\" data-element_type=\"widget\" data-e-type=\"widget\" data-widget_type=\"image.default\">\n\t\t\t\t\t\t\t\t\t\t\t\t\t\t\t<img loading=\"lazy\" decoding=\"async\" width=\"683\" height=\"1024\" src=\"https:\/\/effisus.com\/wp-content\/uploads\/2025\/09\/governance-contribution-683x1024.jpg\" class=\"attachment-large size-large wp-image-5514\" alt=\"Contribui\u00e7\u00e3o de governan\u00e7a\" srcset=\"https:\/\/effisus.com\/wp-content\/uploads\/2025\/09\/governance-contribution-683x1024.jpg 683w, https:\/\/effisus.com\/wp-content\/uploads\/2025\/09\/governance-contribution-200x300.jpg 200w, https:\/\/effisus.com\/wp-content\/uploads\/2025\/09\/governance-contribution-768x1152.jpg 768w, https:\/\/effisus.com\/wp-content\/uploads\/2025\/09\/governance-contribution-1024x1536.jpg 1024w, https:\/\/effisus.com\/wp-content\/uploads\/2025\/09\/governance-contribution-1366x2048.jpg 1366w, https:\/\/effisus.com\/wp-content\/uploads\/2025\/09\/governance-contribution-600x900.jpg 600w, https:\/\/effisus.com\/wp-content\/uploads\/2025\/09\/governance-contribution-scaled.jpg 1707w\" sizes=\"(max-width: 683px) 100vw, 683px\" \/>\t\t\t\t\t\t\t\t\t\t\t\t\t\t\t<\/div>\n\t\t\t\t<\/div>\n\t\t\t\t<\/div>\n\t\t\t\t\t<\/div>\n\t\t\t\t<\/div>\n\t\t<div class=\"elementor-element elementor-element-23ae239 section-standard-padding-gap why-esg-section e-flex e-con-boxed e-con e-parent\" data-id=\"23ae239\" data-element_type=\"container\" data-e-type=\"container\">\n\t\t\t\t\t<div class=\"e-con-inner\">\n\t\t<div class=\"elementor-element elementor-element-7a274ce e-con-full e-flex e-con e-child\" data-id=\"7a274ce\" data-element_type=\"container\" data-e-type=\"container\">\n\t\t<div class=\"elementor-element elementor-element-c2cbf23 e-con-full e-flex e-con e-child\" data-id=\"c2cbf23\" data-element_type=\"container\" data-e-type=\"container\">\n\t\t\t\t<div class=\"elementor-element elementor-element-336026b section-title elementor-widget elementor-widget-heading\" data-id=\"336026b\" data-element_type=\"widget\" data-e-type=\"widget\" data-widget_type=\"heading.default\">\n\t\t\t\t\t<h2 class=\"elementor-heading-title elementor-size-default\">Porque ESG com<br>Effisus Significa ROI<\/h2>\t\t\t\t<\/div>\n\t\t\t\t<\/div>\n\t\t<div class=\"elementor-element elementor-element-72883f9 e-con-full e-flex e-con e-child\" data-id=\"72883f9\" data-element_type=\"container\" data-e-type=\"container\">\n\t\t\t\t<div class=\"elementor-element elementor-element-d3b87da section-sub-title elementor-widget elementor-widget-heading\" data-id=\"d3b87da\" data-element_type=\"widget\" data-e-type=\"widget\" data-widget_type=\"heading.default\">\n\t\t\t\t\t<span class=\"elementor-heading-title elementor-size-default\">As solu\u00e7\u00f5es Effisus n\u00e3o apenas cumprem objetivos Ambientais, Sociais e de Governan\u00e7a (ESG em Ingl\u00eas), mas proporcionam retornos financeiros mensur\u00e1veis.<\/span>\t\t\t\t<\/div>\n\t\t\t\t<\/div>\n\t\t\t\t<\/div>\n\t\t<div class=\"elementor-element elementor-element-2d5736e e-con-full card-list-wrp e-flex e-con e-child\" data-id=\"2d5736e\" data-element_type=\"container\" data-e-type=\"container\">\n\t\t<div class=\"elementor-element elementor-element-1d25720 e-con-full card-box e-flex e-con e-child\" data-id=\"1d25720\" data-element_type=\"container\" data-e-type=\"container\">\n\t\t\t\t<div class=\"elementor-element elementor-element-e0f195a elementor-widget elementor-widget-text-editor\" data-id=\"e0f195a\" data-element_type=\"widget\" data-e-type=\"widget\" data-widget_type=\"text-editor.default\">\n\t\t\t\t\t\t\t\t\t<h3>Contas de energia reduzidas atrav\u00e9s da estanquidade ao ar<\/h3><p>Com solu\u00e7\u00f5es adequadas para qualquer substrato, os nossos sistemas de estanquidade ao ar minimizam a perda de calor e fugas de ar, reduzindo o consumo energ\u00e9tico e diminuindo os custos operacionais.<\/p>\t\t\t\t\t\t\t\t<\/div>\n\t\t\t\t<\/div>\n\t\t<div class=\"elementor-element elementor-element-abb812a e-con-full card-box e-flex e-con e-child\" data-id=\"abb812a\" data-element_type=\"container\" data-e-type=\"container\">\n\t\t\t\t<div class=\"elementor-element elementor-element-0bfc028 elementor-widget elementor-widget-text-editor\" data-id=\"0bfc028\" data-element_type=\"widget\" data-e-type=\"widget\" data-widget_type=\"text-editor.default\">\n\t\t\t\t\t\t\t\t\t<h3>Custos de manuten\u00e7\u00e3o e substitui\u00e7\u00e3o mais baixos<\/h3><p>Materiais duradouros e de alto desempenho prolongam a vida dos componentes do edif\u00edcio, reduzindo a necessidade de repara\u00e7\u00f5es ou substitui\u00e7\u00f5es frequentes.<\/p>\t\t\t\t\t\t\t\t<\/div>\n\t\t\t\t<\/div>\n\t\t<div class=\"elementor-element elementor-element-cece68d e-con-full card-box e-flex e-con e-child\" data-id=\"cece68d\" data-element_type=\"container\" data-e-type=\"container\">\n\t\t\t\t<div class=\"elementor-element elementor-element-83e0f08 elementor-widget elementor-widget-text-editor\" data-id=\"83e0f08\" data-element_type=\"widget\" data-e-type=\"widget\" data-widget_type=\"text-editor.default\">\n\t\t\t\t\t\t\t\t\t<h3>Certifica\u00e7\u00f5es de edif\u00edcios melhoradas (ex.: LEED, BREEAM)<\/h3><p>As nossas solu\u00e7\u00f5es apoiam a conformidade com normas de sustentabilidade l\u00edderes como <strong>LEED<\/strong> e <strong>BREEAM<\/strong>, ajudando projetos a alcan\u00e7ar classifica\u00e7\u00f5es mais altas.<\/p>\t\t\t\t\t\t\t\t<\/div>\n\t\t\t\t<\/div>\n\t\t<div class=\"elementor-element elementor-element-8128499 e-con-full card-box e-flex e-con e-child\" data-id=\"8128499\" data-element_type=\"container\" data-e-type=\"container\">\n\t\t\t\t<div class=\"elementor-element elementor-element-0668ea0 elementor-widget elementor-widget-text-editor\" data-id=\"0668ea0\" data-element_type=\"widget\" data-e-type=\"widget\" data-widget_type=\"text-editor.default\">\n\t\t\t\t\t\t\t\t\t<h3>Valor de ativos aumentado e resili\u00eancia de projetos<\/h3><p>Ao melhorar a seguran\u00e7a contra inc\u00eandios, desempenho energ\u00e9tico e durabilidade, aumentamos o valor da propriedade e garantimos que os edif\u00edcios est\u00e3o preparados para o futuro contra desafios clim\u00e1ticos e regulamentares.<\/p>\t\t\t\t\t\t\t\t<\/div>\n\t\t\t\t<\/div>\n\t\t\t\t<\/div>\n\t\t\t\t\t<\/div>\n\t\t\t\t<\/div>\n\t\t\t\t<\/div>\n\t\t","protected":false},"excerpt":{"rendered":"<p>Ambiente e Sustentabilidade Estamos empenhados em construir um futuro mais sustent\u00e1vel. As nossas solu\u00e7\u00f5es melhoram edif\u00edcios energeticamente eficientes com impermeabiliza\u00e7\u00e3o e isolamento avan\u00e7ados que protegem tanto as estruturas como o ambiente. Concebidos para durabilidade, reciclabilidade e uso reduzido de recursos, os produtos Effisus minimizam o impacto enquanto apoiam a constru\u00e7\u00e3o verde e o desempenho a&#8230;<\/p>\n","protected":false},"author":1,"featured_media":0,"parent":0,"menu_order":0,"comment_status":"closed","ping_status":"closed","template":"template-builder.php","meta":{"_acf_changed":false,"_monsterinsights_skip_tracking":false,"_monsterinsights_sitenote_active":false,"_monsterinsights_sitenote_note":"","_monsterinsights_sitenote_category":0,"_uf_show_specific_survey":0,"_uf_disable_surveys":false,"footnotes":""},"class_list":["post-9712","page","type-page","status-publish","hentry","page--item"],"acf":[],"aioseo_notices":[],"_links":{"self":[{"href":"https:\/\/effisus.com\/pt-pt\/wp-json\/wp\/v2\/pages\/9712","targetHints":{"allow":["GET"]}}],"collection":[{"href":"https:\/\/effisus.com\/pt-pt\/wp-json\/wp\/v2\/pages"}],"about":[{"href":"https:\/\/effisus.com\/pt-pt\/wp-json\/wp\/v2\/types\/page"}],"author":[{"embeddable":true,"href":"https:\/\/effisus.com\/pt-pt\/wp-json\/wp\/v2\/users\/1"}],"replies":[{"embeddable":true,"href":"https:\/\/effisus.com\/pt-pt\/wp-json\/wp\/v2\/comments?post=9712"}],"version-history":[{"count":6,"href":"https:\/\/effisus.com\/pt-pt\/wp-json\/wp\/v2\/pages\/9712\/revisions"}],"predecessor-version":[{"id":13726,"href":"https:\/\/effisus.com\/pt-pt\/wp-json\/wp\/v2\/pages\/9712\/revisions\/13726"}],"wp:attachment":[{"href":"https:\/\/effisus.com\/pt-pt\/wp-json\/wp\/v2\/media?parent=9712"}],"curies":[{"name":"wp","href":"https:\/\/api.w.org\/{rel}","templated":true}]}}