
{"id":15308,"date":"2025-12-18T10:10:20","date_gmt":"2025-12-18T10:10:20","guid":{"rendered":"https:\/\/effisus.com\/apoio-tecnico\/"},"modified":"2025-12-20T12:48:53","modified_gmt":"2025-12-20T12:48:53","slug":"apoio-tecnico","status":"publish","type":"page","link":"https:\/\/effisus.com\/pt-pt\/apoio-tecnico\/","title":{"rendered":"Suporte T\u00e9cnico"},"content":{"rendered":"\t\t<div data-elementor-type=\"wp-page\" data-elementor-id=\"15308\" class=\"elementor elementor-15308 elementor-14602\" data-elementor-post-type=\"page\">\n\t\t\t\t<div class=\"elementor-element elementor-element-ed10786 page-title-container e-con-full e-flex e-con e-parent\" data-id=\"ed10786\" data-element_type=\"container\" data-e-type=\"container\">\n\t\t\t\t<div class=\"elementor-element elementor-element-3fefb52 elementor-widget__width-inherit page-title-container elementor-position-top elementor-widget elementor-widget-image-box\" data-id=\"3fefb52\" data-element_type=\"widget\" data-e-type=\"widget\" data-widget_type=\"image-box.default\">\n\t\t\t\t\t<div class=\"elementor-image-box-wrapper\"><figure class=\"elementor-image-box-img\"><img fetchpriority=\"high\" decoding=\"async\" width=\"1408\" height=\"394\" src=\"https:\/\/effisus.com\/wp-content\/uploads\/2025\/09\/civil-bg.jpg\" class=\"attachment-full size-full wp-image-6540\" alt=\"\" srcset=\"https:\/\/effisus.com\/wp-content\/uploads\/2025\/09\/civil-bg.jpg 1408w, https:\/\/effisus.com\/wp-content\/uploads\/2025\/09\/civil-bg-300x84.jpg 300w, https:\/\/effisus.com\/wp-content\/uploads\/2025\/09\/civil-bg-1024x287.jpg 1024w, https:\/\/effisus.com\/wp-content\/uploads\/2025\/09\/civil-bg-768x215.jpg 768w, https:\/\/effisus.com\/wp-content\/uploads\/2025\/09\/civil-bg-600x168.jpg 600w\" sizes=\"(max-width: 1408px) 100vw, 1408px\" \/><\/figure><div class=\"elementor-image-box-content\"><h1 class=\"elementor-image-box-title\">Suporte T\u00e9cnico<\/h1><p class=\"elementor-image-box-description\"><div style=\"max-width:80%\"><h4 style=\"color:#fff\">Servi\u00e7os Effisus End-to-End<\/h4>\n<p style=\"color:#fff;font-weight:bold;margin-bottom:0;line-height:1.5\">Cada projeto \u00e9 \u00fanico. Cada interveniente \u00e9 decisivo. Cada fase \u00e9 crucial.    \n<\/p>\n<p style=\"color:#fff;line-height:1.5 !important\">Os servi\u00e7os Effisus End-to-End oferecem um apoio abrangente e personalizado a propriet\u00e1rios, arquitectos, empreiteiros, engenheiros e inspectores. Desde o primeiro esbo\u00e7o at\u00e9 ao fecho do projeto e \u00e0 opera\u00e7\u00e3o do edif\u00edcio, ajudamo-lo a definir, detalhar e implementar a solu\u00e7\u00e3o de impermeabiliza\u00e7\u00e3o certa para as suas necessidades espec\u00edficas e requisitos do projeto. <\/p><\/div><\/p><\/div><\/div>\t\t\t\t<\/div>\n\t\t\t\t<\/div>\n\t\t<div class=\"elementor-element elementor-element-f015861 section-standard-padding-gap about-us-content e-flex e-con-boxed e-con e-parent\" data-id=\"f015861\" data-element_type=\"container\" data-e-type=\"container\">\n\t\t\t\t\t<div class=\"e-con-inner\">\n\t\t<div class=\"elementor-element elementor-element-e3ab1d5 e-con-full content-image-container e-flex e-con e-child\" data-id=\"e3ab1d5\" data-element_type=\"container\" data-e-type=\"container\">\n\t\t<div class=\"elementor-element elementor-element-9ff99c2 e-con-full content-section__text e-flex e-con e-child\" data-id=\"9ff99c2\" data-element_type=\"container\" data-e-type=\"container\">\n\t\t\t\t<div class=\"elementor-element elementor-element-bc32338 elementor-widget elementor-widget-text-editor\" data-id=\"bc32338\" data-element_type=\"widget\" data-e-type=\"widget\" data-widget_type=\"text-editor.default\">\n\t\t\t\t\t\t\t\t\t<h3 style=\"text-align: left;\">Servi\u00e7os de engenharia de conce\u00e7\u00e3o<\/h3>\nA Effisus apoia a sua equipa de projeto com know-how especializado em envolventes de edif\u00edcios, assegurando que cada interface e detalhe \u00e9 tecnicamente robusto, constru\u00edvel e compat\u00edvel. A nossa equipa de engenharia trabalha em estreita colabora\u00e7\u00e3o consigo para transformar conceitos de projeto em solu\u00e7\u00f5es fi\u00e1veis de impermeabiliza\u00e7\u00e3o. \n<h4 style=\"margin-top:1.5rem\">Principais destaques:<\/h4>\n<ul>\n \t<li>Relat\u00f3rios de engenharia e pormenores personalizados para cruzamentos e interfaces complexos<\/li>\n \t<li>Testes de compatibilidade entre os sistemas Effisus e os materiais espec\u00edficos do projeto<\/li>\n \t<li>Declara\u00e7\u00f5es de m\u00e9todos e desenhos DWG com a coloca\u00e7\u00e3o de produtos e instru\u00e7\u00f5es de instala\u00e7\u00e3o<\/li>\n \t<li>Ensaios especiais espec\u00edficos do projeto, quando necess\u00e1rio<\/li>\n \t<li>Forma\u00e7\u00e3o sobre princ\u00edpios de impermeabiliza\u00e7\u00e3o para equipas de conce\u00e7\u00e3o e de projeto<\/li>\n<\/ul>\t\t\t\t\t\t\t\t<\/div>\n\t\t\t\t<div class=\"elementor-element elementor-element-277ef72 elementor-widget elementor-widget-rakarbutton\" data-id=\"277ef72\" data-element_type=\"widget\" data-e-type=\"widget\" data-widget_type=\"rakarbutton.default\">\n\t\t\t\t<div class=\"elementor-widget-container\">\n\t\t\t\t\t<div class=\"btn-wrapper\"><a class=\"th-btn th_btn \" href=\"\/pt-pt\/engenharia-de-projeto\">Saber mais<\/a><\/div>\t\t\t\t<\/div>\n\t\t\t\t<\/div>\n\t\t\t\t<\/div>\n\t\t<div class=\"elementor-element elementor-element-f6b41ba e-con-full content-section__image e-flex e-con e-child\" data-id=\"f6b41ba\" data-element_type=\"container\" data-e-type=\"container\">\n\t\t\t\t<div class=\"elementor-element elementor-element-56f6f23 elementor-widget elementor-widget-image\" data-id=\"56f6f23\" data-element_type=\"widget\" data-e-type=\"widget\" data-widget_type=\"image.default\">\n\t\t\t\t\t\t\t\t\t\t\t\t\t\t\t<img decoding=\"async\" width=\"751\" height=\"501\" src=\"https:\/\/effisus.com\/wp-content\/uploads\/2025\/12\/Design-Engineering-Services-1024x683.jpg\" class=\"attachment-large size-large wp-image-15275\" alt=\"\" srcset=\"https:\/\/effisus.com\/wp-content\/uploads\/2025\/12\/Design-Engineering-Services-1024x683.jpg 1024w, https:\/\/effisus.com\/wp-content\/uploads\/2025\/12\/Design-Engineering-Services-300x200.jpg 300w, https:\/\/effisus.com\/wp-content\/uploads\/2025\/12\/Design-Engineering-Services-768x512.jpg 768w, https:\/\/effisus.com\/wp-content\/uploads\/2025\/12\/Design-Engineering-Services.jpg 1248w\" sizes=\"(max-width: 751px) 100vw, 751px\" \/>\t\t\t\t\t\t\t\t\t\t\t\t\t\t\t<\/div>\n\t\t\t\t<\/div>\n\t\t\t\t<\/div>\n\t\t<div class=\"elementor-element elementor-element-dcdad4f e-con-full content-image-container e-flex e-con e-child\" data-id=\"dcdad4f\" data-element_type=\"container\" data-e-type=\"container\">\n\t\t<div class=\"elementor-element elementor-element-36c5d37 e-con-full content-section__image e-flex e-con e-child\" data-id=\"36c5d37\" data-element_type=\"container\" data-e-type=\"container\">\n\t\t\t\t<div class=\"elementor-element elementor-element-22e3759 elementor-widget elementor-widget-image\" data-id=\"22e3759\" data-element_type=\"widget\" data-e-type=\"widget\" data-widget_type=\"image.default\">\n\t\t\t\t\t\t\t\t\t\t\t\t\t\t\t<img decoding=\"async\" width=\"751\" height=\"501\" src=\"https:\/\/effisus.com\/wp-content\/uploads\/2025\/12\/Bespoke-System-Development-1024x683.jpg\" class=\"attachment-large size-large wp-image-15257\" alt=\"\" srcset=\"https:\/\/effisus.com\/wp-content\/uploads\/2025\/12\/Bespoke-System-Development-1024x683.jpg 1024w, https:\/\/effisus.com\/wp-content\/uploads\/2025\/12\/Bespoke-System-Development-300x200.jpg 300w, https:\/\/effisus.com\/wp-content\/uploads\/2025\/12\/Bespoke-System-Development-768x512.jpg 768w, https:\/\/effisus.com\/wp-content\/uploads\/2025\/12\/Bespoke-System-Development.jpg 1248w\" sizes=\"(max-width: 751px) 100vw, 751px\" \/>\t\t\t\t\t\t\t\t\t\t\t\t\t\t\t<\/div>\n\t\t\t\t<\/div>\n\t\t<div class=\"elementor-element elementor-element-8969c93 e-con-full content-section__text e-flex e-con e-child\" data-id=\"8969c93\" data-element_type=\"container\" data-e-type=\"container\">\n\t\t\t\t<div class=\"elementor-element elementor-element-7a2161a elementor-widget elementor-widget-text-editor\" data-id=\"7a2161a\" data-element_type=\"widget\" data-e-type=\"widget\" data-widget_type=\"text-editor.default\">\n\t\t\t\t\t\t\t\t\t<h3 style=\"text-align: left;\">Personaliza\u00e7\u00e3o \/ Solu\u00e7\u00f5es \u00e0 medida<\/h3>\nCada edif\u00edcio \u00e9 diferente. A Effisus desenvolve solu\u00e7\u00f5es personalizadas e pr\u00e9-fabricadas que optimizam a efici\u00eancia da instala\u00e7\u00e3o, reduzem o risco em obra e adaptam os produtos standard \u00e0s realidades do seu projeto. \n<h4 style=\"margin-top:1.5rem\">Principais destaques:<\/h4>\n<ul>\n \t<li>Configura\u00e7\u00f5es de produtos \u00e0 medida para instala\u00e7\u00e3o fora do local<\/li>\n \t<li>Componentes pr\u00e9-fabricados, por exemplo, fitas, cantos ou arma\u00e7\u00f5es pr\u00e9-montados, pe\u00e7as moldadas<\/li>\n \t<li>Corte longitudinal para al\u00e9m das dimens\u00f5es normais dos rolos<\/li>\n \t<li>Kitting para montagens e interfaces espec\u00edficas do projeto<\/li>\n \t<li>Otimiza\u00e7\u00e3o para melhorar o desempenho e reduzir os riscos da instala\u00e7\u00e3o<\/li>\n<\/ul>\t\t\t\t\t\t\t\t<\/div>\n\t\t\t\t<div class=\"elementor-element elementor-element-f5c7e50 elementor-widget elementor-widget-rakarbutton\" data-id=\"f5c7e50\" data-element_type=\"widget\" data-e-type=\"widget\" data-widget_type=\"rakarbutton.default\">\n\t\t\t\t<div class=\"elementor-widget-container\">\n\t\t\t\t\t<div class=\"btn-wrapper\"><a class=\"th-btn th_btn \" href=\"\/pt-pt\/solucoes-a-medida\">Saber mais<\/a><\/div>\t\t\t\t<\/div>\n\t\t\t\t<\/div>\n\t\t\t\t<\/div>\n\t\t\t\t<\/div>\n\t\t<div class=\"elementor-element elementor-element-8ee958f e-con-full content-image-container e-flex e-con e-child\" data-id=\"8ee958f\" data-element_type=\"container\" data-e-type=\"container\">\n\t\t<div class=\"elementor-element elementor-element-9efa6ed e-con-full content-section__text e-flex e-con e-child\" data-id=\"9efa6ed\" data-element_type=\"container\" data-e-type=\"container\">\n\t\t\t\t<div class=\"elementor-element elementor-element-d4cc978 elementor-widget elementor-widget-text-editor\" data-id=\"d4cc978\" data-element_type=\"widget\" data-e-type=\"widget\" data-widget_type=\"text-editor.default\">\n\t\t\t\t\t\t\t\t\t<h3 style=\"text-align: left;\">Assist\u00eancia no local<\/h3>\nAs equipas t\u00e9cnicas da Effisus apoiam-no no local para garantir que as solu\u00e7\u00f5es projectadas s\u00e3o corretamente implementadas, ajudando a prevenir problemas antes da entrega e durante o funcionamento do edif\u00edcio.\n<h4 style=\"margin-top:1.5rem\">Principais destaques:<\/h4>\n<ul>\n \t<li>Relat\u00f3rios de visitas ao local (Spec2Site) para verificar as condi\u00e7\u00f5es antes da entrega<\/li>\n<li>Avalia\u00e7\u00e3o no local das necessidades t\u00e9cnicas e das solu\u00e7\u00f5es adequadas<\/li>\n<li>Maquetas no local e testes em grande escala fora do local<\/li>\n<li>Apoio direto \u00e0 aplica\u00e7\u00e3o em condi\u00e7\u00f5es reais de projeto<\/li>\n<li>Inspec\u00e7\u00f5es e avalia\u00e7\u00f5es durante o funcionamento do edif\u00edcio<\/li>\n<li>Forma\u00e7\u00e3o no local sobre instala\u00e7\u00e3o de impermeabiliza\u00e7\u00e3o e melhores pr\u00e1ticas<\/li>\n<\/ul>\t\t\t\t\t\t\t\t<\/div>\n\t\t\t\t<div class=\"elementor-element elementor-element-8d16eaa elementor-widget elementor-widget-rakarbutton\" data-id=\"8d16eaa\" data-element_type=\"widget\" data-e-type=\"widget\" data-widget_type=\"rakarbutton.default\">\n\t\t\t\t<div class=\"elementor-widget-container\">\n\t\t\t\t\t<div class=\"btn-wrapper\"><a class=\"th-btn th_btn \" href=\"\/pt-pt\/assistencia-em-obra\">Saber mais<\/a><\/div>\t\t\t\t<\/div>\n\t\t\t\t<\/div>\n\t\t\t\t<\/div>\n\t\t<div class=\"elementor-element elementor-element-5a05962 e-con-full content-section__image e-flex e-con e-child\" data-id=\"5a05962\" data-element_type=\"container\" data-e-type=\"container\">\n\t\t\t\t<div class=\"elementor-element elementor-element-13e7a13 elementor-widget elementor-widget-image\" data-id=\"13e7a13\" data-element_type=\"widget\" data-e-type=\"widget\" data-widget_type=\"image.default\">\n\t\t\t\t\t\t\t\t\t\t\t\t\t\t\t<img loading=\"lazy\" decoding=\"async\" width=\"751\" height=\"501\" src=\"https:\/\/effisus.com\/wp-content\/uploads\/2025\/12\/site-assistance-1024x683.jpg\" class=\"attachment-large size-large wp-image-15241\" alt=\"\" srcset=\"https:\/\/effisus.com\/wp-content\/uploads\/2025\/12\/site-assistance-1024x683.jpg 1024w, https:\/\/effisus.com\/wp-content\/uploads\/2025\/12\/site-assistance-300x200.jpg 300w, https:\/\/effisus.com\/wp-content\/uploads\/2025\/12\/site-assistance-768x512.jpg 768w, https:\/\/effisus.com\/wp-content\/uploads\/2025\/12\/site-assistance.jpg 1248w\" sizes=\"(max-width: 751px) 100vw, 751px\" \/>\t\t\t\t\t\t\t\t\t\t\t\t\t\t\t<\/div>\n\t\t\t\t<\/div>\n\t\t\t\t<\/div>\n\t\t<div class=\"elementor-element elementor-element-0c9b579 e-con-full content-image-container e-flex e-con e-child\" data-id=\"0c9b579\" data-element_type=\"container\" data-e-type=\"container\">\n\t\t<div class=\"elementor-element elementor-element-b1ea387 e-con-full content-section__image e-flex e-con e-child\" data-id=\"b1ea387\" data-element_type=\"container\" data-e-type=\"container\">\n\t\t\t\t<div class=\"elementor-element elementor-element-eb5256a elementor-widget elementor-widget-image\" data-id=\"eb5256a\" data-element_type=\"widget\" data-e-type=\"widget\" data-widget_type=\"image.default\">\n\t\t\t\t\t\t\t\t\t\t\t\t\t\t\t<img loading=\"lazy\" decoding=\"async\" width=\"751\" height=\"501\" src=\"https:\/\/effisus.com\/wp-content\/uploads\/2025\/12\/training-cpds-1024x683.jpg\" class=\"attachment-large size-large wp-image-15235\" alt=\"\" srcset=\"https:\/\/effisus.com\/wp-content\/uploads\/2025\/12\/training-cpds-1024x683.jpg 1024w, https:\/\/effisus.com\/wp-content\/uploads\/2025\/12\/training-cpds-300x200.jpg 300w, https:\/\/effisus.com\/wp-content\/uploads\/2025\/12\/training-cpds-768x512.jpg 768w, https:\/\/effisus.com\/wp-content\/uploads\/2025\/12\/training-cpds.jpg 1248w\" sizes=\"(max-width: 751px) 100vw, 751px\" \/>\t\t\t\t\t\t\t\t\t\t\t\t\t\t\t<\/div>\n\t\t\t\t<\/div>\n\t\t<div class=\"elementor-element elementor-element-c4f2333 e-con-full content-section__text e-flex e-con e-child\" data-id=\"c4f2333\" data-element_type=\"container\" data-e-type=\"container\">\n\t\t\t\t<div class=\"elementor-element elementor-element-b78abf3 elementor-widget elementor-widget-text-editor\" data-id=\"b78abf3\" data-element_type=\"widget\" data-e-type=\"widget\" data-widget_type=\"text-editor.default\">\n\t\t\t\t\t\t\t\t\t<h3 style=\"text-align: left;\">Forma\u00e7\u00e3o e CPDs\n<\/h3>\nA Effisus partilha conhecimentos com a comunidade da constru\u00e7\u00e3o atrav\u00e9s de forma\u00e7\u00e3o acreditada e CPDs, ajudando os profissionais a manterem-se actualizados com as mais recentes tecnologias de impermeabiliza\u00e7\u00e3o e melhores pr\u00e1ticas.\n<h4 style=\"margin-top: 1.5rem;\">Principais destaques:<\/h4>\n<ul>\n \t<li>CPDs aprovados pelo RIBA e sess\u00f5es de forma\u00e7\u00e3o para cr\u00e9ditos profissionais<\/li>\n<li>Forma\u00e7\u00e3o em linha e &#8220;reuni\u00f5es de resist\u00eancia&#8221; para uma partilha cont\u00ednua de conhecimentos<\/li>\n<li>Contribui para f\u00f3runs industriais e tecnol\u00f3gicos, incluindo palestras em universidades<\/li>\n<li>Forma\u00e7\u00e3o de instaladores<\/li>\n<\/ul>\t\t\t\t\t\t\t\t<\/div>\n\t\t\t\t<div class=\"elementor-element elementor-element-03f778e elementor-widget elementor-widget-rakarbutton\" data-id=\"03f778e\" data-element_type=\"widget\" data-e-type=\"widget\" data-widget_type=\"rakarbutton.default\">\n\t\t\t\t<div class=\"elementor-widget-container\">\n\t\t\t\t\t<div class=\"btn-wrapper\"><a class=\"th-btn th_btn \" href=\"\/pt-pt\/formacao-e-desenvolvimento-pessoal-continuo\">Saber mais<\/a><\/div>\t\t\t\t<\/div>\n\t\t\t\t<\/div>\n\t\t\t\t<\/div>\n\t\t\t\t<\/div>\n\t\t\t\t\t<\/div>\n\t\t\t\t<\/div>\n\t\t<div class=\"elementor-element elementor-element-474e6c7 section-standard-padding-gap sustainability-section  e-flex e-con-boxed e-con e-parent\" data-id=\"474e6c7\" data-element_type=\"container\" data-e-type=\"container\">\n\t\t\t\t\t<div class=\"e-con-inner\">\n\t\t<div class=\"elementor-element elementor-element-68ba523 e-con-full content-image-container p-0 e-flex e-con e-child\" data-id=\"68ba523\" data-element_type=\"container\" data-e-type=\"container\">\n\t\t<div class=\"elementor-element elementor-element-4cb06ec e-con-full e-flex e-con e-child\" data-id=\"4cb06ec\" data-element_type=\"container\" data-e-type=\"container\">\n\t\t\t\t<div class=\"elementor-element elementor-element-c70ad3c elementor-widget elementor-widget-image\" data-id=\"c70ad3c\" data-element_type=\"widget\" data-e-type=\"widget\" data-widget_type=\"image.default\">\n\t\t\t\t\t\t\t\t\t\t\t\t\t\t\t<img loading=\"lazy\" decoding=\"async\" width=\"720\" height=\"960\" src=\"https:\/\/effisus.com\/wp-content\/uploads\/2025\/09\/effisus-breather-fr-b-class-b-system-Royal-Wharf-UK.jpg\" class=\"attachment-large size-large wp-image-15307\" alt=\"\" srcset=\"https:\/\/effisus.com\/wp-content\/uploads\/2025\/09\/effisus-breather-fr-b-class-b-system-Royal-Wharf-UK.jpg 720w, https:\/\/effisus.com\/wp-content\/uploads\/2025\/09\/effisus-breather-fr-b-class-b-system-Royal-Wharf-UK-225x300.jpg 225w, https:\/\/effisus.com\/wp-content\/uploads\/2025\/09\/effisus-breather-fr-b-class-b-system-Royal-Wharf-UK-600x800.jpg 600w\" sizes=\"(max-width: 720px) 100vw, 720px\" \/>\t\t\t\t\t\t\t\t\t\t\t\t\t\t\t<\/div>\n\t\t\t\t<\/div>\n\t\t<div class=\"elementor-element elementor-element-f45cd0f e-con-full sc-text-section e-flex e-con e-child\" data-id=\"f45cd0f\" data-element_type=\"container\" data-e-type=\"container\">\n\t\t\t\t<div class=\"elementor-element elementor-element-0d6cfe7 elementor-widget elementor-widget-text-editor\" data-id=\"0d6cfe7\" data-element_type=\"widget\" data-e-type=\"widget\" data-widget_type=\"text-editor.default\">\n\t\t\t\t\t\t\t\t\t<h2>Os servi\u00e7os Effisus End-to-End acrescentam valor em todas as fases do seu projeto<\/h2>\n<p>Desde o conceito e design at\u00e9 \u00e0 instala\u00e7\u00e3o e opera\u00e7\u00e3o, apoiamos Promotores, Arquitectos, Consultores e Empreiteiros com solu\u00e7\u00f5es de impermeabiliza\u00e7\u00e3o eficientes, sustent\u00e1veis e de alto desempenho. Seja para fachadas, coberturas ou interfaces complexas da envolvente do edif\u00edcio, a Effisus fornece a experi\u00eancia necess\u00e1ria para garantir resultados fi\u00e1veis e conformes. <\/p>\n\n<p>Contacta a nossa equipa para definir o n\u00edvel certo de apoio e a solu\u00e7\u00e3o de impermeabiliza\u00e7\u00e3o ideal para o teu pr\u00f3ximo projeto.<\/p>\t\t\t\t\t\t\t\t<\/div>\n\t\t\t\t<div class=\"elementor-element elementor-element-dd34f68 secondary-btn elementor-widget elementor-widget-button\" data-id=\"dd34f68\" data-element_type=\"widget\" data-e-type=\"widget\" data-widget_type=\"button.default\">\n\t\t\t\t\t\t\t\t\t\t<a class=\"elementor-button elementor-button-link elementor-size-sm\" href=\"https:\/\/effisus.com\/pt-pt\/contacta-nos\/#effisus-contact-form\">\n\t\t\t\t\t\t<span class=\"elementor-button-content-wrapper\">\n\t\t\t\t\t\t\t\t\t<span class=\"elementor-button-text\">Fala com os nossos especialistas<\/span>\n\t\t\t\t\t<\/span>\n\t\t\t\t\t<\/a>\n\t\t\t\t\t\t\t\t<\/div>\n\t\t\t\t<\/div>\n\t\t\t\t<\/div>\n\t\t\t\t\t<\/div>\n\t\t\t\t<\/div>\n\t\t\t\t<\/div>\n\t\t","protected":false},"excerpt":{"rendered":"<p>Suporte T\u00e9cnico Servi\u00e7os de engenharia de conce\u00e7\u00e3o A Effisus apoia a sua equipa de projeto com know-how especializado em envolventes de edif\u00edcios, assegurando que cada interface e detalhe \u00e9 tecnicamente robusto, constru\u00edvel e compat\u00edvel. A nossa equipa de engenharia trabalha em estreita colabora\u00e7\u00e3o consigo para transformar conceitos de projeto em solu\u00e7\u00f5es fi\u00e1veis de impermeabiliza\u00e7\u00e3o. Principais&#8230;<\/p>\n","protected":false},"author":1,"featured_media":0,"parent":0,"menu_order":0,"comment_status":"closed","ping_status":"closed","template":"template-builder.php","meta":{"_acf_changed":false,"_monsterinsights_skip_tracking":false,"_monsterinsights_sitenote_active":false,"_monsterinsights_sitenote_note":"","_monsterinsights_sitenote_category":0,"_uf_show_specific_survey":0,"_uf_disable_surveys":false,"footnotes":""},"class_list":["post-15308","page","type-page","status-publish","hentry","page--item"],"acf":[],"aioseo_notices":[],"_links":{"self":[{"href":"https:\/\/effisus.com\/pt-pt\/wp-json\/wp\/v2\/pages\/15308","targetHints":{"allow":["GET"]}}],"collection":[{"href":"https:\/\/effisus.com\/pt-pt\/wp-json\/wp\/v2\/pages"}],"about":[{"href":"https:\/\/effisus.com\/pt-pt\/wp-json\/wp\/v2\/types\/page"}],"author":[{"embeddable":true,"href":"https:\/\/effisus.com\/pt-pt\/wp-json\/wp\/v2\/users\/1"}],"replies":[{"embeddable":true,"href":"https:\/\/effisus.com\/pt-pt\/wp-json\/wp\/v2\/comments?post=15308"}],"version-history":[{"count":23,"href":"https:\/\/effisus.com\/pt-pt\/wp-json\/wp\/v2\/pages\/15308\/revisions"}],"predecessor-version":[{"id":15451,"href":"https:\/\/effisus.com\/pt-pt\/wp-json\/wp\/v2\/pages\/15308\/revisions\/15451"}],"wp:attachment":[{"href":"https:\/\/effisus.com\/pt-pt\/wp-json\/wp\/v2\/media?parent=15308"}],"curies":[{"name":"wp","href":"https:\/\/api.w.org\/{rel}","templated":true}]}}