
{"id":15282,"date":"2025-12-18T11:59:22","date_gmt":"2025-12-18T11:59:22","guid":{"rendered":"https:\/\/effisus.com\/servicos-de-engenharia-de-concecao\/"},"modified":"2025-12-20T12:29:47","modified_gmt":"2025-12-20T12:29:47","slug":"engenharia-de-projeto","status":"publish","type":"page","link":"https:\/\/effisus.com\/pt-pt\/engenharia-de-projeto\/","title":{"rendered":"Engenharia de projeto"},"content":{"rendered":"\t\t<div data-elementor-type=\"wp-page\" data-elementor-id=\"15282\" class=\"elementor elementor-15282 elementor-14631\" data-elementor-post-type=\"page\">\n\t\t\t\t<div class=\"elementor-element elementor-element-ed10786 page-title-container e-con-full e-flex e-con e-parent\" data-id=\"ed10786\" data-element_type=\"container\" data-e-type=\"container\">\n\t\t\t\t<div class=\"elementor-element elementor-element-3fefb52 elementor-widget__width-inherit page-title-container elementor-position-top elementor-widget elementor-widget-image-box\" data-id=\"3fefb52\" data-element_type=\"widget\" data-e-type=\"widget\" data-widget_type=\"image-box.default\">\n\t\t\t\t\t<div class=\"elementor-image-box-wrapper\"><figure class=\"elementor-image-box-img\"><img fetchpriority=\"high\" decoding=\"async\" width=\"1248\" height=\"832\" src=\"https:\/\/effisus.com\/wp-content\/uploads\/2025\/12\/Design-Engineering-Services.jpg\" class=\"attachment-full size-full wp-image-15275\" alt=\"\" srcset=\"https:\/\/effisus.com\/wp-content\/uploads\/2025\/12\/Design-Engineering-Services.jpg 1248w, https:\/\/effisus.com\/wp-content\/uploads\/2025\/12\/Design-Engineering-Services-300x200.jpg 300w, https:\/\/effisus.com\/wp-content\/uploads\/2025\/12\/Design-Engineering-Services-1024x683.jpg 1024w, https:\/\/effisus.com\/wp-content\/uploads\/2025\/12\/Design-Engineering-Services-768x512.jpg 768w\" sizes=\"(max-width: 1248px) 100vw, 1248px\" \/><\/figure><div class=\"elementor-image-box-content\"><h1 class=\"elementor-image-box-title\">Engenharia de projeto<\/h1><p class=\"elementor-image-box-description\">Detalhe de precis\u00e3o e conhecimentos t\u00e9cnicos desde o conceito at\u00e9 \u00e0 execu\u00e7\u00e3o.\n<\/p><\/div><\/div>\t\t\t\t<\/div>\n\t\t\t\t<\/div>\n\t\t<div class=\"elementor-element elementor-element-782b880 e-con-full about-title-content e-flex e-con e-child\" data-id=\"782b880\" data-element_type=\"container\" data-e-type=\"container\">\n\t\t<div class=\"elementor-element elementor-element-4e8d1bf section-standard-padding-gap about-us-content e-flex e-con-boxed e-con e-child\" data-id=\"4e8d1bf\" data-element_type=\"container\" data-e-type=\"container\">\n\t\t\t\t\t<div class=\"e-con-inner\">\n\t\t<div class=\"elementor-element elementor-element-fbddd9b e-con-full about-title-content e-flex e-con e-child\" data-id=\"fbddd9b\" data-element_type=\"container\" data-e-type=\"container\">\n\t\t\t\t<div class=\"elementor-element elementor-element-d12e82c section-title text-center elementor-widget__width-initial elementor-widget elementor-widget-text-editor\" data-id=\"d12e82c\" data-element_type=\"widget\" data-e-type=\"widget\" data-widget_type=\"text-editor.default\">\n\t\t\t\t\t\t\t\t\t<h3>Os Servi\u00e7os de Engenharia de Design da Effisus apoiam todo o processo de design, assegurando que cada projeto adopta as estrat\u00e9gias corretas de impermeabiliza\u00e7\u00e3o desde o in\u00edcio.<\/h3>\n<p>A nossa equipa de engenharia colabora com promotores, arquitectos, consultores, designers e empreiteiros para proporcionar clareza, precis\u00e3o e confian\u00e7a em cada interface de envelope.<\/p>\n<p>\n<strong>O nosso objetivo \u00e9 simples:<\/strong> ajudar as equipas de projeto a tomar decis\u00f5es informadas que reduzam o risco, melhorem o desempenho e permitam uma constru\u00e7\u00e3o perfeita.<\/p>\t\t\t\t\t\t\t\t<\/div>\n\t\t<div class=\"elementor-element elementor-element-e009e09 e-con-full e-flex e-con e-child\" data-id=\"e009e09\" data-element_type=\"container\" data-e-type=\"container\">\n\t\t<div class=\"elementor-element elementor-element-b3944b4 e-grid e-con-full e-con e-child\" data-id=\"b3944b4\" data-element_type=\"container\" data-e-type=\"container\">\n\t\t<div class=\"elementor-element elementor-element-4badc62 e-con-full e-flex e-con e-child\" data-id=\"4badc62\" data-element_type=\"container\" data-e-type=\"container\">\n\t\t\t\t<div class=\"elementor-element elementor-element-1515f1d elementor-widget elementor-widget-image\" data-id=\"1515f1d\" data-element_type=\"widget\" data-e-type=\"widget\" data-widget_type=\"image.default\">\n\t\t\t\t\t\t\t\t\t\t\t\t\t\t\t<img decoding=\"async\" width=\"751\" height=\"501\" src=\"https:\/\/effisus.com\/wp-content\/uploads\/2025\/12\/Bespoke-Technical-Detailing-1024x683.jpg\" class=\"attachment-large size-large wp-image-15276\" alt=\"\" srcset=\"https:\/\/effisus.com\/wp-content\/uploads\/2025\/12\/Bespoke-Technical-Detailing-1024x683.jpg 1024w, https:\/\/effisus.com\/wp-content\/uploads\/2025\/12\/Bespoke-Technical-Detailing-300x200.jpg 300w, https:\/\/effisus.com\/wp-content\/uploads\/2025\/12\/Bespoke-Technical-Detailing-768x512.jpg 768w, https:\/\/effisus.com\/wp-content\/uploads\/2025\/12\/Bespoke-Technical-Detailing.jpg 1248w\" sizes=\"(max-width: 751px) 100vw, 751px\" \/>\t\t\t\t\t\t\t\t\t\t\t\t\t\t\t<\/div>\n\t\t\t\t<div class=\"elementor-element elementor-element-7cda1c4 elementor-widget elementor-widget-text-editor\" data-id=\"7cda1c4\" data-element_type=\"widget\" data-e-type=\"widget\" data-widget_type=\"text-editor.default\">\n\t\t\t\t\t\t\t\t\t<h3 style=\"text-align: left;\">1. Pormenores t\u00e9cnicos \u00e0 medida<\/h3><h4>A Effisus desenvolve pormenores construtivos \u00e0 medida para interfaces, jun\u00e7\u00f5es e geometrias complexas:<\/h4><ul class=\"service-list\"><li>Revis\u00e3o da estrat\u00e9gia de impermeabiliza\u00e7\u00e3o<\/li><li>Desenhos pormenorizados da fachada e da interface do telhado<\/li><li>Posicionamento e sequ\u00eancia de produtos<\/li><li style=\"text-align: left;\">Considera\u00e7\u00f5es sobre a &#8220;construtibilidade&#8221; no in\u00edcio do processo<\/li><\/ul>\t\t\t\t\t\t\t\t<\/div>\n\t\t\t\t<\/div>\n\t\t<div class=\"elementor-element elementor-element-ff18ccf e-con-full e-flex e-con e-child\" data-id=\"ff18ccf\" data-element_type=\"container\" data-e-type=\"container\">\n\t\t\t\t<div class=\"elementor-element elementor-element-06efb2c elementor-widget elementor-widget-image\" data-id=\"06efb2c\" data-element_type=\"widget\" data-e-type=\"widget\" data-widget_type=\"image.default\">\n\t\t\t\t\t\t\t\t\t\t\t\t\t\t\t<img decoding=\"async\" width=\"751\" height=\"501\" src=\"https:\/\/effisus.com\/wp-content\/uploads\/2025\/12\/Technical-Engineering-Reports-1024x683.jpg\" class=\"attachment-large size-large wp-image-15277\" alt=\"\" srcset=\"https:\/\/effisus.com\/wp-content\/uploads\/2025\/12\/Technical-Engineering-Reports-1024x683.jpg 1024w, https:\/\/effisus.com\/wp-content\/uploads\/2025\/12\/Technical-Engineering-Reports-300x200.jpg 300w, https:\/\/effisus.com\/wp-content\/uploads\/2025\/12\/Technical-Engineering-Reports-768x512.jpg 768w, https:\/\/effisus.com\/wp-content\/uploads\/2025\/12\/Technical-Engineering-Reports.jpg 1248w\" sizes=\"(max-width: 751px) 100vw, 751px\" \/>\t\t\t\t\t\t\t\t\t\t\t\t\t\t\t<\/div>\n\t\t\t\t<div class=\"elementor-element elementor-element-18cf25c elementor-widget elementor-widget-text-editor\" data-id=\"18cf25c\" data-element_type=\"widget\" data-e-type=\"widget\" data-widget_type=\"text-editor.default\">\n\t\t\t\t\t\t\t\t\t<h3 style=\"text-align: left;\">2. Relat\u00f3rios t\u00e9cnicos de engenharia<\/h3><h4>Documenta\u00e7\u00e3o que apoia os pressupostos da conce\u00e7\u00e3o e a tomada de decis\u00f5es:<\/h4><ul class=\"service-list\"><li>Avalia\u00e7\u00f5es de compatibilidade de materiais<\/li><li>Avalia\u00e7\u00f5es de desempenho<\/li><li>Verifica\u00e7\u00e3o dos pormenores propostos<\/li><\/ul>\t\t\t\t\t\t\t\t<\/div>\n\t\t\t\t<\/div>\n\t\t<div class=\"elementor-element elementor-element-3f18c4c e-con-full e-flex e-con e-child\" data-id=\"3f18c4c\" data-element_type=\"container\" data-e-type=\"container\">\n\t\t\t\t<div class=\"elementor-element elementor-element-20e2676 elementor-widget elementor-widget-image\" data-id=\"20e2676\" data-element_type=\"widget\" data-e-type=\"widget\" data-widget_type=\"image.default\">\n\t\t\t\t\t\t\t\t\t\t\t\t\t\t\t<img loading=\"lazy\" decoding=\"async\" width=\"751\" height=\"501\" src=\"https:\/\/effisus.com\/wp-content\/uploads\/2025\/12\/Method-Statements-1024x683.jpg\" class=\"attachment-large size-large wp-image-15278\" alt=\"\" srcset=\"https:\/\/effisus.com\/wp-content\/uploads\/2025\/12\/Method-Statements-1024x683.jpg 1024w, https:\/\/effisus.com\/wp-content\/uploads\/2025\/12\/Method-Statements-300x200.jpg 300w, https:\/\/effisus.com\/wp-content\/uploads\/2025\/12\/Method-Statements-768x512.jpg 768w, https:\/\/effisus.com\/wp-content\/uploads\/2025\/12\/Method-Statements.jpg 1248w\" sizes=\"(max-width: 751px) 100vw, 751px\" \/>\t\t\t\t\t\t\t\t\t\t\t\t\t\t\t<\/div>\n\t\t\t\t<div class=\"elementor-element elementor-element-d5e4299 elementor-widget elementor-widget-text-editor\" data-id=\"d5e4299\" data-element_type=\"widget\" data-e-type=\"widget\" data-widget_type=\"text-editor.default\">\n\t\t\t\t\t\t\t\t\t<h3 style=\"text-align: left;\">3. Declara\u00e7\u00f5es de m\u00e9todos<\/h3><h4>Claro e pr\u00e1tico:<\/h4><ul class=\"service-list\"><li>Guia de instala\u00e7\u00e3o visual com instru\u00e7\u00f5es passo-a-passo<\/li><li>Pacotes de detalhes adaptados \u00e0s necessidades espec\u00edficas do projeto<\/li><\/ul>\t\t\t\t\t\t\t\t<\/div>\n\t\t\t\t<\/div>\n\t\t<div class=\"elementor-element elementor-element-1e31768 e-con-full e-flex e-con e-child\" data-id=\"1e31768\" data-element_type=\"container\" data-e-type=\"container\">\n\t\t\t\t<div class=\"elementor-element elementor-element-8c0b168 elementor-widget elementor-widget-image\" data-id=\"8c0b168\" data-element_type=\"widget\" data-e-type=\"widget\" data-widget_type=\"image.default\">\n\t\t\t\t\t\t\t\t\t\t\t\t\t\t\t<img loading=\"lazy\" decoding=\"async\" width=\"751\" height=\"501\" src=\"https:\/\/effisus.com\/wp-content\/uploads\/2025\/12\/Product-Material-Compatibility-Testing-1-1024x683.jpg\" class=\"attachment-large size-large wp-image-15279\" alt=\"\" srcset=\"https:\/\/effisus.com\/wp-content\/uploads\/2025\/12\/Product-Material-Compatibility-Testing-1-1024x683.jpg 1024w, https:\/\/effisus.com\/wp-content\/uploads\/2025\/12\/Product-Material-Compatibility-Testing-1-300x200.jpg 300w, https:\/\/effisus.com\/wp-content\/uploads\/2025\/12\/Product-Material-Compatibility-Testing-1-768x512.jpg 768w, https:\/\/effisus.com\/wp-content\/uploads\/2025\/12\/Product-Material-Compatibility-Testing-1.jpg 1248w\" sizes=\"(max-width: 751px) 100vw, 751px\" \/>\t\t\t\t\t\t\t\t\t\t\t\t\t\t\t<\/div>\n\t\t\t\t<div class=\"elementor-element elementor-element-74ea45c elementor-widget elementor-widget-text-editor\" data-id=\"74ea45c\" data-element_type=\"widget\" data-e-type=\"widget\" data-widget_type=\"text-editor.default\">\n\t\t\t\t\t\t\t\t\t<h3 style=\"text-align: left;\">4. Teste de compatibilidade de produtos e materiais<\/h3>\n<h4 style=\"font-weight:normal !important\">Mitiga os riscos atrav\u00e9s da valida\u00e7\u00e3o do comportamento entre as solu\u00e7\u00f5es Effisus e os materiais adjacentes e\/ou substratos espec\u00edficos do projeto.<\/h4>\n\t\t\t\t\t\t\t\t<\/div>\n\t\t\t\t<\/div>\n\t\t<div class=\"elementor-element elementor-element-1ae530d e-con-full e-flex e-con e-child\" data-id=\"1ae530d\" data-element_type=\"container\" data-e-type=\"container\">\n\t\t\t\t<div class=\"elementor-element elementor-element-cc873ca elementor-widget elementor-widget-image\" data-id=\"cc873ca\" data-element_type=\"widget\" data-e-type=\"widget\" data-widget_type=\"image.default\">\n\t\t\t\t\t\t\t\t\t\t\t\t\t\t\t<img loading=\"lazy\" decoding=\"async\" width=\"751\" height=\"501\" src=\"https:\/\/effisus.com\/wp-content\/uploads\/2025\/12\/Project-Specific-Testing-1024x683.jpg\" class=\"attachment-large size-large wp-image-15280\" alt=\"\" srcset=\"https:\/\/effisus.com\/wp-content\/uploads\/2025\/12\/Project-Specific-Testing-1024x683.jpg 1024w, https:\/\/effisus.com\/wp-content\/uploads\/2025\/12\/Project-Specific-Testing-300x200.jpg 300w, https:\/\/effisus.com\/wp-content\/uploads\/2025\/12\/Project-Specific-Testing-768x512.jpg 768w, https:\/\/effisus.com\/wp-content\/uploads\/2025\/12\/Project-Specific-Testing.jpg 1248w\" sizes=\"(max-width: 751px) 100vw, 751px\" \/>\t\t\t\t\t\t\t\t\t\t\t\t\t\t\t<\/div>\n\t\t\t\t<div class=\"elementor-element elementor-element-1160878 elementor-widget elementor-widget-text-editor\" data-id=\"1160878\" data-element_type=\"widget\" data-e-type=\"widget\" data-widget_type=\"text-editor.default\">\n\t\t\t\t\t\t\t\t\t<h3 style=\"text-align: left;\">5. Testes espec\u00edficos do projeto (opcional)<\/h3>\n<h4>Quando necess\u00e1rio, acede a:<\/h4>\n<ul class=\"service-list\">\n \t<li>Ensaios de carga de vento \/ permeabilidade ao ar<\/li>\n \t<li>Ensaios de penetra\u00e7\u00e3o de \u00e1gua<\/li>\n \t<li>An\u00e1lise do comportamento das tens\u00f5es na interface<\/li>\n<\/ul>\t\t\t\t\t\t\t\t<\/div>\n\t\t\t\t<\/div>\n\t\t<div class=\"elementor-element elementor-element-0a89307 e-con-full e-flex e-con e-child\" data-id=\"0a89307\" data-element_type=\"container\" data-e-type=\"container\">\n\t\t\t\t<div class=\"elementor-element elementor-element-15b5553 elementor-widget elementor-widget-image\" data-id=\"15b5553\" data-element_type=\"widget\" data-e-type=\"widget\" data-widget_type=\"image.default\">\n\t\t\t\t\t\t\t\t\t\t\t\t\t\t\t<img loading=\"lazy\" decoding=\"async\" width=\"751\" height=\"501\" src=\"https:\/\/effisus.com\/wp-content\/uploads\/2025\/12\/Training-for-Design-Project-Teams-1024x683.jpg\" class=\"attachment-large size-large wp-image-15281\" alt=\"\" srcset=\"https:\/\/effisus.com\/wp-content\/uploads\/2025\/12\/Training-for-Design-Project-Teams-1024x683.jpg 1024w, https:\/\/effisus.com\/wp-content\/uploads\/2025\/12\/Training-for-Design-Project-Teams-300x200.jpg 300w, https:\/\/effisus.com\/wp-content\/uploads\/2025\/12\/Training-for-Design-Project-Teams-768x512.jpg 768w, https:\/\/effisus.com\/wp-content\/uploads\/2025\/12\/Training-for-Design-Project-Teams.jpg 1248w\" sizes=\"(max-width: 751px) 100vw, 751px\" \/>\t\t\t\t\t\t\t\t\t\t\t\t\t\t\t<\/div>\n\t\t\t\t<div class=\"elementor-element elementor-element-29759a6 elementor-widget elementor-widget-text-editor\" data-id=\"29759a6\" data-element_type=\"widget\" data-e-type=\"widget\" data-widget_type=\"text-editor.default\">\n\t\t\t\t\t\t\t\t\t<h3 style=\"text-align: left;\">6. Forma\u00e7\u00e3o para as equipas de conce\u00e7\u00e3o e de projeto<\/h3><h4 style=\"font-weight: normal !important;\">As sess\u00f5es centraram-se nas melhores pr\u00e1ticas, nas considera\u00e7\u00f5es de conce\u00e7\u00e3o na fase inicial e na melhoria da tomada de decis\u00f5es para o desempenho da impermeabiliza\u00e7\u00e3o.<\/h4>\t\t\t\t\t\t\t\t<\/div>\n\t\t\t\t<\/div>\n\t\t\t\t<\/div>\n\t\t\t\t<\/div>\n\t\t\t\t<\/div>\n\t\t\t\t\t<\/div>\n\t\t\t\t<\/div>\n\t\t\t\t<\/div>\n\t\t<div class=\"elementor-element elementor-element-474e6c7 section-standard-padding-gap sustainability-section  e-flex e-con-boxed e-con e-parent\" data-id=\"474e6c7\" data-element_type=\"container\" data-e-type=\"container\">\n\t\t\t\t\t<div class=\"e-con-inner\">\n\t\t<div class=\"elementor-element elementor-element-68ba523 e-con-full content-image-container p-0 e-flex e-con e-child\" data-id=\"68ba523\" data-element_type=\"container\" data-e-type=\"container\">\n\t\t<div class=\"elementor-element elementor-element-4cb06ec e-con-full e-flex e-con e-child\" data-id=\"4cb06ec\" data-element_type=\"container\" data-e-type=\"container\">\n\t\t\t\t<div class=\"elementor-element elementor-element-c70ad3c elementor-widget elementor-widget-image\" data-id=\"c70ad3c\" data-element_type=\"widget\" data-e-type=\"widget\" data-widget_type=\"image.default\">\n\t\t\t\t\t\t\t\t\t\t\t\t\t\t\t<img loading=\"lazy\" decoding=\"async\" width=\"751\" height=\"501\" src=\"https:\/\/effisus.com\/wp-content\/uploads\/2025\/11\/Precast-concrete-panels-1024x683.png\" class=\"attachment-large size-large wp-image-9914\" alt=\"\" srcset=\"https:\/\/effisus.com\/wp-content\/uploads\/2025\/11\/Precast-concrete-panels-1024x683.png 1024w, https:\/\/effisus.com\/wp-content\/uploads\/2025\/11\/Precast-concrete-panels-300x200.png 300w, https:\/\/effisus.com\/wp-content\/uploads\/2025\/11\/Precast-concrete-panels-768x512.png 768w, https:\/\/effisus.com\/wp-content\/uploads\/2025\/11\/Precast-concrete-panels.png 1536w\" sizes=\"(max-width: 751px) 100vw, 751px\" \/>\t\t\t\t\t\t\t\t\t\t\t\t\t\t\t<\/div>\n\t\t\t\t<\/div>\n\t\t<div class=\"elementor-element elementor-element-f45cd0f e-con-full sc-text-section e-flex e-con e-child\" data-id=\"f45cd0f\" data-element_type=\"container\" data-e-type=\"container\">\n\t\t\t\t<div class=\"elementor-element elementor-element-0d6cfe7 elementor-widget elementor-widget-text-editor\" data-id=\"0d6cfe7\" data-element_type=\"widget\" data-e-type=\"widget\" data-widget_type=\"text-editor.default\">\n\t\t\t\t\t\t\t\t\t<h2>Porque \u00e9 que \u00e9 importante?<\/h2>\n<p>Um detalhe bem concebido evita redesenhos dispendiosos, atrasos e falhas de desempenho. A Effisus garante que cada solu\u00e7\u00e3o \u00e9 tecnicamente forte, compat\u00edvel, implement\u00e1vel e totalmente alinhada com a inten\u00e7\u00e3o da arquitetura. <\/p>\n\t\t\t\t\t\t\t\t<\/div>\n\t\t\t\t<div class=\"elementor-element elementor-element-dd34f68 secondary-btn elementor-widget elementor-widget-button\" data-id=\"dd34f68\" data-element_type=\"widget\" data-e-type=\"widget\" data-widget_type=\"button.default\">\n\t\t\t\t\t\t\t\t\t\t<a class=\"elementor-button elementor-button-link elementor-size-sm\" href=\"https:\/\/effisus.com\/pt-pt\/contacta-nos\/#effisus-contact-form\">\n\t\t\t\t\t\t<span class=\"elementor-button-content-wrapper\">\n\t\t\t\t\t\t\t\t\t<span class=\"elementor-button-text\">Solicita apoio<\/span>\n\t\t\t\t\t<\/span>\n\t\t\t\t\t<\/a>\n\t\t\t\t\t\t\t\t<\/div>\n\t\t\t\t<\/div>\n\t\t\t\t<\/div>\n\t\t\t\t\t<\/div>\n\t\t\t\t<\/div>\n\t\t<div class=\"elementor-element elementor-element-697e785 e-flex e-con-boxed e-con e-parent\" data-id=\"697e785\" data-element_type=\"container\" data-e-type=\"container\">\n\t\t\t\t\t<div class=\"e-con-inner\">\n\t\t\t\t\t<\/div>\n\t\t\t\t<\/div>\n\t\t\t\t<\/div>\n\t\t","protected":false},"excerpt":{"rendered":"<p>Engenharia de projeto Detalhe de precis\u00e3o e conhecimentos t\u00e9cnicos desde o conceito at\u00e9 \u00e0 execu\u00e7\u00e3o. Os Servi\u00e7os de Engenharia de Design da Effisus apoiam todo o processo de design, assegurando que cada projeto adopta as estrat\u00e9gias corretas de impermeabiliza\u00e7\u00e3o desde o in\u00edcio. A nossa equipa de engenharia colabora com promotores, arquitectos, consultores, designers e empreiteiros&#8230;<\/p>\n","protected":false},"author":1,"featured_media":0,"parent":0,"menu_order":0,"comment_status":"closed","ping_status":"closed","template":"template-builder.php","meta":{"_acf_changed":false,"_monsterinsights_skip_tracking":false,"_monsterinsights_sitenote_active":false,"_monsterinsights_sitenote_note":"","_monsterinsights_sitenote_category":0,"_uf_show_specific_survey":0,"_uf_disable_surveys":false,"footnotes":""},"class_list":["post-15282","page","type-page","status-publish","hentry","page--item"],"acf":[],"aioseo_notices":[],"_links":{"self":[{"href":"https:\/\/effisus.com\/pt-pt\/wp-json\/wp\/v2\/pages\/15282","targetHints":{"allow":["GET"]}}],"collection":[{"href":"https:\/\/effisus.com\/pt-pt\/wp-json\/wp\/v2\/pages"}],"about":[{"href":"https:\/\/effisus.com\/pt-pt\/wp-json\/wp\/v2\/types\/page"}],"author":[{"embeddable":true,"href":"https:\/\/effisus.com\/pt-pt\/wp-json\/wp\/v2\/users\/1"}],"replies":[{"embeddable":true,"href":"https:\/\/effisus.com\/pt-pt\/wp-json\/wp\/v2\/comments?post=15282"}],"version-history":[{"count":4,"href":"https:\/\/effisus.com\/pt-pt\/wp-json\/wp\/v2\/pages\/15282\/revisions"}],"predecessor-version":[{"id":15409,"href":"https:\/\/effisus.com\/pt-pt\/wp-json\/wp\/v2\/pages\/15282\/revisions\/15409"}],"wp:attachment":[{"href":"https:\/\/effisus.com\/pt-pt\/wp-json\/wp\/v2\/media?parent=15282"}],"curies":[{"name":"wp","href":"https:\/\/api.w.org\/{rel}","templated":true}]}}