
{"id":15261,"date":"2025-12-18T18:41:21","date_gmt":"2025-12-18T18:41:21","guid":{"rendered":"https:\/\/effisus.com\/personalizacao-e-solucoes-a-medida\/"},"modified":"2025-12-20T12:27:11","modified_gmt":"2025-12-20T12:27:11","slug":"solucoes-a-medida","status":"publish","type":"page","link":"https:\/\/effisus.com\/pt-pt\/solucoes-a-medida\/","title":{"rendered":"Solu\u00e7\u00f5es \u00e0 medida"},"content":{"rendered":"\t\t<div data-elementor-type=\"wp-page\" data-elementor-id=\"15261\" class=\"elementor elementor-15261 elementor-14943\" data-elementor-post-type=\"page\">\n\t\t\t\t<div class=\"elementor-element elementor-element-ed10786 page-title-container e-con-full e-flex e-con e-parent\" data-id=\"ed10786\" data-element_type=\"container\" data-e-type=\"container\">\n\t\t\t\t<div class=\"elementor-element elementor-element-3fefb52 elementor-widget__width-inherit page-title-container elementor-position-top elementor-widget elementor-widget-image-box\" data-id=\"3fefb52\" data-element_type=\"widget\" data-e-type=\"widget\" data-widget_type=\"image-box.default\">\n\t\t\t\t\t<div class=\"elementor-image-box-wrapper\"><figure class=\"elementor-image-box-img\"><img fetchpriority=\"high\" decoding=\"async\" width=\"1248\" height=\"832\" src=\"https:\/\/effisus.com\/wp-content\/uploads\/2025\/12\/Bespoke-System-Development.jpg\" class=\"attachment-full size-full wp-image-15257\" alt=\"\" srcset=\"https:\/\/effisus.com\/wp-content\/uploads\/2025\/12\/Bespoke-System-Development.jpg 1248w, https:\/\/effisus.com\/wp-content\/uploads\/2025\/12\/Bespoke-System-Development-300x200.jpg 300w, https:\/\/effisus.com\/wp-content\/uploads\/2025\/12\/Bespoke-System-Development-1024x683.jpg 1024w, https:\/\/effisus.com\/wp-content\/uploads\/2025\/12\/Bespoke-System-Development-768x512.jpg 768w\" sizes=\"(max-width: 1248px) 100vw, 1248px\" \/><\/figure><div class=\"elementor-image-box-content\"><h1 class=\"elementor-image-box-title\">Solu\u00e7\u00f5es \u00e0 medida<\/h1><p class=\"elementor-image-box-description\">Componentes feitos \u00e0 medida, concebidos para condi\u00e7\u00f5es de projeto \u00fanicas.<\/p><\/div><\/div>\t\t\t\t<\/div>\n\t\t\t\t<\/div>\n\t\t<div class=\"elementor-element elementor-element-782b880 e-con-full about-title-content e-flex e-con e-child\" data-id=\"782b880\" data-element_type=\"container\" data-e-type=\"container\">\n\t\t<div class=\"elementor-element elementor-element-4e8d1bf section-standard-padding-gap about-us-content e-flex e-con-boxed e-con e-child\" data-id=\"4e8d1bf\" data-element_type=\"container\" data-e-type=\"container\">\n\t\t\t\t\t<div class=\"e-con-inner\">\n\t\t<div class=\"elementor-element elementor-element-fbddd9b e-con-full about-title-content e-flex e-con e-child\" data-id=\"fbddd9b\" data-element_type=\"container\" data-e-type=\"container\">\n\t\t\t\t<div class=\"elementor-element elementor-element-d12e82c section-title text-center elementor-widget__width-initial elementor-widget elementor-widget-text-editor\" data-id=\"d12e82c\" data-element_type=\"widget\" data-e-type=\"widget\" data-widget_type=\"text-editor.default\">\n\t\t\t\t\t\t\t\t\t<h3>Cada projeto de constru\u00e7\u00e3o \u00e9 diferente. Desde geometrias irregulares a requisitos de desempenho exigentes, os produtos padr\u00e3o necessitam frequentemente de adapta\u00e7\u00e3o. <\/h3><p>A Effisus fornece solu\u00e7\u00f5es personalizadas e pr\u00e9-fabricadas que aceleram a instala\u00e7\u00e3o, reduzem o trabalho em obra e minimizam os erros. Simplificando detalhes complexos e melhorando a efici\u00eancia do fluxo de trabalho, as nossas solu\u00e7\u00f5es \u00e0 medida aumentam a velocidade de instala\u00e7\u00e3o, aumentam a produtividade e asseguram a fiabilidade a longo prazo para envelopes de edif\u00edcios de alto desempenho. <\/p><p><strong>As nossas capacidades de personaliza\u00e7\u00e3o:<\/strong><\/p>\t\t\t\t\t\t\t\t<\/div>\n\t\t<div class=\"elementor-element elementor-element-e009e09 e-con-full e-flex e-con e-child\" data-id=\"e009e09\" data-element_type=\"container\" data-e-type=\"container\">\n\t\t<div class=\"elementor-element elementor-element-b3944b4 e-grid e-con-full e-con e-child\" data-id=\"b3944b4\" data-element_type=\"container\" data-e-type=\"container\">\n\t\t<div class=\"elementor-element elementor-element-4badc62 e-con-full e-flex e-con e-child\" data-id=\"4badc62\" data-element_type=\"container\" data-e-type=\"container\">\n\t\t\t\t<div class=\"elementor-element elementor-element-1515f1d elementor-widget elementor-widget-image\" data-id=\"1515f1d\" data-element_type=\"widget\" data-e-type=\"widget\" data-widget_type=\"image.default\">\n\t\t\t\t\t\t\t\t\t\t\t\t\t\t\t<img decoding=\"async\" width=\"751\" height=\"501\" src=\"https:\/\/effisus.com\/wp-content\/uploads\/2025\/12\/Pre-Fabricated-EPDM-Components-1-1024x683.jpg\" class=\"attachment-large size-large wp-image-15258\" alt=\"\" srcset=\"https:\/\/effisus.com\/wp-content\/uploads\/2025\/12\/Pre-Fabricated-EPDM-Components-1-1024x683.jpg 1024w, https:\/\/effisus.com\/wp-content\/uploads\/2025\/12\/Pre-Fabricated-EPDM-Components-1-300x200.jpg 300w, https:\/\/effisus.com\/wp-content\/uploads\/2025\/12\/Pre-Fabricated-EPDM-Components-1-768x512.jpg 768w, https:\/\/effisus.com\/wp-content\/uploads\/2025\/12\/Pre-Fabricated-EPDM-Components-1.jpg 1248w\" sizes=\"(max-width: 751px) 100vw, 751px\" \/>\t\t\t\t\t\t\t\t\t\t\t\t\t\t\t<\/div>\n\t\t\t\t<div class=\"elementor-element elementor-element-7cda1c4 elementor-widget elementor-widget-text-editor\" data-id=\"7cda1c4\" data-element_type=\"widget\" data-e-type=\"widget\" data-widget_type=\"text-editor.default\">\n\t\t\t\t\t\t\t\t\t<h3 style=\"text-align: left;\">  1. Componentes EPDM pr\u00e9-fabricados  <\/h3>\n<h4>Criado para interfaces espec\u00edficas do projeto:<\/h4>\n<ul class=\"service-list\">\n<li>Cantos, degraus, mangas e elementos moldados<\/li>\n<li>Precis\u00e3o e consist\u00eancia com qualidade de f\u00e1brica<\/li>\n<li>Elimina a complexidade do corte e da selagem no local<\/li>\n<\/ul>\t\t\t\t\t\t\t\t<\/div>\n\t\t\t\t<\/div>\n\t\t<div class=\"elementor-element elementor-element-ff18ccf e-con-full e-flex e-con e-child\" data-id=\"ff18ccf\" data-element_type=\"container\" data-e-type=\"container\">\n\t\t\t\t<div class=\"elementor-element elementor-element-06efb2c elementor-widget elementor-widget-image\" data-id=\"06efb2c\" data-element_type=\"widget\" data-e-type=\"widget\" data-widget_type=\"image.default\">\n\t\t\t\t\t\t\t\t\t\t\t\t\t\t\t<img decoding=\"async\" width=\"751\" height=\"501\" src=\"https:\/\/effisus.com\/wp-content\/uploads\/2025\/12\/Product-Adaptation-Special-Dimensions-1-1024x683.jpg\" class=\"attachment-large size-large wp-image-15259\" alt=\"\" srcset=\"https:\/\/effisus.com\/wp-content\/uploads\/2025\/12\/Product-Adaptation-Special-Dimensions-1-1024x683.jpg 1024w, https:\/\/effisus.com\/wp-content\/uploads\/2025\/12\/Product-Adaptation-Special-Dimensions-1-300x200.jpg 300w, https:\/\/effisus.com\/wp-content\/uploads\/2025\/12\/Product-Adaptation-Special-Dimensions-1-768x512.jpg 768w, https:\/\/effisus.com\/wp-content\/uploads\/2025\/12\/Product-Adaptation-Special-Dimensions-1.jpg 1248w\" sizes=\"(max-width: 751px) 100vw, 751px\" \/>\t\t\t\t\t\t\t\t\t\t\t\t\t\t\t<\/div>\n\t\t\t\t<div class=\"elementor-element elementor-element-18cf25c elementor-widget elementor-widget-text-editor\" data-id=\"18cf25c\" data-element_type=\"widget\" data-e-type=\"widget\" data-widget_type=\"text-editor.default\">\n\t\t\t\t\t\t\t\t\t<h3 style=\"text-align: left;\">2. Adapta\u00e7\u00e3o do produto e dimens\u00f5es especiais<\/h3><h4>A Effisus transforma materiais standard para satisfazer requisitos \u00fanicos:<\/h4><ul class=\"service-list\"><li>Cortar membranas em larguras personalizadas<\/li><li>Comprimentos de rolo personalizados para al\u00e9m das dimens\u00f5es do cat\u00e1logo<\/li><li>Pr\u00e9-montagem personalizada de sistemas de ader\u00eancia ou acess\u00f3rios<\/li><\/ul>\t\t\t\t\t\t\t\t<\/div>\n\t\t\t\t<\/div>\n\t\t<div class=\"elementor-element elementor-element-3f18c4c e-con-full e-flex e-con e-child\" data-id=\"3f18c4c\" data-element_type=\"container\" data-e-type=\"container\">\n\t\t\t\t<div class=\"elementor-element elementor-element-20e2676 elementor-widget elementor-widget-image\" data-id=\"20e2676\" data-element_type=\"widget\" data-e-type=\"widget\" data-widget_type=\"image.default\">\n\t\t\t\t\t\t\t\t\t\t\t\t\t\t\t<img loading=\"lazy\" decoding=\"async\" width=\"751\" height=\"501\" src=\"https:\/\/effisus.com\/wp-content\/uploads\/2025\/12\/Project-Specific-Kitting-1024x683.png\" class=\"attachment-large size-large wp-image-15260\" alt=\"\" srcset=\"https:\/\/effisus.com\/wp-content\/uploads\/2025\/12\/Project-Specific-Kitting-1024x683.png 1024w, https:\/\/effisus.com\/wp-content\/uploads\/2025\/12\/Project-Specific-Kitting-300x200.png 300w, https:\/\/effisus.com\/wp-content\/uploads\/2025\/12\/Project-Specific-Kitting-768x512.png 768w, https:\/\/effisus.com\/wp-content\/uploads\/2025\/12\/Project-Specific-Kitting.png 1248w\" sizes=\"(max-width: 751px) 100vw, 751px\" \/>\t\t\t\t\t\t\t\t\t\t\t\t\t\t\t<\/div>\n\t\t\t\t<div class=\"elementor-element elementor-element-d5e4299 elementor-widget elementor-widget-text-editor\" data-id=\"d5e4299\" data-element_type=\"widget\" data-e-type=\"widget\" data-widget_type=\"text-editor.default\">\n\t\t\t\t\t\t\t\t\t<h3 style=\"text-align: left;\">3. Equipamento espec\u00edfico do projeto<\/h3><h4>Montamos todos os componentes necess\u00e1rios para cada interface:<\/h4><ul class=\"service-list\"><li>Garante que os instaladores recebem exatamente o que precisam<\/li><li>Reduz os riscos de aplica\u00e7\u00e3o incorrecta<\/li><li>Melhora a velocidade e a precis\u00e3o da instala\u00e7\u00e3o<\/li><\/ul>\t\t\t\t\t\t\t\t<\/div>\n\t\t\t\t<\/div>\n\t\t<div class=\"elementor-element elementor-element-d66a7f0 e-con-full e-flex e-con e-child\" data-id=\"d66a7f0\" data-element_type=\"container\" data-e-type=\"container\">\n\t\t\t\t<div class=\"elementor-element elementor-element-74614af elementor-widget elementor-widget-image\" data-id=\"74614af\" data-element_type=\"widget\" data-e-type=\"widget\" data-widget_type=\"image.default\">\n\t\t\t\t\t\t\t\t\t\t\t\t\t\t\t<img loading=\"lazy\" decoding=\"async\" width=\"751\" height=\"501\" src=\"https:\/\/effisus.com\/wp-content\/uploads\/2025\/12\/Bespoke-System-Development-1024x683.jpg\" class=\"attachment-large size-large wp-image-15257\" alt=\"\" srcset=\"https:\/\/effisus.com\/wp-content\/uploads\/2025\/12\/Bespoke-System-Development-1024x683.jpg 1024w, https:\/\/effisus.com\/wp-content\/uploads\/2025\/12\/Bespoke-System-Development-300x200.jpg 300w, https:\/\/effisus.com\/wp-content\/uploads\/2025\/12\/Bespoke-System-Development-768x512.jpg 768w, https:\/\/effisus.com\/wp-content\/uploads\/2025\/12\/Bespoke-System-Development.jpg 1248w\" sizes=\"(max-width: 751px) 100vw, 751px\" \/>\t\t\t\t\t\t\t\t\t\t\t\t\t\t\t<\/div>\n\t\t\t\t<div class=\"elementor-element elementor-element-ca5230d elementor-widget elementor-widget-text-editor\" data-id=\"ca5230d\" data-element_type=\"widget\" data-e-type=\"widget\" data-widget_type=\"text-editor.default\">\n\t\t\t\t\t\t\t\t\t<h3 style=\"text-align: left;\">4. Desenvolvimento de sistemas \u00e0 medida<\/h3><h4>Quando um projeto exige algo totalmente \u00fanico:<\/h4><ul class=\"service-list\"><li>Desenvolvimento conjunto com as equipas de conce\u00e7\u00e3o e engenharia<\/li><li>Aperfei\u00e7oamentos orientados para o desempenho<\/li><li>Testado, validado e totalmente documentado<\/li><\/ul>\t\t\t\t\t\t\t\t<\/div>\n\t\t\t\t<\/div>\n\t\t\t\t<\/div>\n\t\t\t\t<\/div>\n\t\t\t\t<\/div>\n\t\t\t\t\t<\/div>\n\t\t\t\t<\/div>\n\t\t\t\t<\/div>\n\t\t<div class=\"elementor-element elementor-element-474e6c7 section-standard-padding-gap sustainability-section  e-flex e-con-boxed e-con e-parent\" data-id=\"474e6c7\" data-element_type=\"container\" data-e-type=\"container\">\n\t\t\t\t\t<div class=\"e-con-inner\">\n\t\t<div class=\"elementor-element elementor-element-68ba523 e-con-full content-image-container p-0 e-flex e-con e-child\" data-id=\"68ba523\" data-element_type=\"container\" data-e-type=\"container\">\n\t\t<div class=\"elementor-element elementor-element-4cb06ec e-con-full e-flex e-con e-child\" data-id=\"4cb06ec\" data-element_type=\"container\" data-e-type=\"container\">\n\t\t\t\t<div class=\"elementor-element elementor-element-c70ad3c elementor-widget elementor-widget-image\" data-id=\"c70ad3c\" data-element_type=\"widget\" data-e-type=\"widget\" data-widget_type=\"image.default\">\n\t\t\t\t\t\t\t\t\t\t\t\t\t\t\t<img loading=\"lazy\" decoding=\"async\" width=\"751\" height=\"501\" src=\"https:\/\/effisus.com\/wp-content\/uploads\/2025\/11\/Precast-concrete-panels-1024x683.png\" class=\"attachment-large size-large wp-image-9914\" alt=\"\" srcset=\"https:\/\/effisus.com\/wp-content\/uploads\/2025\/11\/Precast-concrete-panels-1024x683.png 1024w, https:\/\/effisus.com\/wp-content\/uploads\/2025\/11\/Precast-concrete-panels-300x200.png 300w, https:\/\/effisus.com\/wp-content\/uploads\/2025\/11\/Precast-concrete-panels-768x512.png 768w, https:\/\/effisus.com\/wp-content\/uploads\/2025\/11\/Precast-concrete-panels.png 1536w\" sizes=\"(max-width: 751px) 100vw, 751px\" \/>\t\t\t\t\t\t\t\t\t\t\t\t\t\t\t<\/div>\n\t\t\t\t<\/div>\n\t\t<div class=\"elementor-element elementor-element-f45cd0f e-con-full sc-text-section e-flex e-con e-child\" data-id=\"f45cd0f\" data-element_type=\"container\" data-e-type=\"container\">\n\t\t\t\t<div class=\"elementor-element elementor-element-0d6cfe7 elementor-widget elementor-widget-text-editor\" data-id=\"0d6cfe7\" data-element_type=\"widget\" data-e-type=\"widget\" data-widget_type=\"text-editor.default\">\n\t\t\t\t\t\t\t\t\t<h2>Vantagens da personaliza\u00e7\u00e3o<\/h2>\n<ul class=\"service-list\">\n \t<li>Minimiza os erros de instala\u00e7\u00e3o<\/li>\n \t<li>Poupan\u00e7a significativa de tempo no local e fora dele<\/li>\n \t<li>Maior consist\u00eancia e durabilidade<\/li>\n \t<li>Melhor alinhamento com a inten\u00e7\u00e3o do projeto arquitet\u00f3nico<\/li>\n<\/ul>\t\t\t\t\t\t\t\t<\/div>\n\t\t\t\t<div class=\"elementor-element elementor-element-dd34f68 secondary-btn elementor-widget elementor-widget-button\" data-id=\"dd34f68\" data-element_type=\"widget\" data-e-type=\"widget\" data-widget_type=\"button.default\">\n\t\t\t\t\t\t\t\t\t\t<a class=\"elementor-button elementor-button-link elementor-size-sm\" href=\"https:\/\/effisus.com\/pt-pt\/contacta-nos\/#effisus-contact-form\">\n\t\t\t\t\t\t<span class=\"elementor-button-content-wrapper\">\n\t\t\t\t\t\t\t\t\t<span class=\"elementor-button-text\">Fala connosco sobre as tuas necessidades de solu\u00e7\u00f5es \u00e0 medida<\/span>\n\t\t\t\t\t<\/span>\n\t\t\t\t\t<\/a>\n\t\t\t\t\t\t\t\t<\/div>\n\t\t\t\t<\/div>\n\t\t\t\t<\/div>\n\t\t\t\t\t<\/div>\n\t\t\t\t<\/div>\n\t\t\t\t<\/div>\n\t\t","protected":false},"excerpt":{"rendered":"<p>Solu\u00e7\u00f5es \u00e0 medida Componentes feitos \u00e0 medida, concebidos para condi\u00e7\u00f5es de projeto \u00fanicas. Cada projeto de constru\u00e7\u00e3o \u00e9 diferente. Desde geometrias irregulares a requisitos de desempenho exigentes, os produtos padr\u00e3o necessitam frequentemente de adapta\u00e7\u00e3o. A Effisus fornece solu\u00e7\u00f5es personalizadas e pr\u00e9-fabricadas que aceleram a instala\u00e7\u00e3o, reduzem o trabalho em obra e minimizam os erros. Simplificando&#8230;<\/p>\n","protected":false},"author":1,"featured_media":0,"parent":0,"menu_order":0,"comment_status":"closed","ping_status":"closed","template":"template-builder.php","meta":{"_acf_changed":false,"_monsterinsights_skip_tracking":false,"_monsterinsights_sitenote_active":false,"_monsterinsights_sitenote_note":"","_monsterinsights_sitenote_category":0,"_uf_show_specific_survey":0,"_uf_disable_surveys":false,"footnotes":""},"class_list":["post-15261","page","type-page","status-publish","hentry","page--item"],"acf":[],"aioseo_notices":[],"_links":{"self":[{"href":"https:\/\/effisus.com\/pt-pt\/wp-json\/wp\/v2\/pages\/15261","targetHints":{"allow":["GET"]}}],"collection":[{"href":"https:\/\/effisus.com\/pt-pt\/wp-json\/wp\/v2\/pages"}],"about":[{"href":"https:\/\/effisus.com\/pt-pt\/wp-json\/wp\/v2\/types\/page"}],"author":[{"embeddable":true,"href":"https:\/\/effisus.com\/pt-pt\/wp-json\/wp\/v2\/users\/1"}],"replies":[{"embeddable":true,"href":"https:\/\/effisus.com\/pt-pt\/wp-json\/wp\/v2\/comments?post=15261"}],"version-history":[{"count":3,"href":"https:\/\/effisus.com\/pt-pt\/wp-json\/wp\/v2\/pages\/15261\/revisions"}],"predecessor-version":[{"id":15404,"href":"https:\/\/effisus.com\/pt-pt\/wp-json\/wp\/v2\/pages\/15261\/revisions\/15404"}],"wp:attachment":[{"href":"https:\/\/effisus.com\/pt-pt\/wp-json\/wp\/v2\/media?parent=15261"}],"curies":[{"name":"wp","href":"https:\/\/api.w.org\/{rel}","templated":true}]}}