
{"id":15247,"date":"2025-12-18T19:13:44","date_gmt":"2025-12-18T19:13:44","guid":{"rendered":"https:\/\/effisus.com\/assistencia-no-local\/"},"modified":"2025-12-20T12:17:37","modified_gmt":"2025-12-20T12:17:37","slug":"assistencia-em-obra","status":"publish","type":"page","link":"https:\/\/effisus.com\/pt-pt\/assistencia-em-obra\/","title":{"rendered":"Assist\u00eancia em obra"},"content":{"rendered":"\t\t<div data-elementor-type=\"wp-page\" data-elementor-id=\"15247\" class=\"elementor elementor-15247 elementor-14967\" data-elementor-post-type=\"page\">\n\t\t\t\t<div class=\"elementor-element elementor-element-ed10786 page-title-container e-con-full e-flex e-con e-parent\" data-id=\"ed10786\" data-element_type=\"container\" data-e-type=\"container\">\n\t\t\t\t<div class=\"elementor-element elementor-element-3fefb52 elementor-widget__width-inherit page-title-container elementor-position-top elementor-widget elementor-widget-image-box\" data-id=\"3fefb52\" data-element_type=\"widget\" data-e-type=\"widget\" data-widget_type=\"image-box.default\">\n\t\t\t\t\t<div class=\"elementor-image-box-wrapper\"><figure class=\"elementor-image-box-img\"><img fetchpriority=\"high\" decoding=\"async\" width=\"1248\" height=\"832\" src=\"https:\/\/effisus.com\/wp-content\/uploads\/2025\/12\/site-assistance.jpg\" class=\"attachment-full size-full wp-image-15241\" alt=\"\" srcset=\"https:\/\/effisus.com\/wp-content\/uploads\/2025\/12\/site-assistance.jpg 1248w, https:\/\/effisus.com\/wp-content\/uploads\/2025\/12\/site-assistance-300x200.jpg 300w, https:\/\/effisus.com\/wp-content\/uploads\/2025\/12\/site-assistance-1024x683.jpg 1024w, https:\/\/effisus.com\/wp-content\/uploads\/2025\/12\/site-assistance-768x512.jpg 768w\" sizes=\"(max-width: 1248px) 100vw, 1248px\" \/><\/figure><div class=\"elementor-image-box-content\"><h1 class=\"elementor-image-box-title\">Assist\u00eancia em obra<\/h1><p class=\"elementor-image-box-description\">Apoio t\u00e9cnico no local para garantir a correta implementa\u00e7\u00e3o.<\/p><\/div><\/div>\t\t\t\t<\/div>\n\t\t\t\t<\/div>\n\t\t<div class=\"elementor-element elementor-element-782b880 e-con-full about-title-content e-flex e-con e-child\" data-id=\"782b880\" data-element_type=\"container\" data-e-type=\"container\">\n\t\t<div class=\"elementor-element elementor-element-4e8d1bf section-standard-padding-gap about-us-content e-flex e-con-boxed e-con e-child\" data-id=\"4e8d1bf\" data-element_type=\"container\" data-e-type=\"container\">\n\t\t\t\t\t<div class=\"e-con-inner\">\n\t\t<div class=\"elementor-element elementor-element-fbddd9b e-con-full about-title-content e-flex e-con e-child\" data-id=\"fbddd9b\" data-element_type=\"container\" data-e-type=\"container\">\n\t\t\t\t<div class=\"elementor-element elementor-element-d12e82c section-title text-center elementor-widget__width-initial elementor-widget elementor-widget-text-editor\" data-id=\"d12e82c\" data-element_type=\"widget\" data-e-type=\"widget\" data-widget_type=\"text-editor.default\">\n\t\t\t\t\t\t\t\t\t<h3>Mesmo a solu\u00e7\u00e3o mais bem concebida tem de ser corretamente instalada para atingir o desempenho desejado.<\/h3>\n<p>Effisus Site Assistance fornece apoio pr\u00e1tico durante toda a fase de constru\u00e7\u00e3o para garantir a qualidade, conformidade e efici\u00eancia do seu projeto.<\/p>\n<strong>Como apoiamos a equipa do teu site:<\/strong>\t\t\t\t\t\t\t\t<\/div>\n\t\t<div class=\"elementor-element elementor-element-e009e09 e-con-full e-flex e-con e-child\" data-id=\"e009e09\" data-element_type=\"container\" data-e-type=\"container\">\n\t\t<div class=\"elementor-element elementor-element-b3944b4 e-grid e-con-full e-con e-child\" data-id=\"b3944b4\" data-element_type=\"container\" data-e-type=\"container\">\n\t\t<div class=\"elementor-element elementor-element-4badc62 e-con-full e-flex e-con e-child\" data-id=\"4badc62\" data-element_type=\"container\" data-e-type=\"container\">\n\t\t\t\t<div class=\"elementor-element elementor-element-1515f1d elementor-widget elementor-widget-image\" data-id=\"1515f1d\" data-element_type=\"widget\" data-e-type=\"widget\" data-widget_type=\"image.default\">\n\t\t\t\t\t\t\t\t\t\t\t\t\t\t\t<img decoding=\"async\" width=\"751\" height=\"501\" src=\"https:\/\/effisus.com\/wp-content\/uploads\/2025\/12\/Pre-Installation-Site-Inspections-1024x683.png\" class=\"attachment-large size-large wp-image-15242\" alt=\"\" srcset=\"https:\/\/effisus.com\/wp-content\/uploads\/2025\/12\/Pre-Installation-Site-Inspections-1024x683.png 1024w, https:\/\/effisus.com\/wp-content\/uploads\/2025\/12\/Pre-Installation-Site-Inspections-300x200.png 300w, https:\/\/effisus.com\/wp-content\/uploads\/2025\/12\/Pre-Installation-Site-Inspections-768x512.png 768w, https:\/\/effisus.com\/wp-content\/uploads\/2025\/12\/Pre-Installation-Site-Inspections.png 1248w\" sizes=\"(max-width: 751px) 100vw, 751px\" \/>\t\t\t\t\t\t\t\t\t\t\t\t\t\t\t<\/div>\n\t\t\t\t<div class=\"elementor-element elementor-element-7cda1c4 elementor-widget elementor-widget-text-editor\" data-id=\"7cda1c4\" data-element_type=\"widget\" data-e-type=\"widget\" data-widget_type=\"text-editor.default\">\n\t\t\t\t\t\t\t\t\t<h3 style=\"text-align: left;\">1. Inspe\u00e7\u00e3o do local antes da instala\u00e7\u00e3o<\/h3><h4>Antes do in\u00edcio do trabalho, Effisus avalia:<\/h4><ul class=\"service-list\"><li>Condi\u00e7\u00f5es do s\u00edtio<\/li><li>Prepara\u00e7\u00e3o do substrato<\/li><li>Coordena\u00e7\u00e3o de interfaces<\/li><li>Factores de risco que exigem atenua\u00e7\u00e3o<\/li><\/ul><p>Os resultados s\u00e3o compilados num<strong> relat\u00f3rio Spec2Site<\/strong> com recomenda\u00e7\u00f5es claras.<\/p>\t\t\t\t\t\t\t\t<\/div>\n\t\t\t\t<\/div>\n\t\t<div class=\"elementor-element elementor-element-ff18ccf e-con-full e-flex e-con e-child\" data-id=\"ff18ccf\" data-element_type=\"container\" data-e-type=\"container\">\n\t\t\t\t<div class=\"elementor-element elementor-element-06efb2c elementor-widget elementor-widget-image\" data-id=\"06efb2c\" data-element_type=\"widget\" data-e-type=\"widget\" data-widget_type=\"image.default\">\n\t\t\t\t\t\t\t\t\t\t\t\t\t\t\t<img decoding=\"async\" width=\"751\" height=\"501\" src=\"https:\/\/effisus.com\/wp-content\/uploads\/2025\/12\/On-Site-Technical-Guidance-1024x683.png\" class=\"attachment-large size-large wp-image-15243\" alt=\"\" srcset=\"https:\/\/effisus.com\/wp-content\/uploads\/2025\/12\/On-Site-Technical-Guidance-1024x683.png 1024w, https:\/\/effisus.com\/wp-content\/uploads\/2025\/12\/On-Site-Technical-Guidance-300x200.png 300w, https:\/\/effisus.com\/wp-content\/uploads\/2025\/12\/On-Site-Technical-Guidance-768x512.png 768w, https:\/\/effisus.com\/wp-content\/uploads\/2025\/12\/On-Site-Technical-Guidance.png 1248w\" sizes=\"(max-width: 751px) 100vw, 751px\" \/>\t\t\t\t\t\t\t\t\t\t\t\t\t\t\t<\/div>\n\t\t\t\t<div class=\"elementor-element elementor-element-18cf25c elementor-widget elementor-widget-text-editor\" data-id=\"18cf25c\" data-element_type=\"widget\" data-e-type=\"widget\" data-widget_type=\"text-editor.default\">\n\t\t\t\t\t\t\t\t\t<h3 style=\"text-align: left;\">2. Orienta\u00e7\u00e3o t\u00e9cnica no local  <\/h3>\n<h4>Os especialistas Effisus assistem diretamente a tua equipa de instala\u00e7\u00e3o:<\/h4>\n<ul class=\"service-list\">\n<li>Clarificar a geometria de pormenor<\/li>\n<li>Aconselhamento sobre a sequ\u00eancia das candidaturas<\/li>\n<li>Apoio a \u00e1reas dif\u00edceis ou condi\u00e7\u00f5es n\u00e3o normalizadas<\/li>\n<\/ul>\t\t\t\t\t\t\t\t<\/div>\n\t\t\t\t<\/div>\n\t\t<div class=\"elementor-element elementor-element-3f18c4c e-con-full e-flex e-con e-child\" data-id=\"3f18c4c\" data-element_type=\"container\" data-e-type=\"container\">\n\t\t\t\t<div class=\"elementor-element elementor-element-20e2676 elementor-widget elementor-widget-image\" data-id=\"20e2676\" data-element_type=\"widget\" data-e-type=\"widget\" data-widget_type=\"image.default\">\n\t\t\t\t\t\t\t\t\t\t\t\t\t\t\t<img loading=\"lazy\" decoding=\"async\" width=\"751\" height=\"501\" src=\"https:\/\/effisus.com\/wp-content\/uploads\/2025\/12\/On-Site-Mock-Ups-Offsite-Tests-1024x683.png\" class=\"attachment-large size-large wp-image-15244\" alt=\"\" srcset=\"https:\/\/effisus.com\/wp-content\/uploads\/2025\/12\/On-Site-Mock-Ups-Offsite-Tests-1024x683.png 1024w, https:\/\/effisus.com\/wp-content\/uploads\/2025\/12\/On-Site-Mock-Ups-Offsite-Tests-300x200.png 300w, https:\/\/effisus.com\/wp-content\/uploads\/2025\/12\/On-Site-Mock-Ups-Offsite-Tests-768x512.png 768w, https:\/\/effisus.com\/wp-content\/uploads\/2025\/12\/On-Site-Mock-Ups-Offsite-Tests.png 1248w\" sizes=\"(max-width: 751px) 100vw, 751px\" \/>\t\t\t\t\t\t\t\t\t\t\t\t\t\t\t<\/div>\n\t\t\t\t<div class=\"elementor-element elementor-element-d5e4299 elementor-widget elementor-widget-text-editor\" data-id=\"d5e4299\" data-element_type=\"widget\" data-e-type=\"widget\" data-widget_type=\"text-editor.default\">\n\t\t\t\t\t\t\t\t\t<h3 style=\"text-align: left;\">3. Maquetas no local e testes fora do local  <\/h3>\n<h4 style=\"font-weight:normal !important\">O suporte de testes em grande escala e as maquetas no local garantem que as solu\u00e7\u00f5es funcionam como previsto antes da implementa\u00e7\u00e3o total:<\/h4>\n\t\t\t\t\t\t\t\t<\/div>\n\t\t\t\t<\/div>\n\t\t<div class=\"elementor-element elementor-element-d66a7f0 e-con-full e-flex e-con e-child\" data-id=\"d66a7f0\" data-element_type=\"container\" data-e-type=\"container\">\n\t\t\t\t<div class=\"elementor-element elementor-element-74614af elementor-widget elementor-widget-image\" data-id=\"74614af\" data-element_type=\"widget\" data-e-type=\"widget\" data-widget_type=\"image.default\">\n\t\t\t\t\t\t\t\t\t\t\t\t\t\t\t<img loading=\"lazy\" decoding=\"async\" width=\"751\" height=\"501\" src=\"https:\/\/effisus.com\/wp-content\/uploads\/2025\/12\/Installation-Support-During-Construction-1024x683.png\" class=\"attachment-large size-large wp-image-15245\" alt=\"\" srcset=\"https:\/\/effisus.com\/wp-content\/uploads\/2025\/12\/Installation-Support-During-Construction-1024x683.png 1024w, https:\/\/effisus.com\/wp-content\/uploads\/2025\/12\/Installation-Support-During-Construction-300x200.png 300w, https:\/\/effisus.com\/wp-content\/uploads\/2025\/12\/Installation-Support-During-Construction-768x512.png 768w, https:\/\/effisus.com\/wp-content\/uploads\/2025\/12\/Installation-Support-During-Construction.png 1248w\" sizes=\"(max-width: 751px) 100vw, 751px\" \/>\t\t\t\t\t\t\t\t\t\t\t\t\t\t\t<\/div>\n\t\t\t\t<div class=\"elementor-element elementor-element-ca5230d elementor-widget elementor-widget-text-editor\" data-id=\"ca5230d\" data-element_type=\"widget\" data-e-type=\"widget\" data-widget_type=\"text-editor.default\">\n\t\t\t\t\t\t\t\t\t<h3 style=\"text-align: left;\">4. Apoio \u00e0 instala\u00e7\u00e3o durante a constru\u00e7\u00e3o<\/h3>\n<h4>Assist\u00eancia pr\u00e1tica na supervis\u00e3o do local para:<\/h4>\n<ul class=\"service-list\">\n<li>Valida\u00e7\u00e3o de aplica\u00e7\u00f5es de produtos<\/li>\n<li>Revis\u00e3o dos pormenores da selagem<\/li>\n<li>Orienta\u00e7\u00f5es sobre a utiliza\u00e7\u00e3o correta de prim\u00e1rios, colas e acess\u00f3rios<\/li>\n<li>Identifica\u00e7\u00e3o das varia\u00e7\u00f5es cr\u00edticas do projeto inicial de impermeabiliza\u00e7\u00e3o<\/li>\n<li>Emitir relat\u00f3rios de visita ao local para valida\u00e7\u00e3o e\/ou orienta\u00e7\u00e3o de corre\u00e7\u00e3o<\/li>\n<\/ul>\t\t\t\t\t\t\t\t<\/div>\n\t\t\t\t<\/div>\n\t\t<div class=\"elementor-element elementor-element-6ac45cc e-con-full e-flex e-con e-child\" data-id=\"6ac45cc\" data-element_type=\"container\" data-e-type=\"container\">\n\t\t\t\t<div class=\"elementor-element elementor-element-823ddaf elementor-widget elementor-widget-image\" data-id=\"823ddaf\" data-element_type=\"widget\" data-e-type=\"widget\" data-widget_type=\"image.default\">\n\t\t\t\t\t\t\t\t\t\t\t\t\t\t\t<img loading=\"lazy\" decoding=\"async\" width=\"751\" height=\"501\" src=\"https:\/\/effisus.com\/wp-content\/uploads\/2025\/12\/Inspection-During-Building-Operation-1024x683.png\" class=\"attachment-large size-large wp-image-15246\" alt=\"\" srcset=\"https:\/\/effisus.com\/wp-content\/uploads\/2025\/12\/Inspection-During-Building-Operation-1024x683.png 1024w, https:\/\/effisus.com\/wp-content\/uploads\/2025\/12\/Inspection-During-Building-Operation-300x200.png 300w, https:\/\/effisus.com\/wp-content\/uploads\/2025\/12\/Inspection-During-Building-Operation-768x512.png 768w, https:\/\/effisus.com\/wp-content\/uploads\/2025\/12\/Inspection-During-Building-Operation.png 1248w\" sizes=\"(max-width: 751px) 100vw, 751px\" \/>\t\t\t\t\t\t\t\t\t\t\t\t\t\t\t<\/div>\n\t\t\t\t<div class=\"elementor-element elementor-element-896136c elementor-widget elementor-widget-text-editor\" data-id=\"896136c\" data-element_type=\"widget\" data-e-type=\"widget\" data-widget_type=\"text-editor.default\">\n\t\t\t\t\t\t\t\t\t<h3 style=\"text-align: left;\">5. Inspe\u00e7\u00e3o durante o funcionamento do edif\u00edcio<\/h3>\n<h4>Apoio p\u00f3s-transfer\u00eancia para:<\/h4>\n<ul class=\"service-list\">\n<li>Avalia\u00e7\u00f5es corretoras<\/li>\n<li>Verifica\u00e7\u00f5es de desempenho<\/li>\n<li>Avalia\u00e7\u00f5es de manuten\u00e7\u00e3o<\/li>\n<\/ul>\t\t\t\t\t\t\t\t<\/div>\n\t\t\t\t<\/div>\n\t\t\t\t<\/div>\n\t\t\t\t<\/div>\n\t\t\t\t<\/div>\n\t\t\t\t\t<\/div>\n\t\t\t\t<\/div>\n\t\t\t\t<\/div>\n\t\t<div class=\"elementor-element elementor-element-474e6c7 section-standard-padding-gap sustainability-section  e-flex e-con-boxed e-con e-parent\" data-id=\"474e6c7\" data-element_type=\"container\" data-e-type=\"container\">\n\t\t\t\t\t<div class=\"e-con-inner\">\n\t\t<div class=\"elementor-element elementor-element-68ba523 e-con-full content-image-container p-0 e-flex e-con e-child\" data-id=\"68ba523\" data-element_type=\"container\" data-e-type=\"container\">\n\t\t<div class=\"elementor-element elementor-element-4cb06ec e-con-full e-flex e-con e-child\" data-id=\"4cb06ec\" data-element_type=\"container\" data-e-type=\"container\">\n\t\t\t\t<div class=\"elementor-element elementor-element-c70ad3c elementor-widget elementor-widget-image\" data-id=\"c70ad3c\" data-element_type=\"widget\" data-e-type=\"widget\" data-widget_type=\"image.default\">\n\t\t\t\t\t\t\t\t\t\t\t\t\t\t\t<img loading=\"lazy\" decoding=\"async\" width=\"751\" height=\"501\" src=\"https:\/\/effisus.com\/wp-content\/uploads\/2025\/11\/Precast-concrete-panels-1024x683.png\" class=\"attachment-large size-large wp-image-9914\" alt=\"\" srcset=\"https:\/\/effisus.com\/wp-content\/uploads\/2025\/11\/Precast-concrete-panels-1024x683.png 1024w, https:\/\/effisus.com\/wp-content\/uploads\/2025\/11\/Precast-concrete-panels-300x200.png 300w, https:\/\/effisus.com\/wp-content\/uploads\/2025\/11\/Precast-concrete-panels-768x512.png 768w, https:\/\/effisus.com\/wp-content\/uploads\/2025\/11\/Precast-concrete-panels.png 1536w\" sizes=\"(max-width: 751px) 100vw, 751px\" \/>\t\t\t\t\t\t\t\t\t\t\t\t\t\t\t<\/div>\n\t\t\t\t<\/div>\n\t\t<div class=\"elementor-element elementor-element-f45cd0f e-con-full sc-text-section e-flex e-con e-child\" data-id=\"f45cd0f\" data-element_type=\"container\" data-e-type=\"container\">\n\t\t\t\t<div class=\"elementor-element elementor-element-0d6cfe7 elementor-widget elementor-widget-text-editor\" data-id=\"0d6cfe7\" data-element_type=\"widget\" data-e-type=\"widget\" data-widget_type=\"text-editor.default\">\n\t\t\t\t\t\t\t\t\t<h2>Porque \u00e9 que a Assist\u00eancia ao Site Effisus \u00e9 importante<\/h2>\n<p>\n<\/p><ul class=\"service-list\">\n<li>Reduz os erros de instala\u00e7\u00e3o<\/li>\n<li>Evita atrasos devido a retrabalho<\/li>\n<li>Melhora o desempenho do edif\u00edcio a longo prazo<\/li>\n<li>Proporciona paz de esp\u00edrito aos propriet\u00e1rios, empreiteiros e consultores<\/li>\n<\/ul>\n\t\t\t\t\t\t\t\t<\/div>\n\t\t\t\t<div class=\"elementor-element elementor-element-dd34f68 secondary-btn elementor-widget elementor-widget-button\" data-id=\"dd34f68\" data-element_type=\"widget\" data-e-type=\"widget\" data-widget_type=\"button.default\">\n\t\t\t\t\t\t\t\t\t\t<a class=\"elementor-button elementor-button-link elementor-size-sm\" href=\"https:\/\/effisus.com\/pt-pt\/contacta-nos\/#effisus-contact-form\">\n\t\t\t\t\t\t<span class=\"elementor-button-content-wrapper\">\n\t\t\t\t\t\t\t\t\t<span class=\"elementor-button-text\">Solicita uma visita ao local ou uma sess\u00e3o de forma\u00e7\u00e3o no local<\/span>\n\t\t\t\t\t<\/span>\n\t\t\t\t\t<\/a>\n\t\t\t\t\t\t\t\t<\/div>\n\t\t\t\t<\/div>\n\t\t\t\t<\/div>\n\t\t\t\t\t<\/div>\n\t\t\t\t<\/div>\n\t\t<div class=\"elementor-element elementor-element-697e785 e-flex e-con-boxed e-con e-parent\" data-id=\"697e785\" data-element_type=\"container\" data-e-type=\"container\">\n\t\t\t\t\t<div class=\"e-con-inner\">\n\t\t\t\t\t<\/div>\n\t\t\t\t<\/div>\n\t\t\t\t<\/div>\n\t\t","protected":false},"excerpt":{"rendered":"<p>Assist\u00eancia em obra Apoio t\u00e9cnico no local para garantir a correta implementa\u00e7\u00e3o. Mesmo a solu\u00e7\u00e3o mais bem concebida tem de ser corretamente instalada para atingir o desempenho desejado. Effisus Site Assistance fornece apoio pr\u00e1tico durante toda a fase de constru\u00e7\u00e3o para garantir a qualidade, conformidade e efici\u00eancia do seu projeto. Como apoiamos a equipa do&#8230;<\/p>\n","protected":false},"author":1,"featured_media":0,"parent":0,"menu_order":0,"comment_status":"closed","ping_status":"closed","template":"template-builder.php","meta":{"_acf_changed":false,"_monsterinsights_skip_tracking":false,"_monsterinsights_sitenote_active":false,"_monsterinsights_sitenote_note":"","_monsterinsights_sitenote_category":0,"_uf_show_specific_survey":0,"_uf_disable_surveys":false,"footnotes":""},"class_list":["post-15247","page","type-page","status-publish","hentry","page--item"],"acf":[],"aioseo_notices":[],"_links":{"self":[{"href":"https:\/\/effisus.com\/pt-pt\/wp-json\/wp\/v2\/pages\/15247","targetHints":{"allow":["GET"]}}],"collection":[{"href":"https:\/\/effisus.com\/pt-pt\/wp-json\/wp\/v2\/pages"}],"about":[{"href":"https:\/\/effisus.com\/pt-pt\/wp-json\/wp\/v2\/types\/page"}],"author":[{"embeddable":true,"href":"https:\/\/effisus.com\/pt-pt\/wp-json\/wp\/v2\/users\/1"}],"replies":[{"embeddable":true,"href":"https:\/\/effisus.com\/pt-pt\/wp-json\/wp\/v2\/comments?post=15247"}],"version-history":[{"count":4,"href":"https:\/\/effisus.com\/pt-pt\/wp-json\/wp\/v2\/pages\/15247\/revisions"}],"predecessor-version":[{"id":15398,"href":"https:\/\/effisus.com\/pt-pt\/wp-json\/wp\/v2\/pages\/15247\/revisions\/15398"}],"wp:attachment":[{"href":"https:\/\/effisus.com\/pt-pt\/wp-json\/wp\/v2\/media?parent=15247"}],"curies":[{"name":"wp","href":"https:\/\/api.w.org\/{rel}","templated":true}]}}