
{"id":15236,"date":"2025-12-19T16:38:53","date_gmt":"2025-12-19T16:38:53","guid":{"rendered":"https:\/\/effisus.com\/formacao-e-cpds\/"},"modified":"2025-12-20T11:59:12","modified_gmt":"2025-12-20T11:59:12","slug":"formacao-e-desenvolvimento-pessoal-continuo","status":"publish","type":"page","link":"https:\/\/effisus.com\/pt-pt\/formacao-e-desenvolvimento-pessoal-continuo\/","title":{"rendered":"Forma\u00e7\u00e3o e desenvolvimento pessoal cont\u00ednuo"},"content":{"rendered":"\t\t<div data-elementor-type=\"wp-page\" data-elementor-id=\"15236\" class=\"elementor elementor-15236 elementor-15197\" data-elementor-post-type=\"page\">\n\t\t\t\t<div class=\"elementor-element elementor-element-ed10786 page-title-container e-con-full e-flex e-con e-parent\" data-id=\"ed10786\" data-element_type=\"container\" data-e-type=\"container\">\n\t\t\t\t<div class=\"elementor-element elementor-element-3fefb52 elementor-widget__width-inherit page-title-container elementor-position-top elementor-widget elementor-widget-image-box\" data-id=\"3fefb52\" data-element_type=\"widget\" data-e-type=\"widget\" data-widget_type=\"image-box.default\">\n\t\t\t\t\t<div class=\"elementor-image-box-wrapper\"><figure class=\"elementor-image-box-img\"><img fetchpriority=\"high\" decoding=\"async\" width=\"1248\" height=\"832\" src=\"https:\/\/effisus.com\/wp-content\/uploads\/2025\/12\/training-cpds.jpg\" class=\"attachment-full size-full wp-image-15235\" alt=\"\" srcset=\"https:\/\/effisus.com\/wp-content\/uploads\/2025\/12\/training-cpds.jpg 1248w, https:\/\/effisus.com\/wp-content\/uploads\/2025\/12\/training-cpds-300x200.jpg 300w, https:\/\/effisus.com\/wp-content\/uploads\/2025\/12\/training-cpds-1024x683.jpg 1024w, https:\/\/effisus.com\/wp-content\/uploads\/2025\/12\/training-cpds-768x512.jpg 768w\" sizes=\"(max-width: 1248px) 100vw, 1248px\" \/><\/figure><div class=\"elementor-image-box-content\"><h1 class=\"elementor-image-box-title\">Forma\u00e7\u00e3o e desenvolvimento pessoal cont\u00ednuo<\/h1><p class=\"elementor-image-box-description\">Conhecimento que capacita equipas de design, instaladores e profissionais da ind\u00fastria.<\/p><\/div><\/div>\t\t\t\t<\/div>\n\t\t\t\t<\/div>\n\t\t<div class=\"elementor-element elementor-element-782b880 e-con-full about-title-content e-flex e-con e-child\" data-id=\"782b880\" data-element_type=\"container\" data-e-type=\"container\">\n\t\t<div class=\"elementor-element elementor-element-4e8d1bf section-standard-padding-gap about-us-content e-flex e-con-boxed e-con e-child\" data-id=\"4e8d1bf\" data-element_type=\"container\" data-e-type=\"container\">\n\t\t\t\t\t<div class=\"e-con-inner\">\n\t\t<div class=\"elementor-element elementor-element-fbddd9b e-con-full about-title-content e-flex e-con e-child\" data-id=\"fbddd9b\" data-element_type=\"container\" data-e-type=\"container\">\n\t\t\t\t<div class=\"elementor-element elementor-element-d12e82c section-title text-center elementor-widget__width-initial elementor-widget elementor-widget-text-editor\" data-id=\"d12e82c\" data-element_type=\"widget\" data-e-type=\"widget\" data-widget_type=\"text-editor.default\">\n\t\t\t\t\t\t\t\t\t<h3>A Effisus est\u00e1 empenhada em fazer avan\u00e7ar a ind\u00fastria da constru\u00e7\u00e3o atrav\u00e9s da educa\u00e7\u00e3o.<\/h3>\n<p>Os nossos programas de forma\u00e7\u00e3o e CPDs acreditados equipam os profissionais com os conhecimentos necess\u00e1rios para conceber e implementar solu\u00e7\u00f5es fi\u00e1veis de impermeabiliza\u00e7\u00e3o &#8211; melhorando a qualidade em todas as fases do projeto.<\/p>\n<p><strong>Formatos de forma\u00e7\u00e3o oferecidos:<\/strong><\/p>\t\t\t\t\t\t\t\t<\/div>\n\t\t<div class=\"elementor-element elementor-element-e009e09 e-con-full e-flex e-con e-child\" data-id=\"e009e09\" data-element_type=\"container\" data-e-type=\"container\">\n\t\t<div class=\"elementor-element elementor-element-b3944b4 e-grid e-con-full e-con e-child\" data-id=\"b3944b4\" data-element_type=\"container\" data-e-type=\"container\">\n\t\t<div class=\"elementor-element elementor-element-4badc62 e-con-full e-flex e-con e-child\" data-id=\"4badc62\" data-element_type=\"container\" data-e-type=\"container\">\n\t\t\t\t<div class=\"elementor-element elementor-element-1515f1d elementor-widget elementor-widget-image\" data-id=\"1515f1d\" data-element_type=\"widget\" data-e-type=\"widget\" data-widget_type=\"image.default\">\n\t\t\t\t\t\t\t\t\t\t\t\t\t\t\t<img decoding=\"async\" width=\"751\" height=\"501\" src=\"https:\/\/effisus.com\/wp-content\/uploads\/2025\/12\/RIBA-Approved-CPDs-2-1024x683.jpg\" class=\"attachment-large size-large wp-image-15367\" alt=\"\" srcset=\"https:\/\/effisus.com\/wp-content\/uploads\/2025\/12\/RIBA-Approved-CPDs-2-1024x683.jpg 1024w, https:\/\/effisus.com\/wp-content\/uploads\/2025\/12\/RIBA-Approved-CPDs-2-300x200.jpg 300w, https:\/\/effisus.com\/wp-content\/uploads\/2025\/12\/RIBA-Approved-CPDs-2-768x512.jpg 768w, https:\/\/effisus.com\/wp-content\/uploads\/2025\/12\/RIBA-Approved-CPDs-2.jpg 1248w\" sizes=\"(max-width: 751px) 100vw, 751px\" \/>\t\t\t\t\t\t\t\t\t\t\t\t\t\t\t<\/div>\n\t\t\t\t<div class=\"elementor-element elementor-element-7cda1c4 elementor-widget elementor-widget-text-editor\" data-id=\"7cda1c4\" data-element_type=\"widget\" data-e-type=\"widget\" data-widget_type=\"text-editor.default\">\n\t\t\t\t\t\t\t\t\t<h3 style=\"text-align: left;\">1. CPDs aprovados pelo RIBA<\/h3>\n<h4>Entrega em linha ou pessoalmente:<\/h4>\n<ul class=\"service-list\">\n<li>Foco nas melhores pr\u00e1ticas de impermeabiliza\u00e7\u00e3o de fachadas e telhados<\/li>\n<li>Fornece cr\u00e9ditos de educa\u00e7\u00e3o cont\u00ednua<\/li>\n<li>Ideal para arquitectos e projectistas<\/li>\n<\/ul>\t\t\t\t\t\t\t\t<\/div>\n\t\t\t\t<\/div>\n\t\t<div class=\"elementor-element elementor-element-ff18ccf e-con-full e-flex e-con e-child\" data-id=\"ff18ccf\" data-element_type=\"container\" data-e-type=\"container\">\n\t\t\t\t<div class=\"elementor-element elementor-element-06efb2c elementor-widget elementor-widget-image\" data-id=\"06efb2c\" data-element_type=\"widget\" data-e-type=\"widget\" data-widget_type=\"image.default\">\n\t\t\t\t\t\t\t\t\t\t\t\t\t\t\t<img decoding=\"async\" width=\"751\" height=\"501\" src=\"https:\/\/effisus.com\/wp-content\/uploads\/2025\/12\/technical-workshops-1024x683.jpg\" class=\"attachment-large size-large wp-image-15368\" alt=\"\" srcset=\"https:\/\/effisus.com\/wp-content\/uploads\/2025\/12\/technical-workshops-1024x683.jpg 1024w, https:\/\/effisus.com\/wp-content\/uploads\/2025\/12\/technical-workshops-300x200.jpg 300w, https:\/\/effisus.com\/wp-content\/uploads\/2025\/12\/technical-workshops-768x512.jpg 768w, https:\/\/effisus.com\/wp-content\/uploads\/2025\/12\/technical-workshops.jpg 1248w\" sizes=\"(max-width: 751px) 100vw, 751px\" \/>\t\t\t\t\t\t\t\t\t\t\t\t\t\t\t<\/div>\n\t\t\t\t<div class=\"elementor-element elementor-element-18cf25c elementor-widget elementor-widget-text-editor\" data-id=\"18cf25c\" data-element_type=\"widget\" data-e-type=\"widget\" data-widget_type=\"text-editor.default\">\n\t\t\t\t\t\t\t\t\t<h3 style=\"text-align: left;\">2. Workshops t\u00e9cnicos<\/h3>\n<h4>Experi\u00eancias de aprendizagem interactivas que abrangem:<\/h4>\n<ul class=\"service-list\">\n \t<li>Princ\u00edpios de impermeabiliza\u00e7\u00e3o<\/li>\n \t<li>T\u00e9cnicas de pormenoriza\u00e7\u00e3o<\/li>\n \t<li>Sele\u00e7\u00e3o do sistema e crit\u00e9rios de desempenho<\/li>\n<\/ul>\t\t\t\t\t\t\t\t<\/div>\n\t\t\t\t<\/div>\n\t\t<div class=\"elementor-element elementor-element-3f18c4c e-con-full e-flex e-con e-child\" data-id=\"3f18c4c\" data-element_type=\"container\" data-e-type=\"container\">\n\t\t\t\t<div class=\"elementor-element elementor-element-20e2676 elementor-widget elementor-widget-image\" data-id=\"20e2676\" data-element_type=\"widget\" data-e-type=\"widget\" data-widget_type=\"image.default\">\n\t\t\t\t\t\t\t\t\t\t\t\t\t\t\t<img loading=\"lazy\" decoding=\"async\" width=\"751\" height=\"501\" src=\"https:\/\/effisus.com\/wp-content\/uploads\/2025\/12\/installer-training-1024x683.jpg\" class=\"attachment-large size-large wp-image-15369\" alt=\"\" srcset=\"https:\/\/effisus.com\/wp-content\/uploads\/2025\/12\/installer-training-1024x683.jpg 1024w, https:\/\/effisus.com\/wp-content\/uploads\/2025\/12\/installer-training-300x200.jpg 300w, https:\/\/effisus.com\/wp-content\/uploads\/2025\/12\/installer-training-768x512.jpg 768w, https:\/\/effisus.com\/wp-content\/uploads\/2025\/12\/installer-training.jpg 1248w\" sizes=\"(max-width: 751px) 100vw, 751px\" \/>\t\t\t\t\t\t\t\t\t\t\t\t\t\t\t<\/div>\n\t\t\t\t<div class=\"elementor-element elementor-element-d5e4299 elementor-widget elementor-widget-text-editor\" data-id=\"d5e4299\" data-element_type=\"widget\" data-e-type=\"widget\" data-widget_type=\"text-editor.default\">\n\t\t\t\t\t\t\t\t\t<h3 style=\"text-align: left;\">3. Forma\u00e7\u00e3o de instaladores<\/h3>\n<h4 style=\"font-weight: normal !important;\">Sess\u00f5es pr\u00e1ticas para empreiteiros e instaladores:<\/h4>\n<ul class=\"service-list\">\n \t<li>Utiliza\u00e7\u00e3o correta de membranas, colas e acess\u00f3rios<\/li>\n \t<li>Sequenciamento correto e acabamento detalhado<\/li>\n \t<li>Certifica\u00e7\u00e3o da equipa de instala\u00e7\u00e3o<\/li>\n<\/ul>\t\t\t\t\t\t\t\t<\/div>\n\t\t\t\t<\/div>\n\t\t<div class=\"elementor-element elementor-element-d66a7f0 e-con-full e-flex e-con e-child\" data-id=\"d66a7f0\" data-element_type=\"container\" data-e-type=\"container\">\n\t\t\t\t<div class=\"elementor-element elementor-element-74614af elementor-widget elementor-widget-image\" data-id=\"74614af\" data-element_type=\"widget\" data-e-type=\"widget\" data-widget_type=\"image.default\">\n\t\t\t\t\t\t\t\t\t\t\t\t\t\t\t<img loading=\"lazy\" decoding=\"async\" width=\"751\" height=\"501\" src=\"https:\/\/effisus.com\/wp-content\/uploads\/2025\/12\/weatherproofing-meetings-1024x683.jpg\" class=\"attachment-large size-large wp-image-15370\" alt=\"\" srcset=\"https:\/\/effisus.com\/wp-content\/uploads\/2025\/12\/weatherproofing-meetings-1024x683.jpg 1024w, https:\/\/effisus.com\/wp-content\/uploads\/2025\/12\/weatherproofing-meetings-300x200.jpg 300w, https:\/\/effisus.com\/wp-content\/uploads\/2025\/12\/weatherproofing-meetings-768x512.jpg 768w, https:\/\/effisus.com\/wp-content\/uploads\/2025\/12\/weatherproofing-meetings.jpg 1248w\" sizes=\"(max-width: 751px) 100vw, 751px\" \/>\t\t\t\t\t\t\t\t\t\t\t\t\t\t\t<\/div>\n\t\t\t\t<div class=\"elementor-element elementor-element-ca5230d elementor-widget elementor-widget-text-editor\" data-id=\"ca5230d\" data-element_type=\"widget\" data-e-type=\"widget\" data-widget_type=\"text-editor.default\">\n\t\t\t\t\t\t\t\t\t<h3 style=\"text-align: left;\">4. Reuni\u00f5es de impermeabiliza\u00e7\u00e3o<\/h3>\n<h4>Sess\u00f5es digitais curtas e direcionadas:<\/h4>\n<ul class=\"service-list\">\n<li>Para equipas de projeto<\/li>\n<li>Concentra-te em detalhes espec\u00edficos, desafios ou solu\u00e7\u00f5es<\/li>\n<\/ul>\t\t\t\t\t\t\t\t<\/div>\n\t\t\t\t<\/div>\n\t\t<div class=\"elementor-element elementor-element-6ac45cc e-con-full e-flex e-con e-child\" data-id=\"6ac45cc\" data-element_type=\"container\" data-e-type=\"container\">\n\t\t\t\t<div class=\"elementor-element elementor-element-823ddaf elementor-widget elementor-widget-image\" data-id=\"823ddaf\" data-element_type=\"widget\" data-e-type=\"widget\" data-widget_type=\"image.default\">\n\t\t\t\t\t\t\t\t\t\t\t\t\t\t\t<img loading=\"lazy\" decoding=\"async\" width=\"751\" height=\"501\" src=\"https:\/\/effisus.com\/wp-content\/uploads\/2025\/12\/industry-engagement-1024x683.jpg\" class=\"attachment-large size-large wp-image-15371\" alt=\"\" srcset=\"https:\/\/effisus.com\/wp-content\/uploads\/2025\/12\/industry-engagement-1024x683.jpg 1024w, https:\/\/effisus.com\/wp-content\/uploads\/2025\/12\/industry-engagement-300x200.jpg 300w, https:\/\/effisus.com\/wp-content\/uploads\/2025\/12\/industry-engagement-768x512.jpg 768w, https:\/\/effisus.com\/wp-content\/uploads\/2025\/12\/industry-engagement.jpg 1248w\" sizes=\"(max-width: 751px) 100vw, 751px\" \/>\t\t\t\t\t\t\t\t\t\t\t\t\t\t\t<\/div>\n\t\t\t\t<div class=\"elementor-element elementor-element-896136c elementor-widget elementor-widget-text-editor\" data-id=\"896136c\" data-element_type=\"widget\" data-e-type=\"widget\" data-widget_type=\"text-editor.default\">\n\t\t\t\t\t\t\t\t\t<h3 style=\"text-align: left;\">5. Envolvimento da ind\u00fastria<\/h3><h4>Os especialistas da Effisus d\u00e3o regularmente palestras em:<\/h4><ul class=\"service-list\"><li>Universidades<\/li><li>Confer\u00eancias do sector<\/li><li>Eventos de tecnologia e inova\u00e7\u00e3o<\/li><\/ul>\t\t\t\t\t\t\t\t<\/div>\n\t\t\t\t<\/div>\n\t\t\t\t<\/div>\n\t\t\t\t<\/div>\n\t\t\t\t<\/div>\n\t\t\t\t\t<\/div>\n\t\t\t\t<\/div>\n\t\t\t\t<\/div>\n\t\t<div class=\"elementor-element elementor-element-474e6c7 section-standard-padding-gap sustainability-section  e-flex e-con-boxed e-con e-parent\" data-id=\"474e6c7\" data-element_type=\"container\" data-e-type=\"container\">\n\t\t\t\t\t<div class=\"e-con-inner\">\n\t\t<div class=\"elementor-element elementor-element-68ba523 e-con-full content-image-container p-0 e-flex e-con e-child\" data-id=\"68ba523\" data-element_type=\"container\" data-e-type=\"container\">\n\t\t<div class=\"elementor-element elementor-element-4cb06ec e-con-full e-flex e-con e-child\" data-id=\"4cb06ec\" data-element_type=\"container\" data-e-type=\"container\">\n\t\t\t\t<div class=\"elementor-element elementor-element-c70ad3c elementor-widget elementor-widget-image\" data-id=\"c70ad3c\" data-element_type=\"widget\" data-e-type=\"widget\" data-widget_type=\"image.default\">\n\t\t\t\t\t\t\t\t\t\t\t\t\t\t\t<img loading=\"lazy\" decoding=\"async\" width=\"751\" height=\"501\" src=\"https:\/\/effisus.com\/wp-content\/uploads\/2025\/11\/Precast-concrete-panels-1024x683.png\" class=\"attachment-large size-large wp-image-9914\" alt=\"\" srcset=\"https:\/\/effisus.com\/wp-content\/uploads\/2025\/11\/Precast-concrete-panels-1024x683.png 1024w, https:\/\/effisus.com\/wp-content\/uploads\/2025\/11\/Precast-concrete-panels-300x200.png 300w, https:\/\/effisus.com\/wp-content\/uploads\/2025\/11\/Precast-concrete-panels-768x512.png 768w, https:\/\/effisus.com\/wp-content\/uploads\/2025\/11\/Precast-concrete-panels.png 1536w\" sizes=\"(max-width: 751px) 100vw, 751px\" \/>\t\t\t\t\t\t\t\t\t\t\t\t\t\t\t<\/div>\n\t\t\t\t<\/div>\n\t\t<div class=\"elementor-element elementor-element-f45cd0f e-con-full sc-text-section e-flex e-con e-child\" data-id=\"f45cd0f\" data-element_type=\"container\" data-e-type=\"container\">\n\t\t\t\t<div class=\"elementor-element elementor-element-0d6cfe7 elementor-widget elementor-widget-text-editor\" data-id=\"0d6cfe7\" data-element_type=\"widget\" data-e-type=\"widget\" data-widget_type=\"text-editor.default\">\n\t\t\t\t\t\t\t\t\t<h2>Porque \u00e9 que a forma\u00e7\u00e3o \u00e9 importante<\/h2>\n<p>Equipas instru\u00eddas tomam melhores decis\u00f5es, reduzem os riscos do projeto, s\u00e3o mais eficientes e melhoram os resultados finais. A forma\u00e7\u00e3o Effisus equipa os profissionais com conhecimentos b\u00e1sicos e t\u00e9cnicas avan\u00e7adas para a impermeabiliza\u00e7\u00e3o de envelopes de edif\u00edcios de alto desempenho. <\/p>\t\t\t\t\t\t\t\t<\/div>\n\t\t\t\t<div class=\"elementor-element elementor-element-dd34f68 secondary-btn elementor-widget elementor-widget-button\" data-id=\"dd34f68\" data-element_type=\"widget\" data-e-type=\"widget\" data-widget_type=\"button.default\">\n\t\t\t\t\t\t\t\t\t\t<a class=\"elementor-button elementor-button-link elementor-size-sm\" href=\"https:\/\/effisus.com\/pt-pt\/contacta-nos\/#effisus-contact-form\">\n\t\t\t\t\t\t<span class=\"elementor-button-content-wrapper\">\n\t\t\t\t\t\t\t\t\t<span class=\"elementor-button-text\">Marca uma sess\u00e3o de forma\u00e7\u00e3o ou CPD<\/span>\n\t\t\t\t\t<\/span>\n\t\t\t\t\t<\/a>\n\t\t\t\t\t\t\t\t<\/div>\n\t\t\t\t<\/div>\n\t\t\t\t<\/div>\n\t\t\t\t\t<\/div>\n\t\t\t\t<\/div>\n\t\t<div class=\"elementor-element elementor-element-697e785 e-flex e-con-boxed e-con e-parent\" data-id=\"697e785\" data-element_type=\"container\" data-e-type=\"container\">\n\t\t\t\t\t<div class=\"e-con-inner\">\n\t\t\t\t\t<\/div>\n\t\t\t\t<\/div>\n\t\t\t\t<\/div>\n\t\t","protected":false},"excerpt":{"rendered":"<p>Forma\u00e7\u00e3o e desenvolvimento pessoal cont\u00ednuo Conhecimento que capacita equipas de design, instaladores e profissionais da ind\u00fastria. A Effisus est\u00e1 empenhada em fazer avan\u00e7ar a ind\u00fastria da constru\u00e7\u00e3o atrav\u00e9s da educa\u00e7\u00e3o. Os nossos programas de forma\u00e7\u00e3o e CPDs acreditados equipam os profissionais com os conhecimentos necess\u00e1rios para conceber e implementar solu\u00e7\u00f5es fi\u00e1veis de impermeabiliza\u00e7\u00e3o &#8211; melhorando&#8230;<\/p>\n","protected":false},"author":1,"featured_media":0,"parent":0,"menu_order":0,"comment_status":"closed","ping_status":"closed","template":"template-builder.php","meta":{"_acf_changed":false,"_monsterinsights_skip_tracking":false,"_monsterinsights_sitenote_active":false,"_monsterinsights_sitenote_note":"","_monsterinsights_sitenote_category":0,"_uf_show_specific_survey":0,"_uf_disable_surveys":false,"footnotes":""},"class_list":["post-15236","page","type-page","status-publish","hentry","page--item"],"acf":[],"aioseo_notices":[],"_links":{"self":[{"href":"https:\/\/effisus.com\/pt-pt\/wp-json\/wp\/v2\/pages\/15236","targetHints":{"allow":["GET"]}}],"collection":[{"href":"https:\/\/effisus.com\/pt-pt\/wp-json\/wp\/v2\/pages"}],"about":[{"href":"https:\/\/effisus.com\/pt-pt\/wp-json\/wp\/v2\/types\/page"}],"author":[{"embeddable":true,"href":"https:\/\/effisus.com\/pt-pt\/wp-json\/wp\/v2\/users\/1"}],"replies":[{"embeddable":true,"href":"https:\/\/effisus.com\/pt-pt\/wp-json\/wp\/v2\/comments?post=15236"}],"version-history":[{"count":10,"href":"https:\/\/effisus.com\/pt-pt\/wp-json\/wp\/v2\/pages\/15236\/revisions"}],"predecessor-version":[{"id":15391,"href":"https:\/\/effisus.com\/pt-pt\/wp-json\/wp\/v2\/pages\/15236\/revisions\/15391"}],"wp:attachment":[{"href":"https:\/\/effisus.com\/pt-pt\/wp-json\/wp\/v2\/media?parent=15236"}],"curies":[{"name":"wp","href":"https:\/\/api.w.org\/{rel}","templated":true}]}}