
{"id":10683,"date":"2025-10-29T13:21:51","date_gmt":"2025-10-29T13:21:51","guid":{"rendered":"https:\/\/effisus.com\/product\/adhesivo-effisus-bonding-kfp\/"},"modified":"2025-12-17T10:26:04","modified_gmt":"2025-12-17T10:26:04","slug":"effisus-bonding-kfp-adhesive","status":"publish","type":"product","link":"https:\/\/effisus.com\/es\/product\/effisus-bonding-kfp-adhesive\/","title":{"rendered":"Effisus Bonding KFP Adhesive"},"content":{"rendered":"\t\t<div data-elementor-type=\"wp-post\" data-elementor-id=\"10683\" class=\"elementor elementor-10683 elementor-7501\" data-elementor-post-type=\"product\">\n\t\t\t\t<div class=\"elementor-element elementor-element-5c1734c section-standard-padding-gap product-detail-hero-section e-flex e-con-boxed e-con e-parent\" data-id=\"5c1734c\" data-element_type=\"container\" data-e-type=\"container\">\n\t\t\t\t\t<div class=\"e-con-inner\">\n\t\t<div class=\"elementor-element elementor-element-aefafa2 e-con-full product-feature-image e-flex e-con e-child\" data-id=\"aefafa2\" data-element_type=\"container\" data-e-type=\"container\">\n\t\t\t\t<div class=\"elementor-element elementor-element-9cf802d elementor-widget elementor-widget-theme-post-featured-image elementor-widget-image\" data-id=\"9cf802d\" data-element_type=\"widget\" data-e-type=\"widget\" data-widget_type=\"theme-post-featured-image.default\">\n\t\t\t\t\t\t\t\t\t\t\t\t\t\t\t<img fetchpriority=\"high\" decoding=\"async\" width=\"751\" height=\"500\" src=\"https:\/\/effisus.com\/wp-content\/uploads\/2025\/10\/Boundingkfp_64-2-1024x682.png\" class=\"attachment-large size-large wp-image-10687\" alt=\"\" srcset=\"https:\/\/effisus.com\/wp-content\/uploads\/2025\/10\/Boundingkfp_64-2-1024x682.png 1024w, https:\/\/effisus.com\/wp-content\/uploads\/2025\/10\/Boundingkfp_64-2-300x200.png 300w, https:\/\/effisus.com\/wp-content\/uploads\/2025\/10\/Boundingkfp_64-2-768x512.png 768w, https:\/\/effisus.com\/wp-content\/uploads\/2025\/10\/Boundingkfp_64-2-1536x1024.png 1536w, https:\/\/effisus.com\/wp-content\/uploads\/2025\/10\/Boundingkfp_64-2.png 2000w\" sizes=\"(max-width: 751px) 100vw, 751px\" \/>\t\t\t\t\t\t\t\t\t\t\t\t\t\t\t<\/div>\n\t\t\t\t<\/div>\n\t\t<div class=\"elementor-element elementor-element-bfa2b51 e-con-full e-flex e-con e-child\" data-id=\"bfa2b51\" data-element_type=\"container\" data-e-type=\"container\">\n\t\t<div class=\"elementor-element elementor-element-f1599ee e-con-full product-hero-content e-flex e-con e-child\" data-id=\"f1599ee\" data-element_type=\"container\" data-e-type=\"container\">\n\t\t\t\t<div class=\"elementor-element elementor-element-3f7f403 product-title elementor-widget elementor-widget-theme-post-title elementor-page-title elementor-widget-heading\" data-id=\"3f7f403\" data-element_type=\"widget\" data-e-type=\"widget\" data-widget_type=\"theme-post-title.default\">\n\t\t\t\t\t<h1 class=\"elementor-heading-title elementor-size-default\">Effisus Bonding KFP Adhesive<\/h1>\t\t\t\t<\/div>\n\t\t<div class=\"elementor-element elementor-element-9e4f135 e-con-full product-sort-desc e-flex e-con e-child\" data-id=\"9e4f135\" data-element_type=\"container\" data-e-type=\"container\">\n\t\t\t\t<div class=\"elementor-element elementor-element-08fea93 elementor-widget elementor-widget-heading\" data-id=\"08fea93\" data-element_type=\"widget\" data-e-type=\"widget\" data-widget_type=\"heading.default\">\n\t\t\t\t\t<h3 class=\"elementor-heading-title elementor-size-default\">Adhesivo resistente a los rayos UV para membranas de fachada  <\/h3>\t\t\t\t<\/div>\n\t\t\t\t<div class=\"elementor-element elementor-element-3f4cee2 elementor-widget elementor-widget-text-editor\" data-id=\"3f4cee2\" data-element_type=\"widget\" data-e-type=\"widget\" data-widget_type=\"text-editor.default\">\n\t\t\t\t\t\t\t\t\t<p>Las juntas de fachada y las conexiones de membrana est\u00e1n expuestas a la luz solar, los cambios de temperatura y la humedad, lo que puede debilitar la adherencia y comprometer la impermeabilizaci\u00f3n. El adhesivo Effisus Bonding KFP ofrece una soluci\u00f3n potente y resistente a los rayos UV que se adhiere firmemente al hormig\u00f3n, el metal y otras superficies comunes de construcci\u00f3n. <\/p>\t\t\t\t\t\t\t\t<\/div>\n\t\t\t\t<div class=\"elementor-element elementor-element-f0c0314 product-details-open-btn elementor-widget elementor-widget-button\" data-id=\"f0c0314\" data-element_type=\"widget\" data-e-type=\"widget\" data-widget_type=\"button.default\">\n\t\t\t\t\t\t\t\t\t\t<a class=\"elementor-button elementor-button-link elementor-size-sm\" href=\"#\">\n\t\t\t\t\t\t<span class=\"elementor-button-content-wrapper\">\n\t\t\t\t\t\t<span class=\"elementor-button-icon\">\n\t\t\t\t<svg xmlns=\"http:\/\/www.w3.org\/2000\/svg\" width=\"24\" height=\"24\" viewBox=\"0 0 24 24\" fill=\"none\"><path d=\"M14.8297 11.2899L10.5897 7.04995C10.4967 6.95622 10.3861 6.88183 10.2643 6.83106C10.1424 6.78029 10.0117 6.75415 9.8797 6.75415C9.74769 6.75415 9.61698 6.78029 9.49512 6.83106C9.37326 6.88183 9.26266 6.95622 9.1697 7.04995C8.98345 7.23731 8.87891 7.49076 8.87891 7.75495C8.87891 8.01913 8.98345 8.27259 9.1697 8.45995L12.7097 11.9999L9.1697 15.5399C8.98345 15.7273 8.87891 15.9808 8.87891 16.2449C8.87891 16.5091 8.98345 16.7626 9.1697 16.9499C9.26314 17.0426 9.37395 17.116 9.49579 17.1657C9.61763 17.2155 9.74809 17.2407 9.8797 17.2399C10.0113 17.2407 10.1418 17.2155 10.2636 17.1657C10.3854 17.116 10.4963 17.0426 10.5897 16.9499L14.8297 12.7099C14.9234 12.617 14.9978 12.5064 15.0486 12.3845C15.0994 12.2627 15.1255 12.132 15.1255 11.9999C15.1255 11.8679 15.0994 11.7372 15.0486 11.6154C14.9978 11.4935 14.9234 11.3829 14.8297 11.2899Z\" fill=\"#0C4651\"><\/path><\/svg>\t\t\t<\/span>\n\t\t\t\t\t\t\t\t\t<span class=\"elementor-button-text\">Leer m\u00e1s<\/span>\n\t\t\t\t\t<\/span>\n\t\t\t\t\t<\/a>\n\t\t\t\t\t\t\t\t<\/div>\n\t\t\t\t<\/div>\n\t\t<div class=\"elementor-element elementor-element-b19b5ef e-con-full product-certifacate-list e-flex e-con e-child\" data-id=\"b19b5ef\" data-element_type=\"container\" data-e-type=\"container\">\n\t\t\t\t<\/div>\n\t\t\t\t<\/div>\n\t\t\t\t<\/div>\n\t\t\t\t\t<\/div>\n\t\t\t\t<\/div>\n\t\t<div class=\"elementor-element elementor-element-7d5e4bc container-gap-16 product-details-tabs-wrapper e-flex e-con-boxed e-con e-parent\" data-id=\"7d5e4bc\" data-element_type=\"container\" data-e-type=\"container\">\n\t\t\t\t\t<div class=\"e-con-inner\">\n\t\t\t\t<div class=\"elementor-element elementor-element-2676a12 e-n-tabs-mobile elementor-widget elementor-widget-n-tabs\" data-id=\"2676a12\" data-element_type=\"widget\" data-e-type=\"widget\" data-settings=\"{&quot;horizontal_scroll&quot;:&quot;disable&quot;}\" data-widget_type=\"nested-tabs.default\">\n\t\t\t\t\t\t\t<div class=\"e-n-tabs\" data-widget-number=\"40331794\" aria-label=\"Pesta\u00f1as. Abre elementos con Intro o Espacio, ci\u00e9rralos con Escape y navega con las fechas.\">\n\t\t\t<div class=\"e-n-tabs-heading\" role=\"tablist\">\n\t\t\t\t\t<button id=\"application-examples-tab\" data-tab-title-id=\"e-n-tab-title-403317941\" class=\"e-n-tab-title\" aria-selected=\"true\" data-tab-index=\"1\" role=\"tab\" tabindex=\"0\" aria-controls=\"e-n-tab-content-403317941\" style=\"--n-tabs-title-order: 1;\">\n\t\t\t\t\t\t<span class=\"e-n-tab-title-text\">\n\t\t\t\tEjemplos de aplicaci\u00f3n\t\t\t<\/span>\n\t\t<\/button>\n\t\t\t\t<button id=\"product-description-tab\" data-tab-title-id=\"e-n-tab-title-403317942\" class=\"e-n-tab-title\" aria-selected=\"false\" data-tab-index=\"2\" role=\"tab\" tabindex=\"-1\" aria-controls=\"e-n-tab-content-403317942\" style=\"--n-tabs-title-order: 2;\">\n\t\t\t\t\t\t<span class=\"e-n-tab-title-text\">\n\t\t\t\tDescripci\u00f3n del producto\t\t\t<\/span>\n\t\t<\/button>\n\t\t\t\t<button id=\"technical-data\" data-tab-title-id=\"e-n-tab-title-403317943\" class=\"e-n-tab-title\" aria-selected=\"false\" data-tab-index=\"3\" role=\"tab\" tabindex=\"-1\" aria-controls=\"e-n-tab-content-403317943\" style=\"--n-tabs-title-order: 3;\">\n\t\t\t\t\t\t<span class=\"e-n-tab-title-text\">\n\t\t\t\tDatos t\u00e9cnicos\t\t\t<\/span>\n\t\t<\/button>\n\t\t\t\t<button id=\"downloads-tab\" data-tab-title-id=\"e-n-tab-title-403317944\" class=\"e-n-tab-title\" aria-selected=\"false\" data-tab-index=\"4\" role=\"tab\" tabindex=\"-1\" aria-controls=\"e-n-tab-content-403317944\" style=\"--n-tabs-title-order: 4;\">\n\t\t\t\t\t\t<span class=\"e-n-tab-title-text\">\n\t\t\t\tDescargas\t\t\t<\/span>\n\t\t<\/button>\n\t\t\t\t\t<\/div>\n\t\t\t<div class=\"e-n-tabs-content\">\n\t\t\t\t<div id=\"e-n-tab-content-403317941\" role=\"tabpanel\" aria-labelledby=\"application-examples-tab\" data-tab-index=\"1\" style=\"--n-tabs-title-order: 1;\" class=\"e-active elementor-element elementor-element-9526ea0 e-con-full e-flex e-con e-child\" data-id=\"9526ea0\" data-element_type=\"container\" data-e-type=\"container\">\n\t\t<div class=\"elementor-element elementor-element-1aeeb05 e-con-full img-video-card-listing e-flex e-con e-child\" data-id=\"1aeeb05\" data-element_type=\"container\" data-e-type=\"container\">\n\t\t\t\t<div class=\"elementor-element elementor-element-4839a24 elementor-position-top elementor-widget elementor-widget-image-box\" data-id=\"4839a24\" data-element_type=\"widget\" data-e-type=\"widget\" data-widget_type=\"image-box.default\">\n\t\t\t\t\t<div class=\"elementor-image-box-wrapper\"><figure class=\"elementor-image-box-img\"><img decoding=\"async\" width=\"1024\" height=\"1024\" src=\"https:\/\/effisus.com\/wp-content\/uploads\/2025\/11\/Bonding-of-facade-membranes-overlapping-joints.png\" class=\"attachment-full size-full wp-image-10689\" alt=\"\" srcset=\"https:\/\/effisus.com\/wp-content\/uploads\/2025\/11\/Bonding-of-facade-membranes-overlapping-joints.png 1024w, https:\/\/effisus.com\/wp-content\/uploads\/2025\/11\/Bonding-of-facade-membranes-overlapping-joints-300x300.png 300w, https:\/\/effisus.com\/wp-content\/uploads\/2025\/11\/Bonding-of-facade-membranes-overlapping-joints-150x150.png 150w, https:\/\/effisus.com\/wp-content\/uploads\/2025\/11\/Bonding-of-facade-membranes-overlapping-joints-768x768.png 768w, https:\/\/effisus.com\/wp-content\/uploads\/2025\/11\/Bonding-of-facade-membranes-overlapping-joints-80x80.png 80w, https:\/\/effisus.com\/wp-content\/uploads\/2025\/11\/Bonding-of-facade-membranes-overlapping-joints-580x580.png 580w, https:\/\/effisus.com\/wp-content\/uploads\/2025\/11\/Bonding-of-facade-membranes-overlapping-joints-85x85.png 85w\" sizes=\"(max-width: 1024px) 100vw, 1024px\" \/><\/figure><div class=\"elementor-image-box-content\"><p class=\"elementor-image-box-title\">Uni\u00f3n de juntas superpuestas de membranas de fachada<\/p><\/div><\/div>\t\t\t\t<\/div>\n\t\t\t\t<div class=\"elementor-element elementor-element-1602b01 elementor-position-top elementor-widget elementor-widget-image-box\" data-id=\"1602b01\" data-element_type=\"widget\" data-e-type=\"widget\" data-widget_type=\"image-box.default\">\n\t\t\t\t\t<div class=\"elementor-image-box-wrapper\"><figure class=\"elementor-image-box-img\"><img decoding=\"async\" width=\"960\" height=\"1280\" src=\"https:\/\/effisus.com\/wp-content\/uploads\/2025\/11\/Bonding-to-concrete.jpeg\" class=\"attachment-full size-full wp-image-10690\" alt=\"\" srcset=\"https:\/\/effisus.com\/wp-content\/uploads\/2025\/11\/Bonding-to-concrete.jpeg 960w, https:\/\/effisus.com\/wp-content\/uploads\/2025\/11\/Bonding-to-concrete-225x300.jpeg 225w, https:\/\/effisus.com\/wp-content\/uploads\/2025\/11\/Bonding-to-concrete-768x1024.jpeg 768w\" sizes=\"(max-width: 960px) 100vw, 960px\" \/><\/figure><div class=\"elementor-image-box-content\"><p class=\"elementor-image-box-title\">Adhesi\u00f3n al hormig\u00f3n<\/p><\/div><\/div>\t\t\t\t<\/div>\n\t\t\t\t<div class=\"elementor-element elementor-element-cd10c6a elementor-position-top elementor-widget elementor-widget-image-box\" data-id=\"cd10c6a\" data-element_type=\"widget\" data-e-type=\"widget\" data-widget_type=\"image-box.default\">\n\t\t\t\t\t<div class=\"elementor-image-box-wrapper\"><figure class=\"elementor-image-box-img\"><img loading=\"lazy\" decoding=\"async\" width=\"1024\" height=\"1536\" src=\"https:\/\/effisus.com\/wp-content\/uploads\/2025\/11\/Bonding-to-metal-2.png\" class=\"attachment-full size-full wp-image-10691\" alt=\"\" srcset=\"https:\/\/effisus.com\/wp-content\/uploads\/2025\/11\/Bonding-to-metal-2.png 1024w, https:\/\/effisus.com\/wp-content\/uploads\/2025\/11\/Bonding-to-metal-2-200x300.png 200w, https:\/\/effisus.com\/wp-content\/uploads\/2025\/11\/Bonding-to-metal-2-683x1024.png 683w, https:\/\/effisus.com\/wp-content\/uploads\/2025\/11\/Bonding-to-metal-2-768x1152.png 768w\" sizes=\"(max-width: 1024px) 100vw, 1024px\" \/><\/figure><div class=\"elementor-image-box-content\"><p class=\"elementor-image-box-title\">Adhesi\u00f3n al metal<\/p><\/div><\/div>\t\t\t\t<\/div>\n\t\t\t\t<\/div>\n\t\t\t\t<\/div>\n\t\t<div id=\"e-n-tab-content-403317942\" role=\"tabpanel\" aria-labelledby=\"product-description-tab\" data-tab-index=\"2\" style=\"--n-tabs-title-order: 2;\" class=\" elementor-element elementor-element-125ef14 e-con-full e-flex e-con e-child\" data-id=\"125ef14\" data-element_type=\"container\" data-e-type=\"container\">\n\t\t\t\t<div class=\"elementor-element elementor-element-d18fd1f elementor-widget elementor-widget-text-editor\" data-id=\"d18fd1f\" data-element_type=\"widget\" data-e-type=\"widget\" data-widget_type=\"text-editor.default\">\n\t\t\t\t\t\t\t\t\t<p>Las juntas de la fachada y las conexiones de la membrana est\u00e1n expuestas continuamente a la luz solar, los cambios de temperatura y la humedad, factores que pueden debilitar la adherencia y comprometer la impermeabilizaci\u00f3n con el tiempo. Mantener una uni\u00f3n duradera, flexible e impermeable en estas condiciones exigentes es fundamental para el buen funcionamiento de la fachada a largo plazo. <\/p><p>El adhesivo Effisus Bonding KFP ofrece una soluci\u00f3n potente y resistente a los rayos UV que se adhiere firmemente al hormig\u00f3n, el metal y otros materiales de construcci\u00f3n comunes. Su excelente adherencia e impermeabilidad lo hacen ideal para sustratos rugosos, irregulares o h\u00famedos, mientras que su elasticidad permanente se adapta a los movimientos estructurales y la dilataci\u00f3n t\u00e9rmica sin perder su integridad. <\/p><p>Probado y certificado como parte del sistema Effisus ProFlex FR, el adhesivo Effisus Bonding KFP es la opci\u00f3n fiable para garantizar uniones duraderas de membranas de fachada.<\/p>\t\t\t\t\t\t\t\t<\/div>\n\t\t\t\t<\/div>\n\t\t<div id=\"e-n-tab-content-403317943\" role=\"tabpanel\" aria-labelledby=\"technical-data\" data-tab-index=\"3\" style=\"--n-tabs-title-order: 3;\" class=\" elementor-element elementor-element-f4e584e e-con-full e-flex e-con e-child\" data-id=\"f4e584e\" data-element_type=\"container\" data-e-type=\"container\">\n\t\t\t\t<div class=\"elementor-element elementor-element-1dcd824 elementor-widget elementor-widget-text-editor\" data-id=\"1dcd824\" data-element_type=\"widget\" data-e-type=\"widget\" data-widget_type=\"text-editor.default\">\n\t\t\t\t\t\t\t\t\t<table class=\"tableizer-table\">\n<thead><tr class=\"tableizer-firstrow\"><th>Valor<\/th> <th>est\u00e1ndar<\/th> <th>de la propiedad<\/th><\/tr><\/thead><tbody>\n <tr><td>Base<\/td> <td>:<\/td> <td>caucho de estireno, con base en disolvente.<\/td><\/tr>\n <tr><td>Color<\/td> <td>&#8211;<\/td> <td>Negro<\/td><\/tr>\n <tr><td>Viscosidad<\/td> <td>&#8211;<\/td> <td>Pastosa<\/td><\/tr>\n <tr><td>Temperatura de aplicaci\u00f3n<\/td> <td>:<\/td> <td>de -5 \u00b0C a +35 \u00b0C<\/td><\/tr>\n <tr><td>Densidad<\/td> <td>:<\/td> <td>1,0 g\/cm\u00b3<\/td><\/tr>\n <tr><td>Contenido de s\u00f3lidos (en peso)<\/td> <td>:<\/td> <td>75%<\/td><\/tr>\n <tr><td>Tiempo de destello \/ tiempo de espera<\/td> <td>&#8211;<\/td> <td>30 segundos<\/td><\/tr>\n <tr><td>Tiempo de apertura<\/td> <td>:<\/td> <td>10 minutos<\/td><\/tr>\n <tr><td>Consumo<\/td> <td>:<\/td> <td>200-300 g\/m\u00b2<\/td><\/tr>\n<\/tbody><\/table>\t\t\t\t\t\t\t\t<\/div>\n\t\t\t\t<\/div>\n\t\t<div id=\"e-n-tab-content-403317944\" role=\"tabpanel\" aria-labelledby=\"downloads-tab\" data-tab-index=\"4\" style=\"--n-tabs-title-order: 4;\" class=\" elementor-element elementor-element-8002284 e-con-full e-flex e-con e-child\" data-id=\"8002284\" data-element_type=\"container\" data-e-type=\"container\">\n\t\t<div class=\"elementor-element elementor-element-1dc5bfc e-con-full file-listing-wrp e-flex e-con e-child\" data-id=\"1dc5bfc\" data-element_type=\"container\" data-e-type=\"container\">\n\t\t<div class=\"elementor-element elementor-element-81f5fc7 e-con-full file-item e-flex e-con e-child\" data-id=\"81f5fc7\" data-element_type=\"container\" data-e-type=\"container\">\n\t\t<div class=\"elementor-element elementor-element-2996296 e-con-full file-name-box e-flex e-con e-child\" data-id=\"2996296\" data-element_type=\"container\" data-e-type=\"container\">\n\t\t\t\t<div class=\"elementor-element elementor-element-919a627 elementor-view-default elementor-widget elementor-widget-icon\" data-id=\"919a627\" data-element_type=\"widget\" data-e-type=\"widget\" data-widget_type=\"icon.default\">\n\t\t\t\t\t\t\t<div class=\"elementor-icon-wrapper\">\n\t\t\t<div class=\"elementor-icon\">\n\t\t\t<svg xmlns=\"http:\/\/www.w3.org\/2000\/svg\" width=\"22\" height=\"28\" viewBox=\"0 0 22 28\" fill=\"none\"><path d=\"M4.33398 0.916626H12.3818C12.4994 0.932681 12.6128 0.97091 12.7158 1.02991L12.791 1.07288L12.876 1.06116C12.8812 1.06043 12.8864 1.06143 12.8916 1.06116C12.9875 1.11032 13.0772 1.17036 13.1562 1.24377H13.1572L21.1572 9.24377C21.2291 9.32121 21.2882 9.40893 21.3369 9.50256V9.6012L21.3506 9.63928C21.3828 9.73496 21.4047 9.83404 21.417 9.9342V23.3336C21.4169 24.328 21.0224 25.2818 20.3193 25.985C19.6161 26.6882 18.6616 27.0836 17.667 27.0836H4.33398C3.3395 27.0836 2.38586 26.6881 1.68262 25.985C0.979432 25.2818 0.58407 24.3281 0.583984 23.3336V4.66663C0.583984 3.67206 0.979356 2.71852 1.68262 2.01526C2.38588 1.312 3.33942 0.916626 4.33398 0.916626ZM4.33398 3.08362C3.91406 3.08362 3.51178 3.25055 3.21484 3.54749C2.91791 3.84442 2.75098 4.2467 2.75098 4.66663V23.3336C2.75106 23.7534 2.91799 24.1559 3.21484 24.4528C3.51176 24.7496 3.91413 24.9166 4.33398 24.9166H17.667C18.0869 24.9166 18.4902 24.7497 18.7871 24.4528C19.0839 24.1559 19.2509 23.7533 19.251 23.3336V11.0836H15.001C14.0064 11.0836 13.0519 10.6882 12.3486 9.98499C11.6456 9.28182 11.2511 8.32799 11.251 7.33362V3.08362H4.33398ZM7.00098 19.5836H15.001C15.2882 19.5837 15.5635 19.6979 15.7666 19.901C15.9697 20.1041 16.084 20.3794 16.084 20.6666C16.084 20.9539 15.9697 21.2291 15.7666 21.4323C15.5635 21.6353 15.2882 21.7495 15.001 21.7496H7.00098C6.71366 21.7496 6.43754 21.6354 6.23438 21.4323C6.03141 21.2291 5.91699 20.9538 5.91699 20.6666C5.91699 20.3795 6.03141 20.1041 6.23438 19.901C6.43754 19.6978 6.71366 19.5836 7.00098 19.5836ZM7.00098 14.2496H15.001C15.2881 14.2497 15.5635 14.364 15.7666 14.567C15.9698 14.7702 16.084 15.0463 16.084 15.3336C16.0839 15.6208 15.9697 15.8962 15.7666 16.0992C15.5635 16.3023 15.2882 16.4165 15.001 16.4166H7.00098C6.71366 16.4166 6.43754 16.3024 6.23438 16.0992C6.03139 15.8962 5.91708 15.6207 5.91699 15.3336C5.91699 15.0463 6.03121 14.7702 6.23438 14.567C6.43754 14.3639 6.71366 14.2496 7.00098 14.2496ZM7.00098 8.91663H8.33398C8.62123 8.91663 8.89646 9.03095 9.09961 9.23401C9.3027 9.4371 9.41691 9.71243 9.41699 9.99963C9.41699 10.287 9.30277 10.5631 9.09961 10.7662C8.89648 10.9692 8.62115 11.0836 8.33398 11.0836H7.00098C6.71366 11.0836 6.43754 10.9694 6.23438 10.7662C6.03121 10.5631 5.91699 10.287 5.91699 9.99963C5.91708 9.71251 6.03139 9.43708 6.23438 9.23401C6.43754 9.03084 6.71366 8.91663 7.00098 8.91663ZM13.417 7.33362C13.4171 7.75335 13.5841 8.15592 13.8809 8.45276C14.1778 8.74969 14.5811 8.91663 15.001 8.91663H17.7246L17.2979 8.48987L13.8438 5.03674L13.417 4.60999V7.33362Z\" fill=\"#0C4651\" stroke=\"white\" stroke-width=\"0.5\"><\/path><\/svg>\t\t\t<\/div>\n\t\t<\/div>\n\t\t\t\t\t\t<\/div>\n\t\t\t\t<div class=\"elementor-element elementor-element-8268127 elementor-widget elementor-widget-heading\" data-id=\"8268127\" data-element_type=\"widget\" data-e-type=\"widget\" data-widget_type=\"heading.default\">\n\t\t\t\t\t<span class=\"elementor-heading-title elementor-size-default\">Ficha t\u00e9cnica<\/span>\t\t\t\t<\/div>\n\t\t\t\t<\/div>\n\t\t\t\t<div class=\"elementor-element elementor-element-02b36a2 primary-btn download-file-btn elementor-widget elementor-widget-button\" data-id=\"02b36a2\" data-element_type=\"widget\" data-e-type=\"widget\" data-widget_type=\"button.default\">\n\t\t\t\t\t\t\t\t\t\t<a class=\"elementor-button elementor-button-link elementor-size-sm\" href=\"\/wp-content\/uploads\/2025\/12\/TDS-13.V00_Bonding-KFP_ES.pdf\">\n\t\t\t\t\t\t<span class=\"elementor-button-content-wrapper\">\n\t\t\t\t\t\t\t\t\t<span class=\"elementor-button-text\">Descarga<\/span>\n\t\t\t\t\t<\/span>\n\t\t\t\t\t<\/a>\n\t\t\t\t\t\t\t\t<\/div>\n\t\t\t\t<\/div>\n\t\t<div class=\"elementor-element elementor-element-0911cd1 e-con-full file-item e-flex e-con e-child\" data-id=\"0911cd1\" data-element_type=\"container\" data-e-type=\"container\">\n\t\t<div class=\"elementor-element elementor-element-81bb451 e-con-full file-name-box e-flex e-con e-child\" data-id=\"81bb451\" data-element_type=\"container\" data-e-type=\"container\">\n\t\t\t\t<div class=\"elementor-element elementor-element-da082aa elementor-view-default elementor-widget elementor-widget-icon\" data-id=\"da082aa\" data-element_type=\"widget\" data-e-type=\"widget\" data-widget_type=\"icon.default\">\n\t\t\t\t\t\t\t<div class=\"elementor-icon-wrapper\">\n\t\t\t<div class=\"elementor-icon\">\n\t\t\t<svg xmlns=\"http:\/\/www.w3.org\/2000\/svg\" width=\"22\" height=\"28\" viewBox=\"0 0 22 28\" fill=\"none\"><path d=\"M4.33398 0.916626H12.3818C12.4994 0.932681 12.6128 0.97091 12.7158 1.02991L12.791 1.07288L12.876 1.06116C12.8812 1.06043 12.8864 1.06143 12.8916 1.06116C12.9875 1.11032 13.0772 1.17036 13.1562 1.24377H13.1572L21.1572 9.24377C21.2291 9.32121 21.2882 9.40893 21.3369 9.50256V9.6012L21.3506 9.63928C21.3828 9.73496 21.4047 9.83404 21.417 9.9342V23.3336C21.4169 24.328 21.0224 25.2818 20.3193 25.985C19.6161 26.6882 18.6616 27.0836 17.667 27.0836H4.33398C3.3395 27.0836 2.38586 26.6881 1.68262 25.985C0.979432 25.2818 0.58407 24.3281 0.583984 23.3336V4.66663C0.583984 3.67206 0.979356 2.71852 1.68262 2.01526C2.38588 1.312 3.33942 0.916626 4.33398 0.916626ZM4.33398 3.08362C3.91406 3.08362 3.51178 3.25055 3.21484 3.54749C2.91791 3.84442 2.75098 4.2467 2.75098 4.66663V23.3336C2.75106 23.7534 2.91799 24.1559 3.21484 24.4528C3.51176 24.7496 3.91413 24.9166 4.33398 24.9166H17.667C18.0869 24.9166 18.4902 24.7497 18.7871 24.4528C19.0839 24.1559 19.2509 23.7533 19.251 23.3336V11.0836H15.001C14.0064 11.0836 13.0519 10.6882 12.3486 9.98499C11.6456 9.28182 11.2511 8.32799 11.251 7.33362V3.08362H4.33398ZM7.00098 19.5836H15.001C15.2882 19.5837 15.5635 19.6979 15.7666 19.901C15.9697 20.1041 16.084 20.3794 16.084 20.6666C16.084 20.9539 15.9697 21.2291 15.7666 21.4323C15.5635 21.6353 15.2882 21.7495 15.001 21.7496H7.00098C6.71366 21.7496 6.43754 21.6354 6.23438 21.4323C6.03141 21.2291 5.91699 20.9538 5.91699 20.6666C5.91699 20.3795 6.03141 20.1041 6.23438 19.901C6.43754 19.6978 6.71366 19.5836 7.00098 19.5836ZM7.00098 14.2496H15.001C15.2881 14.2497 15.5635 14.364 15.7666 14.567C15.9698 14.7702 16.084 15.0463 16.084 15.3336C16.0839 15.6208 15.9697 15.8962 15.7666 16.0992C15.5635 16.3023 15.2882 16.4165 15.001 16.4166H7.00098C6.71366 16.4166 6.43754 16.3024 6.23438 16.0992C6.03139 15.8962 5.91708 15.6207 5.91699 15.3336C5.91699 15.0463 6.03121 14.7702 6.23438 14.567C6.43754 14.3639 6.71366 14.2496 7.00098 14.2496ZM7.00098 8.91663H8.33398C8.62123 8.91663 8.89646 9.03095 9.09961 9.23401C9.3027 9.4371 9.41691 9.71243 9.41699 9.99963C9.41699 10.287 9.30277 10.5631 9.09961 10.7662C8.89648 10.9692 8.62115 11.0836 8.33398 11.0836H7.00098C6.71366 11.0836 6.43754 10.9694 6.23438 10.7662C6.03121 10.5631 5.91699 10.287 5.91699 9.99963C5.91708 9.71251 6.03139 9.43708 6.23438 9.23401C6.43754 9.03084 6.71366 8.91663 7.00098 8.91663ZM13.417 7.33362C13.4171 7.75335 13.5841 8.15592 13.8809 8.45276C14.1778 8.74969 14.5811 8.91663 15.001 8.91663H17.7246L17.2979 8.48987L13.8438 5.03674L13.417 4.60999V7.33362Z\" fill=\"#0C4651\" stroke=\"white\" stroke-width=\"0.5\"><\/path><\/svg>\t\t\t<\/div>\n\t\t<\/div>\n\t\t\t\t\t\t<\/div>\n\t\t\t\t<div class=\"elementor-element elementor-element-848451b elementor-widget elementor-widget-heading\" data-id=\"848451b\" data-element_type=\"widget\" data-e-type=\"widget\" data-widget_type=\"heading.default\">\n\t\t\t\t\t<span class=\"elementor-heading-title elementor-size-default\">Hoja de datos de seguridad<\/span>\t\t\t\t<\/div>\n\t\t\t\t<\/div>\n\t\t\t\t<div class=\"elementor-element elementor-element-648af47 primary-btn download-file-btn elementor-widget elementor-widget-button\" data-id=\"648af47\" data-element_type=\"widget\" data-e-type=\"widget\" data-widget_type=\"button.default\">\n\t\t\t\t\t\t\t\t\t\t<a class=\"elementor-button elementor-button-link elementor-size-sm\" href=\"\/wp-content\/uploads\/2025\/11\/SDS-13.V01_Bonding-KFP_EN-1.pdf\">\n\t\t\t\t\t\t<span class=\"elementor-button-content-wrapper\">\n\t\t\t\t\t\t\t\t\t<span class=\"elementor-button-text\">Descarga<\/span>\n\t\t\t\t\t<\/span>\n\t\t\t\t\t<\/a>\n\t\t\t\t\t\t\t\t<\/div>\n\t\t\t\t<\/div>\n\t\t\t\t<\/div>\n\t\t\t\t<\/div>\n\t\t\t\t\t<\/div>\n\t\t<\/div>\n\t\t\t\t\t\t<\/div>\n\t\t\t\t\t<\/div>\n\t\t\t\t<\/div>\n\t\t\t\t<\/div>\n\t\t","protected":false},"featured_media":10687,"template":"","meta":{"_acf_changed":false,"_monsterinsights_skip_tracking":false,"_monsterinsights_sitenote_active":false,"_monsterinsights_sitenote_note":"","_monsterinsights_sitenote_category":0,"_uf_show_specific_survey":0,"_uf_disable_surveys":false},"product_segment":[393],"product_type":[201],"class_list":["post-10683","product","type-product","status-publish","has-post-thumbnail","hentry","product_segment-accesorios-y-herramientas","product_type-membranes"],"acf":[],"aioseo_notices":[],"_links":{"self":[{"href":"https:\/\/effisus.com\/es\/wp-json\/wp\/v2\/products\/10683","targetHints":{"allow":["GET"]}}],"collection":[{"href":"https:\/\/effisus.com\/es\/wp-json\/wp\/v2\/products"}],"about":[{"href":"https:\/\/effisus.com\/es\/wp-json\/wp\/v2\/types\/product"}],"version-history":[{"count":7,"href":"https:\/\/effisus.com\/es\/wp-json\/wp\/v2\/products\/10683\/revisions"}],"predecessor-version":[{"id":14477,"href":"https:\/\/effisus.com\/es\/wp-json\/wp\/v2\/products\/10683\/revisions\/14477"}],"wp:featuredmedia":[{"embeddable":true,"href":"https:\/\/effisus.com\/es\/wp-json\/wp\/v2\/media\/10687"}],"wp:attachment":[{"href":"https:\/\/effisus.com\/es\/wp-json\/wp\/v2\/media?parent=10683"}],"wp:term":[{"taxonomy":"product_segment","embeddable":true,"href":"https:\/\/effisus.com\/es\/wp-json\/wp\/v2\/product_segment?post=10683"},{"taxonomy":"product_type","embeddable":true,"href":"https:\/\/effisus.com\/es\/wp-json\/wp\/v2\/product_type?post=10683"}],"curies":[{"name":"wp","href":"https:\/\/api.w.org\/{rel}","templated":true}]}}