
{"id":15311,"date":"2025-12-18T10:10:20","date_gmt":"2025-12-18T10:10:20","guid":{"rendered":"https:\/\/effisus.com\/apoyo-tecnico\/"},"modified":"2025-12-20T12:52:33","modified_gmt":"2025-12-20T12:52:33","slug":"apoyo-tecnico","status":"publish","type":"page","link":"https:\/\/effisus.com\/es\/apoyo-tecnico\/","title":{"rendered":"Apoyo t\u00e9cnico"},"content":{"rendered":"\t\t<div data-elementor-type=\"wp-page\" data-elementor-id=\"15311\" class=\"elementor elementor-15311 elementor-14602\" data-elementor-post-type=\"page\">\n\t\t\t\t<div class=\"elementor-element elementor-element-ed10786 page-title-container e-con-full e-flex e-con e-parent\" data-id=\"ed10786\" data-element_type=\"container\" data-e-type=\"container\">\n\t\t\t\t<div class=\"elementor-element elementor-element-3fefb52 elementor-widget__width-inherit page-title-container elementor-position-top elementor-widget elementor-widget-image-box\" data-id=\"3fefb52\" data-element_type=\"widget\" data-e-type=\"widget\" data-widget_type=\"image-box.default\">\n\t\t\t\t\t<div class=\"elementor-image-box-wrapper\"><figure class=\"elementor-image-box-img\"><img fetchpriority=\"high\" decoding=\"async\" width=\"1408\" height=\"394\" src=\"https:\/\/effisus.com\/wp-content\/uploads\/2025\/09\/civil-bg.jpg\" class=\"attachment-full size-full wp-image-6460\" alt=\"\" srcset=\"https:\/\/effisus.com\/wp-content\/uploads\/2025\/09\/civil-bg.jpg 1408w, https:\/\/effisus.com\/wp-content\/uploads\/2025\/09\/civil-bg-300x84.jpg 300w, https:\/\/effisus.com\/wp-content\/uploads\/2025\/09\/civil-bg-1024x287.jpg 1024w, https:\/\/effisus.com\/wp-content\/uploads\/2025\/09\/civil-bg-768x215.jpg 768w, https:\/\/effisus.com\/wp-content\/uploads\/2025\/09\/civil-bg-600x168.jpg 600w\" sizes=\"(max-width: 1408px) 100vw, 1408px\" \/><\/figure><div class=\"elementor-image-box-content\"><h1 class=\"elementor-image-box-title\">Apoyo t\u00e9cnico<\/h1><p class=\"elementor-image-box-description\"><div style=\"max-width:80%\"><h4 style=\"color:#fff\">Servicios integrales de Effisus<\/h4>\n<p style=\"color:#fff;font-weight:bold;margin-bottom:0;line-height:1.5\">Cada proyecto es \u00fanico. Cada intervenci\u00f3n es decisiva. Cada fase es crucial.    \n<\/p>\n<p style=\"color:#fff;line-height:1.5 !important\">Los Servicios Integrales de Effisus ofrecen asistencia integral y personalizada a propietarios, arquitectos, contratistas, ingenieros e inspectores. Desde el primer boceto hasta el cierre del proyecto y la puesta en marcha del edificio, le ayudamos a definir, detallar e implementar la soluci\u00f3n de impermeabilizaci\u00f3n ideal para sus necesidades espec\u00edficas y los requisitos de su proyecto. <\/p><\/div><\/p><\/div><\/div>\t\t\t\t<\/div>\n\t\t\t\t<\/div>\n\t\t<div class=\"elementor-element elementor-element-f015861 section-standard-padding-gap about-us-content e-flex e-con-boxed e-con e-parent\" data-id=\"f015861\" data-element_type=\"container\" data-e-type=\"container\">\n\t\t\t\t\t<div class=\"e-con-inner\">\n\t\t<div class=\"elementor-element elementor-element-e3ab1d5 e-con-full content-image-container e-flex e-con e-child\" data-id=\"e3ab1d5\" data-element_type=\"container\" data-e-type=\"container\">\n\t\t<div class=\"elementor-element elementor-element-9ff99c2 e-con-full content-section__text e-flex e-con e-child\" data-id=\"9ff99c2\" data-element_type=\"container\" data-e-type=\"container\">\n\t\t\t\t<div class=\"elementor-element elementor-element-bc32338 elementor-widget elementor-widget-text-editor\" data-id=\"bc32338\" data-element_type=\"widget\" data-e-type=\"widget\" data-widget_type=\"text-editor.default\">\n\t\t\t\t\t\t\t\t\t<h3 style=\"text-align: left;\">Servicios de ingenier\u00eda de dise\u00f1o<\/h3>\nEffisus apoya a su equipo de dise\u00f1o con conocimientos especializados en envolventes de edificios, garantizando que cada interfaz y detalle sea t\u00e9cnicamente robusto, construible y conforme a las normativas. Nuestro equipo de ingenier\u00eda colabora estrechamente con usted para convertir los conceptos de su proyecto en soluciones de impermeabilizaci\u00f3n fiables. \n<h4 style=\"margin-top:1.5rem\">Puntos clave:<\/h4>\n<ul>\n \t<li>Informes de ingenier\u00eda y detalles personalizados para uniones e interfaces complejas<\/li>\n \t<li>Pruebas de compatibilidad entre los sistemas Effisus y los materiales espec\u00edficos del proyecto<\/li>\n \t<li>Declaraciones de m\u00e9todos y dibujos DWG con instrucciones de instalaci\u00f3n y colocaci\u00f3n del producto<\/li>\n \t<li>Pruebas especiales espec\u00edficas del proyecto cuando sea necesario<\/li>\n \t<li>Capacitaci\u00f3n sobre principios de impermeabilizaci\u00f3n para equipos de dise\u00f1o y proyectos<\/li>\n<\/ul>\t\t\t\t\t\t\t\t<\/div>\n\t\t\t\t<div class=\"elementor-element elementor-element-277ef72 elementor-widget elementor-widget-rakarbutton\" data-id=\"277ef72\" data-element_type=\"widget\" data-e-type=\"widget\" data-widget_type=\"rakarbutton.default\">\n\t\t\t\t<div class=\"elementor-widget-container\">\n\t\t\t\t\t<div class=\"btn-wrapper\"><a class=\"th-btn th_btn \" href=\"\/es\/ingenieria-de-diseno\">Saber m\u00e1s<\/a><\/div>\t\t\t\t<\/div>\n\t\t\t\t<\/div>\n\t\t\t\t<\/div>\n\t\t<div class=\"elementor-element elementor-element-f6b41ba e-con-full content-section__image e-flex e-con e-child\" data-id=\"f6b41ba\" data-element_type=\"container\" data-e-type=\"container\">\n\t\t\t\t<div class=\"elementor-element elementor-element-56f6f23 elementor-widget elementor-widget-image\" data-id=\"56f6f23\" data-element_type=\"widget\" data-e-type=\"widget\" data-widget_type=\"image.default\">\n\t\t\t\t\t\t\t\t\t\t\t\t\t\t\t<img decoding=\"async\" width=\"751\" height=\"501\" src=\"https:\/\/effisus.com\/wp-content\/uploads\/2025\/12\/Design-Engineering-Services-1024x683.jpg\" class=\"attachment-large size-large wp-image-15291\" alt=\"\" srcset=\"https:\/\/effisus.com\/wp-content\/uploads\/2025\/12\/Design-Engineering-Services-1024x683.jpg 1024w, https:\/\/effisus.com\/wp-content\/uploads\/2025\/12\/Design-Engineering-Services-300x200.jpg 300w, https:\/\/effisus.com\/wp-content\/uploads\/2025\/12\/Design-Engineering-Services-768x512.jpg 768w, https:\/\/effisus.com\/wp-content\/uploads\/2025\/12\/Design-Engineering-Services.jpg 1248w\" sizes=\"(max-width: 751px) 100vw, 751px\" \/>\t\t\t\t\t\t\t\t\t\t\t\t\t\t\t<\/div>\n\t\t\t\t<\/div>\n\t\t\t\t<\/div>\n\t\t<div class=\"elementor-element elementor-element-dcdad4f e-con-full content-image-container e-flex e-con e-child\" data-id=\"dcdad4f\" data-element_type=\"container\" data-e-type=\"container\">\n\t\t<div class=\"elementor-element elementor-element-36c5d37 e-con-full content-section__image e-flex e-con e-child\" data-id=\"36c5d37\" data-element_type=\"container\" data-e-type=\"container\">\n\t\t\t\t<div class=\"elementor-element elementor-element-22e3759 elementor-widget elementor-widget-image\" data-id=\"22e3759\" data-element_type=\"widget\" data-e-type=\"widget\" data-widget_type=\"image.default\">\n\t\t\t\t\t\t\t\t\t\t\t\t\t\t\t<img decoding=\"async\" width=\"751\" height=\"501\" src=\"https:\/\/effisus.com\/wp-content\/uploads\/2025\/12\/Bespoke-System-Development-1024x683.jpg\" class=\"attachment-large size-large wp-image-15266\" alt=\"\" srcset=\"https:\/\/effisus.com\/wp-content\/uploads\/2025\/12\/Bespoke-System-Development-1024x683.jpg 1024w, https:\/\/effisus.com\/wp-content\/uploads\/2025\/12\/Bespoke-System-Development-300x200.jpg 300w, https:\/\/effisus.com\/wp-content\/uploads\/2025\/12\/Bespoke-System-Development-768x512.jpg 768w, https:\/\/effisus.com\/wp-content\/uploads\/2025\/12\/Bespoke-System-Development.jpg 1248w\" sizes=\"(max-width: 751px) 100vw, 751px\" \/>\t\t\t\t\t\t\t\t\t\t\t\t\t\t\t<\/div>\n\t\t\t\t<\/div>\n\t\t<div class=\"elementor-element elementor-element-8969c93 e-con-full content-section__text e-flex e-con e-child\" data-id=\"8969c93\" data-element_type=\"container\" data-e-type=\"container\">\n\t\t\t\t<div class=\"elementor-element elementor-element-7a2161a elementor-widget elementor-widget-text-editor\" data-id=\"7a2161a\" data-element_type=\"widget\" data-e-type=\"widget\" data-widget_type=\"text-editor.default\">\n\t\t\t\t\t\t\t\t\t<h3 style=\"text-align: left;\">Personalizaci\u00f3n \/ Soluciones a medida<\/h3>\nCada edificio es diferente. Effisus desarrolla soluciones personalizadas y prefabricadas que optimizan la eficiencia de la instalaci\u00f3n, reducen el riesgo en la obra y adaptan los productos est\u00e1ndar a las realidades de su proyecto. \n<h4 style=\"margin-top:1.5rem\">Puntos clave:<\/h4>\n<ul>\n \t<li>Configuraciones de productos personalizadas para instalaci\u00f3n externa<\/li>\n \t<li>Componentes prefabricados, por ejemplo, cintas premontadas, esquinas o marcos, piezas moldeadas<\/li>\n \t<li>Corte a un tama\u00f1o superior a las dimensiones est\u00e1ndar del rollo<\/li>\n \t<li>Kitting para conjuntos e interfaces espec\u00edficos del proyecto<\/li>\n \t<li>Optimizaci\u00f3n para mejorar el rendimiento y mitigar los riesgos de instalaci\u00f3n<\/li>\n<\/ul>\t\t\t\t\t\t\t\t<\/div>\n\t\t\t\t<div class=\"elementor-element elementor-element-f5c7e50 elementor-widget elementor-widget-rakarbutton\" data-id=\"f5c7e50\" data-element_type=\"widget\" data-e-type=\"widget\" data-widget_type=\"rakarbutton.default\">\n\t\t\t\t<div class=\"elementor-widget-container\">\n\t\t\t\t\t<div class=\"btn-wrapper\"><a class=\"th-btn th_btn \" href=\"\/es\/soluciones-a-medida\">Saber m\u00e1s<\/a><\/div>\t\t\t\t<\/div>\n\t\t\t\t<\/div>\n\t\t\t\t<\/div>\n\t\t\t\t<\/div>\n\t\t<div class=\"elementor-element elementor-element-8ee958f e-con-full content-image-container e-flex e-con e-child\" data-id=\"8ee958f\" data-element_type=\"container\" data-e-type=\"container\">\n\t\t<div class=\"elementor-element elementor-element-9efa6ed e-con-full content-section__text e-flex e-con e-child\" data-id=\"9efa6ed\" data-element_type=\"container\" data-e-type=\"container\">\n\t\t\t\t<div class=\"elementor-element elementor-element-d4cc978 elementor-widget elementor-widget-text-editor\" data-id=\"d4cc978\" data-element_type=\"widget\" data-e-type=\"widget\" data-widget_type=\"text-editor.default\">\n\t\t\t\t\t\t\t\t\t<h3 style=\"text-align: left;\">Asistencia en el sitio<\/h3>\nLos equipos t\u00e9cnicos de Effisus le apoyan en el sitio para garantizar que las soluciones dise\u00f1adas se implementen correctamente, ayudando a prevenir problemas antes de la entrega y durante el funcionamiento del edificio.\n<h4 style=\"margin-top:1.5rem\">Puntos clave:<\/h4>\n<ul>\n \t<li>Informes de visitas al sitio (Spec2Site) para verificar las condiciones antes de la entrega<\/li>\n<li>Evaluaci\u00f3n in situ de las necesidades t\u00e9cnicas y soluciones adecuadas<\/li>\n<li>Maquetas in situ y configuraciones de prueba externas a gran escala<\/li>\n<li>Soporte directo de aplicaciones en condiciones reales de proyecto<\/li>\n<li>Inspecciones y evaluaciones durante la operaci\u00f3n del edificio<\/li>\n<li>Capacitaci\u00f3n en sitio sobre instalaci\u00f3n de impermeabilizaci\u00f3n y mejores pr\u00e1cticas<\/li>\n<\/ul>\t\t\t\t\t\t\t\t<\/div>\n\t\t\t\t<div class=\"elementor-element elementor-element-8d16eaa elementor-widget elementor-widget-rakarbutton\" data-id=\"8d16eaa\" data-element_type=\"widget\" data-e-type=\"widget\" data-widget_type=\"rakarbutton.default\">\n\t\t\t\t<div class=\"elementor-widget-container\">\n\t\t\t\t\t<div class=\"btn-wrapper\"><a class=\"th-btn th_btn \" href=\"\/es\/asistencia-en-obra\">Saber m\u00e1s<\/a><\/div>\t\t\t\t<\/div>\n\t\t\t\t<\/div>\n\t\t\t\t<\/div>\n\t\t<div class=\"elementor-element elementor-element-5a05962 e-con-full content-section__image e-flex e-con e-child\" data-id=\"5a05962\" data-element_type=\"container\" data-e-type=\"container\">\n\t\t\t\t<div class=\"elementor-element elementor-element-13e7a13 elementor-widget elementor-widget-image\" data-id=\"13e7a13\" data-element_type=\"widget\" data-e-type=\"widget\" data-widget_type=\"image.default\">\n\t\t\t\t\t\t\t\t\t\t\t\t\t\t\t<img loading=\"lazy\" decoding=\"async\" width=\"751\" height=\"501\" src=\"https:\/\/effisus.com\/wp-content\/uploads\/2025\/12\/site-assistance-1024x683.jpg\" class=\"attachment-large size-large wp-image-15249\" alt=\"\" srcset=\"https:\/\/effisus.com\/wp-content\/uploads\/2025\/12\/site-assistance-1024x683.jpg 1024w, https:\/\/effisus.com\/wp-content\/uploads\/2025\/12\/site-assistance-300x200.jpg 300w, https:\/\/effisus.com\/wp-content\/uploads\/2025\/12\/site-assistance-768x512.jpg 768w, https:\/\/effisus.com\/wp-content\/uploads\/2025\/12\/site-assistance.jpg 1248w\" sizes=\"(max-width: 751px) 100vw, 751px\" \/>\t\t\t\t\t\t\t\t\t\t\t\t\t\t\t<\/div>\n\t\t\t\t<\/div>\n\t\t\t\t<\/div>\n\t\t<div class=\"elementor-element elementor-element-0c9b579 e-con-full content-image-container e-flex e-con e-child\" data-id=\"0c9b579\" data-element_type=\"container\" data-e-type=\"container\">\n\t\t<div class=\"elementor-element elementor-element-b1ea387 e-con-full content-section__image e-flex e-con e-child\" data-id=\"b1ea387\" data-element_type=\"container\" data-e-type=\"container\">\n\t\t\t\t<div class=\"elementor-element elementor-element-eb5256a elementor-widget elementor-widget-image\" data-id=\"eb5256a\" data-element_type=\"widget\" data-e-type=\"widget\" data-widget_type=\"image.default\">\n\t\t\t\t\t\t\t\t\t\t\t\t\t\t\t<img loading=\"lazy\" decoding=\"async\" width=\"751\" height=\"501\" src=\"https:\/\/effisus.com\/wp-content\/uploads\/2025\/12\/training-cpds-1024x683.jpg\" class=\"attachment-large size-large wp-image-15238\" alt=\"\" srcset=\"https:\/\/effisus.com\/wp-content\/uploads\/2025\/12\/training-cpds-1024x683.jpg 1024w, https:\/\/effisus.com\/wp-content\/uploads\/2025\/12\/training-cpds-300x200.jpg 300w, https:\/\/effisus.com\/wp-content\/uploads\/2025\/12\/training-cpds-768x512.jpg 768w, https:\/\/effisus.com\/wp-content\/uploads\/2025\/12\/training-cpds.jpg 1248w\" sizes=\"(max-width: 751px) 100vw, 751px\" \/>\t\t\t\t\t\t\t\t\t\t\t\t\t\t\t<\/div>\n\t\t\t\t<\/div>\n\t\t<div class=\"elementor-element elementor-element-c4f2333 e-con-full content-section__text e-flex e-con e-child\" data-id=\"c4f2333\" data-element_type=\"container\" data-e-type=\"container\">\n\t\t\t\t<div class=\"elementor-element elementor-element-b78abf3 elementor-widget elementor-widget-text-editor\" data-id=\"b78abf3\" data-element_type=\"widget\" data-e-type=\"widget\" data-widget_type=\"text-editor.default\">\n\t\t\t\t\t\t\t\t\t<h3 style=\"text-align: left;\">Capacitaci\u00f3n y desarrollo profesional continuo\n<\/h3>\nEffisus comparte conocimientos con la comunidad de la construcci\u00f3n a trav\u00e9s de capacitaciones acreditadas y CPD, ayudando a los profesionales a mantenerse actualizados con las \u00faltimas tecnolog\u00edas de impermeabilizaci\u00f3n y las mejores pr\u00e1cticas.\n<h4 style=\"margin-top: 1.5rem;\">Puntos clave:<\/h4>\n<ul>\n \t<li>CPD aprobados por RIBA y sesiones de capacitaci\u00f3n para cr\u00e9ditos profesionales<\/li>\n<li>Capacitaci\u00f3n en l\u00ednea y \u201creuniones de preparaci\u00f3n\u201d para compartir conocimientos de forma continua<\/li>\n<li>Contribuciones a foros de la industria y la tecnolog\u00eda, incluidas conferencias universitarias.<\/li>\n<li>Capacitaci\u00f3n de instaladores<\/li>\n<\/ul>\t\t\t\t\t\t\t\t<\/div>\n\t\t\t\t<div class=\"elementor-element elementor-element-03f778e elementor-widget elementor-widget-rakarbutton\" data-id=\"03f778e\" data-element_type=\"widget\" data-e-type=\"widget\" data-widget_type=\"rakarbutton.default\">\n\t\t\t\t<div class=\"elementor-widget-container\">\n\t\t\t\t\t<div class=\"btn-wrapper\"><a class=\"th-btn th_btn \" href=\"\/es\/capacitacion-y-desarrollo-profesional-continuo\/\">Saber m\u00e1s<\/a><\/div>\t\t\t\t<\/div>\n\t\t\t\t<\/div>\n\t\t\t\t<\/div>\n\t\t\t\t<\/div>\n\t\t\t\t\t<\/div>\n\t\t\t\t<\/div>\n\t\t<div class=\"elementor-element elementor-element-474e6c7 section-standard-padding-gap sustainability-section  e-flex e-con-boxed e-con e-parent\" data-id=\"474e6c7\" data-element_type=\"container\" data-e-type=\"container\">\n\t\t\t\t\t<div class=\"e-con-inner\">\n\t\t<div class=\"elementor-element elementor-element-68ba523 e-con-full content-image-container p-0 e-flex e-con e-child\" data-id=\"68ba523\" data-element_type=\"container\" data-e-type=\"container\">\n\t\t<div class=\"elementor-element elementor-element-4cb06ec e-con-full e-flex e-con e-child\" data-id=\"4cb06ec\" data-element_type=\"container\" data-e-type=\"container\">\n\t\t\t\t<div class=\"elementor-element elementor-element-c70ad3c elementor-widget elementor-widget-image\" data-id=\"c70ad3c\" data-element_type=\"widget\" data-e-type=\"widget\" data-widget_type=\"image.default\">\n\t\t\t\t\t\t\t\t\t\t\t\t\t\t\t<img loading=\"lazy\" decoding=\"async\" width=\"720\" height=\"960\" src=\"https:\/\/effisus.com\/wp-content\/uploads\/2025\/09\/effisus-breather-fr-b-class-b-system-Royal-Wharf-UK.jpg\" class=\"attachment-large size-large wp-image-15310\" alt=\"\" srcset=\"https:\/\/effisus.com\/wp-content\/uploads\/2025\/09\/effisus-breather-fr-b-class-b-system-Royal-Wharf-UK.jpg 720w, https:\/\/effisus.com\/wp-content\/uploads\/2025\/09\/effisus-breather-fr-b-class-b-system-Royal-Wharf-UK-225x300.jpg 225w, https:\/\/effisus.com\/wp-content\/uploads\/2025\/09\/effisus-breather-fr-b-class-b-system-Royal-Wharf-UK-600x800.jpg 600w\" sizes=\"(max-width: 720px) 100vw, 720px\" \/>\t\t\t\t\t\t\t\t\t\t\t\t\t\t\t<\/div>\n\t\t\t\t<\/div>\n\t\t<div class=\"elementor-element elementor-element-f45cd0f e-con-full sc-text-section e-flex e-con e-child\" data-id=\"f45cd0f\" data-element_type=\"container\" data-e-type=\"container\">\n\t\t\t\t<div class=\"elementor-element elementor-element-0d6cfe7 elementor-widget elementor-widget-text-editor\" data-id=\"0d6cfe7\" data-element_type=\"widget\" data-e-type=\"widget\" data-widget_type=\"text-editor.default\">\n\t\t\t\t\t\t\t\t\t<h2>Los servicios integrales de Effisus a\u00f1aden valor en cada etapa de su proyecto<\/h2>\n<p>Desde la concepci\u00f3n y el dise\u00f1o hasta la instalaci\u00f3n y la operaci\u00f3n, apoyamos a promotores, arquitectos, consultores y contratistas con soluciones de impermeabilizaci\u00f3n eficientes, sostenibles y de alto rendimiento. Ya sea para fachadas, cubiertas o interfaces complejas de envolventes de edificios, Effisus ofrece la experiencia necesaria para garantizar resultados fiables y conformes a las normativas. <\/p>\n\n<p>Contacte con nuestro equipo para definir el nivel adecuado de soporte y la soluci\u00f3n de impermeabilizaci\u00f3n ideal para su pr\u00f3ximo proyecto.<\/p>\t\t\t\t\t\t\t\t<\/div>\n\t\t\t\t<div class=\"elementor-element elementor-element-dd34f68 secondary-btn elementor-widget elementor-widget-button\" data-id=\"dd34f68\" data-element_type=\"widget\" data-e-type=\"widget\" data-widget_type=\"button.default\">\n\t\t\t\t\t\t\t\t\t\t<a class=\"elementor-button elementor-button-link elementor-size-sm\" href=\"https:\/\/effisus.com\/es\/contacta-con-nosotros\/#effisus-contact-form\">\n\t\t\t\t\t\t<span class=\"elementor-button-content-wrapper\">\n\t\t\t\t\t\t\t\t\t<span class=\"elementor-button-text\">Hable con nuestros expertos<\/span>\n\t\t\t\t\t<\/span>\n\t\t\t\t\t<\/a>\n\t\t\t\t\t\t\t\t<\/div>\n\t\t\t\t<\/div>\n\t\t\t\t<\/div>\n\t\t\t\t\t<\/div>\n\t\t\t\t<\/div>\n\t\t\t\t<\/div>\n\t\t","protected":false},"excerpt":{"rendered":"<p>Apoyo t\u00e9cnico Servicios de ingenier\u00eda de dise\u00f1o Effisus apoya a su equipo de dise\u00f1o con conocimientos especializados en envolventes de edificios, garantizando que cada interfaz y detalle sea t\u00e9cnicamente robusto, construible y conforme a las normativas. Nuestro equipo de ingenier\u00eda colabora estrechamente con usted para convertir los conceptos de su proyecto en soluciones de impermeabilizaci\u00f3n&#8230;<\/p>\n","protected":false},"author":1,"featured_media":0,"parent":0,"menu_order":0,"comment_status":"closed","ping_status":"closed","template":"template-builder.php","meta":{"_acf_changed":false,"_monsterinsights_skip_tracking":false,"_monsterinsights_sitenote_active":false,"_monsterinsights_sitenote_note":"","_monsterinsights_sitenote_category":0,"_uf_show_specific_survey":0,"_uf_disable_surveys":false,"footnotes":""},"class_list":["post-15311","page","type-page","status-publish","hentry","page--item"],"acf":[],"aioseo_notices":[],"_links":{"self":[{"href":"https:\/\/effisus.com\/es\/wp-json\/wp\/v2\/pages\/15311","targetHints":{"allow":["GET"]}}],"collection":[{"href":"https:\/\/effisus.com\/es\/wp-json\/wp\/v2\/pages"}],"about":[{"href":"https:\/\/effisus.com\/es\/wp-json\/wp\/v2\/types\/page"}],"author":[{"embeddable":true,"href":"https:\/\/effisus.com\/es\/wp-json\/wp\/v2\/users\/1"}],"replies":[{"embeddable":true,"href":"https:\/\/effisus.com\/es\/wp-json\/wp\/v2\/comments?post=15311"}],"version-history":[{"count":11,"href":"https:\/\/effisus.com\/es\/wp-json\/wp\/v2\/pages\/15311\/revisions"}],"predecessor-version":[{"id":15454,"href":"https:\/\/effisus.com\/es\/wp-json\/wp\/v2\/pages\/15311\/revisions\/15454"}],"wp:attachment":[{"href":"https:\/\/effisus.com\/es\/wp-json\/wp\/v2\/media?parent=15311"}],"curies":[{"name":"wp","href":"https:\/\/api.w.org\/{rel}","templated":true}]}}