
{"id":15298,"date":"2025-12-18T11:59:22","date_gmt":"2025-12-18T11:59:22","guid":{"rendered":"https:\/\/effisus.com\/servicios-de-ingenieria-de-diseno\/"},"modified":"2025-12-20T12:30:11","modified_gmt":"2025-12-20T12:30:11","slug":"ingenieria-de-diseno","status":"publish","type":"page","link":"https:\/\/effisus.com\/es\/ingenieria-de-diseno\/","title":{"rendered":"Ingenier\u00eda de dise\u00f1o"},"content":{"rendered":"\t\t<div data-elementor-type=\"wp-page\" data-elementor-id=\"15298\" class=\"elementor elementor-15298 elementor-14631\" data-elementor-post-type=\"page\">\n\t\t\t\t<div class=\"elementor-element elementor-element-ed10786 page-title-container e-con-full e-flex e-con e-parent\" data-id=\"ed10786\" data-element_type=\"container\" data-e-type=\"container\">\n\t\t\t\t<div class=\"elementor-element elementor-element-3fefb52 elementor-widget__width-inherit page-title-container elementor-position-top elementor-widget elementor-widget-image-box\" data-id=\"3fefb52\" data-element_type=\"widget\" data-e-type=\"widget\" data-widget_type=\"image-box.default\">\n\t\t\t\t\t<div class=\"elementor-image-box-wrapper\"><figure class=\"elementor-image-box-img\"><img fetchpriority=\"high\" decoding=\"async\" width=\"1248\" height=\"832\" src=\"https:\/\/effisus.com\/wp-content\/uploads\/2025\/12\/Design-Engineering-Services.jpg\" class=\"attachment-full size-full wp-image-15291\" alt=\"\" srcset=\"https:\/\/effisus.com\/wp-content\/uploads\/2025\/12\/Design-Engineering-Services.jpg 1248w, https:\/\/effisus.com\/wp-content\/uploads\/2025\/12\/Design-Engineering-Services-300x200.jpg 300w, https:\/\/effisus.com\/wp-content\/uploads\/2025\/12\/Design-Engineering-Services-1024x683.jpg 1024w, https:\/\/effisus.com\/wp-content\/uploads\/2025\/12\/Design-Engineering-Services-768x512.jpg 768w\" sizes=\"(max-width: 1248px) 100vw, 1248px\" \/><\/figure><div class=\"elementor-image-box-content\"><h1 class=\"elementor-image-box-title\">Ingenier\u00eda de dise\u00f1o<\/h1><p class=\"elementor-image-box-description\">Detalles de precisi\u00f3n y experiencia t\u00e9cnica desde el concepto hasta la ejecuci\u00f3n.\n<\/p><\/div><\/div>\t\t\t\t<\/div>\n\t\t\t\t<\/div>\n\t\t<div class=\"elementor-element elementor-element-782b880 e-con-full about-title-content e-flex e-con e-child\" data-id=\"782b880\" data-element_type=\"container\" data-e-type=\"container\">\n\t\t<div class=\"elementor-element elementor-element-4e8d1bf section-standard-padding-gap about-us-content e-flex e-con-boxed e-con e-child\" data-id=\"4e8d1bf\" data-element_type=\"container\" data-e-type=\"container\">\n\t\t\t\t\t<div class=\"e-con-inner\">\n\t\t<div class=\"elementor-element elementor-element-fbddd9b e-con-full about-title-content e-flex e-con e-child\" data-id=\"fbddd9b\" data-element_type=\"container\" data-e-type=\"container\">\n\t\t\t\t<div class=\"elementor-element elementor-element-d12e82c section-title text-center elementor-widget__width-initial elementor-widget elementor-widget-text-editor\" data-id=\"d12e82c\" data-element_type=\"widget\" data-e-type=\"widget\" data-widget_type=\"text-editor.default\">\n\t\t\t\t\t\t\t\t\t<h3>Los servicios de ingenier\u00eda de dise\u00f1o de Effisus respaldan todo el proceso de dise\u00f1o, garantizando que cada proyecto adopte las estrategias de impermeabilizaci\u00f3n adecuadas desde el principio.<\/h3>\n<p>Nuestro equipo de ingenier\u00eda colabora con desarrolladores, arquitectos, consultores, dise\u00f1adores y contratistas para brindar claridad, precisi\u00f3n y confianza en cada interfaz de envolvente.<\/p>\n<p>\n<strong>Nuestro objetivo es simple:<\/strong> ayudar a los equipos de proyecto a tomar decisiones informadas que reduzcan el riesgo, mejoren el rendimiento y permitan una construcci\u00f3n sin problemas.<\/p>\t\t\t\t\t\t\t\t<\/div>\n\t\t<div class=\"elementor-element elementor-element-e009e09 e-con-full e-flex e-con e-child\" data-id=\"e009e09\" data-element_type=\"container\" data-e-type=\"container\">\n\t\t<div class=\"elementor-element elementor-element-b3944b4 e-grid e-con-full e-con e-child\" data-id=\"b3944b4\" data-element_type=\"container\" data-e-type=\"container\">\n\t\t<div class=\"elementor-element elementor-element-4badc62 e-con-full e-flex e-con e-child\" data-id=\"4badc62\" data-element_type=\"container\" data-e-type=\"container\">\n\t\t\t\t<div class=\"elementor-element elementor-element-1515f1d elementor-widget elementor-widget-image\" data-id=\"1515f1d\" data-element_type=\"widget\" data-e-type=\"widget\" data-widget_type=\"image.default\">\n\t\t\t\t\t\t\t\t\t\t\t\t\t\t\t<img decoding=\"async\" width=\"751\" height=\"501\" src=\"https:\/\/effisus.com\/wp-content\/uploads\/2025\/12\/Bespoke-Technical-Detailing-1024x683.jpg\" class=\"attachment-large size-large wp-image-15292\" alt=\"\" srcset=\"https:\/\/effisus.com\/wp-content\/uploads\/2025\/12\/Bespoke-Technical-Detailing-1024x683.jpg 1024w, https:\/\/effisus.com\/wp-content\/uploads\/2025\/12\/Bespoke-Technical-Detailing-300x200.jpg 300w, https:\/\/effisus.com\/wp-content\/uploads\/2025\/12\/Bespoke-Technical-Detailing-768x512.jpg 768w, https:\/\/effisus.com\/wp-content\/uploads\/2025\/12\/Bespoke-Technical-Detailing.jpg 1248w\" sizes=\"(max-width: 751px) 100vw, 751px\" \/>\t\t\t\t\t\t\t\t\t\t\t\t\t\t\t<\/div>\n\t\t\t\t<div class=\"elementor-element elementor-element-7cda1c4 elementor-widget elementor-widget-text-editor\" data-id=\"7cda1c4\" data-element_type=\"widget\" data-e-type=\"widget\" data-widget_type=\"text-editor.default\">\n\t\t\t\t\t\t\t\t\t<h3 style=\"text-align: left;\">1. Detalles t\u00e9cnicos a medida<\/h3><h4>Effisus desarrolla detalles constructivos a medida para interfaces, uniones y geometr\u00edas complejas:<\/h4><ul class=\"service-list\"><li>Revisi\u00f3n de la estrategia de impermeabilizaci\u00f3n<\/li><li>Dibujos detallados de interfaz de fachada y techo<\/li><li>Posicionamiento y secuenciaci\u00f3n de productos<\/li><li style=\"text-align: left;\">Consideraciones sobre la \u201cconstruibilidad\u201d al inicio del proceso<\/li><\/ul>\t\t\t\t\t\t\t\t<\/div>\n\t\t\t\t<\/div>\n\t\t<div class=\"elementor-element elementor-element-ff18ccf e-con-full e-flex e-con e-child\" data-id=\"ff18ccf\" data-element_type=\"container\" data-e-type=\"container\">\n\t\t\t\t<div class=\"elementor-element elementor-element-06efb2c elementor-widget elementor-widget-image\" data-id=\"06efb2c\" data-element_type=\"widget\" data-e-type=\"widget\" data-widget_type=\"image.default\">\n\t\t\t\t\t\t\t\t\t\t\t\t\t\t\t<img decoding=\"async\" width=\"751\" height=\"501\" src=\"https:\/\/effisus.com\/wp-content\/uploads\/2025\/12\/Technical-Engineering-Reports-1024x683.jpg\" class=\"attachment-large size-large wp-image-15293\" alt=\"\" srcset=\"https:\/\/effisus.com\/wp-content\/uploads\/2025\/12\/Technical-Engineering-Reports-1024x683.jpg 1024w, https:\/\/effisus.com\/wp-content\/uploads\/2025\/12\/Technical-Engineering-Reports-300x200.jpg 300w, https:\/\/effisus.com\/wp-content\/uploads\/2025\/12\/Technical-Engineering-Reports-768x512.jpg 768w, https:\/\/effisus.com\/wp-content\/uploads\/2025\/12\/Technical-Engineering-Reports.jpg 1248w\" sizes=\"(max-width: 751px) 100vw, 751px\" \/>\t\t\t\t\t\t\t\t\t\t\t\t\t\t\t<\/div>\n\t\t\t\t<div class=\"elementor-element elementor-element-18cf25c elementor-widget elementor-widget-text-editor\" data-id=\"18cf25c\" data-element_type=\"widget\" data-e-type=\"widget\" data-widget_type=\"text-editor.default\">\n\t\t\t\t\t\t\t\t\t<h3 style=\"text-align: left;\">2. Informes t\u00e9cnicos de ingenier\u00eda<\/h3><h4>Documentaci\u00f3n que respalda los supuestos de dise\u00f1o y la toma de decisiones:<\/h4><ul class=\"service-list\"><li>Evaluaciones de compatibilidad de materiales<\/li><li>Evaluaciones de desempe\u00f1o<\/li><li>Verificaci\u00f3n de detalle propuesta<\/li><\/ul>\t\t\t\t\t\t\t\t<\/div>\n\t\t\t\t<\/div>\n\t\t<div class=\"elementor-element elementor-element-3f18c4c e-con-full e-flex e-con e-child\" data-id=\"3f18c4c\" data-element_type=\"container\" data-e-type=\"container\">\n\t\t\t\t<div class=\"elementor-element elementor-element-20e2676 elementor-widget elementor-widget-image\" data-id=\"20e2676\" data-element_type=\"widget\" data-e-type=\"widget\" data-widget_type=\"image.default\">\n\t\t\t\t\t\t\t\t\t\t\t\t\t\t\t<img loading=\"lazy\" decoding=\"async\" width=\"751\" height=\"501\" src=\"https:\/\/effisus.com\/wp-content\/uploads\/2025\/12\/Method-Statements-1024x683.jpg\" class=\"attachment-large size-large wp-image-15294\" alt=\"\" srcset=\"https:\/\/effisus.com\/wp-content\/uploads\/2025\/12\/Method-Statements-1024x683.jpg 1024w, https:\/\/effisus.com\/wp-content\/uploads\/2025\/12\/Method-Statements-300x200.jpg 300w, https:\/\/effisus.com\/wp-content\/uploads\/2025\/12\/Method-Statements-768x512.jpg 768w, https:\/\/effisus.com\/wp-content\/uploads\/2025\/12\/Method-Statements.jpg 1248w\" sizes=\"(max-width: 751px) 100vw, 751px\" \/>\t\t\t\t\t\t\t\t\t\t\t\t\t\t\t<\/div>\n\t\t\t\t<div class=\"elementor-element elementor-element-d5e4299 elementor-widget elementor-widget-text-editor\" data-id=\"d5e4299\" data-element_type=\"widget\" data-e-type=\"widget\" data-widget_type=\"text-editor.default\">\n\t\t\t\t\t\t\t\t\t<h3 style=\"text-align: left;\">3. Declaraciones de m\u00e9todo<\/h3><h4>Claro y procesable:<\/h4><ul class=\"service-list\"><li>Gu\u00eda de instalaci\u00f3n visual con instrucciones paso a paso<\/li><li>Paquetes detallados adaptados a los requisitos espec\u00edficos del proyecto<\/li><\/ul>\t\t\t\t\t\t\t\t<\/div>\n\t\t\t\t<\/div>\n\t\t<div class=\"elementor-element elementor-element-1e31768 e-con-full e-flex e-con e-child\" data-id=\"1e31768\" data-element_type=\"container\" data-e-type=\"container\">\n\t\t\t\t<div class=\"elementor-element elementor-element-8c0b168 elementor-widget elementor-widget-image\" data-id=\"8c0b168\" data-element_type=\"widget\" data-e-type=\"widget\" data-widget_type=\"image.default\">\n\t\t\t\t\t\t\t\t\t\t\t\t\t\t\t<img loading=\"lazy\" decoding=\"async\" width=\"751\" height=\"501\" src=\"https:\/\/effisus.com\/wp-content\/uploads\/2025\/12\/Product-Material-Compatibility-Testing-1-1024x683.jpg\" class=\"attachment-large size-large wp-image-15295\" alt=\"\" srcset=\"https:\/\/effisus.com\/wp-content\/uploads\/2025\/12\/Product-Material-Compatibility-Testing-1-1024x683.jpg 1024w, https:\/\/effisus.com\/wp-content\/uploads\/2025\/12\/Product-Material-Compatibility-Testing-1-300x200.jpg 300w, https:\/\/effisus.com\/wp-content\/uploads\/2025\/12\/Product-Material-Compatibility-Testing-1-768x512.jpg 768w, https:\/\/effisus.com\/wp-content\/uploads\/2025\/12\/Product-Material-Compatibility-Testing-1.jpg 1248w\" sizes=\"(max-width: 751px) 100vw, 751px\" \/>\t\t\t\t\t\t\t\t\t\t\t\t\t\t\t<\/div>\n\t\t\t\t<div class=\"elementor-element elementor-element-74ea45c elementor-widget elementor-widget-text-editor\" data-id=\"74ea45c\" data-element_type=\"widget\" data-e-type=\"widget\" data-widget_type=\"text-editor.default\">\n\t\t\t\t\t\t\t\t\t<h3 style=\"text-align: left;\">4. Pruebas de compatibilidad de productos y materiales<\/h3>\n<h4 style=\"font-weight:normal !important\">Mitigue los riesgos validando el comportamiento entre las soluciones Effisus y los materiales adyacentes y\/o sustratos espec\u00edficos del proyecto.<\/h4>\n\t\t\t\t\t\t\t\t<\/div>\n\t\t\t\t<\/div>\n\t\t<div class=\"elementor-element elementor-element-1ae530d e-con-full e-flex e-con e-child\" data-id=\"1ae530d\" data-element_type=\"container\" data-e-type=\"container\">\n\t\t\t\t<div class=\"elementor-element elementor-element-cc873ca elementor-widget elementor-widget-image\" data-id=\"cc873ca\" data-element_type=\"widget\" data-e-type=\"widget\" data-widget_type=\"image.default\">\n\t\t\t\t\t\t\t\t\t\t\t\t\t\t\t<img loading=\"lazy\" decoding=\"async\" width=\"751\" height=\"501\" src=\"https:\/\/effisus.com\/wp-content\/uploads\/2025\/12\/Project-Specific-Testing-1024x683.jpg\" class=\"attachment-large size-large wp-image-15296\" alt=\"\" srcset=\"https:\/\/effisus.com\/wp-content\/uploads\/2025\/12\/Project-Specific-Testing-1024x683.jpg 1024w, https:\/\/effisus.com\/wp-content\/uploads\/2025\/12\/Project-Specific-Testing-300x200.jpg 300w, https:\/\/effisus.com\/wp-content\/uploads\/2025\/12\/Project-Specific-Testing-768x512.jpg 768w, https:\/\/effisus.com\/wp-content\/uploads\/2025\/12\/Project-Specific-Testing.jpg 1248w\" sizes=\"(max-width: 751px) 100vw, 751px\" \/>\t\t\t\t\t\t\t\t\t\t\t\t\t\t\t<\/div>\n\t\t\t\t<div class=\"elementor-element elementor-element-1160878 elementor-widget elementor-widget-text-editor\" data-id=\"1160878\" data-element_type=\"widget\" data-e-type=\"widget\" data-widget_type=\"text-editor.default\">\n\t\t\t\t\t\t\t\t\t<h3 style=\"text-align: left;\">5. Pruebas espec\u00edficas del proyecto (opcional)<\/h3>\n<h4>Cuando sea necesario, acceso a:<\/h4>\n<ul class=\"service-list\">\n \t<li>Pruebas de carga de viento\/permeabilidad del aire<\/li>\n \t<li>Pruebas de penetraci\u00f3n de agua<\/li>\n \t<li>An\u00e1lisis del comportamiento del estr\u00e9s en la interfaz<\/li>\n<\/ul>\t\t\t\t\t\t\t\t<\/div>\n\t\t\t\t<\/div>\n\t\t<div class=\"elementor-element elementor-element-0a89307 e-con-full e-flex e-con e-child\" data-id=\"0a89307\" data-element_type=\"container\" data-e-type=\"container\">\n\t\t\t\t<div class=\"elementor-element elementor-element-15b5553 elementor-widget elementor-widget-image\" data-id=\"15b5553\" data-element_type=\"widget\" data-e-type=\"widget\" data-widget_type=\"image.default\">\n\t\t\t\t\t\t\t\t\t\t\t\t\t\t\t<img loading=\"lazy\" decoding=\"async\" width=\"751\" height=\"501\" src=\"https:\/\/effisus.com\/wp-content\/uploads\/2025\/12\/Training-for-Design-Project-Teams-1024x683.jpg\" class=\"attachment-large size-large wp-image-15297\" alt=\"\" srcset=\"https:\/\/effisus.com\/wp-content\/uploads\/2025\/12\/Training-for-Design-Project-Teams-1024x683.jpg 1024w, https:\/\/effisus.com\/wp-content\/uploads\/2025\/12\/Training-for-Design-Project-Teams-300x200.jpg 300w, https:\/\/effisus.com\/wp-content\/uploads\/2025\/12\/Training-for-Design-Project-Teams-768x512.jpg 768w, https:\/\/effisus.com\/wp-content\/uploads\/2025\/12\/Training-for-Design-Project-Teams.jpg 1248w\" sizes=\"(max-width: 751px) 100vw, 751px\" \/>\t\t\t\t\t\t\t\t\t\t\t\t\t\t\t<\/div>\n\t\t\t\t<div class=\"elementor-element elementor-element-29759a6 elementor-widget elementor-widget-text-editor\" data-id=\"29759a6\" data-element_type=\"widget\" data-e-type=\"widget\" data-widget_type=\"text-editor.default\">\n\t\t\t\t\t\t\t\t\t<h3 style=\"text-align: left;\">6. Capacitaci\u00f3n para equipos de dise\u00f1o y proyectos<\/h3><h4 style=\"font-weight: normal !important;\">Las sesiones se centraron en las mejores pr\u00e1cticas, consideraciones de dise\u00f1o en etapas iniciales y la mejora de la toma de decisiones para el desempe\u00f1o de la impermeabilizaci\u00f3n.<\/h4>\t\t\t\t\t\t\t\t<\/div>\n\t\t\t\t<\/div>\n\t\t\t\t<\/div>\n\t\t\t\t<\/div>\n\t\t\t\t<\/div>\n\t\t\t\t\t<\/div>\n\t\t\t\t<\/div>\n\t\t\t\t<\/div>\n\t\t<div class=\"elementor-element elementor-element-474e6c7 section-standard-padding-gap sustainability-section  e-flex e-con-boxed e-con e-parent\" data-id=\"474e6c7\" data-element_type=\"container\" data-e-type=\"container\">\n\t\t\t\t\t<div class=\"e-con-inner\">\n\t\t<div class=\"elementor-element elementor-element-68ba523 e-con-full content-image-container p-0 e-flex e-con e-child\" data-id=\"68ba523\" data-element_type=\"container\" data-e-type=\"container\">\n\t\t<div class=\"elementor-element elementor-element-4cb06ec e-con-full e-flex e-con e-child\" data-id=\"4cb06ec\" data-element_type=\"container\" data-e-type=\"container\">\n\t\t\t\t<div class=\"elementor-element elementor-element-c70ad3c elementor-widget elementor-widget-image\" data-id=\"c70ad3c\" data-element_type=\"widget\" data-e-type=\"widget\" data-widget_type=\"image.default\">\n\t\t\t\t\t\t\t\t\t\t\t\t\t\t\t<img loading=\"lazy\" decoding=\"async\" width=\"751\" height=\"501\" src=\"https:\/\/effisus.com\/wp-content\/uploads\/2025\/11\/Precast-concrete-panels-1024x683.png\" class=\"attachment-large size-large wp-image-10713\" alt=\"\" srcset=\"https:\/\/effisus.com\/wp-content\/uploads\/2025\/11\/Precast-concrete-panels-1024x683.png 1024w, https:\/\/effisus.com\/wp-content\/uploads\/2025\/11\/Precast-concrete-panels-300x200.png 300w, https:\/\/effisus.com\/wp-content\/uploads\/2025\/11\/Precast-concrete-panels-768x512.png 768w, https:\/\/effisus.com\/wp-content\/uploads\/2025\/11\/Precast-concrete-panels.png 1536w\" sizes=\"(max-width: 751px) 100vw, 751px\" \/>\t\t\t\t\t\t\t\t\t\t\t\t\t\t\t<\/div>\n\t\t\t\t<\/div>\n\t\t<div class=\"elementor-element elementor-element-f45cd0f e-con-full sc-text-section e-flex e-con e-child\" data-id=\"f45cd0f\" data-element_type=\"container\" data-e-type=\"container\">\n\t\t\t\t<div class=\"elementor-element elementor-element-0d6cfe7 elementor-widget elementor-widget-text-editor\" data-id=\"0d6cfe7\" data-element_type=\"widget\" data-e-type=\"widget\" data-widget_type=\"text-editor.default\">\n\t\t\t\t\t\t\t\t\t<h2>\u00bfPor qu\u00e9 es importante?<\/h2>\n<p>Un dise\u00f1o detallado y bien dise\u00f1ado evita redise\u00f1os costosos, retrasos y fallos de rendimiento. Effisus garantiza que cada soluci\u00f3n sea t\u00e9cnicamente s\u00f3lida, conforme, implementable y est\u00e9 totalmente alineada con el prop\u00f3sito arquitect\u00f3nico. <\/p>\n\t\t\t\t\t\t\t\t<\/div>\n\t\t\t\t<div class=\"elementor-element elementor-element-dd34f68 secondary-btn elementor-widget elementor-widget-button\" data-id=\"dd34f68\" data-element_type=\"widget\" data-e-type=\"widget\" data-widget_type=\"button.default\">\n\t\t\t\t\t\t\t\t\t\t<a class=\"elementor-button elementor-button-link elementor-size-sm\" href=\"https:\/\/effisus.com\/es\/contacta-con-nosotros\/#effisus-contact-form\">\n\t\t\t\t\t\t<span class=\"elementor-button-content-wrapper\">\n\t\t\t\t\t\t\t\t\t<span class=\"elementor-button-text\">Solicitar soporte<\/span>\n\t\t\t\t\t<\/span>\n\t\t\t\t\t<\/a>\n\t\t\t\t\t\t\t\t<\/div>\n\t\t\t\t<\/div>\n\t\t\t\t<\/div>\n\t\t\t\t\t<\/div>\n\t\t\t\t<\/div>\n\t\t<div class=\"elementor-element elementor-element-697e785 e-flex e-con-boxed e-con e-parent\" data-id=\"697e785\" data-element_type=\"container\" data-e-type=\"container\">\n\t\t\t\t\t<div class=\"e-con-inner\">\n\t\t\t\t\t<\/div>\n\t\t\t\t<\/div>\n\t\t\t\t<\/div>\n\t\t","protected":false},"excerpt":{"rendered":"<p>Ingenier\u00eda de dise\u00f1o Detalles de precisi\u00f3n y experiencia t\u00e9cnica desde el concepto hasta la ejecuci\u00f3n. Los servicios de ingenier\u00eda de dise\u00f1o de Effisus respaldan todo el proceso de dise\u00f1o, garantizando que cada proyecto adopte las estrategias de impermeabilizaci\u00f3n adecuadas desde el principio. Nuestro equipo de ingenier\u00eda colabora con desarrolladores, arquitectos, consultores, dise\u00f1adores y contratistas para&#8230;<\/p>\n","protected":false},"author":1,"featured_media":0,"parent":0,"menu_order":0,"comment_status":"closed","ping_status":"closed","template":"template-builder.php","meta":{"_acf_changed":false,"_monsterinsights_skip_tracking":false,"_monsterinsights_sitenote_active":false,"_monsterinsights_sitenote_note":"","_monsterinsights_sitenote_category":0,"_uf_show_specific_survey":0,"_uf_disable_surveys":false,"footnotes":""},"class_list":["post-15298","page","type-page","status-publish","hentry","page--item"],"acf":[],"aioseo_notices":[],"_links":{"self":[{"href":"https:\/\/effisus.com\/es\/wp-json\/wp\/v2\/pages\/15298","targetHints":{"allow":["GET"]}}],"collection":[{"href":"https:\/\/effisus.com\/es\/wp-json\/wp\/v2\/pages"}],"about":[{"href":"https:\/\/effisus.com\/es\/wp-json\/wp\/v2\/types\/page"}],"author":[{"embeddable":true,"href":"https:\/\/effisus.com\/es\/wp-json\/wp\/v2\/users\/1"}],"replies":[{"embeddable":true,"href":"https:\/\/effisus.com\/es\/wp-json\/wp\/v2\/comments?post=15298"}],"version-history":[{"count":4,"href":"https:\/\/effisus.com\/es\/wp-json\/wp\/v2\/pages\/15298\/revisions"}],"predecessor-version":[{"id":15411,"href":"https:\/\/effisus.com\/es\/wp-json\/wp\/v2\/pages\/15298\/revisions\/15411"}],"wp:attachment":[{"href":"https:\/\/effisus.com\/es\/wp-json\/wp\/v2\/media?parent=15298"}],"curies":[{"name":"wp","href":"https:\/\/api.w.org\/{rel}","templated":true}]}}