
{"id":15255,"date":"2025-12-18T19:13:44","date_gmt":"2025-12-18T19:13:44","guid":{"rendered":"https:\/\/effisus.com\/asistencia-en-el-sitio\/"},"modified":"2025-12-20T12:18:28","modified_gmt":"2025-12-20T12:18:28","slug":"asistencia-en-obra","status":"publish","type":"page","link":"https:\/\/effisus.com\/es\/asistencia-en-obra\/","title":{"rendered":"Asistencia en obra"},"content":{"rendered":"\t\t<div data-elementor-type=\"wp-page\" data-elementor-id=\"15255\" class=\"elementor elementor-15255 elementor-14967\" data-elementor-post-type=\"page\">\n\t\t\t\t<div class=\"elementor-element elementor-element-ed10786 page-title-container e-con-full e-flex e-con e-parent\" data-id=\"ed10786\" data-element_type=\"container\" data-e-type=\"container\">\n\t\t\t\t<div class=\"elementor-element elementor-element-3fefb52 elementor-widget__width-inherit page-title-container elementor-position-top elementor-widget elementor-widget-image-box\" data-id=\"3fefb52\" data-element_type=\"widget\" data-e-type=\"widget\" data-widget_type=\"image-box.default\">\n\t\t\t\t\t<div class=\"elementor-image-box-wrapper\"><figure class=\"elementor-image-box-img\"><img fetchpriority=\"high\" decoding=\"async\" width=\"1248\" height=\"832\" src=\"https:\/\/effisus.com\/wp-content\/uploads\/2025\/12\/site-assistance.jpg\" class=\"attachment-full size-full wp-image-15249\" alt=\"\" srcset=\"https:\/\/effisus.com\/wp-content\/uploads\/2025\/12\/site-assistance.jpg 1248w, https:\/\/effisus.com\/wp-content\/uploads\/2025\/12\/site-assistance-300x200.jpg 300w, https:\/\/effisus.com\/wp-content\/uploads\/2025\/12\/site-assistance-1024x683.jpg 1024w, https:\/\/effisus.com\/wp-content\/uploads\/2025\/12\/site-assistance-768x512.jpg 768w\" sizes=\"(max-width: 1248px) 100vw, 1248px\" \/><\/figure><div class=\"elementor-image-box-content\"><h1 class=\"elementor-image-box-title\">Asistencia en obra<\/h1><p class=\"elementor-image-box-description\">Soporte t\u00e9cnico en sitio para garantizar una correcta implementaci\u00f3n.<\/p><\/div><\/div>\t\t\t\t<\/div>\n\t\t\t\t<\/div>\n\t\t<div class=\"elementor-element elementor-element-782b880 e-con-full about-title-content e-flex e-con e-child\" data-id=\"782b880\" data-element_type=\"container\" data-e-type=\"container\">\n\t\t<div class=\"elementor-element elementor-element-4e8d1bf section-standard-padding-gap about-us-content e-flex e-con-boxed e-con e-child\" data-id=\"4e8d1bf\" data-element_type=\"container\" data-e-type=\"container\">\n\t\t\t\t\t<div class=\"e-con-inner\">\n\t\t<div class=\"elementor-element elementor-element-fbddd9b e-con-full about-title-content e-flex e-con e-child\" data-id=\"fbddd9b\" data-element_type=\"container\" data-e-type=\"container\">\n\t\t\t\t<div class=\"elementor-element elementor-element-d12e82c section-title text-center elementor-widget__width-initial elementor-widget elementor-widget-text-editor\" data-id=\"d12e82c\" data-element_type=\"widget\" data-e-type=\"widget\" data-widget_type=\"text-editor.default\">\n\t\t\t\t\t\t\t\t\t<h3>Incluso la soluci\u00f3n mejor dise\u00f1ada debe instalarse correctamente para lograr el rendimiento deseado.<\/h3>\n<p>Effisus Site Assistance brinda apoyo pr\u00e1ctico durante toda la fase de construcci\u00f3n para garantizar la calidad, el cumplimiento y la eficiencia en su proyecto.<\/p>\n<strong>C\u00f3mo apoyamos a su equipo del sitio:<\/strong>\t\t\t\t\t\t\t\t<\/div>\n\t\t<div class=\"elementor-element elementor-element-e009e09 e-con-full e-flex e-con e-child\" data-id=\"e009e09\" data-element_type=\"container\" data-e-type=\"container\">\n\t\t<div class=\"elementor-element elementor-element-b3944b4 e-grid e-con-full e-con e-child\" data-id=\"b3944b4\" data-element_type=\"container\" data-e-type=\"container\">\n\t\t<div class=\"elementor-element elementor-element-4badc62 e-con-full e-flex e-con e-child\" data-id=\"4badc62\" data-element_type=\"container\" data-e-type=\"container\">\n\t\t\t\t<div class=\"elementor-element elementor-element-1515f1d elementor-widget elementor-widget-image\" data-id=\"1515f1d\" data-element_type=\"widget\" data-e-type=\"widget\" data-widget_type=\"image.default\">\n\t\t\t\t\t\t\t\t\t\t\t\t\t\t\t<img decoding=\"async\" width=\"751\" height=\"501\" src=\"https:\/\/effisus.com\/wp-content\/uploads\/2025\/12\/Pre-Installation-Site-Inspections-1024x683.png\" class=\"attachment-large size-large wp-image-15250\" alt=\"\" srcset=\"https:\/\/effisus.com\/wp-content\/uploads\/2025\/12\/Pre-Installation-Site-Inspections-1024x683.png 1024w, https:\/\/effisus.com\/wp-content\/uploads\/2025\/12\/Pre-Installation-Site-Inspections-300x200.png 300w, https:\/\/effisus.com\/wp-content\/uploads\/2025\/12\/Pre-Installation-Site-Inspections-768x512.png 768w, https:\/\/effisus.com\/wp-content\/uploads\/2025\/12\/Pre-Installation-Site-Inspections.png 1248w\" sizes=\"(max-width: 751px) 100vw, 751px\" \/>\t\t\t\t\t\t\t\t\t\t\t\t\t\t\t<\/div>\n\t\t\t\t<div class=\"elementor-element elementor-element-7cda1c4 elementor-widget elementor-widget-text-editor\" data-id=\"7cda1c4\" data-element_type=\"widget\" data-e-type=\"widget\" data-widget_type=\"text-editor.default\">\n\t\t\t\t\t\t\t\t\t<h3 style=\"text-align: left;\">1. Inspecciones del sitio previas a la instalaci\u00f3n<\/h3><h4>Antes de comenzar el trabajo, Effisus eval\u00faa:<\/h4><ul class=\"service-list\"><li>Condiciones del sitio<\/li><li>Preparaci\u00f3n del sustrato<\/li><li>Coordinaci\u00f3n de interfaz<\/li><li>Factores de riesgo que requieren mitigaci\u00f3n<\/li><\/ul><p>Los resultados se compilan en un <strong>informe Spec2Site<\/strong> con recomendaciones claras.<\/p>\t\t\t\t\t\t\t\t<\/div>\n\t\t\t\t<\/div>\n\t\t<div class=\"elementor-element elementor-element-ff18ccf e-con-full e-flex e-con e-child\" data-id=\"ff18ccf\" data-element_type=\"container\" data-e-type=\"container\">\n\t\t\t\t<div class=\"elementor-element elementor-element-06efb2c elementor-widget elementor-widget-image\" data-id=\"06efb2c\" data-element_type=\"widget\" data-e-type=\"widget\" data-widget_type=\"image.default\">\n\t\t\t\t\t\t\t\t\t\t\t\t\t\t\t<img decoding=\"async\" width=\"751\" height=\"501\" src=\"https:\/\/effisus.com\/wp-content\/uploads\/2025\/12\/On-Site-Technical-Guidance-1024x683.png\" class=\"attachment-large size-large wp-image-15251\" alt=\"\" srcset=\"https:\/\/effisus.com\/wp-content\/uploads\/2025\/12\/On-Site-Technical-Guidance-1024x683.png 1024w, https:\/\/effisus.com\/wp-content\/uploads\/2025\/12\/On-Site-Technical-Guidance-300x200.png 300w, https:\/\/effisus.com\/wp-content\/uploads\/2025\/12\/On-Site-Technical-Guidance-768x512.png 768w, https:\/\/effisus.com\/wp-content\/uploads\/2025\/12\/On-Site-Technical-Guidance.png 1248w\" sizes=\"(max-width: 751px) 100vw, 751px\" \/>\t\t\t\t\t\t\t\t\t\t\t\t\t\t\t<\/div>\n\t\t\t\t<div class=\"elementor-element elementor-element-18cf25c elementor-widget elementor-widget-text-editor\" data-id=\"18cf25c\" data-element_type=\"widget\" data-e-type=\"widget\" data-widget_type=\"text-editor.default\">\n\t\t\t\t\t\t\t\t\t<h3 style=\"text-align: left;\">2. Orientaci\u00f3n t\u00e9cnica in situ  <\/h3>\n<h4>Los expertos de Effisus ayudan directamente a su equipo de instalaci\u00f3n:<\/h4>\n<ul class=\"service-list\">\n<li>Aclaraci\u00f3n de la geometr\u00eda del detalle<\/li>\n<li>Asesoramiento sobre la secuencia de solicitudes<\/li>\n<li>Apoyo a \u00e1reas desafiantes o condiciones no est\u00e1ndar<\/li>\n<\/ul>\t\t\t\t\t\t\t\t<\/div>\n\t\t\t\t<\/div>\n\t\t<div class=\"elementor-element elementor-element-3f18c4c e-con-full e-flex e-con e-child\" data-id=\"3f18c4c\" data-element_type=\"container\" data-e-type=\"container\">\n\t\t\t\t<div class=\"elementor-element elementor-element-20e2676 elementor-widget elementor-widget-image\" data-id=\"20e2676\" data-element_type=\"widget\" data-e-type=\"widget\" data-widget_type=\"image.default\">\n\t\t\t\t\t\t\t\t\t\t\t\t\t\t\t<img loading=\"lazy\" decoding=\"async\" width=\"751\" height=\"501\" src=\"https:\/\/effisus.com\/wp-content\/uploads\/2025\/12\/On-Site-Mock-Ups-Offsite-Tests-1024x683.png\" class=\"attachment-large size-large wp-image-15252\" alt=\"\" srcset=\"https:\/\/effisus.com\/wp-content\/uploads\/2025\/12\/On-Site-Mock-Ups-Offsite-Tests-1024x683.png 1024w, https:\/\/effisus.com\/wp-content\/uploads\/2025\/12\/On-Site-Mock-Ups-Offsite-Tests-300x200.png 300w, https:\/\/effisus.com\/wp-content\/uploads\/2025\/12\/On-Site-Mock-Ups-Offsite-Tests-768x512.png 768w, https:\/\/effisus.com\/wp-content\/uploads\/2025\/12\/On-Site-Mock-Ups-Offsite-Tests.png 1248w\" sizes=\"(max-width: 751px) 100vw, 751px\" \/>\t\t\t\t\t\t\t\t\t\t\t\t\t\t\t<\/div>\n\t\t\t\t<div class=\"elementor-element elementor-element-d5e4299 elementor-widget elementor-widget-text-editor\" data-id=\"d5e4299\" data-element_type=\"widget\" data-e-type=\"widget\" data-widget_type=\"text-editor.default\">\n\t\t\t\t\t\t\t\t\t<h3 style=\"text-align: left;\">3. Maquetas in situ y pruebas externas  <\/h3>\n<h4 style=\"font-weight:normal !important\">El soporte de pruebas a gran escala y las maquetas in situ garantizan que las soluciones funcionen como se espera antes de la implementaci\u00f3n completa:<\/h4>\n\t\t\t\t\t\t\t\t<\/div>\n\t\t\t\t<\/div>\n\t\t<div class=\"elementor-element elementor-element-d66a7f0 e-con-full e-flex e-con e-child\" data-id=\"d66a7f0\" data-element_type=\"container\" data-e-type=\"container\">\n\t\t\t\t<div class=\"elementor-element elementor-element-74614af elementor-widget elementor-widget-image\" data-id=\"74614af\" data-element_type=\"widget\" data-e-type=\"widget\" data-widget_type=\"image.default\">\n\t\t\t\t\t\t\t\t\t\t\t\t\t\t\t<img loading=\"lazy\" decoding=\"async\" width=\"751\" height=\"501\" src=\"https:\/\/effisus.com\/wp-content\/uploads\/2025\/12\/Installation-Support-During-Construction-1024x683.png\" class=\"attachment-large size-large wp-image-15253\" alt=\"\" srcset=\"https:\/\/effisus.com\/wp-content\/uploads\/2025\/12\/Installation-Support-During-Construction-1024x683.png 1024w, https:\/\/effisus.com\/wp-content\/uploads\/2025\/12\/Installation-Support-During-Construction-300x200.png 300w, https:\/\/effisus.com\/wp-content\/uploads\/2025\/12\/Installation-Support-During-Construction-768x512.png 768w, https:\/\/effisus.com\/wp-content\/uploads\/2025\/12\/Installation-Support-During-Construction.png 1248w\" sizes=\"(max-width: 751px) 100vw, 751px\" \/>\t\t\t\t\t\t\t\t\t\t\t\t\t\t\t<\/div>\n\t\t\t\t<div class=\"elementor-element elementor-element-ca5230d elementor-widget elementor-widget-text-editor\" data-id=\"ca5230d\" data-element_type=\"widget\" data-e-type=\"widget\" data-widget_type=\"text-editor.default\">\n\t\t\t\t\t\t\t\t\t<h3 style=\"text-align: left;\">4. Soporte de instalaci\u00f3n durante la construcci\u00f3n<\/h3>\n<h4>Asistencia pr\u00e1ctica en la supervisi\u00f3n del sitio para:<\/h4>\n<ul class=\"service-list\">\n<li>Validaci\u00f3n de aplicaciones de productos<\/li>\n<li>Revisi\u00f3n de los detalles del sellado<\/li>\n<li>Gu\u00eda sobre el uso correcto de imprimaciones, adhesivos y accesorios<\/li>\n<li>Identificaci\u00f3n de variaciones cr\u00edticas en el dise\u00f1o inicial de impermeabilizaci\u00f3n<\/li>\n<li>Emisi\u00f3n de Informes de Visitas al Sitio para orientaci\u00f3n en la validaci\u00f3n y\/o correcci\u00f3n<\/li>\n<\/ul>\t\t\t\t\t\t\t\t<\/div>\n\t\t\t\t<\/div>\n\t\t<div class=\"elementor-element elementor-element-6ac45cc e-con-full e-flex e-con e-child\" data-id=\"6ac45cc\" data-element_type=\"container\" data-e-type=\"container\">\n\t\t\t\t<div class=\"elementor-element elementor-element-823ddaf elementor-widget elementor-widget-image\" data-id=\"823ddaf\" data-element_type=\"widget\" data-e-type=\"widget\" data-widget_type=\"image.default\">\n\t\t\t\t\t\t\t\t\t\t\t\t\t\t\t<img loading=\"lazy\" decoding=\"async\" width=\"751\" height=\"501\" src=\"https:\/\/effisus.com\/wp-content\/uploads\/2025\/12\/Inspection-During-Building-Operation-1024x683.png\" class=\"attachment-large size-large wp-image-15254\" alt=\"\" srcset=\"https:\/\/effisus.com\/wp-content\/uploads\/2025\/12\/Inspection-During-Building-Operation-1024x683.png 1024w, https:\/\/effisus.com\/wp-content\/uploads\/2025\/12\/Inspection-During-Building-Operation-300x200.png 300w, https:\/\/effisus.com\/wp-content\/uploads\/2025\/12\/Inspection-During-Building-Operation-768x512.png 768w, https:\/\/effisus.com\/wp-content\/uploads\/2025\/12\/Inspection-During-Building-Operation.png 1248w\" sizes=\"(max-width: 751px) 100vw, 751px\" \/>\t\t\t\t\t\t\t\t\t\t\t\t\t\t\t<\/div>\n\t\t\t\t<div class=\"elementor-element elementor-element-896136c elementor-widget elementor-widget-text-editor\" data-id=\"896136c\" data-element_type=\"widget\" data-e-type=\"widget\" data-widget_type=\"text-editor.default\">\n\t\t\t\t\t\t\t\t\t<h3 style=\"text-align: left;\">5. Inspecci\u00f3n durante la operaci\u00f3n del edificio<\/h3>\n<h4>Soporte posterior a la entrega para:<\/h4>\n<ul class=\"service-list\">\n<li>Evaluaciones correctivas<\/li>\n<li>Comprobaciones de rendimiento<\/li>\n<li>Evaluaciones de mantenimiento<\/li>\n<\/ul>\t\t\t\t\t\t\t\t<\/div>\n\t\t\t\t<\/div>\n\t\t\t\t<\/div>\n\t\t\t\t<\/div>\n\t\t\t\t<\/div>\n\t\t\t\t\t<\/div>\n\t\t\t\t<\/div>\n\t\t\t\t<\/div>\n\t\t<div class=\"elementor-element elementor-element-474e6c7 section-standard-padding-gap sustainability-section  e-flex e-con-boxed e-con e-parent\" data-id=\"474e6c7\" data-element_type=\"container\" data-e-type=\"container\">\n\t\t\t\t\t<div class=\"e-con-inner\">\n\t\t<div class=\"elementor-element elementor-element-68ba523 e-con-full content-image-container p-0 e-flex e-con e-child\" data-id=\"68ba523\" data-element_type=\"container\" data-e-type=\"container\">\n\t\t<div class=\"elementor-element elementor-element-4cb06ec e-con-full e-flex e-con e-child\" data-id=\"4cb06ec\" data-element_type=\"container\" data-e-type=\"container\">\n\t\t\t\t<div class=\"elementor-element elementor-element-c70ad3c elementor-widget elementor-widget-image\" data-id=\"c70ad3c\" data-element_type=\"widget\" data-e-type=\"widget\" data-widget_type=\"image.default\">\n\t\t\t\t\t\t\t\t\t\t\t\t\t\t\t<img loading=\"lazy\" decoding=\"async\" width=\"751\" height=\"501\" src=\"https:\/\/effisus.com\/wp-content\/uploads\/2025\/11\/Precast-concrete-panels-1024x683.png\" class=\"attachment-large size-large wp-image-10713\" alt=\"\" srcset=\"https:\/\/effisus.com\/wp-content\/uploads\/2025\/11\/Precast-concrete-panels-1024x683.png 1024w, https:\/\/effisus.com\/wp-content\/uploads\/2025\/11\/Precast-concrete-panels-300x200.png 300w, https:\/\/effisus.com\/wp-content\/uploads\/2025\/11\/Precast-concrete-panels-768x512.png 768w, https:\/\/effisus.com\/wp-content\/uploads\/2025\/11\/Precast-concrete-panels.png 1536w\" sizes=\"(max-width: 751px) 100vw, 751px\" \/>\t\t\t\t\t\t\t\t\t\t\t\t\t\t\t<\/div>\n\t\t\t\t<\/div>\n\t\t<div class=\"elementor-element elementor-element-f45cd0f e-con-full sc-text-section e-flex e-con e-child\" data-id=\"f45cd0f\" data-element_type=\"container\" data-e-type=\"container\">\n\t\t\t\t<div class=\"elementor-element elementor-element-0d6cfe7 elementor-widget elementor-widget-text-editor\" data-id=\"0d6cfe7\" data-element_type=\"widget\" data-e-type=\"widget\" data-widget_type=\"text-editor.default\">\n\t\t\t\t\t\t\t\t\t<h2>Por qu\u00e9 es importante la asistencia en sitio de Effisus<\/h2>\n<p>\n<\/p><ul class=\"service-list\">\n<li>Reduce errores de instalaci\u00f3n<\/li>\n<li>Previene retrasos debidos a retrabajos<\/li>\n<li>Mejora el rendimiento del edificio a largo plazo<\/li>\n<li>Proporciona tranquilidad a propietarios, contratistas y consultores.<\/li>\n<\/ul>\n\t\t\t\t\t\t\t\t<\/div>\n\t\t\t\t<div class=\"elementor-element elementor-element-dd34f68 secondary-btn elementor-widget elementor-widget-button\" data-id=\"dd34f68\" data-element_type=\"widget\" data-e-type=\"widget\" data-widget_type=\"button.default\">\n\t\t\t\t\t\t\t\t\t\t<a class=\"elementor-button elementor-button-link elementor-size-sm\" href=\"https:\/\/effisus.com\/es\/contacta-con-nosotros\/#effisus-contact-form\">\n\t\t\t\t\t\t<span class=\"elementor-button-content-wrapper\">\n\t\t\t\t\t\t\t\t\t<span class=\"elementor-button-text\">Solicitar una visita al sitio o una sesi\u00f3n de capacitaci\u00f3n en el sitio<\/span>\n\t\t\t\t\t<\/span>\n\t\t\t\t\t<\/a>\n\t\t\t\t\t\t\t\t<\/div>\n\t\t\t\t<\/div>\n\t\t\t\t<\/div>\n\t\t\t\t\t<\/div>\n\t\t\t\t<\/div>\n\t\t<div class=\"elementor-element elementor-element-697e785 e-flex e-con-boxed e-con e-parent\" data-id=\"697e785\" data-element_type=\"container\" data-e-type=\"container\">\n\t\t\t\t\t<div class=\"e-con-inner\">\n\t\t\t\t\t<\/div>\n\t\t\t\t<\/div>\n\t\t\t\t<\/div>\n\t\t","protected":false},"excerpt":{"rendered":"<p>Asistencia en obra Soporte t\u00e9cnico en sitio para garantizar una correcta implementaci\u00f3n. Incluso la soluci\u00f3n mejor dise\u00f1ada debe instalarse correctamente para lograr el rendimiento deseado. Effisus Site Assistance brinda apoyo pr\u00e1ctico durante toda la fase de construcci\u00f3n para garantizar la calidad, el cumplimiento y la eficiencia en su proyecto. C\u00f3mo apoyamos a su equipo del&#8230;<\/p>\n","protected":false},"author":1,"featured_media":0,"parent":0,"menu_order":0,"comment_status":"closed","ping_status":"closed","template":"template-builder.php","meta":{"_acf_changed":false,"_monsterinsights_skip_tracking":false,"_monsterinsights_sitenote_active":false,"_monsterinsights_sitenote_note":"","_monsterinsights_sitenote_category":0,"_uf_show_specific_survey":0,"_uf_disable_surveys":false,"footnotes":""},"class_list":["post-15255","page","type-page","status-publish","hentry","page--item"],"acf":[],"aioseo_notices":[],"_links":{"self":[{"href":"https:\/\/effisus.com\/es\/wp-json\/wp\/v2\/pages\/15255","targetHints":{"allow":["GET"]}}],"collection":[{"href":"https:\/\/effisus.com\/es\/wp-json\/wp\/v2\/pages"}],"about":[{"href":"https:\/\/effisus.com\/es\/wp-json\/wp\/v2\/types\/page"}],"author":[{"embeddable":true,"href":"https:\/\/effisus.com\/es\/wp-json\/wp\/v2\/users\/1"}],"replies":[{"embeddable":true,"href":"https:\/\/effisus.com\/es\/wp-json\/wp\/v2\/comments?post=15255"}],"version-history":[{"count":4,"href":"https:\/\/effisus.com\/es\/wp-json\/wp\/v2\/pages\/15255\/revisions"}],"predecessor-version":[{"id":15400,"href":"https:\/\/effisus.com\/es\/wp-json\/wp\/v2\/pages\/15255\/revisions\/15400"}],"wp:attachment":[{"href":"https:\/\/effisus.com\/es\/wp-json\/wp\/v2\/media?parent=15255"}],"curies":[{"name":"wp","href":"https:\/\/api.w.org\/{rel}","templated":true}]}}