{"id":15239,"date":"2025-12-19T16:38:53","date_gmt":"2025-12-19T16:38:53","guid":{"rendered":"https:\/\/effisus.com\/capacitacion-y-desarrollo-profesional-continuo\/"},"modified":"2025-12-20T12:03:15","modified_gmt":"2025-12-20T12:03:15","slug":"capacitacion-y-desarrollo-profesional-continuo","status":"publish","type":"page","link":"https:\/\/effisus.com\/es\/capacitacion-y-desarrollo-profesional-continuo\/","title":{"rendered":"Capacitaci\u00f3n y desarrollo profesional continuo"},"content":{"rendered":"\t\t<div data-elementor-type=\"wp-page\" data-elementor-id=\"15239\" class=\"elementor elementor-15239 elementor-15197\" data-elementor-post-type=\"page\">\n\t\t\t\t<div class=\"elementor-element elementor-element-ed10786 page-title-container e-con-full e-flex e-con e-parent\" data-id=\"ed10786\" data-element_type=\"container\" data-e-type=\"container\">\n\t\t\r\n\t\t<div class=\"elementor-element elementor-element-3fefb52 elementor-widget__width-inherit page-title-container elementor-position-top elementor-widget elementor-widget-image-box\" data-id=\"3fefb52\" data-element_type=\"widget\" data-e-type=\"widget\" data-widget_type=\"image-box.default\">\n\t\t\t\t\t<div class=\"elementor-image-box-wrapper\"><figure class=\"elementor-image-box-img\"><img fetchpriority=\"high\" decoding=\"async\" width=\"1248\" height=\"832\" src=\"https:\/\/effisus.com\/wp-content\/uploads\/2025\/12\/training-cpds.jpg\" class=\"attachment-full size-full wp-image-15238\" alt=\"\" srcset=\"https:\/\/effisus.com\/wp-content\/uploads\/2025\/12\/training-cpds.jpg 1248w, https:\/\/effisus.com\/wp-content\/uploads\/2025\/12\/training-cpds-300x200.jpg 300w, https:\/\/effisus.com\/wp-content\/uploads\/2025\/12\/training-cpds-1024x683.jpg 1024w, https:\/\/effisus.com\/wp-content\/uploads\/2025\/12\/training-cpds-768x512.jpg 768w\" sizes=\"(max-width: 1248px) 100vw, 1248px\" \/><\/figure><div class=\"elementor-image-box-content\"><h1 class=\"elementor-image-box-title\">Capacitaci\u00f3n y desarrollo profesional continuo<\/h1><p class=\"elementor-image-box-description\">Conocimiento que empodera a los equipos de dise\u00f1o, instaladores y profesionales de la industria.<\/p><\/div><\/div>\t\t\t\t<\/div>\n\t\t\t\t<\/div>\n\t\t<div class=\"elementor-element elementor-element-782b880 e-con-full about-title-content e-flex e-con e-child\" data-id=\"782b880\" data-element_type=\"container\" data-e-type=\"container\">\n\t\t<div class=\"elementor-element elementor-element-4e8d1bf section-standard-padding-gap about-us-content e-flex e-con-boxed e-con e-child\" data-id=\"4e8d1bf\" data-element_type=\"container\" data-e-type=\"container\">\n\t\t\t\t\t<div class=\"e-con-inner\">\n\t\t<div class=\"elementor-element elementor-element-fbddd9b e-con-full about-title-content e-flex e-con e-child\" data-id=\"fbddd9b\" data-element_type=\"container\" data-e-type=\"container\">\n\t\t\t\t<div class=\"elementor-element elementor-element-d12e82c section-title text-center elementor-widget__width-initial elementor-widget elementor-widget-text-editor\" data-id=\"d12e82c\" data-element_type=\"widget\" data-e-type=\"widget\" data-widget_type=\"text-editor.default\">\n\t\t\t\t\t\t\t\t\t<h3>Effisus se compromete a promover la industria de la construcci\u00f3n a trav\u00e9s de la educaci\u00f3n.<\/h3>\n<p>Nuestros programas de capacitaci\u00f3n y CPD acreditados equipan a los profesionales con el conocimiento necesario para dise\u00f1ar e implementar soluciones confiables de impermeabilizaci\u00f3n, mejorando la calidad en todas las etapas del proyecto.<\/p>\n<p><strong>Formatos de formaci\u00f3n ofrecidos:<\/strong><\/p>\t\t\t\t\t\t\t\t<\/div>\n\t\t<div class=\"elementor-element elementor-element-e009e09 e-con-full e-flex e-con e-child\" data-id=\"e009e09\" data-element_type=\"container\" data-e-type=\"container\">\n\t\t<div class=\"elementor-element elementor-element-b3944b4 e-grid e-con-full e-con e-child\" data-id=\"b3944b4\" data-element_type=\"container\" data-e-type=\"container\">\n\t\t<div class=\"elementor-element elementor-element-4badc62 e-con-full e-flex e-con e-child\" data-id=\"4badc62\" data-element_type=\"container\" data-e-type=\"container\">\n\t\t\t\t<div class=\"elementor-element elementor-element-1515f1d elementor-widget elementor-widget-image\" data-id=\"1515f1d\" data-element_type=\"widget\" data-e-type=\"widget\" data-widget_type=\"image.default\">\n\t\t\t\t\t\t\t\t\t\t\t\t\t\t\t<img decoding=\"async\" width=\"751\" height=\"501\" src=\"https:\/\/effisus.com\/wp-content\/uploads\/2025\/12\/RIBA-Approved-CPDs-2-1024x683.jpg\" class=\"attachment-large size-large wp-image-15374\" alt=\"\" srcset=\"https:\/\/effisus.com\/wp-content\/uploads\/2025\/12\/RIBA-Approved-CPDs-2-1024x683.jpg 1024w, https:\/\/effisus.com\/wp-content\/uploads\/2025\/12\/RIBA-Approved-CPDs-2-300x200.jpg 300w, https:\/\/effisus.com\/wp-content\/uploads\/2025\/12\/RIBA-Approved-CPDs-2-768x512.jpg 768w, https:\/\/effisus.com\/wp-content\/uploads\/2025\/12\/RIBA-Approved-CPDs-2.jpg 1248w\" sizes=\"(max-width: 751px) 100vw, 751px\" \/>\t\t\t\t\t\t\t\t\t\t\t\t\t\t\t<\/div>\n\t\t\t\t<div class=\"elementor-element elementor-element-7cda1c4 elementor-widget elementor-widget-text-editor\" data-id=\"7cda1c4\" data-element_type=\"widget\" data-e-type=\"widget\" data-widget_type=\"text-editor.default\">\n\t\t\t\t\t\t\t\t\t<h3 style=\"text-align: left;\">1. CPD aprobados por RIBA<\/h3>\n<h4>Entregado en l\u00ednea o en persona:<\/h4>\n<ul class=\"service-list\">\n<li>Centrarse en las mejores pr\u00e1cticas en la impermeabilizaci\u00f3n de fachadas y tejados<\/li>\n<li>Proporciona cr\u00e9ditos de educaci\u00f3n continua<\/li>\n<li>Ideal para arquitectos y especificadores<\/li>\n<\/ul>\t\t\t\t\t\t\t\t<\/div>\n\t\t\t\t<\/div>\n\t\t<div class=\"elementor-element elementor-element-ff18ccf e-con-full e-flex e-con e-child\" data-id=\"ff18ccf\" data-element_type=\"container\" data-e-type=\"container\">\n\t\t\t\t<div class=\"elementor-element elementor-element-06efb2c elementor-widget elementor-widget-image\" data-id=\"06efb2c\" data-element_type=\"widget\" data-e-type=\"widget\" data-widget_type=\"image.default\">\n\t\t\t\t\t\t\t\t\t\t\t\t\t\t\t<img decoding=\"async\" width=\"751\" height=\"501\" src=\"https:\/\/effisus.com\/wp-content\/uploads\/2025\/12\/technical-workshops-1024x683.jpg\" class=\"attachment-large size-large wp-image-15375\" alt=\"\" srcset=\"https:\/\/effisus.com\/wp-content\/uploads\/2025\/12\/technical-workshops-1024x683.jpg 1024w, https:\/\/effisus.com\/wp-content\/uploads\/2025\/12\/technical-workshops-300x200.jpg 300w, https:\/\/effisus.com\/wp-content\/uploads\/2025\/12\/technical-workshops-768x512.jpg 768w, https:\/\/effisus.com\/wp-content\/uploads\/2025\/12\/technical-workshops.jpg 1248w\" sizes=\"(max-width: 751px) 100vw, 751px\" \/>\t\t\t\t\t\t\t\t\t\t\t\t\t\t\t<\/div>\n\t\t\t\t<div class=\"elementor-element elementor-element-18cf25c elementor-widget elementor-widget-text-editor\" data-id=\"18cf25c\" data-element_type=\"widget\" data-e-type=\"widget\" data-widget_type=\"text-editor.default\">\n\t\t\t\t\t\t\t\t\t<h3 style=\"text-align: left;\">2. Talleres t\u00e9cnicos<\/h3>\n<h4>Experiencias de aprendizaje interactivas que cubren:<\/h4>\n<ul class=\"service-list\">\n \t<li>Principios de impermeabilizaci\u00f3n<\/li>\n \t<li>T\u00e9cnicas de detalle<\/li>\n \t<li>Criterios de selecci\u00f3n y rendimiento del sistema<\/li>\n<\/ul>\t\t\t\t\t\t\t\t<\/div>\n\t\t\t\t<\/div>\n\t\t<div class=\"elementor-element elementor-element-3f18c4c e-con-full e-flex e-con e-child\" data-id=\"3f18c4c\" data-element_type=\"container\" data-e-type=\"container\">\n\t\t\t\t<div class=\"elementor-element elementor-element-20e2676 elementor-widget elementor-widget-image\" data-id=\"20e2676\" data-element_type=\"widget\" data-e-type=\"widget\" data-widget_type=\"image.default\">\n\t\t\t\t\t\t\t\t\t\t\t\t\t\t\t<img loading=\"lazy\" decoding=\"async\" width=\"751\" height=\"501\" src=\"https:\/\/effisus.com\/wp-content\/uploads\/2025\/12\/installer-training-1024x683.jpg\" class=\"attachment-large size-large wp-image-15376\" alt=\"\" srcset=\"https:\/\/effisus.com\/wp-content\/uploads\/2025\/12\/installer-training-1024x683.jpg 1024w, https:\/\/effisus.com\/wp-content\/uploads\/2025\/12\/installer-training-300x200.jpg 300w, https:\/\/effisus.com\/wp-content\/uploads\/2025\/12\/installer-training-768x512.jpg 768w, https:\/\/effisus.com\/wp-content\/uploads\/2025\/12\/installer-training.jpg 1248w\" sizes=\"(max-width: 751px) 100vw, 751px\" \/>\t\t\t\t\t\t\t\t\t\t\t\t\t\t\t<\/div>\n\t\t\t\t<div class=\"elementor-element elementor-element-d5e4299 elementor-widget elementor-widget-text-editor\" data-id=\"d5e4299\" data-element_type=\"widget\" data-e-type=\"widget\" data-widget_type=\"text-editor.default\">\n\t\t\t\t\t\t\t\t\t<h3 style=\"text-align: left;\">3. Capacitaci\u00f3n del instalador<\/h3>\n<h4 style=\"font-weight: normal !important;\">Sesiones pr\u00e1cticas para contratistas e instaladores:<\/h4>\n<ul class=\"service-list\">\n \t<li>Uso adecuado de membranas, adhesivos y accesorios<\/li>\n \t<li>Secuenciaci\u00f3n correcta y acabado de detalles<\/li>\n \t<li>Certificaci\u00f3n del equipo de instalaci\u00f3n<\/li>\n<\/ul>\t\t\t\t\t\t\t\t<\/div>\n\t\t\t\t<\/div>\n\t\t<div class=\"elementor-element elementor-element-d66a7f0 e-con-full e-flex e-con e-child\" data-id=\"d66a7f0\" data-element_type=\"container\" data-e-type=\"container\">\n\t\t\t\t<div class=\"elementor-element elementor-element-74614af elementor-widget elementor-widget-image\" data-id=\"74614af\" data-element_type=\"widget\" data-e-type=\"widget\" data-widget_type=\"image.default\">\n\t\t\t\t\t\t\t\t\t\t\t\t\t\t\t<img loading=\"lazy\" decoding=\"async\" width=\"751\" height=\"501\" src=\"https:\/\/effisus.com\/wp-content\/uploads\/2025\/12\/weatherproofing-meetings-1024x683.jpg\" class=\"attachment-large size-large wp-image-15377\" alt=\"\" srcset=\"https:\/\/effisus.com\/wp-content\/uploads\/2025\/12\/weatherproofing-meetings-1024x683.jpg 1024w, https:\/\/effisus.com\/wp-content\/uploads\/2025\/12\/weatherproofing-meetings-300x200.jpg 300w, https:\/\/effisus.com\/wp-content\/uploads\/2025\/12\/weatherproofing-meetings-768x512.jpg 768w, https:\/\/effisus.com\/wp-content\/uploads\/2025\/12\/weatherproofing-meetings.jpg 1248w\" sizes=\"(max-width: 751px) 100vw, 751px\" \/>\t\t\t\t\t\t\t\t\t\t\t\t\t\t\t<\/div>\n\t\t\t\t<div class=\"elementor-element elementor-element-ca5230d elementor-widget elementor-widget-text-editor\" data-id=\"ca5230d\" data-element_type=\"widget\" data-e-type=\"widget\" data-widget_type=\"text-editor.default\">\n\t\t\t\t\t\t\t\t\t<h3 style=\"text-align: left;\">4. Reuniones de impermeabilizaci\u00f3n<\/h3>\n<h4>Sesiones digitales breves y espec\u00edficas:<\/h4>\n<ul class=\"service-list\">\n<li>Para equipos de proyecto<\/li>\n<li>Centrarse en detalles, desaf\u00edos o soluciones espec\u00edficos<\/li>\n<\/ul>\t\t\t\t\t\t\t\t<\/div>\n\t\t\t\t<\/div>\n\t\t<div class=\"elementor-element elementor-element-6ac45cc e-con-full e-flex e-con e-child\" data-id=\"6ac45cc\" data-element_type=\"container\" data-e-type=\"container\">\n\t\t\t\t<div class=\"elementor-element elementor-element-823ddaf elementor-widget elementor-widget-image\" data-id=\"823ddaf\" data-element_type=\"widget\" data-e-type=\"widget\" data-widget_type=\"image.default\">\n\t\t\t\t\t\t\t\t\t\t\t\t\t\t\t<img loading=\"lazy\" decoding=\"async\" width=\"751\" height=\"501\" src=\"https:\/\/effisus.com\/wp-content\/uploads\/2025\/12\/industry-engagement-1024x683.jpg\" class=\"attachment-large size-large wp-image-15378\" alt=\"\" srcset=\"https:\/\/effisus.com\/wp-content\/uploads\/2025\/12\/industry-engagement-1024x683.jpg 1024w, https:\/\/effisus.com\/wp-content\/uploads\/2025\/12\/industry-engagement-300x200.jpg 300w, https:\/\/effisus.com\/wp-content\/uploads\/2025\/12\/industry-engagement-768x512.jpg 768w, https:\/\/effisus.com\/wp-content\/uploads\/2025\/12\/industry-engagement.jpg 1248w\" sizes=\"(max-width: 751px) 100vw, 751px\" \/>\t\t\t\t\t\t\t\t\t\t\t\t\t\t\t<\/div>\n\t\t\t\t<div class=\"elementor-element elementor-element-896136c elementor-widget elementor-widget-text-editor\" data-id=\"896136c\" data-element_type=\"widget\" data-e-type=\"widget\" data-widget_type=\"text-editor.default\">\n\t\t\t\t\t\t\t\t\t<h3 style=\"text-align: left;\">5. Compromiso con la industria<\/h3><h4>Los expertos de Effisus hablan regularmente en:<\/h4><ul class=\"service-list\"><li>Universidades<\/li><li>Conferencias de la industria<\/li><li>Eventos de tecnolog\u00eda e innovaci\u00f3n<\/li><\/ul>\t\t\t\t\t\t\t\t<\/div>\n\t\t\t\t<\/div>\n\t\t\t\t<\/div>\n\t\t\t\t<\/div>\n\t\t\t\t<\/div>\n\t\t\t\t\t<\/div>\n\t\t\t\t<\/div>\n\t\t\t\t<\/div>\n\t\t<div class=\"elementor-element elementor-element-474e6c7 section-standard-padding-gap sustainability-section  e-flex e-con-boxed e-con e-parent\" data-id=\"474e6c7\" data-element_type=\"container\" data-e-type=\"container\">\n\t\t\t\t\t<div class=\"e-con-inner\">\n\t\t<div class=\"elementor-element elementor-element-68ba523 e-con-full content-image-container p-0 e-flex e-con e-child\" data-id=\"68ba523\" data-element_type=\"container\" data-e-type=\"container\">\n\t\t<div class=\"elementor-element elementor-element-4cb06ec e-con-full e-flex e-con e-child\" data-id=\"4cb06ec\" data-element_type=\"container\" data-e-type=\"container\">\n\t\t\t\t<div class=\"elementor-element elementor-element-c70ad3c elementor-widget elementor-widget-image\" data-id=\"c70ad3c\" data-element_type=\"widget\" data-e-type=\"widget\" data-widget_type=\"image.default\">\n\t\t\t\t\t\t\t\t\t\t\t\t\t\t\t<img loading=\"lazy\" decoding=\"async\" width=\"751\" height=\"501\" src=\"https:\/\/effisus.com\/wp-content\/uploads\/2025\/11\/Precast-concrete-panels-1024x683.png\" class=\"attachment-large size-large wp-image-10713\" alt=\"\" srcset=\"https:\/\/effisus.com\/wp-content\/uploads\/2025\/11\/Precast-concrete-panels-1024x683.png 1024w, https:\/\/effisus.com\/wp-content\/uploads\/2025\/11\/Precast-concrete-panels-300x200.png 300w, https:\/\/effisus.com\/wp-content\/uploads\/2025\/11\/Precast-concrete-panels-768x512.png 768w, https:\/\/effisus.com\/wp-content\/uploads\/2025\/11\/Precast-concrete-panels.png 1536w\" sizes=\"(max-width: 751px) 100vw, 751px\" \/>\t\t\t\t\t\t\t\t\t\t\t\t\t\t\t<\/div>\n\t\t\t\t<\/div>\n\t\t<div class=\"elementor-element elementor-element-f45cd0f e-con-full sc-text-section e-flex e-con e-child\" data-id=\"f45cd0f\" data-element_type=\"container\" data-e-type=\"container\">\n\t\t\t\t<div class=\"elementor-element elementor-element-0d6cfe7 elementor-widget elementor-widget-text-editor\" data-id=\"0d6cfe7\" data-element_type=\"widget\" data-e-type=\"widget\" data-widget_type=\"text-editor.default\">\n\t\t\t\t\t\t\t\t\t<h2>Por qu\u00e9 es importante la capacitaci\u00f3n<\/h2>\n<p>Los equipos capacitados toman mejores decisiones, reducen los riesgos del proyecto, son m\u00e1s eficientes y mejoran los resultados finales. La capacitaci\u00f3n de Effisus proporciona a los profesionales conocimientos b\u00e1sicos y t\u00e9cnicas avanzadas para la impermeabilizaci\u00f3n de envolventes de edificios de alto rendimiento. <\/p>\t\t\t\t\t\t\t\t<\/div>\n\t\t\t\t<div class=\"elementor-element elementor-element-dd34f68 secondary-btn elementor-widget elementor-widget-button\" data-id=\"dd34f68\" data-element_type=\"widget\" data-e-type=\"widget\" data-widget_type=\"button.default\">\n\t\t\t\t\t\t\t\t\t\t<a class=\"elementor-button elementor-button-link elementor-size-sm\" href=\"https:\/\/effisus.com\/es\/contacta-con-nosotros\/#effisus-contact-form\">\n\t\t\t\t\t\t<span class=\"elementor-button-content-wrapper\">\n\t\t\t\t\t\t\t\t\t<span class=\"elementor-button-text\">Reserva una sesi\u00f3n de formaci\u00f3n o CPD<\/span>\n\t\t\t\t\t<\/span>\n\t\t\t\t\t<\/a>\n\t\t\t\t\t\t\t\t<\/div>\n\t\t\t\t<\/div>\n\t\t\t\t<\/div>\n\t\t\t\t\t<\/div>\n\t\t\t\t<\/div>\n\t\t<div class=\"elementor-element elementor-element-697e785 e-flex e-con-boxed e-con e-parent\" data-id=\"697e785\" data-element_type=\"container\" data-e-type=\"container\">\n\t\t\t\t\t<div class=\"e-con-inner\">\n\t\t\t\t\t<\/div>\n\t\t\t\t<\/div>\n\t\t\t\t<\/div>\n\t\t","protected":false},"excerpt":{"rendered":"<p>Capacitaci\u00f3n y desarrollo profesional continuo Conocimiento que empodera a los equipos de dise\u00f1o, instaladores y profesionales de la industria. Effisus se compromete a promover la industria de la construcci\u00f3n a trav\u00e9s de la educaci\u00f3n. Nuestros programas de capacitaci\u00f3n y CPD acreditados equipan a los profesionales con el conocimiento necesario para dise\u00f1ar e implementar soluciones confiables&#8230;<\/p>\n","protected":false},"author":1,"featured_media":0,"parent":0,"menu_order":0,"comment_status":"closed","ping_status":"closed","template":"template-builder.php","meta":{"_acf_changed":false,"_monsterinsights_skip_tracking":false,"_monsterinsights_sitenote_active":false,"_monsterinsights_sitenote_note":"","_monsterinsights_sitenote_category":0,"_uf_show_specific_survey":0,"_uf_disable_surveys":false,"footnotes":""},"class_list":["post-15239","page","type-page","status-publish","hentry","page--item"],"acf":[],"aioseo_notices":[],"_links":{"self":[{"href":"https:\/\/effisus.com\/es\/wp-json\/wp\/v2\/pages\/15239","targetHints":{"allow":["GET"]}}],"collection":[{"href":"https:\/\/effisus.com\/es\/wp-json\/wp\/v2\/pages"}],"about":[{"href":"https:\/\/effisus.com\/es\/wp-json\/wp\/v2\/types\/page"}],"author":[{"embeddable":true,"href":"https:\/\/effisus.com\/es\/wp-json\/wp\/v2\/users\/1"}],"replies":[{"embeddable":true,"href":"https:\/\/effisus.com\/es\/wp-json\/wp\/v2\/comments?post=15239"}],"version-history":[{"count":5,"href":"https:\/\/effisus.com\/es\/wp-json\/wp\/v2\/pages\/15239\/revisions"}],"predecessor-version":[{"id":15393,"href":"https:\/\/effisus.com\/es\/wp-json\/wp\/v2\/pages\/15239\/revisions\/15393"}],"wp:attachment":[{"href":"https:\/\/effisus.com\/es\/wp-json\/wp\/v2\/media?parent=15239"}],"curies":[{"name":"wp","href":"https:\/\/api.w.org\/{rel}","templated":true}]}}