
{"id":10588,"date":"2025-11-01T08:09:08","date_gmt":"2025-11-01T08:09:08","guid":{"rendered":"https:\/\/effisus.com\/condiciones-generales-de-venta\/"},"modified":"2025-11-14T16:34:48","modified_gmt":"2025-11-14T16:34:48","slug":"condiciones-generales-de-venta","status":"publish","type":"page","link":"https:\/\/effisus.com\/es\/condiciones-generales-de-venta\/","title":{"rendered":"Condiciones generales de venta"},"content":{"rendered":"\t\t<div data-elementor-type=\"wp-page\" data-elementor-id=\"10588\" class=\"elementor elementor-10588 elementor-8267\" data-elementor-post-type=\"page\">\n\t\t\t\t<div class=\"elementor-element elementor-element-5c40434 e-con-full e-flex e-con e-parent\" data-id=\"5c40434\" data-element_type=\"container\" data-e-type=\"container\">\n\t\t\t\t<div class=\"elementor-element elementor-element-8618ed4 elementor-widget__width-inherit page-title-container elementor-position-top elementor-widget elementor-widget-image-box\" data-id=\"8618ed4\" data-element_type=\"widget\" data-e-type=\"widget\" data-widget_type=\"image-box.default\">\n\t\t\t\t\t<div class=\"elementor-image-box-wrapper\"><figure class=\"elementor-image-box-img\"><img fetchpriority=\"high\" decoding=\"async\" width=\"1408\" height=\"394\" src=\"https:\/\/effisus.com\/wp-content\/uploads\/2025\/11\/ctcs-bg.png\" class=\"attachment-full size-full wp-image-10589\" alt=\"\" srcset=\"https:\/\/effisus.com\/wp-content\/uploads\/2025\/11\/ctcs-bg.png 1408w, https:\/\/effisus.com\/wp-content\/uploads\/2025\/11\/ctcs-bg-300x84.png 300w, https:\/\/effisus.com\/wp-content\/uploads\/2025\/11\/ctcs-bg-1024x287.png 1024w, https:\/\/effisus.com\/wp-content\/uploads\/2025\/11\/ctcs-bg-768x215.png 768w\" sizes=\"(max-width: 1408px) 100vw, 1408px\" \/><\/figure><div class=\"elementor-image-box-content\"><h1 class=\"elementor-image-box-title\">Condiciones generales de venta<\/h1><\/div><\/div>\t\t\t\t<\/div>\n\t\t\t\t<\/div>\n\t\t<div class=\"elementor-element elementor-element-54b4655 content-page e-flex e-con-boxed e-con e-parent\" data-id=\"54b4655\" data-element_type=\"container\" data-e-type=\"container\">\n\t\t\t\t\t<div class=\"e-con-inner\">\n\t\t<div class=\"elementor-element elementor-element-f204bf6 e-con-full e-flex e-con e-child\" data-id=\"f204bf6\" data-element_type=\"container\" data-e-type=\"container\">\n\t\t\t\t<div class=\"elementor-element elementor-element-ad6efda elementor-widget elementor-widget-text-editor\" data-id=\"ad6efda\" data-element_type=\"widget\" data-e-type=\"widget\" data-widget_type=\"text-editor.default\">\n\t\t\t\t\t\t\t\t\t<p>Las presentes Condiciones Generales de Venta rigen la venta de los productos EFFISUS, marca propiedad exclusiva de EFFISUS, en adelante denominada \u00fanicamente como EFFISUS, y se aplican a cualquier transacci\u00f3n de car\u00e1cter comercial o de otro tipo realizada en su sitio web.<\/p><p>La compra, a trav\u00e9s de cualquiera de los canales de venta, implica la aceptaci\u00f3n de estas Condiciones Generales de Venta.<\/p><p>EFFISUS se reserva el derecho, sin previo aviso y en cualquier momento, de modificar la informaci\u00f3n y la oferta comercial presentada para productos, precios, promociones y condiciones de venta, as\u00ed como de enmendar estos T\u00e9rminos y Condiciones y otras pol\u00edticas asociadas, que est\u00e1n disponibles para su consulta en el sitio web www.effisus.com o cuando se solicite en cualquiera de los departamentos de la empresa, acompa\u00f1\u00e1ndose este documento con cualquier propuesta o cotizaci\u00f3n que se pueda entregar a los clientes por diversos medios.<\/p><p>Toda la informaci\u00f3n contractual, as\u00ed como la informaci\u00f3n sobre los productos y las comunicaciones por correo electr\u00f3nico, deber\u00e1n estar redactadas en portugu\u00e9s.<\/p>\t\t\t\t\t\t\t\t<\/div>\n\t\t\t\t<div class=\"elementor-element elementor-element-1358a54 elementor-widget elementor-widget-text-editor\" data-id=\"1358a54\" data-element_type=\"widget\" data-e-type=\"widget\" data-widget_type=\"text-editor.default\">\n\t\t\t\t\t\t\t\t\t<p><strong>Informaci\u00f3n de EFFISUS:<\/strong><\/p><p>Travessa Jos\u00e9 Oliveira Mendes, n.\u00ba 87 e n\u00ba 103, 4760-912<br> Tel.: 252 085 574 | Correo electr\u00f3nico: <a href=\"mailto:geral@effisus.com\">geral@effisus.com<\/a> | NIPC: 507227115<\/p>\t\t\t\t\t\t\t\t<\/div>\n\t\t\t\t<div class=\"elementor-element elementor-element-b01760c elementor-widget elementor-widget-text-editor\" data-id=\"b01760c\" data-element_type=\"widget\" data-e-type=\"widget\" data-widget_type=\"text-editor.default\">\n\t\t\t\t\t\t\t\t\t<p><strong>1. Pedido de material<\/strong><\/p>\n<ol>\n \t<li>Al realizar un pedido con EFFISUS, el cliente realiza una oferta para comprar los productos que ha seleccionado.<\/li>\n \t<li>Al formalizar un pedido por cualquier medio, el Cliente acepta impl\u00edcitamente las condiciones espec\u00edficas de venta establecidas y estipuladas en la Orden de Compra, a saber: descripci\u00f3n del producto, precio, cantidades, m\u00e9todo de entrega y cualquier otra informaci\u00f3n aplicable exclusivamente al pedido.<\/li>\n \t<li>El pedido de material presupone compartir todos los datos de la empresa necesarios para completar los documentos de venta pertinentes, a saber: nombre, direcci\u00f3n completa (de facturaci\u00f3n y entrega), n\u00famero de IVA y n\u00fameros de tel\u00e9fono m\u00f3vil de las personas implicadas.<\/li>\n \t<li>En caso de que el producto no est\u00e9 disponible para su entrega, o de retraso en el plazo de entrega inicialmente acordado, EFFISUS est\u00e1 obligada a informar al Cliente de tal hecho y del nuevo plazo de entrega estimado para el\/los producto\/s.<\/li>\n \t<li>La orden de compra se considera efectiva una vez corregidas todas las anomal\u00edas.<\/li>\n \t<li>La cancelaci\u00f3n de un pedido, o cualquier cambio en las cantidades o calidad de los materiales solicitados durante el per\u00edodo de ejecuci\u00f3n de la compra, requiere el acuerdo de EFFISUS y puede requerir el pago de los materiales ya solicitados por EFFISUS a su proveedor para cumplir con el pedido original.<\/li>\n \t<li>Los pedidos confirmados por el cliente no podr\u00e1n modificarse ni cancelarse en los siguientes casos:\n<ul>\n \t<li>Si el proceso de fabricaci\u00f3n del material ya ha comenzado en la f\u00e1brica;<\/li>\n \t<li>\u00d3rdenes de que los art\u00edculos sean cortados o sometidos a cualquier otro tipo de proceso de transformaci\u00f3n, cuando el proceso ya se haya iniciado.<\/li>\n<\/ul>\n<\/li>\n \t<li>EFFISUS se reserva el derecho de retener cualquier suma que considere necesaria en caso de que surjan costes derivados del proceso de cancelaci\u00f3n del pedido.<\/li>\n \t<li>Si el cliente se niega a aceptar el pedido, sin motivo v\u00e1lido, no se reembolsar\u00e1n las cantidades previamente abonadas hasta que se haya realizado un an\u00e1lisis justo y exhaustivo de la negativa presentada por el cliente.<\/li>\n \t<li>Si el cliente no recoge su pedido en un plazo de 30 d\u00edas desde que se le haya notificado la disponibilidad de todo el material solicitado, EFFISUS tendr\u00e1 derecho a liberar la reserva del pedido del cliente en su totalidad y, a partir de ese momento, proceder a la reventa de los productos.<\/li>\n \t<li><strong>Pedidos de material \u201cespec\u00edfico\u201d (material que no se suele tener en stock)<\/strong>\n<ul>\n \t<li>En el caso de pedidos de material no \u201cespec\u00edfico\u201d, EFFISUS se reserva el derecho de exigir el pago por adelantado de todos los productos.<\/li>\n \t<li>El pago anticipado se reembolsar\u00e1 al Cliente siempre que un pedido se cancele por una causa no imputable al Cliente.<\/li>\n \t<li>No se aceptan devoluciones de materiales \u201cespec\u00edficos\u201d, salvo que cualquier excepci\u00f3n a esta condici\u00f3n sea debidamente analizada y aprobada por escrito por la Direcci\u00f3n de EFFISUS.<\/li>\n<\/ul>\n<\/li>\n<\/ol>\t\t\t\t\t\t\t\t<\/div>\n\t\t\t\t<div class=\"elementor-element elementor-element-d158e48 elementor-widget elementor-widget-text-editor\" data-id=\"d158e48\" data-element_type=\"widget\" data-e-type=\"widget\" data-widget_type=\"text-editor.default\">\n\t\t\t\t\t\t\t\t\t<p><strong>2. Pol\u00edtica de precios<\/strong><\/p><ol><li>Los precios indicados en las licitaciones y documentos de venta se presentan en la moneda de destino de las mercanc\u00edas, con el tipo de cambio correspondiente en euros, y la adici\u00f3n de los impuestos aplicables a cada situaci\u00f3n espec\u00edfica.<\/li><li>Los precios siempre se refieren a la referencia del producto estipulada.<\/li><li>EFFISUS se esfuerza diariamente por garantizar que el precio mostrado sea correcto. En caso de detectarse un error, el precio de venta mostrado podr\u00e1 modificarse sin previo aviso. <\/li><li>Los folletos, volantes u otras comunicaciones, en formato impreso o digital, pueden estar sujetos a cambios sin previo aviso.<\/li><li>Los precios de venta indicados en una cotizaci\u00f3n son v\u00e1lidos durante 30 d\u00edas a partir de la fecha de emisi\u00f3n del documento correspondiente, salvo en caso de modificaciones en la lista de precios del fabricante superiores al 5%, que dar\u00e1n lugar a la cancelaci\u00f3n inmediata de la cotizaci\u00f3n concedida.<\/li><\/ol>\t\t\t\t\t\t\t\t<\/div>\n\t\t\t\t<div class=\"elementor-element elementor-element-e8d06fb elementor-widget elementor-widget-text-editor\" data-id=\"e8d06fb\" data-element_type=\"widget\" data-e-type=\"widget\" data-widget_type=\"text-editor.default\">\n\t\t\t\t\t\t\t\t\t<p><strong>3. Condiciones generales de pago<\/strong><\/p><ol><li>En el caso de clientes con una cuenta corriente de empresa, prevalecer\u00e1n las condiciones de pago acordadas en el momento de la creaci\u00f3n de la cuenta.<\/li><li>EFFISUS se reserva el derecho de conceder cr\u00e9dito \u00fanicamente si la compa\u00f1\u00eda aseguradora con la que mantiene una p\u00f3liza vigente garantiza el l\u00edmite m\u00e1ximo solicitado. Dicho l\u00edmite est\u00e1 restringido al importe concedido y al mantenimiento de la garant\u00eda por parte de la aseguradora. <\/li><li>EFFISUS se reserva el derecho de suspender el suministro de mercanc\u00edas cuando el Cliente no cumpla con los t\u00e9rminos de pago acordados.<\/li><li>Las condiciones de pago acordadas podr\u00e1n revisarse en caso de incumplimiento por parte del Cliente de cualquiera de sus obligaciones para con EFFISUS, o en caso de que EFFISUS tenga conocimiento de alg\u00fan cambio financiero o legal en la situaci\u00f3n del Cliente.<\/li><li>En caso de pago mediante cheque sin endosar, la entrega de la mercanc\u00eda solo se realizar\u00e1 una vez que el cheque haya sido compensado.<\/li><li>Para evaluar la posibilidad de otorgar cr\u00e9dito a un cliente, este debe tener un historial de facturaci\u00f3n anual de al menos 500,00 euros en productos EFFISUS.<\/li><li>Los pedidos de material \u201cespec\u00edfico\u201d se facturar\u00e1n, como m\u00e1ximo, 30 d\u00edas despu\u00e9s de recibir todo el material solicitado y\/o de que el Cliente sea informado de su disponibilidad.<\/li><\/ol>\t\t\t\t\t\t\t\t<\/div>\n\t\t\t\t<div class=\"elementor-element elementor-element-1eb6138 elementor-widget elementor-widget-text-editor\" data-id=\"1eb6138\" data-element_type=\"widget\" data-e-type=\"widget\" data-widget_type=\"text-editor.default\">\n\t\t\t\t\t\t\t\t\t<p><strong>4. Entrega de material<\/strong><\/p><p>EFFISUS har\u00e1 todo lo posible por cumplir con sus obligaciones de entrega. Sin embargo, no se responsabiliza por retrasos o la falta de entrega de los art\u00edculos debido a circunstancias ajenas a su control. Dichas circunstancias incluyen, entre otras, escasez de existencias, huelgas, desastres naturales, problemas de salud y seguridad o cualquier otra raz\u00f3n que pueda imposibilitar la producci\u00f3n, el suministro, el transporte o la entrega de los art\u00edculos.  <\/p><ol><li><strong><strong>El tiempo de entrega<\/strong><\/strong><br> Los plazos de entrega son los estipulados en el pedido, pero podr\u00e1n ser revisados y modificados si, durante la ejecuci\u00f3n del mismo, fuerza mayor o cualquier otra causa ajena a EFFISUS impide el cumplimiento de la fecha de entrega acordada. Cuando se requiera pago anticipado, los plazos de entrega se computar\u00e1n a partir de la fecha de confirmaci\u00f3n del pago \u00edntegro. Los retrasos en la fecha de entrega estipulada no dar\u00e1n lugar a que el cliente reclame indemnizaci\u00f3n por lucro cesante ni por da\u00f1os directos o indirectos.<br><br><\/li><li><strong><strong>Transporte de material<\/strong><\/strong><br> Los pedidos se entregar\u00e1n en la direcci\u00f3n indicada por el Cliente como direcci\u00f3n de entrega al confirmar el pedido. EFFISUS garantiza el transporte de mercanc\u00edas en condados vecinos, siempre que se cumplan las siguientes condiciones: <p><strong>Portugal:<\/strong><\/p><ul><li>Para pedidos inferiores a 400 euros, los gastos de env\u00edo correr\u00e1n a cargo del cliente.<\/li><li>Para pedidos superiores a 400 euros: env\u00edo gratuito<\/li><\/ul><p><strong>Espa\u00f1a:<\/strong><\/p><ul><li>Para pedidos inferiores a 1.000 euros, los gastos de env\u00edo correr\u00e1n a cargo del cliente.<\/li><li>Para pedidos superiores a 1.000 euros: env\u00edo gratuito<\/li><\/ul><p><strong>Otros destinos:<\/strong><\/p><ul><li>Los gastos de env\u00edo correr\u00e1n a cargo del cliente.<\/li><\/ul><p>EFFISUS podr\u00e1 rechazar la entrega del pedido si las condiciones de acceso no lo permiten.<\/p><\/li><li><strong><strong>Da\u00f1os durante el transporte<\/strong><\/strong><br> El Cliente est\u00e1 obligado a revisar el pedido al recibirlo para verificar su conformidad con el albar\u00e1n o factura que lo acompa\u00f1a y con el registro del pedido, as\u00ed como comprobar el estado en que se entrega. Si se detecta alg\u00fan da\u00f1o, el Cliente deber\u00e1 anotarlo inmediatamente en el documento de transporte, describi\u00e9ndolo con la mayor precisi\u00f3n posible, e informarlo a EFFISUS en las siguientes 24 horas, para que esta pueda analizar la situaci\u00f3n y presentar la reclamaci\u00f3n correspondiente al transportista. El proceso de investigaci\u00f3n puede durar hasta 14 d\u00edas, tras los cuales se presentar\u00e1 al cliente una propuesta de soluci\u00f3n. Si el Cliente recibe art\u00edculos da\u00f1ados, tal como se indica en el documento de transporte, Effisus programar\u00e1 su recogida en la misma zona de env\u00edo del pedido original, sin coste alguno para el Cliente.<\/li><\/ol>\t\t\t\t\t\t\t\t<\/div>\n\t\t\t\t<div class=\"elementor-element elementor-element-efb957e elementor-widget elementor-widget-text-editor\" data-id=\"efb957e\" data-element_type=\"widget\" data-e-type=\"widget\" data-widget_type=\"text-editor.default\">\n\t\t\t\t\t\t\t\t\t<p><strong>5. Devoluci\u00f3n de mercanc\u00eda<\/strong><\/p><ol><li><strong><strong>Devoluci\u00f3n de mercanc\u00eda almacenada<\/strong><\/strong><br> Dentro de los 14 d\u00edas posteriores a la recepci\u00f3n del\/los producto\/s, el Cliente podr\u00e1 devolverlos a EFFISUS sin penalizaci\u00f3n ni necesidad de justificaci\u00f3n, ejerciendo su derecho de desistimiento del contrato de compraventa conforme a la ley. Tras el desistimiento, el Cliente deber\u00e1 devolver el pedido al mismo punto de env\u00edo de EFFISUS desde donde lo recibi\u00f3 originalmente. El importe abonado por la devoluci\u00f3n de los productos en stock permanecer\u00e1 en la cuenta corriente del Cliente para su deducci\u00f3n en futuras compras. La devoluci\u00f3n se aceptar\u00e1 siempre que el Cliente cumpla las siguientes condiciones:  <br><br><ul><li>Presentan el recibo de compra o la factura;<\/li><li>Presentan el art\u00edculo debidamente embalado en su embalaje original, con todos sus componentes y accesorios incluidos en el paquete en perfecto estado;<\/li><li>Las mercanc\u00edas deber\u00e1n entregarse en las instalaciones de Effisus;<\/li><li>La entrega deber\u00e1 realizarse dentro del plazo legalmente establecido.<br><br><\/li><\/ul><p>Los art\u00edculos que se encuentren en las siguientes condiciones no se podr\u00e1n devolver:<\/p><ul><li>Que presente signos de uso, instalaci\u00f3n o montaje;<\/li><li>Art\u00edculos defectuosos con clara evidencia de mal uso;<\/li><li>Mercanc\u00edas adquiridas por metro o sueltas;<\/li><li>Bienes de consumo y abrasivos;<\/li><li>Art\u00edculos de higiene (asientos de inodoro, cepillos de inodoro, etc.);<\/li><li>Productos vendidos en formato de corte por cantidad o preensamblados;<\/li><li>Cualquier producto qu\u00edmico que haya sido manipulado durante su almacenamiento;<\/li><li>Material aplicado.  <br><br><\/li><\/ul><p>La devoluci\u00f3n o entrega del pedido deber\u00e1 realizarse a:<\/p><p><strong><em>EFFISUS<\/em><\/strong><\/p><p>Travessa Jos\u00e9 Oliveira Mendes, n.\u00ba 87 e n\u00ba 103, 4760-912<\/p><p>Tel.: <a href=\"https:\/\/www.google.com\/search?q=up+way+systems&amp;rlz=1C1JZAP_pt-PTPT1022PT1022&amp;oq=up+way&amp;aqs=chrome.0.0i355i512j46i175i199i512j69i57j0i22i30j0i10i22i30j69i60l3.3565j0j7&amp;sourceid=chrome&amp;ie=UTF-8\">252 085 574<\/a> | Correo electr\u00f3nico: <a href=\"mailto:geral@effisus.com%20%7C\">geral@effisus.com |<\/a> NIPC: 507227115<\/p><p>En caso de controversia, el consumidor podr\u00e1 recurrir a un organismo de resoluci\u00f3n alternativa de controversias de consumo:<\/p><p>Centro de Informaci\u00f3n y Arbitraje del Consumidor de Oporto<\/p><p>Rua Dami\u00e3o de G\u00f3is, 31 \u2013 Loja 6 \u2013 4050-225 Oporto<\/p><p>Tel.: 225 508 349 \/ 225 029 791 \/ Fax: 225 026 109<\/p><p>En caso de dudas sobre una devoluci\u00f3n, llame al 252 085 574.<\/p><\/li><li><strong><strong>Devoluci\u00f3n de art\u00edculos no almacenados<\/strong><\/strong><br> La devoluci\u00f3n de art\u00edculos no disponibles en stock est\u00e1 siempre sujeta a la aceptaci\u00f3n de EFFISUS y su proveedor. Los art\u00edculos devueltos bajo estas condiciones recibir\u00e1n un abono del 10% sobre su valor. Si el proveedor lo requiere, podr\u00e1 facturar tambi\u00e9n los gastos de gesti\u00f3n y transporte del producto. El importe abonado por la devoluci\u00f3n de art\u00edculos no disponibles en stock permanecer\u00e1 en la cuenta corriente del cliente para su deducci\u00f3n en futuras compras. EFFISUS revisar\u00e1 la aceptaci\u00f3n de las devoluciones caso por caso y comunicar\u00e1 la decisi\u00f3n y las condiciones de devoluci\u00f3n en un plazo de 15 d\u00edas tras la recepci\u00f3n de la solicitud. El almac\u00e9n de EFFISUS solo aceptar\u00e1 devoluciones que vayan acompa\u00f1adas de la validaci\u00f3n por escrito de la Direcci\u00f3n de EFFISUS.     <br><br><p>La orden de compra y la factura de la mercanc\u00eda indican claramente los productos que no est\u00e1n en stock y cuya devoluci\u00f3n requiere autorizaci\u00f3n previa de EFFISUS.<\/p><\/li><\/ol>\t\t\t\t\t\t\t\t<\/div>\n\t\t\t\t<div class=\"elementor-element elementor-element-ed86b12 elementor-widget elementor-widget-text-editor\" data-id=\"ed86b12\" data-element_type=\"widget\" data-e-type=\"widget\" data-widget_type=\"text-editor.default\">\n\t\t\t\t\t\t\t\t\t<p><strong>6. Garant\u00eda<\/strong><\/p><ol><li>Los productos comercializados por EFFISUS tienen garant\u00edas variables, cuyo periodo se especifica en la ficha t\u00e9cnica que acompa\u00f1a al producto. Si no se dispone de dicha informaci\u00f3n, se aplicar\u00e1 el periodo de garant\u00eda estipulado por la legislaci\u00f3n portuguesa. <\/li><li>La garant\u00eda no cubre los da\u00f1os resultantes de errores de montaje\/desmontaje ni de una manipulaci\u00f3n incorrecta de la mercanc\u00eda.<\/li><li>El cambio o reparaci\u00f3n de material defectuoso dentro del per\u00edodo de garant\u00eda est\u00e1 sujeto al an\u00e1lisis y evaluaci\u00f3n de los t\u00e9cnicos de EFFISUS y del fabricante.<\/li><li>Una vez confirmada la existencia de un defecto de fabricaci\u00f3n, EFFISUS garantizar\u00e1 la reparaci\u00f3n o sustituci\u00f3n del material defectuoso, total o parcialmente, seg\u00fan sea necesario para restablecer su correcto funcionamiento, sin asumir responsabilidad alguna por los da\u00f1os colaterales que pueda reclamar el cliente.<\/li><li>Si se detecta un defecto durante el per\u00edodo de garant\u00eda legal de un producto adquirido, el cliente deber\u00e1 presentar la reclamaci\u00f3n correspondiente mediante<ul><li>Enviar un correo electr\u00f3nico a: quality@effisus.com;<\/li><li>Cumplimentar el formulario de queja correspondiente en las instalaciones de EFFISUS.<\/li><\/ul><p>En ambos casos, la reclamaci\u00f3n deber\u00e1 ir acompa\u00f1ada de lo siguiente (o deber\u00e1 enviarse lo siguiente a los servicios de EFFISUS):<\/p><ul><li>Factura de compra de los productos<\/li><li>Descripci\u00f3n detallada del defecto del producto<\/li><li>Producto: si es port\u00e1til<\/li><li>Fotos del producto, si el producto ha sido instalado.<\/li><\/ul><\/li><li>Es responsabilidad del cliente entregar el producto en cuesti\u00f3n en las instalaciones de EFFISUS.<\/li><\/ol>\t\t\t\t\t\t\t\t<\/div>\n\t\t\t\t<div class=\"elementor-element elementor-element-4c86dce elementor-widget elementor-widget-text-editor\" data-id=\"4c86dce\" data-element_type=\"widget\" data-e-type=\"widget\" data-widget_type=\"text-editor.default\">\n\t\t\t\t\t\t\t\t\t<strong>7. Garant\u00eda de protecci\u00f3n de datos personales<\/strong>\n\n&nbsp;\n<ol>\n<li>EFFISUS garantiza la confidencialidad de todos los datos facilitados por sus clientes, cuyo uso se limitar\u00e1 \u00fanica y exclusivamente al \u00e1mbito de sus procesos de gesti\u00f3n de clientes, que incluyen servicios de cotizaci\u00f3n de precios, gesti\u00f3n de propuestas y licitaciones, reclamaciones, entregas, reparaciones y servicio postventa.<br> Identificaci\u00f3n del organismo responsable del tratamiento de datos:<br> Empresa: EFFISUS<br> Travessa Jos\u00e9 Oliveira Mendes, n\u00ba87 e n\u00ba103, 4760-912<br> Tel.: 252 085 574 | Correo electr\u00f3nico: <a href=\"mailto:geral@effisus.com\">geral@effisus.com<\/a> | NIPC: 507227115<\/li>\n<li>Puede ser necesario transferir los datos personales de los clientes a otros proveedores de servicios, quienes tambi\u00e9n deber\u00e1n garantizar que sus datos personales est\u00e9n debidamente protegidos.<\/li>\n<li>Para fines distintos a la gesti\u00f3n de clientes, EFFISUS recopilar\u00e1 y procesar\u00e1 datos personales \u00fanicamente con el consentimiento expreso del cliente.<\/li>\n<li>De conformidad con la ley, todos los clientes tienen derecho a acceder, rectificar y cancelar sus datos. Si el cliente desea, en cualquier momento, ser excluido de la base de datos de EFFISUS, deber\u00e1 comunicarlo enviando un correo electr\u00f3nico a quality@effisus.com, cuya recepci\u00f3n ser\u00e1 confirmada por EFFISUS. <\/li>\n<li>Para obtener m\u00e1s informaci\u00f3n sobre nuestra Pol\u00edtica de Protecci\u00f3n de Datos Personales, consulte nuestra Pol\u00edtica de Privacidad disponible en el sitio web www.effisus.com o en las instalaciones de EFFISUS.<\/li>\n<li>Comunicaciones comerciales y promocionales. Uno de los fines para los que Effisus trata los datos personales facilitados por los usuarios es el env\u00edo de comunicaciones electr\u00f3nicas con informaci\u00f3n relativa a publicidad comercial y promocional. Estas comunicaciones se dirigir\u00e1n exclusivamente a los usuarios que las hayan autorizado expresamente con antelaci\u00f3n. De conformidad con lo dispuesto en el Decreto-Ley n.\u00ba 7\/2004, de 7 <sup>de<\/sup> enero, si el usuario desea dejar de recibir comunicaciones comerciales o promocionales de Effisus, deber\u00e1 solicitar la baja del servicio enviando un correo electr\u00f3nico a geral@effisus.com.<\/li>\n<li>Ejercicio de derechos: De conformidad con lo dispuesto en la Ley n.\u00ba 58\/2019 y el RGPD, el usuario podr\u00e1 ejercer en cualquier momento sus derechos de acceso, rectificaci\u00f3n, supresi\u00f3n, limitaci\u00f3n, oposici\u00f3n y portabilidad solicit\u00e1ndolos por cualquiera de los siguientes medios: Correo electr\u00f3nico: EFFISUS<br> Travessa Jos\u00e9 Oliveira Mendes, n\u00ba87 e n\u00ba103, 4760-912<br> Tel.: 252 085 574<br> Correo electr\u00f3nico: geral@effisus.com<br> Si el usuario desea, en cualquier momento, ser eliminado de la base de datos, podr\u00e1 ejercer este derecho contact\u00e1ndonos y proporcionando la identificaci\u00f3n correspondiente.<\/li>\n<\/ol>\t\t\t\t\t\t\t\t<\/div>\n\t\t\t\t<\/div>\n\t\t\t\t\t<\/div>\n\t\t\t\t<\/div>\n\t\t\t\t<\/div>\n\t\t","protected":false},"excerpt":{"rendered":"<p>Las presentes Condiciones Generales de Venta rigen la venta de los productos EFFISUS, marca propiedad exclusiva de EFFISUS, en adelante denominada \u00fanicamente como EFFISUS, y se aplican a cualquier transacci\u00f3n de car\u00e1cter comercial o de otro tipo realizada en su sitio web. La compra, a trav\u00e9s de cualquiera de los canales de venta, implica la&#8230;<\/p>\n","protected":false},"author":1,"featured_media":0,"parent":0,"menu_order":0,"comment_status":"closed","ping_status":"closed","template":"template-builder.php","meta":{"_acf_changed":false,"_monsterinsights_skip_tracking":false,"_monsterinsights_sitenote_active":false,"_monsterinsights_sitenote_note":"","_monsterinsights_sitenote_category":0,"_uf_show_specific_survey":0,"_uf_disable_surveys":false,"footnotes":""},"class_list":["post-10588","page","type-page","status-publish","hentry","page--item"],"acf":[],"aioseo_notices":[],"_links":{"self":[{"href":"https:\/\/effisus.com\/es\/wp-json\/wp\/v2\/pages\/10588","targetHints":{"allow":["GET"]}}],"collection":[{"href":"https:\/\/effisus.com\/es\/wp-json\/wp\/v2\/pages"}],"about":[{"href":"https:\/\/effisus.com\/es\/wp-json\/wp\/v2\/types\/page"}],"author":[{"embeddable":true,"href":"https:\/\/effisus.com\/es\/wp-json\/wp\/v2\/users\/1"}],"replies":[{"embeddable":true,"href":"https:\/\/effisus.com\/es\/wp-json\/wp\/v2\/comments?post=10588"}],"version-history":[{"count":4,"href":"https:\/\/effisus.com\/es\/wp-json\/wp\/v2\/pages\/10588\/revisions"}],"predecessor-version":[{"id":10607,"href":"https:\/\/effisus.com\/es\/wp-json\/wp\/v2\/pages\/10588\/revisions\/10607"}],"wp:attachment":[{"href":"https:\/\/effisus.com\/es\/wp-json\/wp\/v2\/media?parent=10588"}],"curies":[{"name":"wp","href":"https:\/\/api.w.org\/{rel}","templated":true}]}}