
{"id":10477,"date":"2025-11-01T09:43:57","date_gmt":"2025-11-01T09:43:57","guid":{"rendered":"https:\/\/effisus.com\/politica-de-privacidad-y-proteccion-de-datos\/"},"modified":"2025-11-15T04:02:32","modified_gmt":"2025-11-15T04:02:32","slug":"politica-de-privacidad","status":"publish","type":"page","link":"https:\/\/effisus.com\/es\/politica-de-privacidad\/","title":{"rendered":"Pol\u00edtica de privacidad y protecci\u00f3n de datos"},"content":{"rendered":"\t\t<div data-elementor-type=\"wp-page\" data-elementor-id=\"10477\" class=\"elementor elementor-10477 elementor-8455\" data-elementor-post-type=\"page\">\n\t\t\t\t<div class=\"elementor-element elementor-element-ab851e5 e-con-full e-flex e-con e-parent\" data-id=\"ab851e5\" data-element_type=\"container\" data-e-type=\"container\">\n\t\t\t\t<div class=\"elementor-element elementor-element-bbd2130 elementor-widget__width-inherit page-title-container elementor-position-top elementor-widget elementor-widget-image-box\" data-id=\"bbd2130\" data-element_type=\"widget\" data-e-type=\"widget\" data-widget_type=\"image-box.default\">\n\t\t\t\t\t<div class=\"elementor-image-box-wrapper\"><figure class=\"elementor-image-box-img\"><img fetchpriority=\"high\" decoding=\"async\" width=\"1408\" height=\"394\" src=\"https:\/\/effisus.com\/wp-content\/uploads\/2025\/11\/privacy-policy-bg.png\" class=\"attachment-full size-full wp-image-10478\" alt=\"\" srcset=\"https:\/\/effisus.com\/wp-content\/uploads\/2025\/11\/privacy-policy-bg.png 1408w, https:\/\/effisus.com\/wp-content\/uploads\/2025\/11\/privacy-policy-bg-300x84.png 300w, https:\/\/effisus.com\/wp-content\/uploads\/2025\/11\/privacy-policy-bg-1024x287.png 1024w, https:\/\/effisus.com\/wp-content\/uploads\/2025\/11\/privacy-policy-bg-768x215.png 768w\" sizes=\"(max-width: 1408px) 100vw, 1408px\" \/><\/figure><div class=\"elementor-image-box-content\"><h1 class=\"elementor-image-box-title\">Pol\u00edtica de privacidad y protecci\u00f3n de datos<\/h1><\/div><\/div>\t\t\t\t<\/div>\n\t\t\t\t<\/div>\n\t\t<div class=\"elementor-element elementor-element-54b4655 content-page e-flex e-con-boxed e-con e-parent\" data-id=\"54b4655\" data-element_type=\"container\" data-e-type=\"container\">\n\t\t\t\t\t<div class=\"e-con-inner\">\n\t\t<div class=\"elementor-element elementor-element-f204bf6 e-con-full e-flex e-con e-child\" data-id=\"f204bf6\" data-element_type=\"container\" data-e-type=\"container\">\n\t\t\t\t<div class=\"elementor-element elementor-element-ad6efda elementor-widget elementor-widget-text-editor\" data-id=\"ad6efda\" data-element_type=\"widget\" data-e-type=\"widget\" data-widget_type=\"text-editor.default\">\n\t\t\t\t\t\t\t\t\t<p>Esta Pol\u00edtica de Privacidad y Protecci\u00f3n de Datos refleja el compromiso de Effisus, Unipessoal Lda. con la protecci\u00f3n de los datos personales de todas las personas que interact\u00faan con la organizaci\u00f3n, abarcando tanto el tratamiento realizado en el contexto de sus operaciones institucionales como el derivado del uso de su sitio web oficial. <\/p><p>Con sede en Travessa Jos\u00e9 Oliveira Mendes, Nos. 87 y 103, 4760-912 Vila Nova de Famalic\u00e3o, Braga, Portugal, con un capital social de 800,00 \u20ac, e inscrita en el Registro Mercantil de Vila Nova de Famalic\u00e3o con el n\u00famero de registro \u00fanico y N\u00famero de Identificaci\u00f3n Fiscal 507227115 (en adelante &#8220;Effisus&#8221;), la empresa realiza el tratamiento de datos personales en estricto cumplimiento de el Reglamento General de Protecci\u00f3n de Datos (GDPR) \u2013 Reglamento (UE) n\u00ba 679\/2016, Ley n\u00ba 58\/2019, de 8 de agosto, y dem\u00e1s legislaci\u00f3n y directrices aplicables.<\/p><p>Effisus adopta altos est\u00e1ndares de transparencia, legalidad y responsabilidad, garantizando que los datos se procesen de manera legal, justa y transparente, y que los derechos de los titulares de los datos se respeten plenamente.<\/p><p>Esta pol\u00edtica incluye una secci\u00f3n dedicada a las actividades de recopilaci\u00f3n y tratamiento de datos personales a trav\u00e9s del sitio web de Effisus, explicando de manera accesible c\u00f3mo se gestionan los datos de navegaci\u00f3n, los formularios, las solicitudes de contacto, las suscripciones y otras interacciones digitales.<\/p><p>Para una comprensi\u00f3n m\u00e1s amplia del enfoque de la organizaci\u00f3n en materia de protecci\u00f3n de datos, se recomienda consultar la Pol\u00edtica General de Privacidad y Protecci\u00f3n de Datos de Effisus.<\/p>\t\t\t\t\t\t\t\t<\/div>\n\t\t\t\t<div class=\"elementor-element elementor-element-312a1db elementor-widget elementor-widget-text-editor\" data-id=\"312a1db\" data-element_type=\"widget\" data-e-type=\"widget\" data-widget_type=\"text-editor.default\">\n\t\t\t\t\t\t\t\t\t<h3>Responsabilidad del controlador de datos<\/h3><p>Effisus asume el rol de responsable del tratamiento de datos personales.<\/p><h3>Recopilaci\u00f3n y procesamiento de datos<\/h3><p class=\"p1\">Effisus recopila datos personales en el marco de sus actividades, asegurando siempre que las personas est\u00e9n informadas sobre la finalidad y la forma de tratamiento de dichos datos.<\/p><p class=\"p1\">Las principales situaciones de recopilaci\u00f3n de datos incluyen:<\/p><ul><li><strong>Reclutamiento:<\/strong> Recopilaci\u00f3n de datos como nombre, datos de contacto y cualificaciones, utilizados para evaluar las solicitudes y comunicarse durante todo el proceso de reclutamiento.<\/li><li><strong>Clientes y proveedores:<\/strong> Los datos profesionales y de contacto se procesan para formalizar y gestionar contratos, pedidos y la relaci\u00f3n comercial.<\/li><li><strong>Solicitudes de cotizaci\u00f3n:<\/strong> La informaci\u00f3n b\u00e1sica de identificaci\u00f3n y contacto se utiliza para responder a consultas comerciales.<\/li><li><strong>Gesti\u00f3n de contratos:<\/strong> Dependiendo del tipo de relaci\u00f3n establecida, se pueden procesar datos adicionales, como informaci\u00f3n financiera.<\/li><li><strong>Soporte al cliente y chatbot:<\/strong> Se recopilan datos de identificaci\u00f3n y contacto para responder a solicitudes t\u00e9cnicas, comerciales o relacionadas con el marketing.<\/li><li><strong>Marketing:<\/strong> Con su consentimiento, sus datos podr\u00e1n utilizarse para enviarle boletines informativos, actualizaciones de productos, invitaciones a eventos o comunicaciones personalizadas. Puede revocar su consentimiento en cualquier momento a trav\u00e9s del enlace que se incluye en cada comunicaci\u00f3n. <\/li><li><strong>Formularios de suscripci\u00f3n:<\/strong> Recopilamos el nombre y la direcci\u00f3n de correo electr\u00f3nico para enviar boletines informativos y campa\u00f1as, previa aceptaci\u00f3n expl\u00edcita en el momento de la suscripci\u00f3n.<\/li><li><strong>Autenticaci\u00f3n de la plataforma:<\/strong> Los datos de identificaci\u00f3n se procesan para permitir el acceso a \u00e1reas restringidas y funciones espec\u00edficas.<\/li><li><strong>Firma de contrato:<\/strong> Los datos personales se recopilan de forma segura para fines contractuales, en cumplimiento de las obligaciones legales.<\/li><\/ul><p>Adem\u00e1s, el sitio web recopila datos t\u00e9cnicos de navegaci\u00f3n para mejorar la experiencia del usuario, garantizar la seguridad de la plataforma y permitir una comunicaci\u00f3n eficaz.<\/p>\t\t\t\t\t\t\t\t<\/div>\n\t\t\t\t<div class=\"elementor-element elementor-element-93eea5d elementor-widget elementor-widget-text-editor\" data-id=\"93eea5d\" data-element_type=\"widget\" data-e-type=\"widget\" data-widget_type=\"text-editor.default\">\n\t\t\t\t\t\t\t\t\t<h3>Categor\u00edas de sujetos de datos<\/h3>\nEn el transcurso de sus actividades, Effisus recopila datos personales de diversas personas, entre las que se incluyen usuarios de sus servicios, empleados, proveedores y socios.\n<ul>\n \t<li><strong>Empleados y colaboradores:<\/strong> Incluye a las personas con contrato de trabajo, proveedores de servicios y otros profesionales que trabajan con la organizaci\u00f3n.<\/li>\n \t<li><strong>Representantes de proveedores y entidades asociadas:<\/strong> Incluye a personas que representan a organizaciones que suministran bienes o servicios o que colaboran con Effisus en actividades industriales o comerciales.<\/li>\n \t<li><strong>Clientes:<\/strong> Incluye personas como contactos administrativos o financieros de empresas que tienen una relaci\u00f3n comercial con Effisus.<\/li>\n \t<li><strong>Personas que interact\u00faan con Effisus:<\/strong> Incluye a cualquier persona f\u00edsica que, directa o indirectamente, contacte con Effisus \u2014por ejemplo, para ejercer sus derechos en virtud del RGPD (como el derecho de supresi\u00f3n) o mediante el uso de herramientas como el chatbot.<\/li>\n \t<li><strong>Usuarios de las plataformas o formularios en l\u00ednea de Effisus:<\/strong> Incluye a cualquier persona que navegue, utilice o interact\u00fae con los sitios web, aplicaciones o plataformas digitales de Effisus, sujeto al consentimiento para la recopilaci\u00f3n de cookies u otros datos de navegaci\u00f3n.<\/li>\n<\/ul>\t\t\t\t\t\t\t\t<\/div>\n\t\t\t\t<div class=\"elementor-element elementor-element-0ef7861 elementor-widget elementor-widget-text-editor\" data-id=\"0ef7861\" data-element_type=\"widget\" data-e-type=\"widget\" data-widget_type=\"text-editor.default\">\n\t\t\t\t\t\t\t\t\t<h3>Finalidades del tratamiento<\/h3><p>En Effisus, los datos personales se procesan con fines claros, leg\u00edtimos y transparentes, en cumplimiento del RGPD. Cada tratamiento se realiza \u00fanicamente cuando es necesario, de forma proporcional y con pleno respeto de los derechos de los interesados. Los datos nunca se utilizan para otros fines sin consentimiento o una base jur\u00eddica adecuada.  <\/p><p>Los fines del tratamiento de datos se revisan y actualizan peri\u00f3dicamente para reflejar cualquier cambio en las pr\u00e1cticas internas, los requisitos legales o las directrices de buenas pr\u00e1cticas, garantizando as\u00ed altos est\u00e1ndares de protecci\u00f3n y seguridad de la informaci\u00f3n.<\/p><p>Los fines que justifican la recopilaci\u00f3n y el tratamiento de datos personales por parte de Effisus son los siguientes:<\/p><ul><li class=\"li1\"><span class=\"s2\">Gesti\u00f3n de Reclutamiento y Selecci\u00f3n;<\/span><\/li><li>Gesti\u00f3n de Recursos Humanos;<\/li><li>Gesti\u00f3n financiera;<\/li><li>Gesti\u00f3n comercial;<\/li><li>Gesti\u00f3n de proveedores y socios;<\/li><li>Gesti\u00f3n de marketing;<\/li><li>Gesti\u00f3n de la comunicaci\u00f3n corporativa interna y externa;<\/li><li>Gesti\u00f3n de la seguridad de las personas, los bienes y las instalaciones;<\/li><li>Gesti\u00f3n de la privacidad y la protecci\u00f3n de datos;<\/li><li class=\"li1\"><span class=\"s2\">Gesti\u00f3n legal;<\/span><\/li><li class=\"li1\"><span class=\"s2\">Gesti\u00f3n de Tecnolog\u00edas de la Informaci\u00f3n.<\/span><\/li><\/ul>\t\t\t\t\t\t\t\t<\/div>\n\t\t\t\t<div class=\"elementor-element elementor-element-0deb0a4 elementor-widget elementor-widget-text-editor\" data-id=\"0deb0a4\" data-element_type=\"widget\" data-e-type=\"widget\" data-widget_type=\"text-editor.default\">\n\t\t\t\t\t\t\t\t\t<h3>Derechos de los titulares de datos<\/h3><p class=\"p1\">Los interesados son informados sobre el tratamiento de sus datos personales y los derechos que pueden ejercer ante Effisus. De conformidad con la ley, y dentro de los l\u00edmites y excepciones legalmente establecidos, pueden ejercer los siguientes derechos: <\/p><ul><li><strong>Derecho de acceso:<\/strong> Puede solicitar confirmaci\u00f3n sobre el tratamiento de sus datos personales y acceder a la informaci\u00f3n relacionada.<\/li><li><strong>Derecho de rectificaci\u00f3n:<\/strong> Puede corregir datos personales inexactos o completar datos incompletos.<\/li><li><strong>Derecho de supresi\u00f3n:<\/strong> Puede solicitar la eliminaci\u00f3n de sus datos personales, sin perjuicio de las obligaciones legales de conservarlos.<\/li><li><strong>Derecho a la limitaci\u00f3n del tratamiento:<\/strong> Puede solicitar que se limite el tratamiento de sus datos en determinadas situaciones.<\/li><li><strong>Derecho a la portabilidad de datos:<\/strong> Usted puede recibir sus datos en un formato organizado, de uso com\u00fan y legible por m\u00e1quina, y solicitar que estos datos sean transferidos a otro responsable del tratamiento.<\/li><li><strong>Derecho de oposici\u00f3n:<\/strong> Usted puede oponerse en cualquier momento al tratamiento de sus datos por motivos relacionados con su situaci\u00f3n personal, incluida la elaboraci\u00f3n de perfiles.<\/li><li><strong>Derecho a retirar el consentimiento:<\/strong> Usted puede retirar el consentimiento que otorg\u00f3 para el procesamiento de sus datos sin que ello afecte la legalidad del procesamiento realizado hasta ese momento.<\/li><li><strong>Derecho a presentar una queja:<\/strong> Puede presentar una queja ante la Autoridad Portuguesa de Protecci\u00f3n de Datos <span class=\"s2\">( <a href=\"http:\/\/www.cnpd.pt\"><span class=\"s3\">www.cnpd.pt<\/span><\/a> )<\/span> si considera que sus derechos no est\u00e1n siendo respetados.<\/li><\/ul>\t\t\t\t\t\t\t\t<\/div>\n\t\t\t\t<div class=\"elementor-element elementor-element-77cbb9d elementor-widget elementor-widget-text-editor\" data-id=\"77cbb9d\" data-element_type=\"widget\" data-e-type=\"widget\" data-widget_type=\"text-editor.default\">\n\t\t\t\t\t\t\t\t\t<h3>Base jur\u00eddica para el tratamiento<\/h3><p>El tratamiento de datos ordinarios se realiza sobre la base de las siguientes condiciones legales:<\/p><ul><li><strong>Consentimiento:<\/strong> Se aplica cuando no existe otro fundamento jur\u00eddico. Debe ser expl\u00edcito, informado, libre, espec\u00edfico, inequ\u00edvoco, documentado y revocable en cualquier momento. Ejemplo: suscripciones a boletines informativos.  <\/li><li><strong>Ejecuci\u00f3n de un contrato:<\/strong> Cuando el procesamiento es necesario para celebrar o ejecutar un contrato, como por ejemplo contratos de trabajo o de servicios.<\/li><li><strong>Cumplimiento de obligaciones legales:<\/strong> Cuando el tratamiento de datos es exigido por ley, como las comunicaciones obligatorias a las autoridades p\u00fablicas.<\/li><li><strong>Inter\u00e9s leg\u00edtimo:<\/strong> Cuando Effisus o terceros tengan intereses leg\u00edtimos que justifiquen el tratamiento, siempre que los derechos y libertades de los interesados no prevalezcan sobre ellos.<\/li><\/ul>\t\t\t\t\t\t\t\t<\/div>\n\t\t\t\t<div class=\"elementor-element elementor-element-57ec115 elementor-widget elementor-widget-text-editor\" data-id=\"57ec115\" data-element_type=\"widget\" data-e-type=\"widget\" data-widget_type=\"text-editor.default\">\n\t\t\t\t\t\t\t\t\t<h3>Acuerdos de protecci\u00f3n de datos<\/h3><p>Al celebrar contratos que impliquen el tratamiento de datos personales, Effisus garantiza que estos se lleven a cabo de forma segura y de conformidad con la legislaci\u00f3n aplicable, incluidas las cl\u00e1usulas sobre responsabilidades, medidas de seguridad y notificaci\u00f3n de incidentes.<\/p><p>En los casos de subcontrataci\u00f3n, Effisus garantiza que los subcontratistas se someten a una rigurosa evaluaci\u00f3n en materia de seguridad y cumplimiento, y que firman contratos con cl\u00e1usulas que aseguran el tratamiento de datos conforme a las instrucciones de Effisus, las medidas de seguridad y la notificaci\u00f3n de incidentes, as\u00ed como la prohibici\u00f3n de subcontratar posteriormente sin autorizaci\u00f3n. Effisus realiza auditor\u00edas peri\u00f3dicas y evaluaciones continuas para garantizar el cumplimiento de la normativa de protecci\u00f3n de datos. <\/p><h3>Transferencias internacionales de datos personales<\/h3><p>En el transcurso de sus actividades, Effisus puede transferir datos personales a pa\u00edses fuera del Espacio Econ\u00f3mico Europeo (EEE). En tales casos, adopta las medidas contractuales adecuadas para garantizar la protecci\u00f3n de los datos durante la transferencia. Estas medidas incluyen acuerdos escritos que garantizan que las entidades receptoras ubicadas en un tercer pa\u00eds fuera del EEE implementen medidas de seguridad equivalentes a las exigidas por el RGPD.  <\/p><p>El contrato tambi\u00e9n debe garantizar que el tratamiento de datos personales en el pa\u00eds de destino cumpla con el RGPD y otras normas equivalentes.<\/p><p>Cuando procede, Effisus utiliza cl\u00e1usulas contractuales est\u00e1ndar aprobadas por la Comisi\u00f3n Europea, garantizando que los datos reciban el mismo nivel de protecci\u00f3n fuera del EEE que dentro del mismo.<\/p><h3>Almacenamiento de datos<\/h3><p>Los datos personales se conservan durante el per\u00edodo legalmente requerido o, en ausencia de dicho per\u00edodo, durante el tiempo estrictamente necesario para el prop\u00f3sito para el que fueron recogidos, de acuerdo con los siguientes criterios: base legal para el procesamiento, necesidad operativa, minimizaci\u00f3n de datos y supresi\u00f3n de datos.<\/p><p>Cuando se procesen con fines de archivo de inter\u00e9s p\u00fablico, investigaci\u00f3n cient\u00edfica o hist\u00f3rica, o fines estad\u00edsticos, los datos podr\u00e1n conservarse durante per\u00edodos m\u00e1s prolongados, siempre que se garanticen medidas apropiadas como la minimizaci\u00f3n de datos y la pseudonimizaci\u00f3n, seg\u00fan lo establecido por la legislaci\u00f3n aplicable.<\/p><p>Medidas generales adoptadas para garantizar la seguridad de los datos personales<br> Effisus adopta normas estrictas y reconocidas internacionalmente para garantizar la protecci\u00f3n de datos personales, aplicables a todos aquellos que traten legalmente dichos datos.<\/p><p>Se implementan medidas t\u00e9cnicas y organizativas para garantizar la confidencialidad, integridad y autenticidad de los datos. Siempre que sea posible, los datos se cifran, se anonimizan y se someten a control de acceso, de acuerdo con el principio de m\u00ednimo privilegio. <\/p><h3>Notificaciones y quejas  <\/h3><p>Sin perjuicio de enviar una notificaci\u00f3n directa a Effisus a trav\u00e9s de los contactos disponibles en <a href=\"https:\/\/effisus.com\/en\/contacts-2\/\">https:\/\/effisus.com\/en\/contacts-2\/<\/a> , tambi\u00e9n puede presentar una queja directamente ante la Autoridad Portuguesa de Protecci\u00f3n de Datos (Comiss\u00e3o Nacional de Prote\u00e7\u00e3o de Dados) en <a href=\"http:\/\/www.cnpd.pt\">www.cnpd.pt<\/a> , utilizando los datos de contacto proporcionados por esta entidad para tal efecto.<\/p><h3>Cambios en la Pol\u00edtica de Privacidad<\/h3><p>Esta Pol\u00edtica de Privacidad puede actualizarse peri\u00f3dicamente. Se recomienda consultarla con regularidad. Los cambios entrar\u00e1n en vigor a partir de la fecha de su publicaci\u00f3n en el sitio web, indic\u00e1ndose la fecha de la \u00faltima actualizaci\u00f3n.  <\/p><p><strong>Fecha de la \u00faltima actualizaci\u00f3n:<\/strong> 31\/10\/2025<\/p>\t\t\t\t\t\t\t\t<\/div>\n\t\t\t\t<\/div>\n\t\t\t\t\t<\/div>\n\t\t\t\t<\/div>\n\t\t\t\t<\/div>\n\t\t","protected":false},"excerpt":{"rendered":"<p>Esta Pol\u00edtica de Privacidad y Protecci\u00f3n de Datos refleja el compromiso de Effisus, Unipessoal Lda. con la protecci\u00f3n de los datos personales de todas las personas que interact\u00faan con la organizaci\u00f3n, abarcando tanto el tratamiento realizado en el contexto de sus operaciones institucionales como el derivado del uso de su sitio web oficial. Con sede&#8230;<\/p>\n","protected":false},"author":1,"featured_media":0,"parent":0,"menu_order":0,"comment_status":"closed","ping_status":"closed","template":"template-builder.php","meta":{"_acf_changed":false,"_monsterinsights_skip_tracking":false,"_monsterinsights_sitenote_active":false,"_monsterinsights_sitenote_note":"","_monsterinsights_sitenote_category":0,"_uf_show_specific_survey":0,"_uf_disable_surveys":false,"footnotes":""},"class_list":["post-10477","page","type-page","status-publish","hentry","page--item"],"acf":[],"aioseo_notices":[],"_links":{"self":[{"href":"https:\/\/effisus.com\/es\/wp-json\/wp\/v2\/pages\/10477","targetHints":{"allow":["GET"]}}],"collection":[{"href":"https:\/\/effisus.com\/es\/wp-json\/wp\/v2\/pages"}],"about":[{"href":"https:\/\/effisus.com\/es\/wp-json\/wp\/v2\/types\/page"}],"author":[{"embeddable":true,"href":"https:\/\/effisus.com\/es\/wp-json\/wp\/v2\/users\/1"}],"replies":[{"embeddable":true,"href":"https:\/\/effisus.com\/es\/wp-json\/wp\/v2\/comments?post=10477"}],"version-history":[{"count":4,"href":"https:\/\/effisus.com\/es\/wp-json\/wp\/v2\/pages\/10477\/revisions"}],"predecessor-version":[{"id":10489,"href":"https:\/\/effisus.com\/es\/wp-json\/wp\/v2\/pages\/10477\/revisions\/10489"}],"wp:attachment":[{"href":"https:\/\/effisus.com\/es\/wp-json\/wp\/v2\/media?parent=10477"}],"curies":[{"name":"wp","href":"https:\/\/api.w.org\/{rel}","templated":true}]}}