{"id":10454,"date":"2025-09-12T06:33:11","date_gmt":"2025-09-12T06:33:11","guid":{"rendered":"https:\/\/effisus.com\/medio-ambiente-y-sostenibilidad\/"},"modified":"2025-12-12T06:46:26","modified_gmt":"2025-12-12T06:46:26","slug":"medio-ambiente-y-sostenibilidad","status":"publish","type":"page","link":"https:\/\/effisus.com\/es\/medio-ambiente-y-sostenibilidad\/","title":{"rendered":"Medio ambiente y sostenibilidad"},"content":{"rendered":"\t\t<div data-elementor-type=\"wp-page\" data-elementor-id=\"10454\" class=\"elementor elementor-10454 elementor-2869\" data-elementor-post-type=\"page\">\n\t\t\t\t<div class=\"elementor-element elementor-element-278f657 e-con-full page-title-container e-flex e-con e-parent\" data-id=\"278f657\" data-element_type=\"container\" data-e-type=\"container\">\n\t\t\r\n\t\t<div class=\"elementor-element elementor-element-398486f elementor-widget__width-inherit page-title-container elementor-position-top elementor-widget elementor-widget-image-box\" data-id=\"398486f\" data-element_type=\"widget\" data-e-type=\"widget\" data-widget_type=\"image-box.default\">\n\t\t\t\t\t<div class=\"elementor-image-box-wrapper\"><figure class=\"elementor-image-box-img\"><img fetchpriority=\"high\" decoding=\"async\" width=\"1408\" height=\"394\" src=\"https:\/\/effisus.com\/wp-content\/uploads\/2025\/09\/vlad-hilitanu-QqSIuvz94s8-unsplash-1.jpg\" class=\"attachment-full size-full wp-image-5614\" alt=\"\" srcset=\"https:\/\/effisus.com\/wp-content\/uploads\/2025\/09\/vlad-hilitanu-QqSIuvz94s8-unsplash-1.jpg 1408w, https:\/\/effisus.com\/wp-content\/uploads\/2025\/09\/vlad-hilitanu-QqSIuvz94s8-unsplash-1-300x84.jpg 300w, https:\/\/effisus.com\/wp-content\/uploads\/2025\/09\/vlad-hilitanu-QqSIuvz94s8-unsplash-1-1024x287.jpg 1024w, https:\/\/effisus.com\/wp-content\/uploads\/2025\/09\/vlad-hilitanu-QqSIuvz94s8-unsplash-1-768x215.jpg 768w, https:\/\/effisus.com\/wp-content\/uploads\/2025\/09\/vlad-hilitanu-QqSIuvz94s8-unsplash-1-600x168.jpg 600w\" sizes=\"(max-width: 1408px) 100vw, 1408px\" \/><\/figure><div class=\"elementor-image-box-content\"><h1 class=\"elementor-image-box-title\">Medio ambiente y<br> Sostenibilidad<\/h1><p class=\"elementor-image-box-description\">Nos comprometemos a construir un futuro m\u00e1s sostenible. Nuestras soluciones mejoran la eficiencia energ\u00e9tica de los edificios con una impermeabilizaci\u00f3n y un aislamiento avanzados que protegen tanto las estructuras como el medio ambiente. Dise\u00f1ados para ser duraderos, reciclables y reducir el uso de recursos, los productos Effisus minimizan el impacto al tiempo que apoyan la construcci\u00f3n ecol\u00f3gica y el rendimiento a largo plazo de los edificios...  <\/p><\/div><\/div>\t\t\t\t<\/div>\n\t\t\t\t<\/div>\n\t\t<div class=\"elementor-element elementor-element-023ba54 section-standard-padding-gap about-us-content e-flex e-con-boxed e-con e-parent\" data-id=\"023ba54\" data-element_type=\"container\" data-e-type=\"container\">\n\t\t\t\t\t<div class=\"e-con-inner\">\n\t\t<div class=\"elementor-element elementor-element-7a627f7 e-con-full content-image-container e-flex e-con e-child\" data-id=\"7a627f7\" data-element_type=\"container\" data-e-type=\"container\">\n\t\t<div class=\"elementor-element elementor-element-a0a0972 e-con-full content-section__text e-flex e-con e-child\" data-id=\"a0a0972\" data-element_type=\"container\" data-e-type=\"container\">\n\t\t\t\t<div class=\"elementor-element elementor-element-1b52738 elementor-widget elementor-widget-text-editor\" data-id=\"1b52738\" data-element_type=\"widget\" data-e-type=\"widget\" data-widget_type=\"text-editor.default\">\n\t\t\t\t\t\t\t\t\t<h4>Contribuci\u00f3n medioambiental<\/h4><h3>M\u00e1s seguro, m\u00e1s inteligente y m\u00e1s sostenible<\/h3><p>Los productos Effisus est\u00e1n dise\u00f1ados para reducir el impacto medioambiental, al tiempo que mejoran la seguridad, la longevidad y el rendimiento de los edificios:<\/p><ul><li><strong>Sistemas Incombustibles<\/strong>: Nuestras soluciones ign\u00edfugas proporcionan una protecci\u00f3n superior contra los agentes atmosf\u00e9ricos, al tiempo que minimizan el riesgo de propagaci\u00f3n del fuego. Estas soluciones son ideales para edificios de alto riesgo y contribuyen a que los edificios sean m\u00e1s seguros y resistentes. <\/li><li><strong>Eficiencia energ\u00e9tica gracias a la estanqueidad al aire<\/strong>: Las membranas Effisus act\u00faan como capas de control, evitando las fugas de aire, la condensaci\u00f3n, la acumulaci\u00f3n de humedad y la formaci\u00f3n de moho. Esto mejora la calidad del aire interior y reduce el consumo total de energ\u00eda al mantener la integridad t\u00e9rmica. <\/li><li><strong>Durabilidad y longevidad<\/strong>: Las soluciones Effisus est\u00e1n fabricadas para durar m\u00e1s que las alternativas convencionales, reduciendo la necesidad de sustituciones frecuentes. Esto se traduce en: <br><ul type=\"a\"><li>Menor consumo de material<\/li><li>Reducci\u00f3n de mano de obra y recursos de instalaci\u00f3n<\/li><li>Minimizaci\u00f3n de los residuos y de la huella de carbono durante el ciclo de vida del edificio<\/li><\/ul><\/li><\/ul>\t\t\t\t\t\t\t\t<\/div>\n\t\t\t\t<\/div>\n\t\t<div class=\"elementor-element elementor-element-618371b e-con-full content-section__image e-flex e-con e-child\" data-id=\"618371b\" data-element_type=\"container\" data-e-type=\"container\">\n\t\t\t\t<div class=\"elementor-element elementor-element-1c30bec elementor-widget elementor-widget-image\" data-id=\"1c30bec\" data-element_type=\"widget\" data-e-type=\"widget\" data-widget_type=\"image.default\">\n\t\t\t\t\t\t\t\t\t\t\t\t\t\t\t<img decoding=\"async\" width=\"683\" height=\"1024\" src=\"https:\/\/effisus.com\/wp-content\/uploads\/2025\/09\/environmental-contribution-683x1024.jpg\" class=\"attachment-large size-large wp-image-5612\" alt=\"contribuci\u00f3n medioambiental\" srcset=\"https:\/\/effisus.com\/wp-content\/uploads\/2025\/09\/environmental-contribution-683x1024.jpg 683w, https:\/\/effisus.com\/wp-content\/uploads\/2025\/09\/environmental-contribution-200x300.jpg 200w, https:\/\/effisus.com\/wp-content\/uploads\/2025\/09\/environmental-contribution-768x1152.jpg 768w, https:\/\/effisus.com\/wp-content\/uploads\/2025\/09\/environmental-contribution-1024x1536.jpg 1024w, https:\/\/effisus.com\/wp-content\/uploads\/2025\/09\/environmental-contribution-1366x2048.jpg 1366w, https:\/\/effisus.com\/wp-content\/uploads\/2025\/09\/environmental-contribution-600x900.jpg 600w, https:\/\/effisus.com\/wp-content\/uploads\/2025\/09\/environmental-contribution-scaled.jpg 1707w\" sizes=\"(max-width: 683px) 100vw, 683px\" \/>\t\t\t\t\t\t\t\t\t\t\t\t\t\t\t<\/div>\n\t\t\t\t<\/div>\n\t\t\t\t<\/div>\n\t\t<div class=\"elementor-element elementor-element-0c4a86e e-con-full content-image-container e-flex e-con e-child\" data-id=\"0c4a86e\" data-element_type=\"container\" data-e-type=\"container\">\n\t\t<div class=\"elementor-element elementor-element-165c520 e-con-full content-section__image e-flex e-con e-child\" data-id=\"165c520\" data-element_type=\"container\" data-e-type=\"container\">\n\t\t\t\t<div class=\"elementor-element elementor-element-4ee1bea elementor-widget elementor-widget-image\" data-id=\"4ee1bea\" data-element_type=\"widget\" data-e-type=\"widget\" data-widget_type=\"image.default\">\n\t\t\t\t\t\t\t\t\t\t\t\t\t\t\t<img decoding=\"async\" width=\"578\" height=\"625\" src=\"https:\/\/effisus.com\/wp-content\/uploads\/2025\/09\/civil.jpg\" class=\"attachment-full size-full wp-image-5615\" alt=\"\" srcset=\"https:\/\/effisus.com\/wp-content\/uploads\/2025\/09\/civil.jpg 578w, https:\/\/effisus.com\/wp-content\/uploads\/2025\/09\/civil-277x300.jpg 277w\" sizes=\"(max-width: 578px) 100vw, 578px\" \/>\t\t\t\t\t\t\t\t\t\t\t\t\t\t\t<\/div>\n\t\t\t\t<\/div>\n\t\t<div class=\"elementor-element elementor-element-13a8c41 e-con-full content-section__text e-flex e-con e-child\" data-id=\"13a8c41\" data-element_type=\"container\" data-e-type=\"container\">\n\t\t\t\t<div class=\"elementor-element elementor-element-8371391 elementor-widget elementor-widget-text-editor\" data-id=\"8371391\" data-element_type=\"widget\" data-e-type=\"widget\" data-widget_type=\"text-editor.default\">\n\t\t\t\t\t\t\t\t\t<h4>Contribuci\u00f3n social<\/h4><h3>Capacitar a las personas y a las comunidades<\/h3><p>Effisus fomenta una cultura de colaboraci\u00f3n, inclusi\u00f3n y compromiso global:<\/p><ul><li><strong>Instalaci\u00f3n certificada y asistencia t\u00e9cnica<\/strong>: Proporcionamos un amplio asesoramiento y formaci\u00f3n para garantizar una implantaci\u00f3n segura, eficaz y de alta calidad en todos los proyectos<\/li><li><strong>Fuerza laboral global<\/strong> : Con equipos en Portugal, Espa\u00f1a, Reino Unido y Dub\u00e1i, Effisus promueve la diversidad y el desarrollo de habilidades en todas las regiones.<\/li><li><strong>Certificaci\u00f3n Best Place to Work<\/strong>: Effisus ha sido reconocida como Mejor Lugar para Trabajar, lo que refleja nuestro compromiso con el bienestar, el compromiso y la cultura inclusiva de los empleados. Este reconocimiento mejora nuestra marca de empleador y favorece la retenci\u00f3n del talento a largo plazo. <\/li><\/ul>\t\t\t\t\t\t\t\t<\/div>\n\t\t\t\t<\/div>\n\t\t\t\t<\/div>\n\t\t<div class=\"elementor-element elementor-element-937ade0 e-con-full content-image-container e-flex e-con e-child\" data-id=\"937ade0\" data-element_type=\"container\" data-e-type=\"container\">\n\t\t<div class=\"elementor-element elementor-element-b76ab14 e-con-full content-section__text e-flex e-con e-child\" data-id=\"b76ab14\" data-element_type=\"container\" data-e-type=\"container\">\n\t\t\t\t<div class=\"elementor-element elementor-element-9024456 elementor-widget elementor-widget-text-editor\" data-id=\"9024456\" data-element_type=\"widget\" data-e-type=\"widget\" data-widget_type=\"text-editor.default\">\n\t\t\t\t\t\t\t\t\t<h4>Contribuci\u00f3n a la gobernanza<\/h4><h3>Integridad e innovaci\u00f3n<\/h3><p>Effisus mantiene una s\u00f3lida gobernanza a trav\u00e9s de:<\/p><ul><li><strong>Visi\u00f3n estrat\u00e9gica<\/strong>: Invertimos en innovaci\u00f3n sostenible y asociaciones a largo plazo con l\u00edderes mundiales de la arquitectura y la construcci\u00f3n.<\/li><li><strong>Garant\u00eda de calidad<\/strong>: Todos los sistemas est\u00e1n certificados y probados para cumplir las normas internacionales, lo que garantiza su fiabilidad y conformidad.<\/li><li><strong>Transparencia y responsabilidad<\/strong>: Nuestra marca se basa en la confianza, con una comunicaci\u00f3n clara y valores coherentes en todos los mercados.<\/li><\/ul>\t\t\t\t\t\t\t\t<\/div>\n\t\t\t\t<\/div>\n\t\t<div class=\"elementor-element elementor-element-238f200 e-con-full content-section__image e-flex e-con e-child\" data-id=\"238f200\" data-element_type=\"container\" data-e-type=\"container\">\n\t\t\t\t<div class=\"elementor-element elementor-element-ab98c83 elementor-widget elementor-widget-image\" data-id=\"ab98c83\" data-element_type=\"widget\" data-e-type=\"widget\" data-widget_type=\"image.default\">\n\t\t\t\t\t\t\t\t\t\t\t\t\t\t\t<img loading=\"lazy\" decoding=\"async\" width=\"683\" height=\"1024\" src=\"https:\/\/effisus.com\/wp-content\/uploads\/2025\/09\/governance-contribution-683x1024.jpg\" class=\"attachment-large size-large wp-image-5613\" alt=\"Contribuci\u00f3n a la gobernanza\" srcset=\"https:\/\/effisus.com\/wp-content\/uploads\/2025\/09\/governance-contribution-683x1024.jpg 683w, https:\/\/effisus.com\/wp-content\/uploads\/2025\/09\/governance-contribution-200x300.jpg 200w, https:\/\/effisus.com\/wp-content\/uploads\/2025\/09\/governance-contribution-768x1152.jpg 768w, https:\/\/effisus.com\/wp-content\/uploads\/2025\/09\/governance-contribution-1024x1536.jpg 1024w, https:\/\/effisus.com\/wp-content\/uploads\/2025\/09\/governance-contribution-1366x2048.jpg 1366w, https:\/\/effisus.com\/wp-content\/uploads\/2025\/09\/governance-contribution-600x900.jpg 600w, https:\/\/effisus.com\/wp-content\/uploads\/2025\/09\/governance-contribution-scaled.jpg 1707w\" sizes=\"(max-width: 683px) 100vw, 683px\" \/>\t\t\t\t\t\t\t\t\t\t\t\t\t\t\t<\/div>\n\t\t\t\t<\/div>\n\t\t\t\t<\/div>\n\t\t\t\t\t<\/div>\n\t\t\t\t<\/div>\n\t\t<div class=\"elementor-element elementor-element-23ae239 section-standard-padding-gap why-esg-section e-flex e-con-boxed e-con e-parent\" data-id=\"23ae239\" data-element_type=\"container\" data-e-type=\"container\">\n\t\t\t\t\t<div class=\"e-con-inner\">\n\t\t<div class=\"elementor-element elementor-element-7a274ce e-con-full e-flex e-con e-child\" data-id=\"7a274ce\" data-element_type=\"container\" data-e-type=\"container\">\n\t\t<div class=\"elementor-element elementor-element-c2cbf23 e-con-full e-flex e-con e-child\" data-id=\"c2cbf23\" data-element_type=\"container\" data-e-type=\"container\">\n\t\t\t\t<div class=\"elementor-element elementor-element-336026b section-title elementor-widget elementor-widget-heading\" data-id=\"336026b\" data-element_type=\"widget\" data-e-type=\"widget\" data-widget_type=\"heading.default\">\n\t\t\t\t\t<h2 class=\"elementor-heading-title elementor-size-default\">Por qu\u00e9 ESG con<br>Effisus significa ROI<\/h2>\t\t\t\t<\/div>\n\t\t\t\t<\/div>\n\t\t<div class=\"elementor-element elementor-element-72883f9 e-con-full e-flex e-con e-child\" data-id=\"72883f9\" data-element_type=\"container\" data-e-type=\"container\">\n\t\t\t\t<div class=\"elementor-element elementor-element-d3b87da section-sub-title elementor-widget elementor-widget-heading\" data-id=\"d3b87da\" data-element_type=\"widget\" data-e-type=\"widget\" data-widget_type=\"heading.default\">\n\t\t\t\t\t<span class=\"elementor-heading-title elementor-size-default\">Las soluciones de Effisus no s\u00f3lo cumplen los objetivos Medioambientales, Sociales y de Gobernanza (ESG en ingl\u00e9s), sino que aportan rendimientos financieros cuantificables.<\/span>\t\t\t\t<\/div>\n\t\t\t\t<\/div>\n\t\t\t\t<\/div>\n\t\t<div class=\"elementor-element elementor-element-2d5736e e-con-full card-list-wrp e-flex e-con e-child\" data-id=\"2d5736e\" data-element_type=\"container\" data-e-type=\"container\">\n\t\t<div class=\"elementor-element elementor-element-1d25720 e-con-full card-box e-flex e-con e-child\" data-id=\"1d25720\" data-element_type=\"container\" data-e-type=\"container\">\n\t\t\t\t<div class=\"elementor-element elementor-element-e0f195a elementor-widget elementor-widget-text-editor\" data-id=\"e0f195a\" data-element_type=\"widget\" data-e-type=\"widget\" data-widget_type=\"text-editor.default\">\n\t\t\t\t\t\t\t\t\t<h3>Reducci\u00f3n de la factura energ\u00e9tica gracias a la estanqueidad al aire<\/h3><p>Con soluciones adecuadas para cualquier sustrato, nuestros sistemas de estanqueidad minimizan las p\u00e9rdidas de calor y las fugas de aire, reduciendo el consumo de energ\u00eda y disminuyendo los costes operativos.<\/p>\t\t\t\t\t\t\t\t<\/div>\n\t\t\t\t<\/div>\n\t\t<div class=\"elementor-element elementor-element-abb812a e-con-full card-box e-flex e-con e-child\" data-id=\"abb812a\" data-element_type=\"container\" data-e-type=\"container\">\n\t\t\t\t<div class=\"elementor-element elementor-element-0bfc028 elementor-widget elementor-widget-text-editor\" data-id=\"0bfc028\" data-element_type=\"widget\" data-e-type=\"widget\" data-widget_type=\"text-editor.default\">\n\t\t\t\t\t\t\t\t\t<h3>Menores costes de mantenimiento y sustituci\u00f3n<\/h3><p>Los materiales duraderos y de alto rendimiento prolongan la vida \u00fatil de los componentes del edificio, reduciendo la necesidad de reparaciones o sustituciones frecuentes.<\/p>\t\t\t\t\t\t\t\t<\/div>\n\t\t\t\t<\/div>\n\t\t<div class=\"elementor-element elementor-element-cece68d e-con-full card-box e-flex e-con e-child\" data-id=\"cece68d\" data-element_type=\"container\" data-e-type=\"container\">\n\t\t\t\t<div class=\"elementor-element elementor-element-83e0f08 elementor-widget elementor-widget-text-editor\" data-id=\"83e0f08\" data-element_type=\"widget\" data-e-type=\"widget\" data-widget_type=\"text-editor.default\">\n\t\t\t\t\t\t\t\t\t<h3>Certificaciones de construcci\u00f3n mejoradas (por ejemplo, LEED, BREEAM)<\/h3><p>Nuestras soluciones apoyan el cumplimiento de las principales normas de sostenibilidad, como <strong>LEED<\/strong> y <strong>BREEAM<\/strong>, ayudando a los proyectos a obtener mejores puntuaciones.<\/p>\t\t\t\t\t\t\t\t<\/div>\n\t\t\t\t<\/div>\n\t\t<div class=\"elementor-element elementor-element-8128499 e-con-full card-box e-flex e-con e-child\" data-id=\"8128499\" data-element_type=\"container\" data-e-type=\"container\">\n\t\t\t\t<div class=\"elementor-element elementor-element-0668ea0 elementor-widget elementor-widget-text-editor\" data-id=\"0668ea0\" data-element_type=\"widget\" data-e-type=\"widget\" data-widget_type=\"text-editor.default\">\n\t\t\t\t\t\t\t\t\t<h3>Aumento del valor de los activos y de la resistencia de los proyectos<\/h3><p>Al mejorar la seguridad contra incendios, el rendimiento energ\u00e9tico y la durabilidad, aumentamos el valor de la propiedad y garantizamos que los edificios est\u00e9n preparados para el futuro frente a los retos clim\u00e1ticos y normativos.<\/p>\t\t\t\t\t\t\t\t<\/div>\n\t\t\t\t<\/div>\n\t\t\t\t<\/div>\n\t\t\t\t\t<\/div>\n\t\t\t\t<\/div>\n\t\t\t\t<\/div>\n\t\t","protected":false},"excerpt":{"rendered":"<p>Medio ambiente y Sostenibilidad Nos comprometemos a construir un futuro m\u00e1s sostenible. Nuestras soluciones mejoran la eficiencia energ\u00e9tica de los edificios con una impermeabilizaci\u00f3n y un aislamiento avanzados que protegen tanto las estructuras como el medio ambiente. Dise\u00f1ados para ser duraderos, reciclables y reducir el uso de recursos, los productos Effisus minimizan el impacto al&#8230;<\/p>\n","protected":false},"author":1,"featured_media":0,"parent":0,"menu_order":0,"comment_status":"closed","ping_status":"closed","template":"template-builder.php","meta":{"_acf_changed":false,"_monsterinsights_skip_tracking":false,"_monsterinsights_sitenote_active":false,"_monsterinsights_sitenote_note":"","_monsterinsights_sitenote_category":0,"_uf_show_specific_survey":0,"_uf_disable_surveys":false,"footnotes":""},"class_list":["post-10454","page","type-page","status-publish","hentry","page--item"],"acf":[],"aioseo_notices":[],"_links":{"self":[{"href":"https:\/\/effisus.com\/es\/wp-json\/wp\/v2\/pages\/10454","targetHints":{"allow":["GET"]}}],"collection":[{"href":"https:\/\/effisus.com\/es\/wp-json\/wp\/v2\/pages"}],"about":[{"href":"https:\/\/effisus.com\/es\/wp-json\/wp\/v2\/types\/page"}],"author":[{"embeddable":true,"href":"https:\/\/effisus.com\/es\/wp-json\/wp\/v2\/users\/1"}],"replies":[{"embeddable":true,"href":"https:\/\/effisus.com\/es\/wp-json\/wp\/v2\/comments?post=10454"}],"version-history":[{"count":5,"href":"https:\/\/effisus.com\/es\/wp-json\/wp\/v2\/pages\/10454\/revisions"}],"predecessor-version":[{"id":13729,"href":"https:\/\/effisus.com\/es\/wp-json\/wp\/v2\/pages\/10454\/revisions\/13729"}],"wp:attachment":[{"href":"https:\/\/effisus.com\/es\/wp-json\/wp\/v2\/media?parent=10454"}],"curies":[{"name":"wp","href":"https:\/\/api.w.org\/{rel}","templated":true}]}}