
{"id":10441,"date":"2025-11-01T11:50:46","date_gmt":"2025-11-01T11:50:46","guid":{"rendered":"https:\/\/effisus.com\/politica-de-cookies\/"},"modified":"2025-11-14T16:34:20","modified_gmt":"2025-11-14T16:34:20","slug":"politica-de-cookies","status":"publish","type":"page","link":"https:\/\/effisus.com\/es\/politica-de-cookies\/","title":{"rendered":"Pol\u00edtica de cookies"},"content":{"rendered":"\t\t<div data-elementor-type=\"wp-page\" data-elementor-id=\"10441\" class=\"elementor elementor-10441 elementor-8610\" data-elementor-post-type=\"page\">\n\t\t\t\t<div class=\"elementor-element elementor-element-94d34be e-con-full e-flex e-con e-parent\" data-id=\"94d34be\" data-element_type=\"container\" data-e-type=\"container\">\n\t\t\t\t<div class=\"elementor-element elementor-element-a9e50ae elementor-widget__width-inherit page-title-container elementor-position-top elementor-widget elementor-widget-image-box\" data-id=\"a9e50ae\" data-element_type=\"widget\" data-e-type=\"widget\" data-widget_type=\"image-box.default\">\n\t\t\t\t\t<div class=\"elementor-image-box-wrapper\"><figure class=\"elementor-image-box-img\"><img fetchpriority=\"high\" decoding=\"async\" width=\"1408\" height=\"394\" src=\"https:\/\/effisus.com\/wp-content\/uploads\/2025\/11\/cookie-policy-title-bg.png\" class=\"attachment-full size-full wp-image-10442\" alt=\"\" srcset=\"https:\/\/effisus.com\/wp-content\/uploads\/2025\/11\/cookie-policy-title-bg.png 1408w, https:\/\/effisus.com\/wp-content\/uploads\/2025\/11\/cookie-policy-title-bg-300x84.png 300w, https:\/\/effisus.com\/wp-content\/uploads\/2025\/11\/cookie-policy-title-bg-1024x287.png 1024w, https:\/\/effisus.com\/wp-content\/uploads\/2025\/11\/cookie-policy-title-bg-768x215.png 768w\" sizes=\"(max-width: 1408px) 100vw, 1408px\" \/><\/figure><div class=\"elementor-image-box-content\"><h1 class=\"elementor-image-box-title\">Pol\u00edtica de cookies<\/h1><\/div><\/div>\t\t\t\t<\/div>\n\t\t\t\t<\/div>\n\t\t<div class=\"elementor-element elementor-element-54b4655 content-page e-flex e-con-boxed e-con e-parent\" data-id=\"54b4655\" data-element_type=\"container\" data-e-type=\"container\">\n\t\t\t\t\t<div class=\"e-con-inner\">\n\t\t<div class=\"elementor-element elementor-element-f204bf6 e-con-full e-flex e-con e-child\" data-id=\"f204bf6\" data-element_type=\"container\" data-e-type=\"container\">\n\t\t\t\t<div class=\"elementor-element elementor-element-ad6efda elementor-widget elementor-widget-text-editor\" data-id=\"ad6efda\" data-element_type=\"widget\" data-e-type=\"widget\" data-widget_type=\"text-editor.default\">\n\t\t\t\t\t\t\t\t\t<p>El sitio web accesible en <a href=\"https:\/\/effisus.com\/es\/\">https:\/\/effisus.com\/<\/a> (\u201cSitio web\u201d) es propiedad de Effisus, Unipessoal Lda, IVA no. 507227115, con domicilio social en Travessa Jos\u00e9 Oliveira Mendes, n\u00fam. 87 y n\u00fam. 103, 4760-912, Vila Nova de Famalic\u00e3o, Portugal.<br><br>Este sitio web utiliza cookies para ofrecer una experiencia de navegaci\u00f3n m\u00e1s eficiente, segura y personalizada. Esta Pol\u00edtica de Cookies tiene como objetivo proporcionar informaci\u00f3n transparente sobre el uso, los tipos y las finalidades de las cookies. Effisus es responsable del tratamiento de los datos personales recopilados a trav\u00e9s de este sitio web.  <\/p><p>Para comprender mejor c\u00f3mo Effisus procesa los datos personales, consulte tambi\u00e9n la Pol\u00edtica de privacidad.<\/p><h3>1. \u00bfQu\u00e9 son las cookies?<\/h3><p>Las cookies son peque\u00f1os archivos de texto que se almacenan en el dispositivo del usuario al visitar un sitio web. Estos archivos recopilan informaci\u00f3n que facilita o mejora la experiencia de navegaci\u00f3n. Se pueden clasificar como cookies propias o de terceros, seg\u00fan la entidad que las establece (Effisus u otra organizaci\u00f3n), y como cookies de sesi\u00f3n o persistentes, seg\u00fan el tiempo que permanecen en el dispositivo.  <\/p><h3>2. \u00bfPara qu\u00e9 se utilizan las cookies?<\/h3><ul><li><strong>Cookies necesarias:<\/strong> Garantizan el funcionamiento b\u00e1sico del sitio web, permitiendo, por ejemplo, la navegaci\u00f3n entre p\u00e1ginas.<\/li><li><strong>Cookies de an\u00e1lisis:<\/strong> Recopilan datos sobre c\u00f3mo se utiliza el sitio web, identificando las p\u00e1ginas m\u00e1s visitadas y cualquier error, con el objetivo de mejorar el rendimiento.<\/li><li><strong>Cookies funcionales:<\/strong> Recuerdan las preferencias del usuario, como el idioma, la ubicaci\u00f3n o la configuraci\u00f3n de visualizaci\u00f3n, lo que contribuye a una experiencia m\u00e1s personalizada.<\/li><li><strong>Cookies publicitarias:<\/strong> Permiten mostrar anuncios adaptados a los intereses del usuario, bas\u00e1ndose en su comportamiento de navegaci\u00f3n en diferentes sitios web.<\/li><\/ul>\t\t\t\t\t\t\t\t<\/div>\n\t\t\t\t<div class=\"elementor-element elementor-element-312a1db elementor-widget elementor-widget-text-editor\" data-id=\"312a1db\" data-element_type=\"widget\" data-e-type=\"widget\" data-widget_type=\"text-editor.default\">\n\t\t\t\t\t\t\t\t\t<h3>3. Cookies utilizadas en este sitio web<\/h3><p><strong>I. Cookies necesarias<\/strong><\/p><table class=\"tableizer-table\"><thead><tr class=\"tableizer-firstrow\"><th>Galleta<\/th><th>Dominio<\/th><th>Camino<\/th><th>Tipo<\/th><th>Duraci\u00f3n<\/th><th>Descripci\u00f3n<\/th><\/tr><\/thead><tbody><tr><td>__cf_bm<\/td><td>.linkedin.com<\/td><td>\/<\/td><td>Tercero<\/td><td>30 minutos<\/td><td>Esta cookie se utiliza para distinguir entre usuarios y agentes automatizados, para generar informes sobre el uso del sitio web.<\/td><\/tr><tr><td>bp_ut_sesi\u00f3n<\/td><td>effisus.com<\/td><td>\/<\/td><td>primera parte<\/td><td>1 a\u00f1o y 1 mes<\/td><td>Esta cookie se utiliza para realizar un seguimiento de la sesi\u00f3n del usuario, garantizando una experiencia continua en el sitio web al mantener el estado de la sesi\u00f3n entre las solicitudes de p\u00e1gina.<\/td><\/tr><tr><td>ZCAMPAIGN_CSRF_TOKEN<\/td><td>lhmfro-zgph.maillist-manage.com<\/td><td>\/<\/td><td>Tercero<\/td><td>Sesi\u00f3n<\/td><td>Esta cookie se utiliza para distinguir entre usuarios y agentes automatizados.<\/td><\/tr><tr><td>LS_CSRF_TOKEN<\/td><td>salesiq.zoho.com<\/td><td>\/<\/td><td>Tercero<\/td><td>Sesi\u00f3n<\/td><td>Esta cookie ayuda a prevenir ataques de falsificaci\u00f3n de solicitudes entre sitios (CSRF). Garantiza que los formularios enviados provengan del usuario autenticado, mejorando as\u00ed la seguridad del sitio web. <\/td><\/tr><tr><td>li_gc<\/td><td>.linkedin.com<\/td><td>\/<\/td><td>Tercero<\/td><td>6 meses<\/td><td>Se utiliza para almacenar el consentimiento del usuario respecto al uso de cookies para fines no esenciales.<\/td><\/tr><tr><td>LS_CSRF_TOKEN<\/td><td>salesiq.zohopublic.com<\/td><td>\/<\/td><td>Tercero<\/td><td>Sesi\u00f3n<\/td><td>Esta cookie ayuda a prevenir ataques de falsificaci\u00f3n de solicitudes entre sitios (CSRF). Garantiza que los formularios enviados provengan del usuario autenticado, mejorando as\u00ed la seguridad del sitio web. <\/td><\/tr><tr><td>METADATOS DE PRIVACIDAD DEL VISITANTE<\/td><td>.youtube.com<\/td><td>\/<\/td><td>Tercero<\/td><td>6 meses<\/td><td>Esta cookie se utiliza para almacenar las preferencias de privacidad y el consentimiento del usuario con respecto a las interacciones con el sitio web. Registra los datos de consentimiento del usuario en diferentes pol\u00edticas y configuraciones de privacidad, garantizando que las preferencias se respeten en futuras sesiones. <\/td><\/tr><tr><td>ID DE SESI\u00d3N DE JS<\/td><td>www.linkedin.com<\/td><td>\/<\/td><td>Tercero<\/td><td>Sesi\u00f3n<\/td><td>Cookie de sesi\u00f3n de plataforma de uso general utilizada por sitios escritos en JSP. Normalmente se utiliza para mantener una sesi\u00f3n de usuario an\u00f3nima por parte del servidor. <\/td><\/tr><tr><td>ZCAMPAIGN_CSRF_TOKEN<\/td><td>campa\u00f1as.zoho.com<\/td><td>\/<\/td><td>Tercero<\/td><td>Sesi\u00f3n<\/td><td>Esta cookie se utiliza para distinguir entre usuarios y agentes automatizados.<\/td><\/tr><tr><td>_zcsr_tmp<\/td><td>us4-files.zohopublic.com<\/td><td>\/<\/td><td>Tercero<\/td><td>Sesi\u00f3n<\/td><td>Esta cookie est\u00e1 asociada con la gesti\u00f3n de la seguridad de la sesi\u00f3n, espec\u00edficamente para habilitar la protecci\u00f3n contra la falsificaci\u00f3n de solicitudes entre sitios (CSRF) y prevenir comandos no autorizados durante sesiones de confianza.<\/td><\/tr><tr><td>_GRECAPTCHA<\/td><td>www.google.com\/recaptcha<\/td><td>\/<\/td><td>Tercero<\/td><td>6 meses<\/td><td>Google reCAPTCHA establece esta cookie necesaria (_GRECAPTCHA) cuando se ejecuta con el fin de proporcionar su an\u00e1lisis de riesgos.<\/td><\/tr><tr><td>drscc<\/td><td>us4-files.zohopublic.com<\/td><td>\/<\/td><td>Tercero<\/td><td>Sesi\u00f3n<\/td><td>Esta cookie est\u00e1 relacionada con la seguridad e integridad de la sesi\u00f3n, y Zoho la utiliza para proteger las sesiones de usuario y prevenir ataques como CSRF.<\/td><\/tr><\/tbody><\/table><p><strong>II. Cookies de an\u00e1lisis <\/strong><\/p><table class=\"tableizer-table\"><thead><tr class=\"tableizer-firstrow\"><th>Galleta<\/th><th>Dominio<\/th><th>Camino<\/th><th>Tipo<\/th><th>Duraci\u00f3n<\/th><th>Descripci\u00f3n<\/th><\/tr><\/thead><tbody><tr><td>dise\u00f1o<\/td><td>salesiq.zohopublic.com<\/td><td>\/<\/td><td>Tercero<\/td><td>1 mes<\/td><td>Esta cookie se utiliza para analizar la interacci\u00f3n del usuario con el sitio web, con el fin de mejorar la prestaci\u00f3n del servicio y la experiencia del usuario. Puede recopilar datos relacionados con la sesi\u00f3n del usuario y su comportamiento en el sitio. <\/td><\/tr><tr><td>_Georgia<\/td><td>.effisus.com<\/td><td>\/<\/td><td>primera parte<\/td><td>1 a\u00f1o y 1 mes<\/td><td>Esta cookie est\u00e1 asociada a Google Universal Analytics, una importante mejora del servicio de an\u00e1lisis web m\u00e1s utilizado de Google. Se usa para distinguir a los usuarios \u00fanicos mediante la asignaci\u00f3n de un n\u00famero generado aleatoriamente como identificador de cliente. Se incluye en cada solicitud de p\u00e1gina del sitio y se utiliza para calcular los datos de visitantes, sesiones y campa\u00f1as para los informes de an\u00e1lisis web.  <\/td><\/tr><tr><td>_pk_ses.108815.9311<\/td><td>effisus.com<\/td><td>\/<\/td><td>primera parte<\/td><td>30 minutos<\/td><td>Esta cookie est\u00e1 asociada a la plataforma de an\u00e1lisis web de c\u00f3digo abierto Piwik. Ayuda a los administradores de sitios web a rastrear el comportamiento de los usuarios y medir el rendimiento del sitio. Es una cookie de tipo est\u00e1ndar, donde el prefijo _pk_ses va seguido de una breve serie de n\u00fameros y letras que se cree que es un c\u00f3digo de referencia para el dominio que la cre\u00f3.  <\/td><\/tr><tr><td>_pk_id.108815.9311<\/td><td>effisus.com<\/td><td>\/<\/td><td>primera parte<\/td><td>1 a\u00f1o<\/td><td>Esta cookie est\u00e1 asociada a la plataforma de an\u00e1lisis web de c\u00f3digo abierto Piwik. Ayuda a los administradores de sitios web a rastrear el comportamiento de los usuarios y medir el rendimiento del sitio. Es una cookie de tipo est\u00e1ndar, donde el prefijo _pk_id va seguido de una breve serie de n\u00fameros y letras que se cree que es un c\u00f3digo de referencia para el dominio que la cre\u00f3.  <\/td><\/tr><tr><td>_ga_FW7PJPB0PP<\/td><td>.effisus.com<\/td><td>\/<\/td><td>primera parte<\/td><td>1 a\u00f1o y 1 mes<\/td><td>Esta cookie la utiliza Google Analytics para mantener el estado de la sesi\u00f3n.<\/td><\/tr><tr><td>primera visita<\/td><td>cl.ly<\/td><td>\/<\/td><td>primera parte<\/td><td>Sesi\u00f3n<\/td><td>Recopila informaci\u00f3n para herramientas de an\u00e1lisis como Google Analytics o soluciones personalizadas. Distingue entre usuarios nuevos y recurrentes y optimiza el contenido y la experiencia del usuario bas\u00e1ndose en esos datos. <\/td><\/tr><\/tbody><\/table><p><strong>III. Cookies funcionales <\/strong><\/p><table class=\"tableizer-table\"><thead><tr class=\"tableizer-firstrow\"><th>Galleta<\/th><th>Dominio<\/th><th>Camino<\/th><th>Tipo<\/th><th>Duraci\u00f3n<\/th><th>Descripci\u00f3n<\/th><\/tr><\/thead><tbody><tr><td>_icl_visitor_lang_js<\/td><td>.effisus.com<\/td><td>\/<\/td><td>primera parte<\/td><td>1 d\u00eda<\/td><td>Esta cookie se utiliza para almacenar la preferencia de idioma del usuario para que el contenido se muestre en ese idioma en la pr\u00f3xima visita al sitio.<\/td><\/tr><tr><td>_wpfuuid<\/td><td>effisus.com<\/td><td>\/<\/td><td>primera parte<\/td><td>1 a\u00f1o y 1 mes<\/td><td>Esta cookie se utiliza para generar un identificador \u00fanico para cada usuario, con el objetivo de mantener la integridad de la sesi\u00f3n y mejorar la experiencia del sitio.<\/td><\/tr><tr><td>idioma<\/td><td>.linkedin.com<\/td><td>\/<\/td><td>primera parte<\/td><td>Sesi\u00f3n<\/td><td>Se utiliza para almacenar las preferencias de idioma, normalmente para mostrar el contenido en el idioma seleccionado.<\/td><\/tr><tr><td>wpml_browser_redirect_test<\/td><td>effisus.com<\/td><td>\/<\/td><td>primera parte<\/td><td>Sesi\u00f3n<\/td><td>Esta cookie se utiliza para comprobar si las cookies est\u00e1n habilitadas en el navegador, garantizando as\u00ed una experiencia adecuada para el usuario.<\/td><\/tr><tr><td>bp_usuario-registrado<\/td><td>effisus.com<\/td><td>\/<\/td><td>primera parte<\/td><td>1 a\u00f1o y 1 mes<\/td><td>Esta cookie se utiliza para reconocer a los usuarios que se registran en el sitio, mejorando su experiencia a trav\u00e9s de funciones y configuraciones personalizadas.<\/td><\/tr><tr><td>rol de usuario bp<\/td><td>effisus.com<\/td><td>\/<\/td><td>primera parte<\/td><td>1 a\u00f1o y 1 mes<\/td><td>Esta cookie se utiliza para recordar el rol del usuario que ha iniciado sesi\u00f3n, con el fin de ofrecer contenido y funciones relevantes en funci\u00f3n de dicho rol.<\/td><\/tr><tr><td>__Token de despliegue seguro<\/td><td>.youtube.com<\/td><td>\/<\/td><td>primera parte<\/td><td>6 meses<\/td><td>Esta cookie se utiliza para gestionar las pruebas A\/B o el lanzamiento de nuevas funciones en el sitio.<\/td><\/tr><\/tbody><\/table><p><strong>IV. Cookies publicitarias <\/strong><\/p><table class=\"tableizer-table\"><thead><tr class=\"tableizer-firstrow\"><th>Galleta<\/th><th>Dominio<\/th><th>Camino<\/th><th>Tipo<\/th><th>Duraci\u00f3n<\/th><th>Descripci\u00f3n<\/th><\/tr><\/thead><tbody><tr><td>_fbp<\/td><td>.effisus.com<\/td><td>\/<\/td><td>primera parte<\/td><td>3 meses<\/td><td>Meta la utiliza para ofrecer una serie de productos publicitarios, como la puja en tiempo real de anunciantes externos.<\/td><\/tr><tr><td>lidc<\/td><td>.linkedin.com<\/td><td>\/<\/td><td>Tercero<\/td><td>1 d\u00eda<\/td><td>Contribuye al rendimiento y la seguridad de LinkedIn.<\/td><\/tr><tr><td>_lfa<\/td><td>.effisus.com<\/td><td>\/<\/td><td>primera parte<\/td><td>1 a\u00f1o<\/td><td>La cookie Leadfeeder recopila datos de comportamiento de los usuarios del sitio web, como las p\u00e1ginas visitadas, el origen del usuario y el tiempo que pasa en el sitio.<\/td><\/tr><tr><td>INFORMACI\u00d3N_VISITANTE1_EN_VIVO<\/td><td>.youtube.com<\/td><td>\/<\/td><td>Tercero<\/td><td>6 meses<\/td><td>Esta funci\u00f3n, configurada por YouTube, permite realizar un seguimiento de las preferencias del usuario respecto a los v\u00eddeos insertados; tambi\u00e9n puede determinar si el usuario est\u00e1 utilizando la versi\u00f3n nueva o la antigua de la interfaz de YouTube.<\/td><\/tr><tr><td>bscookie<\/td><td>www.linkedin.com<\/td><td>\/<\/td><td>Tercero<\/td><td>1 a\u00f1o<\/td><td>Utilizada por LinkedIn para rastrear el uso de los servicios de redes sociales integrados.<\/td><\/tr><tr><td>bcookie<\/td><td>.linkedin.com<\/td><td>\/<\/td><td>Tercero<\/td><td>1 a\u00f1o<\/td><td>Cookie de origen de Microsoft MSN para compartir contenido del sitio web a trav\u00e9s de plataformas de redes sociales.<\/td><\/tr><tr><td>YSC<\/td><td>.youtube.com<\/td><td>\/<\/td><td>Tercero<\/td><td>Sesi\u00f3n<\/td><td>Configurado por YouTube para realizar un seguimiento de las visualizaciones de los v\u00eddeos insertados.<\/td><\/tr><\/tbody><\/table>\t\t\t\t\t\t\t\t<\/div>\n\t\t\t\t<div class=\"elementor-element elementor-element-72a9440 elementor-widget elementor-widget-text-editor\" data-id=\"72a9440\" data-element_type=\"widget\" data-e-type=\"widget\" data-widget_type=\"text-editor.default\">\n\t\t\t\t\t\t\t\t\t<h3>4. Cookies de terceros que implican la transferencia de datos fuera del Espacio Econ\u00f3mico Europeo<\/h3><p>Algunas cookies de terceros pueden enviar datos fuera de la UE sin una decisi\u00f3n de adecuaci\u00f3n de la Comisi\u00f3n Europea. Es posible que estos pa\u00edses no ofrezcan el mismo nivel de protecci\u00f3n, y EFFISUS no puede impedir esta transferencia. Por ejemplo, las cookies de Google Analytics pueden enviar el identificador del dispositivo a empresas con sede en EE. UU. Para obtener m\u00e1s informaci\u00f3n, consulte la Pol\u00edtica de privacidad de Google Analytics.   <\/p><h3>5. \u00bfC\u00f3mo gestionar las preferencias de cookies?<\/h3><p>En el sitio web: Las cookies pueden recopilar datos personales durante la navegaci\u00f3n, como datos de navegaci\u00f3n y seguimiento. Salvo las cookies esenciales \u2014que se almacenan inmediatamente en el dispositivo, ya que son necesarias para visitar el sitio web\u2014, el almacenamiento de otras cookies depende del consentimiento del usuario. <\/p><p>Al hacer clic en \u201c <strong>Aceptar todo<\/strong> \u201d, usted da su consentimiento para la recopilaci\u00f3n de datos por parte de todas las cookies utilizadas en el sitio web.<\/p><p>Al hacer clic en \u201c <strong>Rechazar todo<\/strong> \u201d, usted no da su consentimiento para la recopilaci\u00f3n de datos por parte de cookies no esenciales, lo que puede afectar algunas funcionalidades.<\/p><p>Al seleccionar las categor\u00edas de cookies que desea permitir y hacer clic en \u201cGuardar y cerrar\u201d, usted consiente el almacenamiento \u00fanicamente de las cookies seleccionadas, de acuerdo con sus preferencias.<\/p><p>Puedes revisar tus preferencias en cualquier momento en la <strong>Configuraci\u00f3n de cookies<\/strong> .<\/p><p><strong>En el navegador:<\/strong> Los usuarios pueden configurar las cookies directamente en su navegador, siguiendo los procedimientos espec\u00edficos de cada navegador.<\/p><p><strong>Con una extensi\u00f3n (complemento para desactivar Google Analytics):<\/strong> Disponible para Google Chrome, Mozilla Firefox, Apple Safari y Microsoft Edge. Puedes instalar el <a href=\"https:\/\/tools.google.com\/dlpage\/gaoptout\">complemento<\/a> para desactivar Google Analytics en tus navegadores. <\/p><h3>Actualizaciones de la Pol\u00edtica de Cookies<\/h3><p>EFFISUS podr\u00e1 modificar esta Pol\u00edtica de Cookies, y dichos cambios se publicar\u00e1n debidamente. Se recomienda revisar la pol\u00edtica peri\u00f3dicamente para mantenerse informado sobre cualquier actualizaci\u00f3n. <\/p><p><strong>Fecha de la \u00faltima actualizaci\u00f3n:<\/strong> 31\/10\/2025<\/p>\t\t\t\t\t\t\t\t<\/div>\n\t\t\t\t<\/div>\n\t\t\t\t\t<\/div>\n\t\t\t\t<\/div>\n\t\t\t\t<\/div>\n\t\t","protected":false},"excerpt":{"rendered":"<p>El sitio web accesible en https:\/\/effisus.com\/ (\u201cSitio web\u201d) es propiedad de Effisus, Unipessoal Lda, IVA no. 507227115, con domicilio social en Travessa Jos\u00e9 Oliveira Mendes, n\u00fam. 87 y n\u00fam. 103, 4760-912, Vila Nova de Famalic\u00e3o, Portugal. Este sitio web utiliza cookies para ofrecer una experiencia de navegaci\u00f3n m\u00e1s eficiente, segura y personalizada. Esta Pol\u00edtica de&#8230;<\/p>\n","protected":false},"author":1,"featured_media":0,"parent":0,"menu_order":0,"comment_status":"closed","ping_status":"closed","template":"template-builder.php","meta":{"_acf_changed":false,"_monsterinsights_skip_tracking":false,"_monsterinsights_sitenote_active":false,"_monsterinsights_sitenote_note":"","_monsterinsights_sitenote_category":0,"_uf_show_specific_survey":0,"_uf_disable_surveys":false,"footnotes":""},"class_list":["post-10441","page","type-page","status-publish","hentry","page--item"],"acf":[],"aioseo_notices":[],"_links":{"self":[{"href":"https:\/\/effisus.com\/es\/wp-json\/wp\/v2\/pages\/10441","targetHints":{"allow":["GET"]}}],"collection":[{"href":"https:\/\/effisus.com\/es\/wp-json\/wp\/v2\/pages"}],"about":[{"href":"https:\/\/effisus.com\/es\/wp-json\/wp\/v2\/types\/page"}],"author":[{"embeddable":true,"href":"https:\/\/effisus.com\/es\/wp-json\/wp\/v2\/users\/1"}],"replies":[{"embeddable":true,"href":"https:\/\/effisus.com\/es\/wp-json\/wp\/v2\/comments?post=10441"}],"version-history":[{"count":4,"href":"https:\/\/effisus.com\/es\/wp-json\/wp\/v2\/pages\/10441\/revisions"}],"predecessor-version":[{"id":10446,"href":"https:\/\/effisus.com\/es\/wp-json\/wp\/v2\/pages\/10441\/revisions\/10446"}],"wp:attachment":[{"href":"https:\/\/effisus.com\/es\/wp-json\/wp\/v2\/media?parent=10441"}],"curies":[{"name":"wp","href":"https:\/\/api.w.org\/{rel}","templated":true}]}}